{"id":1014003,"date":"2024-06-17T14:34:57","date_gmt":"2024-06-17T06:34:57","guid":{"rendered":"https:\/\/vimaterial.de\/product\/fluoruro-de-cromo\/"},"modified":"2025-04-17T14:26:09","modified_gmt":"2025-04-17T06:26:09","slug":"fluoruro-de-cromo","status":"publish","type":"product","link":"https:\/\/vimaterial.de\/es\/product\/fluoruro-de-cromo\/","title":{"rendered":"Fluoruro de cromo"},"content":{"rendered":"<p>El polvo de fluoruro de cromo es un polvo cristalino higrosc\u00f3pico azul-verdoso o verde, soluble en agua y \u00e1cido clorh\u00eddrico hirviendo, pero insoluble en etanol, se oxidar\u00e1 a tri\u00f3xido de cromo cuando se caliente en el aire, com\u00fanmente utilizado en cromado, cat\u00e1lisis y otros campos.<\/p>\n<p>VIMATERIAL proporciona polvo de fluoruro de cromo. Nuestro polvo tiene alta pureza, tama\u00f1o de part\u00edcula uniforme, buena actividad qu\u00edmica y alta estabilidad. Nos hemos dedicado a las materias primas de metal inorg\u00e1nico durante muchos a\u00f1os, con un equipo profesional de investigaci\u00f3n y desarrollo de tecnolog\u00eda, aceptamos la personalizaci\u00f3n del producto y los experimentos,<span style=\"color: #0000ff;\"><a style=\"color: #0000ff;\" href=\"https:\/\/vimaterial.de\/en\/contact-us\/\"> cont\u00e1ctenos<\/a><\/span> si lo necesita.  <\/p>\n<h2><span style=\"font-size: 14pt;\">Propiedades f\u00edsicas<\/span><\/h2>\n<p>F\u00f3rmula molecular: CrF\u2082<\/p>\n<p>Peso molecular: 89.993<\/p>\n<p>Aspecto: polvo de cristal higrosc\u00f3pico azul-verde o verde.<\/p>\n<p>Densidad: 3,79 g\/cm\u00b3<\/p>\n<p>Punto de fusi\u00f3n: 894 \u00b0C<\/p>\n<p>Punto de ebullici\u00f3n: &gt;1300\u00b0C<\/p>\n<p>Estructura cristalina: pertenece al sistema cristalino tetragonal, el grupo espacial es I4 \/ mmm, los par\u00e1metros de la celda a = b \u2260 c, \u03b1 = \u03b2 = \u03b3 = 90 \u00b0, los iones Cr\u00b2\u207a se encuentran en el \u00e1pice y el centro del cuerpo de la c\u00e9lula, y los iones F- se llenan en las posiciones intersticiales correspondientes, formando una estructura cristalina espec\u00edfica.<\/p>\n<h2><span style=\"font-size: 14pt;\">Aplicaciones<\/span><\/h2>\n<p>Galvanoplastia: el polvo de fluoruro de cromo se puede utilizar como una de las materias primas para la galvanoplastia de cromo para proporcionar una capa de cromo dura, resistente al desgaste y resistente a la corrosi\u00f3n en la superficie de las piezas de trabajo met\u00e1licas para mejorar la vida \u00fatil de las piezas de trabajo.<\/p>\n<p>Industria metal\u00fargica: El polvo de CrF\u2082 se agrega en el proceso de producci\u00f3n de aceros especiales para regular con precisi\u00f3n el contenido de cromo del acero y mejorar la resistencia y la resistencia a la corrosi\u00f3n del acero.<\/p>\n<p>Cat\u00e1lisis: Como catalizador o precursor del catalizador, el polvo de CrF\u2082 se utiliza en algunas reacciones de s\u00edntesis org\u00e1nica para ayudar a que la reacci\u00f3n proceda de manera eficiente y aumentar el rendimiento del producto objetivo.<\/p>\n<p>Materiales \u00f3pticos: Con sus propiedades \u00f3pticas especiales, el polvo de CrF\u2082 se utiliza en la preparaci\u00f3n de componentes \u00f3pticos con requisitos espec\u00edficos de absorci\u00f3n de luz y refracci\u00f3n para optimizar el rendimiento de los sistemas \u00f3pticos.<\/p>\n<p>Materiales electr\u00f3nicos: El polvo de CrF\u2082 interviene en la fabricaci\u00f3n de componentes electr\u00f3nicos, como para la producci\u00f3n de ciertas pel\u00edculas delgadas con propiedades el\u00e9ctricas especiales, para satisfacer las necesidades de circuitos de alta frecuencia y alta potencia.<\/p>\n<h2><span style=\"font-size: 14pt;\">Control de calidad<\/span><\/h2>\n<p><span style=\"color: #0000ff;\"><a style=\"color: #0000ff;\" href=\"https:\/\/vimaterial.de\/en\/quality-control\/\">VI HALBLEITERMATERIAL GmbH<\/a><\/span> est\u00e1 comprometida con un alto control de calidad y consistencia de lotes a trav\u00e9s de un riguroso sistema de garant\u00eda de calidad, un estricto control de calidad en todas las etapas de la cadena de producci\u00f3n, el cumplimiento del principio de reelaboraci\u00f3n y reelaboraci\u00f3n de productos defectuosos, pruebas de lotes y liberaci\u00f3n de acuerdo con especificaciones detalladas, cumplimiento de los m\u00e1s altos est\u00e1ndares en todos los aspectos,  documentaci\u00f3n y trazabilidad de lotes para garantizar que entregamos productos y servicios de alta calidad.<\/p>\n<h2><span style=\"font-size: 14pt;\">Embalaje y almacenamiento<\/span><\/h2>\n<p>El polvo de fluoruro de cromo se envasa en bolsas de vac\u00edo dobles o botellas de vac\u00edo dobles con cart\u00f3n exterior.<\/p>\n<p>Los polvos de fluoruro de cromo deben almacenarse en un ambiente seco, fresco y bien ventilado, sellarse y empaquetarse para evitar la exposici\u00f3n a la humedad y la delicuescencia, y almacenarse separados de sustancias incompatibles como \u00e1cidos, \u00e1lcalis y agentes oxidantes para evitar reacciones qu\u00edmicas.<\/p>\n","protected":false},"excerpt":{"rendered":"<p>El polvo de fluoruro de cromo es un polvo cristalino higrosc\u00f3pico azul-verdoso o verde, soluble en agua y \u00e1cido clorh\u00eddrico hirviendo, pero insoluble en etanol, se oxidar\u00e1 a tri\u00f3xido de cromo cuando se caliente en el aire, com\u00fanmente utilizado en cromado, cat\u00e1lisis y otros campos.<\/p>\n","protected":false},"featured_media":1001394,"comment_status":"open","ping_status":"closed","template":"","meta":{"_acf_changed":false},"product_brand":[],"product_cat":[182],"product_tag":[],"class_list":{"0":"post-1014003","1":"product","2":"type-product","3":"status-publish","4":"has-post-thumbnail","6":"product_cat-materiales-halogenados","8":"first","9":"instock","10":"shipping-taxable","11":"purchasable","12":"product-type-variable"},"acf":[],"_links":{"self":[{"href":"https:\/\/vimaterial.de\/es\/wp-json\/wp\/v2\/product\/1014003","targetHints":{"allow":["GET"]}}],"collection":[{"href":"https:\/\/vimaterial.de\/es\/wp-json\/wp\/v2\/product"}],"about":[{"href":"https:\/\/vimaterial.de\/es\/wp-json\/wp\/v2\/types\/product"}],"replies":[{"embeddable":true,"href":"https:\/\/vimaterial.de\/es\/wp-json\/wp\/v2\/comments?post=1014003"}],"wp:featuredmedia":[{"embeddable":true,"href":"https:\/\/vimaterial.de\/es\/wp-json\/wp\/v2\/media\/1001394"}],"wp:attachment":[{"href":"https:\/\/vimaterial.de\/es\/wp-json\/wp\/v2\/media?parent=1014003"}],"wp:term":[{"taxonomy":"product_brand","embeddable":true,"href":"https:\/\/vimaterial.de\/es\/wp-json\/wp\/v2\/product_brand?post=1014003"},{"taxonomy":"product_cat","embeddable":true,"href":"https:\/\/vimaterial.de\/es\/wp-json\/wp\/v2\/product_cat?post=1014003"},{"taxonomy":"product_tag","embeddable":true,"href":"https:\/\/vimaterial.de\/es\/wp-json\/wp\/v2\/product_tag?post=1014003"}],"curies":[{"name":"wp","href":"https:\/\/api.w.org\/{rel}","templated":true}]}}