{"id":1013988,"date":"2024-06-17T14:34:57","date_gmt":"2024-06-17T06:34:57","guid":{"rendered":"https:\/\/vimaterial.de\/product\/aleacion-de-hierro-y-cromo\/"},"modified":"2025-04-17T14:24:07","modified_gmt":"2025-04-17T06:24:07","slug":"aleacion-de-hierro-y-cromo","status":"publish","type":"product","link":"https:\/\/vimaterial.de\/es\/product\/aleacion-de-hierro-y-cromo\/","title":{"rendered":"Aleaci\u00f3n de cromo y hierro"},"content":{"rendered":"<p><span style=\"color: #0000ff;\"><a style=\"color: #0000ff;\" href=\"https:\/\/vimaterial.de\/en\/product\/chromium-iron-alloy-2\/\">Aleaci\u00f3n de cromo y hierro<\/a> <\/span>El polvo es un tipo de polvo de aleaci\u00f3n compuesto de cromo y hierro, que es de color gris, con alta dureza, buena resistencia a la corrosi\u00f3n y resistencia a la oxidaci\u00f3n, y es ampliamente utilizado en metalurgia, fabricaci\u00f3n de maquinaria, industria qu\u00edmica y otros campos.<\/p>\n<p>VIMATERIAL ofrece polvos de aleaci\u00f3n de cromo y hierro. Nuestros polvos tienen alta pureza, tama\u00f1o de part\u00edcula uniforme, buena actividad qu\u00edmica y alta estabilidad. Nos hemos dedicado a las materias primas de metal inorg\u00e1nico durante muchos a\u00f1os, con un equipo profesional de investigaci\u00f3n y desarrollo de tecnolog\u00eda, aceptamos la personalizaci\u00f3n del producto y los experimentos, <span style=\"color: #0000ff;\"><a style=\"color: #0000ff;\" href=\"https:\/\/vimaterial.de\/en\/contact-us\/\">cont\u00e1ctenos<\/a><\/span> si lo necesita.  <\/p>\n<h2><span style=\"font-size: 14pt;\">Propiedades f\u00edsicas<\/span><\/h2>\n<p>F\u00f3rmula molecular: FeCr<\/p>\n<p>Peso molecular: alrededor de 107.84<\/p>\n<p>Aspecto: Generalmente polvo gris<\/p>\n<p>Densidad: aprox. 2,85 g\/cm\u00b3.<\/p>\n<p>Estructura cristalina: Estructura cristalina c\u00fabica centrada en el cuerpo<\/p>\n<h2><span style=\"font-size: 14pt;\">Aplicaciones<\/span><\/h2>\n<p>Industria sider\u00fargica: Se utiliza en el proceso de fabricaci\u00f3n de acero para aumentar el contenido de cromo del acero, con el fin de mejorar la resistencia a la corrosi\u00f3n y la resistencia del acero, la producci\u00f3n de acero inoxidable y otros aceros especiales.<\/p>\n<p>Procesamiento mec\u00e1nico: en la fabricaci\u00f3n de piezas mec\u00e1nicas, puede mejorar la resistencia al desgaste y la resistencia a la deformaci\u00f3n de las piezas, y se utiliza en la producci\u00f3n de engranajes y piezas de eje de alto rendimiento.<\/p>\n<p>Fabricaci\u00f3n automotriz: se utiliza en componentes del motor automotriz y del sistema de transmisi\u00f3n para mejorar la resistencia de las piezas a altas temperaturas y abrasi\u00f3n, y mejorar la confiabilidad de los autom\u00f3viles.<\/p>\n<p>Aeroespacial: Se utiliza en la fabricaci\u00f3n de componentes aeroespaciales para proporcionar una alta relaci\u00f3n resistencia-peso y una buena resistencia a las altas temperaturas para garantizar la seguridad del vuelo.<\/p>\n<p>Energ\u00eda: En la fabricaci\u00f3n de equipos de generaci\u00f3n de energ\u00eda, los componentes pueden soportar altas temperaturas y entornos corrosivos para garantizar el funcionamiento estable a largo plazo de los equipos de energ\u00eda.<\/p>\n<h2><span style=\"font-size: 14pt;\">Control de calidad<\/span><\/h2>\n<p><span style=\"color: #0000ff;\"><a style=\"color: #0000ff;\" href=\"https:\/\/vimaterial.de\/en\/quality-control\/\">VI HALBLEITERMATERIAL GmbH<\/a><\/span> est\u00e1 comprometida con un alto control de calidad y consistencia de lotes a trav\u00e9s de un riguroso sistema de garant\u00eda de calidad, un estricto control de calidad en todas las etapas de la cadena de producci\u00f3n, el cumplimiento del principio de reelaboraci\u00f3n y reelaboraci\u00f3n de productos defectuosos, pruebas de lotes y liberaci\u00f3n de acuerdo con especificaciones detalladas, cumplimiento de los m\u00e1s altos est\u00e1ndares en todos los aspectos,  documentaci\u00f3n y trazabilidad de lotes para garantizar que entregamos productos y servicios de alta calidad.<\/p>\n<h2><span style=\"font-size: 14pt;\">Embalaje y almacenamiento<\/span><\/h2>\n<p>Los polvos de aleaci\u00f3n de cromo y hierro se envasan en bolsas de vac\u00edo dobles o botellas de vac\u00edo dobles en cajas de cart\u00f3n.<\/p>\n<p>Los polvos de aleaci\u00f3n de cromo y hierro deben almacenarse en un ambiente seco y bien ventilado a una temperatura relativamente estable, sellados para evitar la humedad y la oxidaci\u00f3n, y lejos de \u00e1cidos, \u00e1lcalis y otras sustancias que puedan reaccionar con ellos para evitar que se mezclen las impurezas.<\/p>\n","protected":false},"excerpt":{"rendered":"<p><span style=\"color: #0000ff;\"><a style=\"color: #0000ff;\" href=\"https:\/\/vimaterial.de\/en\/product\/chromium-iron-alloy-2\/\">Aleaci\u00f3n de cromo y hierro<\/a> <\/span>El polvo es un tipo de polvo de aleaci\u00f3n compuesto de cromo y hierro, que es de color gris, con alta dureza, buena resistencia a la corrosi\u00f3n y resistencia a la oxidaci\u00f3n, y es ampliamente utilizado en metalurgia, fabricaci\u00f3n de maquinaria, industria qu\u00edmica y otros campos.<\/p>\n","protected":false},"featured_media":1001401,"comment_status":"open","ping_status":"closed","template":"","meta":{"_acf_changed":false},"product_brand":[],"product_cat":[193],"product_tag":[],"class_list":{"0":"post-1013988","1":"product","2":"type-product","3":"status-publish","4":"has-post-thumbnail","6":"product_cat-polvo-de-aleaciones-y-metales-puros","8":"first","9":"instock","10":"shipping-taxable","11":"product-type-variable"},"acf":[],"_links":{"self":[{"href":"https:\/\/vimaterial.de\/es\/wp-json\/wp\/v2\/product\/1013988","targetHints":{"allow":["GET"]}}],"collection":[{"href":"https:\/\/vimaterial.de\/es\/wp-json\/wp\/v2\/product"}],"about":[{"href":"https:\/\/vimaterial.de\/es\/wp-json\/wp\/v2\/types\/product"}],"replies":[{"embeddable":true,"href":"https:\/\/vimaterial.de\/es\/wp-json\/wp\/v2\/comments?post=1013988"}],"wp:featuredmedia":[{"embeddable":true,"href":"https:\/\/vimaterial.de\/es\/wp-json\/wp\/v2\/media\/1001401"}],"wp:attachment":[{"href":"https:\/\/vimaterial.de\/es\/wp-json\/wp\/v2\/media?parent=1013988"}],"wp:term":[{"taxonomy":"product_brand","embeddable":true,"href":"https:\/\/vimaterial.de\/es\/wp-json\/wp\/v2\/product_brand?post=1013988"},{"taxonomy":"product_cat","embeddable":true,"href":"https:\/\/vimaterial.de\/es\/wp-json\/wp\/v2\/product_cat?post=1013988"},{"taxonomy":"product_tag","embeddable":true,"href":"https:\/\/vimaterial.de\/es\/wp-json\/wp\/v2\/product_tag?post=1013988"}],"curies":[{"name":"wp","href":"https:\/\/api.w.org\/{rel}","templated":true}]}}