{"id":1013974,"date":"2024-06-17T14:34:58","date_gmt":"2024-06-17T06:34:58","guid":{"rendered":"https:\/\/vimaterial.de\/product\/aleacion-de-cromo-y-molibdeno\/"},"modified":"2025-04-17T14:18:44","modified_gmt":"2025-04-17T06:18:44","slug":"aleacion-de-cromo-y-molibdeno","status":"publish","type":"product","link":"https:\/\/vimaterial.de\/es\/product\/aleacion-de-cromo-y-molibdeno\/","title":{"rendered":"Aleaci\u00f3n de cromo molibdeno"},"content":{"rendered":"<p>Cromo El polvo de aleaci\u00f3n de <a href=\"https:\/\/vimaterial.de\/en\/product\/chromium-molybdenum-alloy-2\/\"><span style=\"color: #0000ff;\">molibdeno<\/span><\/a> es una aleaci\u00f3n de cromo y molibdeno, que tiene alta resistencia, buena resistencia a la corrosi\u00f3n y resistencia a altas temperaturas, y desempe\u00f1a un papel importante en la industria aeroespacial, la fabricaci\u00f3n de maquinaria y muchos otros campos.<\/p>\n<p>VIMATERIAL proporciona aleaci\u00f3n de cromo molibdeno, nuestro polvo tiene alta pureza, tama\u00f1o de part\u00edcula uniforme, buena actividad qu\u00edmica y alta estabilidad. Nos hemos dedicado a las materias primas de metal inorg\u00e1nico durante muchos a\u00f1os, con un equipo profesional de investigaci\u00f3n y desarrollo de tecnolog\u00eda, aceptamos la personalizaci\u00f3n del producto y los experimentos,<span style=\"color: #0000ff;\"><a style=\"color: #0000ff;\" href=\"https:\/\/vimaterial.de\/en\/contact-us\/\"> cont\u00e1ctenos<\/a><\/span> si lo necesita. <\/p>\n<h2><span style=\"font-size: 14pt;\">Propiedades f\u00edsicas<\/span><\/h2>\n<p>F\u00f3rmula molecular: CrMo<\/p>\n<p>Peso molecular: alrededor de 147,9 g \/ mol<\/p>\n<p>Aspecto: generalmente gris plateado o blanquecino.<\/p>\n<p>Estructura cristalina: La estructura cristalina de los polvos de aleaci\u00f3n de CrMo suele ser una estructura de celos\u00eda c\u00fabica centrada en el cuerpo. Esta estructura cristalina le da a la aleaci\u00f3n buenas propiedades como resistencia y tenacidad. <\/p>\n<h2><span style=\"font-size: 14pt;\">Aplicaciones<\/span><\/h2>\n<p>Aeroespacial: Se utiliza en la fabricaci\u00f3n de componentes de alta temperatura para motores aeron\u00e1uticos, para mejorar la fuerza y resistencia de los componentes en entornos de alta temperatura y alta presi\u00f3n.<\/p>\n<p>Fabricaci\u00f3n de autom\u00f3viles: se utiliza en componentes clave de motores de autom\u00f3viles y sistemas de turbocompresor para mejorar la capacidad de los componentes para soportar altas temperaturas y desgaste.<\/p>\n<p>Campo de energ\u00eda y potencia: Se utiliza en la producci\u00f3n de componentes de alta temperatura para equipos de generaci\u00f3n de energ\u00eda para garantizar un funcionamiento estable en entornos de vapor de alta temperatura y alta presi\u00f3n.<\/p>\n<p>Campo de fabricaci\u00f3n mec\u00e1nica: Se utiliza en la fabricaci\u00f3n de piezas mec\u00e1nicas sujetas a cargas pesadas, utilizando su alta resistencia y tenacidad para garantizar las propiedades mec\u00e1nicas.<\/p>\n<p>Campo petroqu\u00edmico: Se utiliza en la fabricaci\u00f3n de equipos petroqu\u00edmicos, resistiendo altas temperaturas y medios corrosivos, prolongando la vida \u00fatil del equipo.<\/p>\n<h2><span style=\"font-size: 14pt;\">Control de calidad<\/span><\/h2>\n<p><span style=\"color: #0000ff;\"><a style=\"color: #0000ff;\" href=\"https:\/\/vimaterial.de\/en\/quality-control\/\">VI HALBLEITERMATERIAL GmbH<\/a><\/span> est\u00e1 comprometida con un alto control de calidad y consistencia de lotes a trav\u00e9s de un riguroso sistema de garant\u00eda de calidad, un estricto control de calidad en todas las etapas de la cadena de producci\u00f3n, el cumplimiento del principio de reelaboraci\u00f3n y reelaboraci\u00f3n de productos defectuosos, pruebas de lotes y liberaci\u00f3n de acuerdo con especificaciones detalladas, cumplimiento de los m\u00e1s altos est\u00e1ndares en todos los aspectos,  documentaci\u00f3n y trazabilidad de lotes para garantizar que entregamos productos y servicios de alta calidad.<\/p>\n<h2><span style=\"font-size: 14pt;\">Embalaje y almacenamiento<\/span><\/h2>\n<p>Los polvos de aleaci\u00f3n de cromo y molibdeno se envasan en bolsas de vac\u00edo dobles o botellas de vac\u00edo dobles en cajas de cart\u00f3n.<\/p>\n<p>Los polvos de aleaci\u00f3n de cromo y molibdeno deben almacenarse en un ambiente seco, fresco y bien ventilado para evitar la humedad y la oxidaci\u00f3n, y lejos del fuego, el calor, las sustancias inflamables, explosivas y corrosivas, y en paquetes sellados para evitar que el polvo salga volando y las impurezas se mezclen.<\/p>\n","protected":false},"excerpt":{"rendered":"<p>Cromo El polvo de aleaci\u00f3n de <a href=\"https:\/\/vimaterial.de\/en\/product\/chromium-molybdenum-alloy-2\/\"><span style=\"color: #0000ff;\">molibdeno<\/span><\/a> es una aleaci\u00f3n de cromo y molibdeno, que tiene alta resistencia, buena resistencia a la corrosi\u00f3n y resistencia a altas temperaturas, y desempe\u00f1a un papel importante en la industria aeroespacial, la fabricaci\u00f3n de maquinaria y muchos otros campos.<\/p>\n","protected":false},"featured_media":1001415,"comment_status":"open","ping_status":"closed","template":"","meta":{"_acf_changed":false},"product_brand":[],"product_cat":[193],"product_tag":[],"class_list":{"0":"post-1013974","1":"product","2":"type-product","3":"status-publish","4":"has-post-thumbnail","6":"product_cat-polvo-de-aleaciones-y-metales-puros","8":"first","9":"instock","10":"shipping-taxable","11":"product-type-variable"},"acf":[],"_links":{"self":[{"href":"https:\/\/vimaterial.de\/es\/wp-json\/wp\/v2\/product\/1013974","targetHints":{"allow":["GET"]}}],"collection":[{"href":"https:\/\/vimaterial.de\/es\/wp-json\/wp\/v2\/product"}],"about":[{"href":"https:\/\/vimaterial.de\/es\/wp-json\/wp\/v2\/types\/product"}],"replies":[{"embeddable":true,"href":"https:\/\/vimaterial.de\/es\/wp-json\/wp\/v2\/comments?post=1013974"}],"wp:featuredmedia":[{"embeddable":true,"href":"https:\/\/vimaterial.de\/es\/wp-json\/wp\/v2\/media\/1001415"}],"wp:attachment":[{"href":"https:\/\/vimaterial.de\/es\/wp-json\/wp\/v2\/media?parent=1013974"}],"wp:term":[{"taxonomy":"product_brand","embeddable":true,"href":"https:\/\/vimaterial.de\/es\/wp-json\/wp\/v2\/product_brand?post=1013974"},{"taxonomy":"product_cat","embeddable":true,"href":"https:\/\/vimaterial.de\/es\/wp-json\/wp\/v2\/product_cat?post=1013974"},{"taxonomy":"product_tag","embeddable":true,"href":"https:\/\/vimaterial.de\/es\/wp-json\/wp\/v2\/product_tag?post=1013974"}],"curies":[{"name":"wp","href":"https:\/\/api.w.org\/{rel}","templated":true}]}}