{"id":1013961,"date":"2024-06-17T14:35:53","date_gmt":"2024-06-17T06:35:53","guid":{"rendered":"https:\/\/vimaterial.de\/product\/cromo-molibdeno-aleacion-de-hierro\/"},"modified":"2025-04-17T14:09:16","modified_gmt":"2025-04-17T06:09:16","slug":"cromo-molibdeno-aleacion-de-hierro","status":"publish","type":"product","link":"https:\/\/vimaterial.de\/es\/product\/cromo-molibdeno-aleacion-de-hierro\/","title":{"rendered":"Cromo Molibdeno Aleaci\u00f3n de hierro"},"content":{"rendered":"<p>El objetivo de pulverizaci\u00f3n cat\u00f3dica de aleaci\u00f3n de cromo molibdeno y hierro es un tipo de objetivo de pulverizaci\u00f3n cat\u00f3dica de aleaci\u00f3n compuesto de cromo, molibdeno y hierro, que combina las caracter\u00edsticas de resistencia a la corrosi\u00f3n del cromo, la resistencia al molibdeno a altas temperaturas y la tenacidad del hierro, con apariencia met\u00e1lica, y se utiliza principalmente para depositar pel\u00edculas delgadas con buena resistencia a la abrasi\u00f3n y la corrosi\u00f3n y cierto rendimiento a altas temperaturas en los materiales del sustrato a trav\u00e9s del proceso de pulverizaci\u00f3n cat\u00f3dica.<\/p>\n<p>VIMATERIAL ofrece objetivos de pulverizaci\u00f3n cat\u00f3dica de aleaci\u00f3n de cromo molibdeno y hierro con alta pureza, alta densidad, alto punto de fusi\u00f3n, alta calidad y formaci\u00f3n de pel\u00edcula estable. Podemos proporcionar un servicio de encuadernaci\u00f3n de objetivos y contamos con un equipo profesional de investigaci\u00f3n y desarrollo de tecnolog\u00eda, aceptamos cualquier personalizaci\u00f3n de productos y experimentamos, si lo necesita, <span style=\"color: #0000ff;\"><a style=\"color: #0000ff;\" href=\"https:\/\/vimaterial.de\/en\/contact-us\/\">cont\u00e1ctenos<\/a><\/span>. <\/p>\n<h2><span style=\"font-size: 14pt;\">Propiedades f\u00edsicas<\/span><\/h2>\n<p>F\u00f3rmula molecular: CrMoFe<\/p>\n<p>Aspecto: generalmente objetivo de metal gris plateado<\/p>\n<p>Densidad: generalmente alrededor de 7,0-8,0 g\/cm\u00b3.<\/p>\n<p>Estructura cristalina: principalmente celos\u00eda c\u00fabica centrada en el cuerpo<\/p>\n<h2><span style=\"font-size: 14pt;\">Aplicaciones<\/span><\/h2>\n<p>Campo de informaci\u00f3n electr\u00f3nica: En la fabricaci\u00f3n de semiconductores, se puede utilizar para depositar pel\u00edculas met\u00e1licas, proporcionando materiales de alto rendimiento para estructuras de interconexi\u00f3n de chips y electrodos.<\/p>\n<p>Industria automotriz: se utiliza para recubrir partes clave de los motores de autom\u00f3viles para mejorar su resistencia al desgaste, resistencia a la corrosi\u00f3n y resistencia al calor, y prolongar su vida \u00fatil.<\/p>\n<p>Campo energ\u00e9tico: en la fabricaci\u00f3n de c\u00e9lulas solares, se puede utilizar como materiales de electrodo o materiales de deposici\u00f3n de pel\u00edcula conductora transparente para mejorar la eficiencia de conversi\u00f3n fotoel\u00e9ctrica de la bater\u00eda.<\/p>\n<p>Campo \u00f3ptico: El objetivo de pulverizaci\u00f3n cat\u00f3dica de aleaci\u00f3n de cromo molibdeno y hierro se puede depositar en la superficie de lentes \u00f3pticas, espejos y otros componentes de la pel\u00edcula dura, para mejorar su dureza, resistencia al desgaste y resistencia a la corrosi\u00f3n, al tiempo que mantiene buenas propiedades \u00f3pticas.<\/p>\n<p>Campo de fabricaci\u00f3n mec\u00e1nica: proporciona recubrimientos resistentes al desgaste en la superficie de herramientas de corte, moldes y otras herramientas para mejorar significativamente su dureza y resistencia al desgaste y reducir el desgaste.<\/p>\n<h2><span style=\"font-size: 14pt;\">Control de calidad<\/span><\/h2>\n<p><span style=\"color: #0000ff;\"><a style=\"color: #0000ff;\" href=\"https:\/\/vimaterial.de\/en\/quality-control\/\">VI HALBLEITERMATERIAL GmbH<\/a> <\/span>est\u00e1 comprometida con un alto control de calidad y consistencia de lotes en apoyo de los objetivos generales de REACH a trav\u00e9s de la adopci\u00f3n de un riguroso sistema de garant\u00eda de calidad, un estricto control de calidad en todas las etapas de la cadena de producci\u00f3n, el cumplimiento del principio de reelaboraci\u00f3n y reelaboraci\u00f3n de productos defectuosos, pruebas y liberaci\u00f3n de lotes de acuerdo con especificaciones detalladas,  cumplimiento de los m\u00e1s altos est\u00e1ndares en todas las \u00e1reas, manejo de problemas de acuerdo con el 8D el cumplimiento de REACH y el cumplimiento de las normas relacionadas.<\/p>\n<p>Nos comprometemos a lograr un alto control de calidad y coherencia de los lotes en apoyo de los objetivos generales de REACH, as\u00ed como a mantener la documentaci\u00f3n y la trazabilidad de los lotes para crear una cadena de suministro socialmente responsable que garantice la entrega de productos y servicios de alta calidad.<\/p>\n<h2><span style=\"font-size: 14pt;\">Embalaje y almacenamiento<\/span><\/h2>\n<p>Los objetivos de pulverizaci\u00f3n cat\u00f3dica de aleaci\u00f3n de cromo molibdeno y hierro se empaquetan en bolsas de vac\u00edo dobles y luego se empaquetan, y la caja exterior se empaqueta en cajas de cart\u00f3n.<\/p>\n<p>Cromo Molibdeno Los objetivos de pulverizaci\u00f3n cat\u00f3dica de aleaci\u00f3n de hierro deben almacenarse en ambientes secos y bien ventilados con temperatura y humedad relativamente estables, evitando la humedad, la erosi\u00f3n por sustancias corrosivas, la colisi\u00f3n mec\u00e1nica y la exposici\u00f3n a altas temperaturas o campos magn\u00e9ticos fuertes.<\/p>\n","protected":false},"excerpt":{"rendered":"<p>El objetivo de pulverizaci\u00f3n cat\u00f3dica de aleaci\u00f3n de cromo molibdeno y hierro es un tipo de objetivo de pulverizaci\u00f3n cat\u00f3dica de aleaci\u00f3n compuesto de cromo, molibdeno y hierro, que combina las caracter\u00edsticas de resistencia a la corrosi\u00f3n del cromo, la resistencia al molibdeno a altas temperaturas y la tenacidad del hierro, con apariencia met\u00e1lica, y se utiliza principalmente para depositar pel\u00edculas delgadas con buena resistencia a la abrasi\u00f3n y la corrosi\u00f3n y cierto rendimiento a altas temperaturas en los materiales del sustrato a trav\u00e9s del proceso de pulverizaci\u00f3n cat\u00f3dica.<\/p>\n","protected":false},"featured_media":1001425,"comment_status":"open","ping_status":"closed","template":"","meta":{"_acf_changed":false},"product_brand":[],"product_cat":[178],"product_tag":[],"class_list":{"0":"post-1013961","1":"product","2":"type-product","3":"status-publish","4":"has-post-thumbnail","6":"product_cat-catodos-para-sputtering-planar","8":"first","9":"instock","10":"shipping-taxable","11":"product-type-variable"},"acf":[],"_links":{"self":[{"href":"https:\/\/vimaterial.de\/es\/wp-json\/wp\/v2\/product\/1013961","targetHints":{"allow":["GET"]}}],"collection":[{"href":"https:\/\/vimaterial.de\/es\/wp-json\/wp\/v2\/product"}],"about":[{"href":"https:\/\/vimaterial.de\/es\/wp-json\/wp\/v2\/types\/product"}],"replies":[{"embeddable":true,"href":"https:\/\/vimaterial.de\/es\/wp-json\/wp\/v2\/comments?post=1013961"}],"wp:featuredmedia":[{"embeddable":true,"href":"https:\/\/vimaterial.de\/es\/wp-json\/wp\/v2\/media\/1001425"}],"wp:attachment":[{"href":"https:\/\/vimaterial.de\/es\/wp-json\/wp\/v2\/media?parent=1013961"}],"wp:term":[{"taxonomy":"product_brand","embeddable":true,"href":"https:\/\/vimaterial.de\/es\/wp-json\/wp\/v2\/product_brand?post=1013961"},{"taxonomy":"product_cat","embeddable":true,"href":"https:\/\/vimaterial.de\/es\/wp-json\/wp\/v2\/product_cat?post=1013961"},{"taxonomy":"product_tag","embeddable":true,"href":"https:\/\/vimaterial.de\/es\/wp-json\/wp\/v2\/product_tag?post=1013961"}],"curies":[{"name":"wp","href":"https:\/\/api.w.org\/{rel}","templated":true}]}}