{"id":1013948,"date":"2024-06-17T14:36:00","date_gmt":"2024-06-17T06:36:00","guid":{"rendered":"https:\/\/vimaterial.de\/product\/aleacion-de-cromo-y-niobio\/"},"modified":"2025-04-17T14:04:58","modified_gmt":"2025-04-17T06:04:58","slug":"aleacion-de-cromo-y-niobio","status":"publish","type":"product","link":"https:\/\/vimaterial.de\/es\/product\/aleacion-de-cromo-y-niobio\/","title":{"rendered":"Aleaci\u00f3n de cromo niobio"},"content":{"rendered":"<p>El objetivo de pulverizaci\u00f3n cat\u00f3dica de aleaci\u00f3n de cromo y niobio es un tipo de objetivo de aleaci\u00f3n compuesto de cromo y niobio, con buena resistencia a altas temperaturas, resistencia a la corrosi\u00f3n y superconductividad, etc. Es ampliamente utilizado en la preparaci\u00f3n de materiales superconductores, dispositivos electr\u00f3nicos y aeroespaciales y otros campos de pel\u00edcula delgada. <\/p>\n<p>VIMATERIAL proporciona objetivos de pulverizaci\u00f3n cat\u00f3dica de aleaci\u00f3n de cromo y niobio, nuestros objetivos de pulverizaci\u00f3n cat\u00f3dica de aleaci\u00f3n de cromo niobio tienen las ventajas de alta pureza, alta densidad, alto punto de fusi\u00f3n y la formaci\u00f3n de pel\u00edculas delgadas estables y de alta calidad. Podemos proporcionar un servicio de encuadernaci\u00f3n de objetivos y contamos con un equipo profesional de investigaci\u00f3n y desarrollo de tecnolog\u00eda, aceptamos cualquier personalizaci\u00f3n de productos y experimentamos, si lo necesita, <span style=\"color: #0000ff;\"><a style=\"color: #0000ff;\" href=\"https:\/\/vimaterial.de\/en\/quality-control\/\">cont\u00e1ctenos<\/a><\/span>. <\/p>\n<h2><span style=\"font-size: 14pt;\">Propiedades f\u00edsicas<\/span><\/h2>\n<p>F\u00f3rmula molecular: CrNb<\/p>\n<p>Aspecto: material objetivo de brillo met\u00e1lico gris plateado<\/p>\n<p>Densidad: aprox. 7,0-9,0 g\/cm\u00b3.<\/p>\n<p>Punto de fusi\u00f3n: alrededor de 1600-2000 \u00b0C<\/p>\n<p>Punto de ebullici\u00f3n: alrededor de 3000-4000 \u00b0C<\/p>\n<p>Estructura cristalina: Principalmente estructura c\u00fabica centrada en el cuerpo<\/p>\n<h2><span style=\"font-size: 14pt;\">Aplicaciones<\/span><\/h2>\n<p>Aeroespacial: La aleaci\u00f3n de cromo niobio se puede utilizar en piezas de alta temperatura de motores de aviones, lo que garantiza un funcionamiento estable del motor en condiciones adversas en virtud de su resistencia a altas temperaturas y alta resistencia.<\/p>\n<p>Electr\u00f3nica: En la fabricaci\u00f3n de dispositivos electr\u00f3nicos, la aleaci\u00f3n se utiliza para fabricar resistencias de precisi\u00f3n, confiando en propiedades el\u00e9ctricas estables, control preciso de la corriente, para garantizar el funcionamiento estable de los equipos electr\u00f3nicos.<\/p>\n<p>Energ\u00eda: La aleaci\u00f3n de cromo niobio se utiliza en componentes clave de las centrales nucleares, como los tubos de transferencia de calor de los generadores de vapor, para garantizar el funcionamiento seguro y eficiente de las instalaciones nucleares a trav\u00e9s de su resistencia a la corrosi\u00f3n y la irradiaci\u00f3n.<\/p>\n<p>Industria sider\u00fargica: Como aditivo para la fabricaci\u00f3n de acero, la aleaci\u00f3n de cromo niobio es capaz de optimizar la estructura cristalina del acero y aumentar significativamente la resistencia y la tenacidad del acero para satisfacer la demanda de acero de alta calidad en las industrias de la construcci\u00f3n y la maquinaria.<\/p>\n<p>Dispositivos m\u00e9dicos: La aleaci\u00f3n de cromo niobio se utiliza en algunos dispositivos m\u00e9dicos implantables, debido a su buena biocompatibilidad y resistencia a la corrosi\u00f3n, para reducir la reacci\u00f3n de rechazo del cuerpo humano y brindar protecci\u00f3n a la salud de los pacientes.<\/p>\n<h2><span style=\"font-size: 14pt;\">Control de calidad<\/span><\/h2>\n<p><span style=\"color: #0000ff;\"><a style=\"color: #0000ff;\" href=\"https:\/\/vimaterial.de\/en\/quality-control\/\">VI HALBLEITERMATERIAL GmbH<\/a><\/span> est\u00e1 comprometida con un alto control de calidad y consistencia de lotes en apoyo de los objetivos generales de REACH a trav\u00e9s de la adopci\u00f3n de un riguroso sistema de garant\u00eda de calidad, un estricto control de calidad en todas las etapas de la cadena de producci\u00f3n, el cumplimiento del principio de reelaboraci\u00f3n y reelaboraci\u00f3n de productos defectuosos, pruebas y liberaci\u00f3n de lotes de acuerdo con especificaciones detalladas,  cumplimiento de los m\u00e1s altos est\u00e1ndares en todas las \u00e1reas, manejo de problemas de acuerdo con el 8D el cumplimiento de REACH y el cumplimiento de las normas relacionadas.<\/p>\n<p>Nos comprometemos a lograr un alto control de calidad y coherencia de los lotes en apoyo de los objetivos generales de REACH, as\u00ed como a mantener la documentaci\u00f3n y la trazabilidad de los lotes para crear una cadena de suministro socialmente responsable que garantice la entrega de productos y servicios de alta calidad.<\/p>\n<h2><span style=\"font-size: 14pt;\">Embalaje y almacenamiento<\/span><\/h2>\n<p>Los objetivos de pulverizaci\u00f3n cat\u00f3dica de aleaci\u00f3n de cromo niobio se empaquetan en bolsas de vac\u00edo dobles y luego se empaquetan, y la caja exterior se empaqueta en cajas de cart\u00f3n.<\/p>\n<p>Los objetivos de pulverizaci\u00f3n cat\u00f3dica de aleaci\u00f3n de cromo niobio deben almacenarse en un ambiente seco y bien ventilado con una temperatura y humedad relativamente estables para evitar la humedad, la oxidaci\u00f3n y la corrosi\u00f3n y, al mismo tiempo, deben protegerse de colisiones mec\u00e1nicas y extrusiones, y mantenerse alejados de fuentes de ignici\u00f3n y equipos que puedan generar interferencia de campos magn\u00e9ticos.<\/p>\n","protected":false},"excerpt":{"rendered":"<p>El objetivo de pulverizaci\u00f3n cat\u00f3dica de aleaci\u00f3n de cromo y niobio es un tipo de objetivo de aleaci\u00f3n compuesto de cromo y niobio, con buena resistencia a altas temperaturas, resistencia a la corrosi\u00f3n y superconductividad, etc. Es ampliamente utilizado en la preparaci\u00f3n de materiales superconductores, dispositivos electr\u00f3nicos y aeroespaciales y otros campos de pel\u00edcula delgada. <\/p>\n","protected":false},"featured_media":1001439,"comment_status":"open","ping_status":"closed","template":"","meta":{"_acf_changed":false},"product_brand":[],"product_cat":[178],"product_tag":[],"class_list":{"0":"post-1013948","1":"product","2":"type-product","3":"status-publish","4":"has-post-thumbnail","6":"product_cat-catodos-para-sputtering-planar","8":"first","9":"instock","10":"shipping-taxable","11":"product-type-variable"},"acf":[],"_links":{"self":[{"href":"https:\/\/vimaterial.de\/es\/wp-json\/wp\/v2\/product\/1013948","targetHints":{"allow":["GET"]}}],"collection":[{"href":"https:\/\/vimaterial.de\/es\/wp-json\/wp\/v2\/product"}],"about":[{"href":"https:\/\/vimaterial.de\/es\/wp-json\/wp\/v2\/types\/product"}],"replies":[{"embeddable":true,"href":"https:\/\/vimaterial.de\/es\/wp-json\/wp\/v2\/comments?post=1013948"}],"wp:featuredmedia":[{"embeddable":true,"href":"https:\/\/vimaterial.de\/es\/wp-json\/wp\/v2\/media\/1001439"}],"wp:attachment":[{"href":"https:\/\/vimaterial.de\/es\/wp-json\/wp\/v2\/media?parent=1013948"}],"wp:term":[{"taxonomy":"product_brand","embeddable":true,"href":"https:\/\/vimaterial.de\/es\/wp-json\/wp\/v2\/product_brand?post=1013948"},{"taxonomy":"product_cat","embeddable":true,"href":"https:\/\/vimaterial.de\/es\/wp-json\/wp\/v2\/product_cat?post=1013948"},{"taxonomy":"product_tag","embeddable":true,"href":"https:\/\/vimaterial.de\/es\/wp-json\/wp\/v2\/product_tag?post=1013948"}],"curies":[{"name":"wp","href":"https:\/\/api.w.org\/{rel}","templated":true}]}}