{"id":1013944,"date":"2024-06-17T14:35:56","date_gmt":"2024-06-17T06:35:56","guid":{"rendered":"https:\/\/vimaterial.de\/product\/cromo-molibdeno-tantalo-titanio-vanadio-aleacion-de-wolframio\/"},"modified":"2025-04-17T14:07:16","modified_gmt":"2025-04-17T06:07:16","slug":"cromo-molibdeno-tantalo-titanio-vanadio-aleacion-de-wolframio","status":"publish","type":"product","link":"https:\/\/vimaterial.de\/es\/product\/cromo-molibdeno-tantalo-titanio-vanadio-aleacion-de-wolframio\/","title":{"rendered":"Cromo Molibdeno Tantalio Titanio Vanadio Aleaci\u00f3n de tungsteno"},"content":{"rendered":"<p>Cromo Molibdeno Tantalio Titanio Vanadio El objetivo de pulverizaci\u00f3n cat\u00f3dica de aleaci\u00f3n de tungsteno es un tipo de objetivo de aleaci\u00f3n compuesto de cromo, molibdeno, tantalio, titanio, vanadio, tungsteno y muchos otros metales, que tiene un alto punto de fusi\u00f3n, alta dureza, buena resistencia a la corrosi\u00f3n y resistencia a la abrasi\u00f3n, y se puede utilizar para preparar muchos tipos de pel\u00edculas delgadas de alto rendimiento para satisfacer las necesidades de la electr\u00f3nica,  aeroespacial y otros campos.<\/p>\n<p>VIMATERIAL proporciona objetivos de pulverizaci\u00f3n cat\u00f3dica de aleaci\u00f3n de tungsteno y titanio, titanio, tantalio, tantalio, tungsteno, cromo, molibdeno, titanio, tungsteno, que tienen las ventajas de alta pureza, alta densidad, alto punto de fusi\u00f3n y la capacidad de formar pel\u00edculas delgadas estables y de alta calidad. Podemos proporcionar un servicio de encuadernaci\u00f3n de objetivos y contamos con un equipo profesional de investigaci\u00f3n y desarrollo de tecnolog\u00eda, aceptamos cualquier personalizaci\u00f3n de productos y experimentamos, si lo necesita, <span style=\"color: #0000ff;\"><a style=\"color: #0000ff;\" href=\"https:\/\/vimaterial.de\/en\/contact-us\/\">cont\u00e1ctenos.<\/a><\/span> <\/p>\n<h2><span style=\"font-size: 14pt;\">Propiedades f\u00edsicas<\/span><\/h2>\n<p>F\u00f3rmula molecular: CrMoTaTiVW<\/p>\n<p>Aspecto: blanco gris plateado<\/p>\n<h2><span style=\"font-size: 14pt;\">Aplicaciones<\/span><\/h2>\n<p>Campo semiconductor: utilizado en la preparaci\u00f3n de chips semiconductores en la capa de barrera y la pel\u00edcula de la capa de contacto, puede mejorar el rendimiento y la estabilidad del chip, para garantizar el funcionamiento normal del circuito integrado.<\/p>\n<p>Campo de visualizaci\u00f3n de pantalla plana: se puede utilizar para formar pel\u00edculas conductoras transparentes y electrodos en pantallas planas, lo que puede ayudar a mejorar el efecto de visualizaci\u00f3n y reducir el consumo de energ\u00eda, por ejemplo, desempe\u00f1a un papel importante en la fabricaci\u00f3n de pantallas OLED.<\/p>\n<p>Campo solar fotovoltaico: utilizado en la preparaci\u00f3n de c\u00e9lulas solares en la pel\u00edcula, puede mejorar la eficiencia de conversi\u00f3n fotoel\u00e9ctrica y la estabilidad de la bater\u00eda, ayudar al desarrollo de la tecnolog\u00eda de generaci\u00f3n de energ\u00eda solar fotovoltaica.<\/p>\n<p>Campo \u00f3ptico: La aleaci\u00f3n de tungsteno y titanio vanadio y tungsteno de cromo molibdeno puede estar en la lente \u00f3ptica, el equipo l\u00e1ser y otros componentes \u00f3pticos en la preparaci\u00f3n de pel\u00edcula de alta dureza, resistencia al desgaste y antirreflectante, puede mejorar el rendimiento y la vida \u00fatil de los componentes \u00f3pticos, como en las aplicaciones de recubrimiento de lentes de c\u00e1mara de alta gama.<\/p>\n<h2><span style=\"font-size: 14pt;\">Control de calidad<\/span><\/h2>\n<p><span style=\"color: #0000ff;\"><a style=\"color: #0000ff;\" href=\"https:\/\/vimaterial.de\/en\/quality-control\/\">VI HALBLEITERMATERIAL GmbH<\/a> <\/span>est\u00e1 comprometida con un alto control de calidad y consistencia de lotes en apoyo de los objetivos generales de REACH a trav\u00e9s de la adopci\u00f3n de un riguroso sistema de garant\u00eda de calidad, un estricto control de calidad en todas las etapas de la cadena de producci\u00f3n, el cumplimiento del principio de reelaboraci\u00f3n y reelaboraci\u00f3n de productos defectuosos, pruebas y liberaci\u00f3n de lotes de acuerdo con especificaciones detalladas,  cumplimiento de los m\u00e1s altos est\u00e1ndares en todas las \u00e1reas, manejo de problemas de acuerdo con el 8D el cumplimiento de REACH y el cumplimiento de las normas relacionadas.<\/p>\n<p>Nos comprometemos a lograr un alto control de calidad y coherencia de los lotes en apoyo de los objetivos generales de REACH, as\u00ed como a mantener la documentaci\u00f3n y la trazabilidad de los lotes para crear una cadena de suministro socialmente responsable que garantice la entrega de productos y servicios de alta calidad.<\/p>\n<h2><span style=\"font-size: 14pt;\">Embalaje y almacenamiento<\/span><\/h2>\n<p>Los objetivos de pulverizaci\u00f3n cat\u00f3dica de aleaci\u00f3n de cromo molibdeno tantalio titanio vanadio y tungsteno se empaquetan en bolsas de vac\u00edo de doble capa y luego se empaquetan, y la caja exterior se empaqueta en cajas de cart\u00f3n.<\/p>\n<p>Los objetivos de pulverizaci\u00f3n cat\u00f3dica de aleaci\u00f3n de tungsteno y titanio molibdeno tantalio deben almacenarse en un ambiente seco, limpio y bien ventilado con temperatura y humedad relativamente estables para evitar humedad, oxidaci\u00f3n, corrosi\u00f3n y da\u00f1os mec\u00e1nicos.<\/p>\n","protected":false},"excerpt":{"rendered":"<p>Cromo Molibdeno Tantalio Titanio Vanadio El objetivo de pulverizaci\u00f3n cat\u00f3dica de aleaci\u00f3n de tungsteno es un tipo de objetivo de aleaci\u00f3n compuesto de cromo, molibdeno, tantalio, titanio, vanadio, tungsteno y muchos otros metales, que tiene un alto punto de fusi\u00f3n, alta dureza, buena resistencia a la corrosi\u00f3n y resistencia a la abrasi\u00f3n, y se puede utilizar para preparar muchos tipos de pel\u00edculas delgadas de alto rendimiento para satisfacer las necesidades de la electr\u00f3nica,  aeroespacial y otros campos.<\/p>\n","protected":false},"featured_media":1001432,"comment_status":"open","ping_status":"closed","template":"","meta":{"_acf_changed":false},"product_brand":[],"product_cat":[178],"product_tag":[],"class_list":{"0":"post-1013944","1":"product","2":"type-product","3":"status-publish","4":"has-post-thumbnail","6":"product_cat-catodos-para-sputtering-planar","8":"first","9":"instock","10":"shipping-taxable","11":"product-type-variable"},"acf":[],"_links":{"self":[{"href":"https:\/\/vimaterial.de\/es\/wp-json\/wp\/v2\/product\/1013944","targetHints":{"allow":["GET"]}}],"collection":[{"href":"https:\/\/vimaterial.de\/es\/wp-json\/wp\/v2\/product"}],"about":[{"href":"https:\/\/vimaterial.de\/es\/wp-json\/wp\/v2\/types\/product"}],"replies":[{"embeddable":true,"href":"https:\/\/vimaterial.de\/es\/wp-json\/wp\/v2\/comments?post=1013944"}],"wp:featuredmedia":[{"embeddable":true,"href":"https:\/\/vimaterial.de\/es\/wp-json\/wp\/v2\/media\/1001432"}],"wp:attachment":[{"href":"https:\/\/vimaterial.de\/es\/wp-json\/wp\/v2\/media?parent=1013944"}],"wp:term":[{"taxonomy":"product_brand","embeddable":true,"href":"https:\/\/vimaterial.de\/es\/wp-json\/wp\/v2\/product_brand?post=1013944"},{"taxonomy":"product_cat","embeddable":true,"href":"https:\/\/vimaterial.de\/es\/wp-json\/wp\/v2\/product_cat?post=1013944"},{"taxonomy":"product_tag","embeddable":true,"href":"https:\/\/vimaterial.de\/es\/wp-json\/wp\/v2\/product_tag?post=1013944"}],"curies":[{"name":"wp","href":"https:\/\/api.w.org\/{rel}","templated":true}]}}