{"id":1013929,"date":"2024-06-17T14:36:22","date_gmt":"2024-06-17T06:36:22","guid":{"rendered":"https:\/\/vimaterial.de\/product\/aleacion-de-cromo-y-niquel\/"},"modified":"2025-04-17T14:02:55","modified_gmt":"2025-04-17T06:02:55","slug":"aleacion-de-cromo-y-niquel","status":"publish","type":"product","link":"https:\/\/vimaterial.de\/es\/product\/aleacion-de-cromo-y-niquel\/","title":{"rendered":"Aleaci\u00f3n de cromo y n\u00edquel"},"content":{"rendered":"<p>El objetivo de pulverizaci\u00f3n cat\u00f3dica de aleaci\u00f3n de cromo y n\u00edquel es un tipo de objetivo de pulverizaci\u00f3n cat\u00f3dica de magnetr\u00f3n compuesto de cromo y n\u00edquel con las caracter\u00edsticas de alta pureza, densidad moderada y alto punto de fusi\u00f3n, que se usa ampliamente en los campos de electr\u00f3nica, \u00f3ptica, resistencia a la abrasi\u00f3n y la corrosi\u00f3n y tratamiento m\u00e9dico.<\/p>\n<p>VIMATERIAL proporciona objetivos de pulverizaci\u00f3n cat\u00f3dica de aleaci\u00f3n de cromo y n\u00edquel, nuestro objetivo de pulverizaci\u00f3n cat\u00f3dica de aleaci\u00f3n de cromo y n\u00edquel tiene las caracter\u00edsticas de alta pureza, alta densidad, tama\u00f1o de grano fino y uniforme, etc. Podemos proporcionar un servicio de enlace de destino. Contamos con un equipo profesional de investigaci\u00f3n y desarrollo de tecnolog\u00eda, aceptamos cualquier personalizaci\u00f3n de productos y experimentos, si lo necesita, <span style=\"color: #0000ff;\"><a style=\"color: #0000ff;\" href=\"https:\/\/vimaterial.de\/en\/contact-us\/\">cont\u00e1ctenos<\/a><\/span>.  <\/p>\n<h2><span style=\"font-size: 14pt;\">Propiedades f\u00edsicas<\/span><\/h2>\n<p>F\u00f3rmula molecular: CrNi<\/p>\n<p>Peso molecular: alrededor de 110.69<\/p>\n<p>Aspecto: Blanco generalmente de color plateado<\/p>\n<p>Densidad: aprox. 8,40 g\/mL<\/p>\n<p>Punto de fusi\u00f3n: aprox. 1450\u00b0C <\/p>\n<p>Estructura cristalina: Estructura cristalina c\u00fabica centrada en las caras. En esta estructura, los \u00e1tomos de cromo y n\u00edquel est\u00e1n estrechamente dispuestos en la red cristalina para formar una estructura peri\u00f3dica tridimensional ordenada con alta simetr\u00eda y estabilidad, lo que permite que el objetivo proporcione un suministro estable de \u00e1tomos para la deposici\u00f3n de pel\u00edcula delgada durante el proceso de pulverizaci\u00f3n cat\u00f3dica <\/p>\n<h2><span style=\"font-size: 14pt;\">Aplicaciones<\/span><\/h2>\n<p>Electr\u00f3nica: Los objetivos de pulverizaci\u00f3n cat\u00f3dica de CrNi se utilizan en la fabricaci\u00f3n de chips semiconductores para formar capas resistivas de alta precisi\u00f3n, que regulan con precisi\u00f3n la corriente de los circuitos dentro del chip y garantizan un funcionamiento estable.<\/p>\n<p>Tecnolog\u00eda de visualizaci\u00f3n: En la producci\u00f3n de pantallas de cristal l\u00edquido, las pel\u00edculas de electrodos con buena conductividad y estabilidad se preparan mediante el proceso de pulverizaci\u00f3n cat\u00f3dica para mejorar la respuesta t\u00e1ctil de la pantalla y la claridad de la pantalla.<\/p>\n<p>Instrumentos \u00f3pticos: para telescopios, microscopios y otros recubrimientos de lentes \u00f3pticas, reducen la reflexi\u00f3n de la superficie, mejoran la transmisi\u00f3n de la luz, ayudan a obtener una imagen \u00f3ptica m\u00e1s clara y precisa.<\/p>\n<p>Fabricaci\u00f3n de autom\u00f3viles: recubrimiento de deposici\u00f3n por pulverizaci\u00f3n cat\u00f3dica en pistones, v\u00e1lvulas y otras partes de los motores de autom\u00f3viles para mejorar la resistencia al desgaste, reducir la p\u00e9rdida por fricci\u00f3n y mejorar el rendimiento general y la confiabilidad del motor.<\/p>\n<h2><span style=\"font-size: 14pt;\">Control de calidad<\/span><\/h2>\n<p><span style=\"color: #0000ff;\"><a style=\"color: #0000ff;\" href=\"https:\/\/vimaterial.de\/en\/quality-control\/\">VI HALBLEITERMATERIAL GmbH<\/a> <\/span>est\u00e1 comprometida con un alto control de calidad y consistencia de lotes en apoyo de los objetivos generales de REACH a trav\u00e9s de la adopci\u00f3n de un riguroso sistema de garant\u00eda de calidad, un estricto control de calidad en todas las etapas de la cadena de producci\u00f3n, el cumplimiento del principio de reelaboraci\u00f3n y reelaboraci\u00f3n de productos defectuosos, pruebas y liberaci\u00f3n de lotes de acuerdo con especificaciones detalladas,  cumplimiento de los m\u00e1s altos est\u00e1ndares en todas las \u00e1reas, manejo de problemas de acuerdo con el 8D el cumplimiento de REACH y el cumplimiento de las normas relacionadas.<\/p>\n<p>Nos comprometemos a lograr un alto control de calidad y coherencia de los lotes en apoyo de los objetivos generales de REACH, as\u00ed como a mantener la documentaci\u00f3n y la trazabilidad de los lotes para crear una cadena de suministro socialmente responsable que garantice la entrega de productos y servicios de alta calidad.<\/p>\n<h2><span style=\"font-size: 14pt;\">Embalaje y almacenamiento<\/span><\/h2>\n<p>Los objetivos de pulverizaci\u00f3n cat\u00f3dica de aleaci\u00f3n de cromo y n\u00edquel se empaquetan en bolsas de vac\u00edo dobles y luego se empaquetan, y la caja exterior se empaqueta en cajas de cart\u00f3n.<\/p>\n<p>Los objetivos de pulverizaci\u00f3n cat\u00f3dica de aleaci\u00f3n de cromo y n\u00edquel deben almacenarse en un ambiente seco, fresco y bien ventilado sin gases corrosivos, evitando la humedad, el polvo y las sustancias corrosivas, y evitando colisiones, extrusiones o fricciones violentas, y preferiblemente en paquetes sellados en estantes de almacenamiento especiales.<\/p>\n","protected":false},"excerpt":{"rendered":"<p>El objetivo de pulverizaci\u00f3n cat\u00f3dica de aleaci\u00f3n de cromo y n\u00edquel es un tipo de objetivo de pulverizaci\u00f3n cat\u00f3dica de magnetr\u00f3n compuesto de cromo y n\u00edquel con las caracter\u00edsticas de alta pureza, densidad moderada y alto punto de fusi\u00f3n, que se usa ampliamente en los campos de electr\u00f3nica, \u00f3ptica, resistencia a la abrasi\u00f3n y la corrosi\u00f3n y tratamiento m\u00e9dico.<\/p>\n","protected":false},"featured_media":1001446,"comment_status":"open","ping_status":"closed","template":"","meta":{"_acf_changed":false},"product_brand":[],"product_cat":[178],"product_tag":[],"class_list":{"0":"post-1013929","1":"product","2":"type-product","3":"status-publish","4":"has-post-thumbnail","6":"product_cat-catodos-para-sputtering-planar","8":"first","9":"instock","10":"shipping-taxable","11":"product-type-variable"},"acf":[],"_links":{"self":[{"href":"https:\/\/vimaterial.de\/es\/wp-json\/wp\/v2\/product\/1013929","targetHints":{"allow":["GET"]}}],"collection":[{"href":"https:\/\/vimaterial.de\/es\/wp-json\/wp\/v2\/product"}],"about":[{"href":"https:\/\/vimaterial.de\/es\/wp-json\/wp\/v2\/types\/product"}],"replies":[{"embeddable":true,"href":"https:\/\/vimaterial.de\/es\/wp-json\/wp\/v2\/comments?post=1013929"}],"wp:featuredmedia":[{"embeddable":true,"href":"https:\/\/vimaterial.de\/es\/wp-json\/wp\/v2\/media\/1001446"}],"wp:attachment":[{"href":"https:\/\/vimaterial.de\/es\/wp-json\/wp\/v2\/media?parent=1013929"}],"wp:term":[{"taxonomy":"product_brand","embeddable":true,"href":"https:\/\/vimaterial.de\/es\/wp-json\/wp\/v2\/product_brand?post=1013929"},{"taxonomy":"product_cat","embeddable":true,"href":"https:\/\/vimaterial.de\/es\/wp-json\/wp\/v2\/product_cat?post=1013929"},{"taxonomy":"product_tag","embeddable":true,"href":"https:\/\/vimaterial.de\/es\/wp-json\/wp\/v2\/product_tag?post=1013929"}],"curies":[{"name":"wp","href":"https:\/\/api.w.org\/{rel}","templated":true}]}}