{"id":1013910,"date":"2024-06-17T14:36:23","date_gmt":"2024-06-17T06:36:23","guid":{"rendered":"https:\/\/vimaterial.de\/product\/siliciuro-de-cromo-3\/"},"modified":"2025-04-17T13:57:18","modified_gmt":"2025-04-17T05:57:18","slug":"siliciuro-de-cromo-3","status":"publish","type":"product","link":"https:\/\/vimaterial.de\/es\/product\/siliciuro-de-cromo-3\/","title":{"rendered":"Siliciuro de cromo"},"content":{"rendered":"<p>Los gr\u00e1nulos <span style=\"color: #0000ff;\"><a style=\"color: #0000ff;\" href=\"https:\/\/vimaterial.de\/en\/product\/chromium-silicide-sputtering-target\/\">de siliciuro de cromo<\/a><\/span> son sustancias granulares finas compuestas por los elementos silicio y cromo, de los cuales el siliciuro de cromo generalmente tiene un alto punto de fusi\u00f3n, buena estabilidad t\u00e9rmica y cierta estabilidad qu\u00edmica, estos gr\u00e1nulos se pueden utilizar en el campo de la ciencia de los materiales, la industria electr\u00f3nica y otros campos para materiales de alta temperatura, dispositivos semiconductores y otras aplicaciones relacionadas.<\/p>\n<p>VIMATERIAL suministra gr\u00e1nulos de siliciuro de cromo. Nuestros gr\u00e1nulos tienen las caracter\u00edsticas distintivas de pureza ultra alta, uniformidad y tama\u00f1o de part\u00edcula fino, y muestran una excelente estabilidad en entornos de alta temperatura. Nos hemos dedicado a la investigaci\u00f3n de materias primas qu\u00edmicas inorg\u00e1nicas durante muchos a\u00f1os, contamos con un equipo de profesionales con una rica experiencia, aceptamos personalizaci\u00f3n y experimentos, <span style=\"color: #0000ff;\"><a style=\"color: #0000ff;\" href=\"https:\/\/vimaterial.de\/en\/contact-us\/\">cont\u00e1ctenos<\/a><\/span> si lo necesita.  <\/p>\n<h2><span style=\"font-size: 14pt;\">Propiedades f\u00edsicas<\/span><\/h2>\n<p>F\u00f3rmula molecular: CrSi\u2082<\/p>\n<p>Peso molecular: 108.16<\/p>\n<p>Aspecto: gr\u00e1nulos grises<\/p>\n<p>Densidad: La densidad relativa es de aproximadamente 5,5<\/p>\n<p>Punto de fusi\u00f3n: alrededor de 1475 \u00b0C<\/p>\n<h2><span style=\"font-size: 14pt;\">Aplicaci\u00f3n<\/span><\/h2>\n<p>Electr\u00f3nica: Los gr\u00e1nulos de siliciuro de cromo se utilizan en la fabricaci\u00f3n de chips semiconductores para mejorar la conductividad y la estabilidad de los componentes electr\u00f3nicos.<\/p>\n<p>Industria metal\u00fargica: como aditivo de aleaci\u00f3n, optimiza el rendimiento a alta temperatura del acero y otros metales, mejora la resistencia y la resistencia al desgaste.<\/p>\n<p>Industria aeroespacial: Se utiliza para construir componentes de motores, confiando en una alta resistencia al calor para garantizar el funcionamiento seguro de las aeronaves a temperaturas extremas.<\/p>\n<p>Industria cer\u00e1mica: se agrega a los espacios en bruto cer\u00e1micos para mejorar su dureza y tenacidad, hechos de herramientas de corte de alta calidad, revestimiento resistente al desgaste.<\/p>\n<p>Nuevas energ\u00edas: integradas en la energ\u00eda solar, pilas de combustible, como electrodos o portadores de catalizadores, para ayudar a mejorar la eficiencia de la conversi\u00f3n de energ\u00eda.<\/p>\n<h2><span style=\"font-size: 14pt;\">Control de calidad<\/span><\/h2>\n<p><span style=\"color: #0000ff;\"><a style=\"color: #0000ff;\" href=\"https:\/\/vimaterial.de\/en\/quality-control\/\">Cada lote<\/a> <\/span>de productos sigue estrictos principios de control de calidad, en general para garantizar que cada lote de materiales de la adquisici\u00f3n de materias primas, procesamiento, productos terminados fuera del almac\u00e9n tenga instrumentos avanzados, est\u00e1ndares de inspecci\u00f3n estrictos, registros de inspecci\u00f3n perfectos para garantizar el control de calidad del producto y la trazabilidad del producto, cada lote de productos est\u00e1 acompa\u00f1ado de MSDS, COA,  Informes TDS, PSD, XRD, etc., cada lote de productos se entregar\u00e1 al cliente para proporcionar muestras, tambi\u00e9n apoyar\u00e1 al cliente para solicitar organizaciones de inspecci\u00f3n de terceros. Proporcionaremos muestras a los clientes para cada lote de productos y tambi\u00e9n ayudaremos a los clientes a solicitar a las organizaciones de inspecci\u00f3n de terceros que inspeccionen los productos. <\/p>\n<h2><span style=\"font-size: 14pt;\">Embalaje y almacenamiento<\/span><\/h2>\n<p>Los gr\u00e1nulos de siliciuro de cromo se empaquetan en bolsas de vac\u00edo de doble capa o botellas de vac\u00edo de doble capa y luego se empaquetan en cajas de cart\u00f3n.<\/p>\n<p>Los gr\u00e1nulos de siliciuro de cromo deben almacenarse en un ambiente seco y bien ventilado para evitar la humedad, la oxidaci\u00f3n, lejos del fuego y los \u00e1cidos y \u00e1lcalis y otras sustancias corrosivas, y de acuerdo con las disposiciones del empaque y almacenamiento para garantizar que sus propiedades f\u00edsicas y qu\u00edmicas no se da\u00f1en.<\/p>\n","protected":false},"excerpt":{"rendered":"<p>Los gr\u00e1nulos de siliciuro de cromo son sustancias granulares finas compuestas por los elementos silicio y cromo, de los cuales el siliciuro de cromo generalmente tiene un alto punto de fusi\u00f3n, buena estabilidad t\u00e9rmica y cierta estabilidad qu\u00edmica, estos gr\u00e1nulos se pueden utilizar en el campo de la ciencia de los materiales, la industria electr\u00f3nica y otros campos para materiales de alta temperatura, dispositivos semiconductores y otras aplicaciones relacionadas.<\/p>\n","protected":false},"featured_media":1001462,"comment_status":"open","ping_status":"closed","template":"","meta":{"_acf_changed":false},"product_brand":[],"product_cat":[179],"product_tag":[],"class_list":{"0":"post-1013910","1":"product","2":"type-product","3":"status-publish","4":"has-post-thumbnail","6":"product_cat-materiales-de-evaporacion","8":"first","9":"instock","10":"shipping-taxable","11":"product-type-variable"},"acf":[],"_links":{"self":[{"href":"https:\/\/vimaterial.de\/es\/wp-json\/wp\/v2\/product\/1013910","targetHints":{"allow":["GET"]}}],"collection":[{"href":"https:\/\/vimaterial.de\/es\/wp-json\/wp\/v2\/product"}],"about":[{"href":"https:\/\/vimaterial.de\/es\/wp-json\/wp\/v2\/types\/product"}],"replies":[{"embeddable":true,"href":"https:\/\/vimaterial.de\/es\/wp-json\/wp\/v2\/comments?post=1013910"}],"wp:featuredmedia":[{"embeddable":true,"href":"https:\/\/vimaterial.de\/es\/wp-json\/wp\/v2\/media\/1001462"}],"wp:attachment":[{"href":"https:\/\/vimaterial.de\/es\/wp-json\/wp\/v2\/media?parent=1013910"}],"wp:term":[{"taxonomy":"product_brand","embeddable":true,"href":"https:\/\/vimaterial.de\/es\/wp-json\/wp\/v2\/product_brand?post=1013910"},{"taxonomy":"product_cat","embeddable":true,"href":"https:\/\/vimaterial.de\/es\/wp-json\/wp\/v2\/product_cat?post=1013910"},{"taxonomy":"product_tag","embeddable":true,"href":"https:\/\/vimaterial.de\/es\/wp-json\/wp\/v2\/product_tag?post=1013910"}],"curies":[{"name":"wp","href":"https:\/\/api.w.org\/{rel}","templated":true}]}}