{"id":1013884,"date":"2024-06-17T14:36:23","date_gmt":"2024-06-17T06:36:23","guid":{"rendered":"https:\/\/vimaterial.de\/product\/siliciuro-de-cromo\/"},"modified":"2025-04-17T13:55:11","modified_gmt":"2025-04-17T05:55:11","slug":"siliciuro-de-cromo","status":"publish","type":"product","link":"https:\/\/vimaterial.de\/es\/product\/siliciuro-de-cromo\/","title":{"rendered":"Siliciuro de cromo"},"content":{"rendered":"<p><span style=\"color: #0000ff;\"><a style=\"color: #0000ff;\" href=\"https:\/\/vimaterial.de\/en\/product\/chromium-silicide-3\/\">El polvo de siliciuro de cromo<\/a><\/span> suele tener un aspecto gris, con alto punto de fusi\u00f3n, alta dureza y buena estabilidad qu\u00edmica, es un material electrot\u00e9rmico importante con aplicaciones potenciales en recubrimientos antioxidantes a alta temperatura, dispositivos semiconductores, materiales de embalaje electr\u00f3nico y otros campos.<\/p>\n<p>VIMATERIAL proporciona polvo de siliciuro de cromo, nuestro polvo tiene alta pureza, tama\u00f1o de part\u00edcula uniforme, buena actividad qu\u00edmica y alta estabilidad. Nos hemos dedicado a las materias primas de metal inorg\u00e1nico durante muchos a\u00f1os, con un equipo profesional de investigaci\u00f3n y desarrollo de tecnolog\u00eda, aceptamos la personalizaci\u00f3n del producto y los experimentos, <span style=\"color: #0000ff;\"><a style=\"color: #0000ff;\" href=\"https:\/\/vimaterial.de\/en\/contact-us\/\">cont\u00e1ctenos<\/a><\/span> si lo necesita. <\/p>\n<h2><span style=\"font-size: 14pt;\">Propiedades f\u00edsicas<\/span><\/h2>\n<p>F\u00f3rmula molecular: CrSi\u2082<\/p>\n<p>Peso molecular: 108.167 g\/mol<\/p>\n<p>Aspecto: generalmente polvo gris<\/p>\n<p>Densidad: 4,7 g\/cm\u00b3<\/p>\n<p>Punto de fusi\u00f3n: 1490 \u00b0C<\/p>\n<h2><span style=\"font-size: 14pt;\">Aplicaciones<\/span><\/h2>\n<p>Campo de recubrimiento: como material de recubrimiento antioxidante de alta temperatura, puede proteger eficazmente la superficie del metal u otros materiales de la oxidaci\u00f3n en un entorno de alta temperatura.<\/p>\n<p>Campo de material de calefacci\u00f3n el\u00e9ctrica: con su buena conductividad y caracter\u00edsticas de resistencia adecuadas, se fabrica en varios elementos calefactores el\u00e9ctricos y se utiliza en equipos de calefacci\u00f3n.<\/p>\n<p>Campo de los materiales de embalaje electr\u00f3nico: ayuda a mejorar la conductividad t\u00e9rmica y las propiedades mec\u00e1nicas de los materiales de embalaje electr\u00f3nico y salvaguarda la confiabilidad de los dispositivos electr\u00f3nicos.<\/p>\n<p>Campo aeroespacial: debido a su alto punto de fusi\u00f3n, resistencia a la oxidaci\u00f3n y otras propiedades, se puede utilizar en la fabricaci\u00f3n de componentes aeroespaciales para adaptarse a entornos extremos.<\/p>\n<h2><span style=\"font-size: 14pt;\">Control de calidad<\/span><\/h2>\n<p><span style=\"color: #0000ff;\"><a style=\"color: #0000ff;\" href=\"https:\/\/vimaterial.de\/en\/quality-control\/\">VI HALBLEITERMATERIAL GmbH<\/a> <\/span>est\u00e1 comprometida con un alto control de calidad y consistencia de lotes a trav\u00e9s de un riguroso sistema de garant\u00eda de calidad, un estricto control de calidad en todas las etapas de la cadena de producci\u00f3n, el cumplimiento del principio de reelaboraci\u00f3n y reelaboraci\u00f3n de productos defectuosos, pruebas de lotes y liberaci\u00f3n de acuerdo con especificaciones detalladas, cumplimiento de los m\u00e1s altos est\u00e1ndares en todos los aspectos,  documentaci\u00f3n y trazabilidad de lotes para garantizar que entregamos productos y servicios de alta calidad.<\/p>\n<h2><span style=\"font-size: 14pt;\">Embalaje y almacenamiento<\/span><\/h2>\n<p>El polvo de siliciuro de cromo se envasa en bolsas de vac\u00edo dobles o botellas de vac\u00edo dobles con embalaje exterior de cart\u00f3n.<\/p>\n<p>Los polvos de siliciuro de cromo deben almacenarse en un ambiente seco, fresco y bien ventilado, sellados y protegidos de la humedad y el contacto con agentes oxidantes fuertes, \u00e1cidos fuertes y otras sustancias donde puedan ocurrir reacciones qu\u00edmicas para evitar cambios qu\u00edmicos y deterioro.<\/p>\n","protected":false},"excerpt":{"rendered":"<p><span style=\"color: #0000ff;\"><a style=\"color: #0000ff;\" href=\"https:\/\/vimaterial.de\/en\/product\/chromium-silicide-3\/\">El polvo de siliciuro de cromo<\/a><\/span> suele tener un aspecto gris, con alto punto de fusi\u00f3n, alta dureza y buena estabilidad qu\u00edmica, es un material electrot\u00e9rmico importante con aplicaciones potenciales en recubrimientos antioxidantes a alta temperatura, dispositivos semiconductores, materiales de embalaje electr\u00f3nico y otros campos.<\/p>\n","protected":false},"featured_media":1001469,"comment_status":"open","ping_status":"closed","template":"","meta":{"_acf_changed":false},"product_brand":[],"product_cat":[183],"product_tag":[],"class_list":{"0":"post-1013884","1":"product","2":"type-product","3":"status-publish","4":"has-post-thumbnail","6":"product_cat-c-n-b-si-materiales","8":"first","9":"instock","10":"shipping-taxable","11":"purchasable","12":"product-type-variable"},"acf":[],"_links":{"self":[{"href":"https:\/\/vimaterial.de\/es\/wp-json\/wp\/v2\/product\/1013884","targetHints":{"allow":["GET"]}}],"collection":[{"href":"https:\/\/vimaterial.de\/es\/wp-json\/wp\/v2\/product"}],"about":[{"href":"https:\/\/vimaterial.de\/es\/wp-json\/wp\/v2\/types\/product"}],"replies":[{"embeddable":true,"href":"https:\/\/vimaterial.de\/es\/wp-json\/wp\/v2\/comments?post=1013884"}],"wp:featuredmedia":[{"embeddable":true,"href":"https:\/\/vimaterial.de\/es\/wp-json\/wp\/v2\/media\/1001469"}],"wp:attachment":[{"href":"https:\/\/vimaterial.de\/es\/wp-json\/wp\/v2\/media?parent=1013884"}],"wp:term":[{"taxonomy":"product_brand","embeddable":true,"href":"https:\/\/vimaterial.de\/es\/wp-json\/wp\/v2\/product_brand?post=1013884"},{"taxonomy":"product_cat","embeddable":true,"href":"https:\/\/vimaterial.de\/es\/wp-json\/wp\/v2\/product_cat?post=1013884"},{"taxonomy":"product_tag","embeddable":true,"href":"https:\/\/vimaterial.de\/es\/wp-json\/wp\/v2\/product_tag?post=1013884"}],"curies":[{"name":"wp","href":"https:\/\/api.w.org\/{rel}","templated":true}]}}