{"id":1013877,"date":"2024-06-17T14:36:24","date_gmt":"2024-06-17T06:36:24","guid":{"rendered":"https:\/\/vimaterial.de\/product\/cromo-itrio\/"},"modified":"2025-04-17T13:50:00","modified_gmt":"2025-04-17T05:50:00","slug":"cromo-itrio","status":"publish","type":"product","link":"https:\/\/vimaterial.de\/es\/product\/cromo-itrio\/","title":{"rendered":"Cromo Itrio"},"content":{"rendered":"<p>El objetivo de pulverizaci\u00f3n cat\u00f3dica de cromo itrio es un tipo de objetivo de pulverizaci\u00f3n cat\u00f3dica de aleaci\u00f3n compuesto de cromo e itrio, que se puede utilizar para depositar una pel\u00edcula delgada de aleaci\u00f3n de cromo-itrio en el sustrato mediante pulverizaci\u00f3n cat\u00f3dica de magnetr\u00f3n y otras t\u00e9cnicas, y tiene una amplia gama de aplicaciones en el campo de la electr\u00f3nica, la \u00f3ptica y otros campos.<\/p>\n<p>VIMATERIAL proporciona objetivos de pulverizaci\u00f3n cat\u00f3dica de cromo itrio. Nuestros objetivos de pulverizaci\u00f3n cat\u00f3dica de cromo circonio se caracterizan por su alta pureza, alta densidad, tama\u00f1o de grano fino y uniforme, etc. Podemos proporcionar un servicio de enlace de destino. Contamos con un equipo profesional de investigaci\u00f3n y desarrollo de tecnolog\u00eda, aceptamos cualquier personalizaci\u00f3n de productos y experimentos, si lo necesita, <span style=\"color: #0000ff;\"><a style=\"color: #0000ff;\" href=\"https:\/\/vimaterial.de\/en\/contact-us\/\">cont\u00e1ctenos<\/a><\/span>.   <\/p>\n<h2><span style=\"font-size: 14pt;\">Propiedades f\u00edsicas<\/span><\/h2>\n<p>F\u00f3rmula molecular: CrY<\/p>\n<p>Peso molecular: alrededor de 140.90<\/p>\n<p>Aspecto: generalmente material objetivo gris plateado<\/p>\n<h2><span style=\"font-size: 14pt;\">Aplicaciones<\/span><\/h2>\n<p>Industria de semiconductores: Los objetivos de pulverizaci\u00f3n cat\u00f3dica de cromo itrio se utilizan en la fabricaci\u00f3n de chips semiconductores, donde el proceso de pulverizaci\u00f3n cat\u00f3dica crea una capa de interconexi\u00f3n estable del metal, lo que garantiza la transmisi\u00f3n de se\u00f1ales a alta velocidad dentro del chip.<\/p>\n<p>Pantallas planas: En la producci\u00f3n de pantallas de cristal l\u00edquido (LCD) y pantallas de diodos emisores de luz org\u00e1nica (OLED), el objetivo se puede pulverizar para formar electrodos conductores transparentes, lo que permite un control t\u00e1ctil preciso y pantallas claras.<\/p>\n<p>Instrumentos \u00f3pticos: Recubrimiento para lentes \u00f3pticas de alta precisi\u00f3n, que utiliza tecnolog\u00eda de pulverizaci\u00f3n cat\u00f3dica para realizar la deposici\u00f3n at\u00f3mica objetivo, reduciendo efectivamente la luz reflejada en la superficie de la lente y mejorando la transmisi\u00f3n de luz para mejorar la calidad de la imagen.<\/p>\n<p>Solar Fotovoltaica: Involucrada en la fabricaci\u00f3n de c\u00e9lulas solares de pel\u00edcula delgada, pulverizadas para formar capas y electrodos absorbentes de energ\u00eda, que convierten eficientemente la luz solar en electricidad, promoviendo el desarrollo de energ\u00eda limpia.<\/p>\n<p>Recubrimiento decorativo: En productos decorativos de alta gama, la pulverizaci\u00f3n cat\u00f3dica se utiliza para formar pel\u00edculas met\u00e1licas de colores brillantes, resistentes a la abrasi\u00f3n y a la corrosi\u00f3n, lo que mejora significativamente la apariencia de los productos decorativos.<\/p>\n<h2><span style=\"font-size: 14pt;\">Control de calidad<\/span><\/h2>\n<p><span style=\"color: #0000ff;\"><a style=\"color: #0000ff;\" href=\"https:\/\/vimaterial.de\/en\/quality-control\/\">VI HALBLEITERMATERIAL GmbH<\/a><\/span> est\u00e1 comprometida con un alto control de calidad y consistencia de lotes en apoyo de los objetivos generales de REACH a trav\u00e9s de la adopci\u00f3n de un riguroso sistema de garant\u00eda de calidad, un estricto control de calidad en todas las etapas de la cadena de producci\u00f3n, el cumplimiento del principio de reelaboraci\u00f3n y reelaboraci\u00f3n de productos defectuosos, pruebas y liberaci\u00f3n de lotes de acuerdo con especificaciones detalladas,  cumplimiento de los m\u00e1s altos est\u00e1ndares en todas las \u00e1reas, manejo de problemas de acuerdo con el 8D el cumplimiento de REACH y el cumplimiento de las normas relacionadas.<\/p>\n<p>Nos comprometemos a lograr un alto control de calidad y coherencia de los lotes en apoyo de los objetivos generales de REACH, as\u00ed como a mantener la documentaci\u00f3n y la trazabilidad de los lotes para crear una cadena de suministro socialmente responsable que garantice la entrega de productos y servicios de alta calidad.<\/p>\n<h2><span style=\"font-size: 14pt;\">Embalaje y almacenamiento<\/span><\/h2>\n<p>Los objetivos de pulverizaci\u00f3n cat\u00f3dica de cromo e itrio se empaquetan en bolsas de vac\u00edo dobles y luego se empaquetan en cajas de cart\u00f3n.<\/p>\n<p>Los objetivos de pulverizaci\u00f3n cat\u00f3dica de cromo itrio deben almacenarse en un ambiente seco, fresco y no corrosivo, donde est\u00e9n colocados de forma segura y protegidos contra impactos y humedad.<\/p>\n","protected":false},"excerpt":{"rendered":"<p>El objetivo de pulverizaci\u00f3n cat\u00f3dica de cromo itrio es un tipo de objetivo de pulverizaci\u00f3n cat\u00f3dica de aleaci\u00f3n compuesto de cromo e itrio, que se puede utilizar para depositar una pel\u00edcula delgada de aleaci\u00f3n de cromo-itrio en el sustrato mediante pulverizaci\u00f3n cat\u00f3dica de magnetr\u00f3n y otras t\u00e9cnicas, y tiene una amplia gama de aplicaciones en el campo de la electr\u00f3nica, la \u00f3ptica y otros campos.<\/p>\n","protected":false},"featured_media":1001493,"comment_status":"open","ping_status":"closed","template":"","meta":{"_acf_changed":false},"product_brand":[],"product_cat":[178],"product_tag":[],"class_list":{"0":"post-1013877","1":"product","2":"type-product","3":"status-publish","4":"has-post-thumbnail","6":"product_cat-catodos-para-sputtering-planar","8":"first","9":"instock","10":"shipping-taxable","11":"product-type-variable"},"acf":[],"_links":{"self":[{"href":"https:\/\/vimaterial.de\/es\/wp-json\/wp\/v2\/product\/1013877","targetHints":{"allow":["GET"]}}],"collection":[{"href":"https:\/\/vimaterial.de\/es\/wp-json\/wp\/v2\/product"}],"about":[{"href":"https:\/\/vimaterial.de\/es\/wp-json\/wp\/v2\/types\/product"}],"replies":[{"embeddable":true,"href":"https:\/\/vimaterial.de\/es\/wp-json\/wp\/v2\/comments?post=1013877"}],"wp:featuredmedia":[{"embeddable":true,"href":"https:\/\/vimaterial.de\/es\/wp-json\/wp\/v2\/media\/1001493"}],"wp:attachment":[{"href":"https:\/\/vimaterial.de\/es\/wp-json\/wp\/v2\/media?parent=1013877"}],"wp:term":[{"taxonomy":"product_brand","embeddable":true,"href":"https:\/\/vimaterial.de\/es\/wp-json\/wp\/v2\/product_brand?post=1013877"},{"taxonomy":"product_cat","embeddable":true,"href":"https:\/\/vimaterial.de\/es\/wp-json\/wp\/v2\/product_cat?post=1013877"},{"taxonomy":"product_tag","embeddable":true,"href":"https:\/\/vimaterial.de\/es\/wp-json\/wp\/v2\/product_tag?post=1013877"}],"curies":[{"name":"wp","href":"https:\/\/api.w.org\/{rel}","templated":true}]}}