{"id":1013869,"date":"2024-06-17T14:36:24","date_gmt":"2024-06-17T06:36:24","guid":{"rendered":"https:\/\/vimaterial.de\/product\/aleacion-de-cromo-y-vanadio\/"},"modified":"2025-04-17T13:51:54","modified_gmt":"2025-04-17T05:51:54","slug":"aleacion-de-cromo-y-vanadio","status":"publish","type":"product","link":"https:\/\/vimaterial.de\/es\/product\/aleacion-de-cromo-y-vanadio\/","title":{"rendered":"Aleaci\u00f3n de cromo silicio y aluminio"},"content":{"rendered":"<p>El objetivo de pulverizaci\u00f3n cat\u00f3dica de aleaci\u00f3n de aluminio y silicion de cromo es un objetivo de pulverizaci\u00f3n cat\u00f3dica de aleaci\u00f3n compuesto por tres elementos: cromo, silicio y aluminio. Tiene alta pureza, buen rendimiento de pulverizaci\u00f3n cat\u00f3dica y puede formar una pel\u00edcula delgada de alta calidad, que se usa ampliamente en el campo de la electr\u00f3nica y la \u00f3ptica. <\/p>\n<p>VIMATERIAL proporciona objetivos de pulverizaci\u00f3n cat\u00f3dica de cromo, silicion y aleaci\u00f3n de aluminio. Nuestros objetivos de pulverizaci\u00f3n cat\u00f3dica de cromo circonio se caracterizan por su alta pureza, composici\u00f3n homog\u00e9nea, buen rendimiento de pulverizaci\u00f3n cat\u00f3dica, formaci\u00f3n de pel\u00edculas delgadas de alta calidad, fuerte adherencia, alta dureza, buena conductividad el\u00e9ctrica y resistencia a la corrosi\u00f3n, y alta estabilidad. Podemos proporcionar un servicio de enlace de destino. Contamos con un equipo profesional de investigaci\u00f3n y desarrollo de tecnolog\u00eda, aceptamos cualquier personalizaci\u00f3n de productos y experimentos, si lo necesita, <span style=\"color: #0000ff;\"><a style=\"color: #0000ff;\" href=\"https:\/\/vimaterial.de\/en\/contact-us\/\">cont\u00e1ctenos<\/a><\/span>.   <\/p>\n<h2><span style=\"font-size: 14pt;\">Propiedades f\u00edsicas<\/span><\/h2>\n<p>F\u00f3rmula molecular: CrSiAl<\/p>\n<p>Aspecto: material objetivo de brillo met\u00e1lico gris plateado.<\/p>\n<p>Densidad: generalmente alrededor de 5-7 g\/cm\u00b3.<\/p>\n<p>Estructura cristalina: c\u00fabica centrada en la cara (FCC) y c\u00fabica centrada en el cuerpo (BCC).<\/p>\n<h2><span style=\"font-size: 14pt;\">Aplicaciones<\/span><\/h2>\n<p>Electr\u00f3nica: El objetivo de pulverizaci\u00f3n cat\u00f3dica de aleaci\u00f3n de cromo y aluminio y silicio se utiliza en la fabricaci\u00f3n de componentes electr\u00f3nicos para depositar pel\u00edculas delgadas con buena conductividad el\u00e9ctrica y estabilidad t\u00e9rmica en las superficies de los dispositivos semiconductores para mejorar el rendimiento y la confiabilidad de los dispositivos.<\/p>\n<p>Campo \u00f3ptico: En la fabricaci\u00f3n de instrumentos \u00f3pticos, la pel\u00edcula delgada depositada por el objetivo de pulverizaci\u00f3n cat\u00f3dica puede regular eficazmente la reflectividad y la transmitancia de la lente, mejorando as\u00ed la calidad de imagen del sistema \u00f3ptico.<\/p>\n<p>Fabricaci\u00f3n automotriz: se utiliza en el recubrimiento de piezas automotrices, como piezas de motor y superficie de sensor para formar una pel\u00edcula resistente a la corrosi\u00f3n y a altas temperaturas, para mejorar la durabilidad y estabilidad de las piezas automotrices.<\/p>\n<p>Aeroespacial: la deposici\u00f3n de pel\u00edcula delgada en piezas de equipos aeroespaciales puede proporcionar una buena resistencia a la oxidaci\u00f3n a alta temperatura y a la radiaci\u00f3n espacial, lo que garantiza el funcionamiento normal de las aeronaves en entornos extremos.<\/p>\n<p>Energ\u00eda: En la preparaci\u00f3n de c\u00e9lulas solares y materiales de electrodos de bater\u00edas, las pel\u00edculas delgadas depositadas por el objetivo de pulverizaci\u00f3n cat\u00f3dica de aleaci\u00f3n de aluminio y cromo silicio pueden mejorar la conductividad y la eficiencia de conversi\u00f3n fotoel\u00e9ctrica de las bater\u00edas, optimizando el uso de energ\u00eda.<\/p>\n<p>Campo de tratamiento de la superficie del material: el dep\u00f3sito de pel\u00edculas delgadas en la superficie de varios materiales le da a los materiales propiedades resistentes al desgaste, resistentes a la corrosi\u00f3n, resistentes a la oxidaci\u00f3n y otras, ampliando el alcance de uso de los materiales.<\/p>\n<h2><span style=\"font-size: 14pt;\">Control de calidad<\/span><\/h2>\n<p><span style=\"color: #0000ff;\"><a style=\"color: #0000ff;\" href=\"https:\/\/vimaterial.de\/en\/quality-control\/\">VI HALBLEITERMATERIAL GmbH<\/a><\/span> est\u00e1 comprometida con un alto control de calidad y consistencia de lotes en apoyo de los objetivos generales de REACH a trav\u00e9s de la adopci\u00f3n de un riguroso sistema de garant\u00eda de calidad, un estricto control de calidad en todas las etapas de la cadena de producci\u00f3n, el cumplimiento del principio de reelaboraci\u00f3n y reelaboraci\u00f3n de productos defectuosos, pruebas y liberaci\u00f3n de lotes de acuerdo con especificaciones detalladas,  cumplimiento de los m\u00e1s altos est\u00e1ndares en todas las \u00e1reas, manejo de problemas de acuerdo con el 8D el cumplimiento de REACH y el cumplimiento de las normas relacionadas.<\/p>\n<p>Nos comprometemos a lograr un alto control de calidad y coherencia de los lotes en apoyo de los objetivos generales de REACH, as\u00ed como a mantener la documentaci\u00f3n y la trazabilidad de los lotes para crear una cadena de suministro socialmente responsable que garantice la entrega de productos y servicios de alta calidad.<\/p>\n<h2><span style=\"font-size: 14pt;\">Embalaje y almacenamiento<\/span><\/h2>\n<p>Los objetivos de pulverizaci\u00f3n cat\u00f3dica de cromo silicio y aleaci\u00f3n de aluminio se suministran en cajas de doble bolsa de vac\u00edo con una caja exterior de cart\u00f3n.<\/p>\n<p>Los objetivos de pulverizaci\u00f3n cat\u00f3dica de aleaci\u00f3n de cromo y aluminio deben almacenarse en un entorno seco, bien ventilado, estabilizado a la temperatura y limpio, evitando la humedad, el contacto con sustancias corrosivas y las colisiones violentas, evitando la oxidaci\u00f3n y el da\u00f1o f\u00edsico, y asegurando que su rendimiento de pulverizaci\u00f3n cat\u00f3dica no se vea afectado.<\/p>\n","protected":false},"excerpt":{"rendered":"<p>El objetivo de pulverizaci\u00f3n cat\u00f3dica de aleaci\u00f3n de aluminio y silicion de cromo es un objetivo de pulverizaci\u00f3n cat\u00f3dica de aleaci\u00f3n compuesto por tres elementos: cromo, silicio y aluminio. Tiene alta pureza, buen rendimiento de pulverizaci\u00f3n cat\u00f3dica y puede formar una pel\u00edcula delgada de alta calidad, que se usa ampliamente en el campo de la electr\u00f3nica y la \u00f3ptica. <\/p>\n","protected":false},"featured_media":1001487,"comment_status":"open","ping_status":"closed","template":"","meta":{"_acf_changed":false},"product_brand":[],"product_cat":[178],"product_tag":[],"class_list":{"0":"post-1013869","1":"product","2":"type-product","3":"status-publish","4":"has-post-thumbnail","6":"product_cat-catodos-para-sputtering-planar","8":"first","9":"instock","10":"shipping-taxable","11":"product-type-variable"},"acf":[],"_links":{"self":[{"href":"https:\/\/vimaterial.de\/es\/wp-json\/wp\/v2\/product\/1013869","targetHints":{"allow":["GET"]}}],"collection":[{"href":"https:\/\/vimaterial.de\/es\/wp-json\/wp\/v2\/product"}],"about":[{"href":"https:\/\/vimaterial.de\/es\/wp-json\/wp\/v2\/types\/product"}],"replies":[{"embeddable":true,"href":"https:\/\/vimaterial.de\/es\/wp-json\/wp\/v2\/comments?post=1013869"}],"wp:featuredmedia":[{"embeddable":true,"href":"https:\/\/vimaterial.de\/es\/wp-json\/wp\/v2\/media\/1001487"}],"wp:attachment":[{"href":"https:\/\/vimaterial.de\/es\/wp-json\/wp\/v2\/media?parent=1013869"}],"wp:term":[{"taxonomy":"product_brand","embeddable":true,"href":"https:\/\/vimaterial.de\/es\/wp-json\/wp\/v2\/product_brand?post=1013869"},{"taxonomy":"product_cat","embeddable":true,"href":"https:\/\/vimaterial.de\/es\/wp-json\/wp\/v2\/product_cat?post=1013869"},{"taxonomy":"product_tag","embeddable":true,"href":"https:\/\/vimaterial.de\/es\/wp-json\/wp\/v2\/product_tag?post=1013869"}],"curies":[{"name":"wp","href":"https:\/\/api.w.org\/{rel}","templated":true}]}}