{"id":1013854,"date":"2024-06-17T14:36:25","date_gmt":"2024-06-17T06:36:25","guid":{"rendered":"https:\/\/vimaterial.de\/product\/cromo-circonio\/"},"modified":"2025-04-17T13:48:06","modified_gmt":"2025-04-17T05:48:06","slug":"cromo-circonio","status":"publish","type":"product","link":"https:\/\/vimaterial.de\/es\/product\/cromo-circonio\/","title":{"rendered":"Cromo Zirconio"},"content":{"rendered":"<p>El objetivo de pulverizaci\u00f3n cat\u00f3dica de cromo circonio es un objetivo compuesto hecho de cromo y circonio con buena estabilidad t\u00e9rmica, resistencia a la corrosi\u00f3n y rendimiento de pulverizaci\u00f3n cat\u00f3dica, que se puede utilizar para depositar pel\u00edculas delgadas con propiedades f\u00edsicas y qu\u00edmicas especiales en una variedad de sustratos, y tiene una amplia gama de aplicaciones en los campos de electr\u00f3nica, \u00f3ptica y modificaci\u00f3n de superficies de materiales.<\/p>\n<p>VIMATERIAL proporciona objetivos de pulverizaci\u00f3n cat\u00f3dica de cromo circonio. Nuestros objetivos de pulverizaci\u00f3n cat\u00f3dica de cromo circonio se caracterizan por su alta pureza, altas densidades, granos finos y uniformes, proporciones de composici\u00f3n precisas, altas tasas de pulverizaci\u00f3n cat\u00f3dica, buena calidad de la pel\u00edcula y fuerte uni\u00f3n con una amplia gama de sustratos. Servicio de encuadernaci\u00f3n. Contamos con un equipo profesional de investigaci\u00f3n y desarrollo de tecnolog\u00eda, aceptamos cualquier personalizaci\u00f3n de productos y experimentos, si lo necesita, <span style=\"color: #0000ff;\"><a style=\"color: #0000ff;\" href=\"https:\/\/vimaterial.de\/en\/contact-us\/\">cont\u00e1ctenos<\/a><\/span>.   <\/p>\n<h2><span style=\"font-size: 14pt;\">Propiedades f\u00edsicas<\/span><\/h2>\n<p>F\u00f3rmula molecular: CrZr<\/p>\n<p>Peso molecular: alrededor de 143.22<\/p>\n<p>Aspecto: Por lo general, material objetivo de brillo met\u00e1lico gris plateado<\/p>\n<p>Estructura cristalina: Puede tener una estructura cristalina c\u00fabica centrada en el cuerpo o una estructura cristalina hexagonal densamente dispuesta similar a la de sus elementos constituyentes, cromo y circonio, pero la estructura espec\u00edfica puede variar seg\u00fan las condiciones de preparaci\u00f3n y la composici\u00f3n.<\/p>\n<h2><span style=\"font-size: 14pt;\">Aplicaciones<\/span><\/h2>\n<p>Electr\u00f3nica: Los objetivos de pulverizaci\u00f3n cat\u00f3dica de cromo circonio se utilizan en la fabricaci\u00f3n de dispositivos electr\u00f3nicos para depositar pel\u00edculas delgadas con buena conductividad el\u00e9ctrica y resistencia a la corrosi\u00f3n sobre sustratos como chips para mejorar el rendimiento y la vida \u00fatil de los componentes electr\u00f3nicos.<\/p>\n<p>Campo \u00f3ptico: En el campo de los instrumentos \u00f3pticos, el objetivo que pulveriza pulverizaci\u00f3n cat\u00f3dica puede depositar pel\u00edculas delgadas para lentes \u00f3pticas y espejos, mejorando efectivamente las propiedades antirreflectantes de las lentes y la reflectividad de los espejos.<\/p>\n<p>Fabricaci\u00f3n de autom\u00f3viles: se utiliza para el recubrimiento de la superficie de las piezas de autom\u00f3viles, como los componentes del motor y las molduras de la carrocer\u00eda, para mejorar la resistencia al desgaste y la resistencia a la corrosi\u00f3n de los componentes y mejorar la calidad general del autom\u00f3vil.<\/p>\n<p>Aeroespacial: En los equipos aeroespaciales, se pueden depositar pel\u00edculas delgadas para mejorar la resistencia del material a altas temperaturas y oxidaci\u00f3n, lo que garantiza la confiabilidad y seguridad de las aeronaves en entornos extremos.<\/p>\n<p>Energ\u00eda: Las pel\u00edculas delgadas se depositan en las superficies de los dispositivos de energ\u00eda, como paneles solares y electrodos de bater\u00edas, para mejorar la resistencia a la intemperie y la conductividad de los dispositivos, aumentando as\u00ed la eficiencia de conversi\u00f3n de energ\u00eda.<\/p>\n<h2><span style=\"font-size: 14pt;\">Control de calidad<\/span><\/h2>\n<p><a href=\"https:\/\/vimaterial.de\/en\/quality-control\/\"><span style=\"color: #0000ff;\">VI HALBLEITERMATERIAL GmbH <\/span><\/a>est\u00e1 comprometida con un alto control de calidad y consistencia de lotes en apoyo de los objetivos generales de REACH a trav\u00e9s de la adopci\u00f3n de un riguroso sistema de garant\u00eda de calidad, un estricto control de calidad en todas las etapas de la cadena de producci\u00f3n, el cumplimiento del principio de reelaboraci\u00f3n y reelaboraci\u00f3n de productos defectuosos, pruebas y liberaci\u00f3n de lotes de acuerdo con especificaciones detalladas,  cumplimiento de los m\u00e1s altos est\u00e1ndares en todas las \u00e1reas, manejo de problemas de acuerdo con el 8D el cumplimiento de REACH y el cumplimiento de las normas relacionadas.<\/p>\n<p>Nos comprometemos a lograr un alto control de calidad y coherencia de los lotes en apoyo de los objetivos generales de REACH, as\u00ed como a mantener la documentaci\u00f3n y la trazabilidad de los lotes para crear una cadena de suministro socialmente responsable que garantice la entrega de productos y servicios de alta calidad.<\/p>\n<h2><span style=\"font-size: 14pt;\">Embalaje y almacenamiento<\/span><\/h2>\n<p>Los objetivos de pulverizaci\u00f3n cat\u00f3dica de cromo circonio se suministran en cajas de doble bolsa de vac\u00edo con una caja exterior de cart\u00f3n.<\/p>\n<p>Los blancos de pulverizaci\u00f3n cat\u00f3dica de cromo circonio deben almacenarse en un ambiente seco y bien ventilado a una temperatura estable, evitando la humedad, el contacto con sustancias corrosivas y los impactos f\u00edsicos violentos, y evitando que su superficie se oxide o da\u00f1e para garantizar que su rendimiento no se vea afectado.<\/p>\n","protected":false},"excerpt":{"rendered":"<p>El objetivo de pulverizaci\u00f3n cat\u00f3dica de cromo circonio es un objetivo compuesto hecho de cromo y circonio con buena estabilidad t\u00e9rmica, resistencia a la corrosi\u00f3n y rendimiento de pulverizaci\u00f3n cat\u00f3dica, que se puede utilizar para depositar pel\u00edculas delgadas con propiedades f\u00edsicas y qu\u00edmicas especiales en una variedad de sustratos, y tiene una amplia gama de aplicaciones en los campos de electr\u00f3nica, \u00f3ptica y modificaci\u00f3n de superficies de materiales.<\/p>\n","protected":false},"featured_media":1001501,"comment_status":"open","ping_status":"closed","template":"","meta":{"_acf_changed":false},"product_brand":[],"product_cat":[178],"product_tag":[],"class_list":{"0":"post-1013854","1":"product","2":"type-product","3":"status-publish","4":"has-post-thumbnail","6":"product_cat-catodos-para-sputtering-planar","8":"first","9":"instock","10":"shipping-taxable","11":"product-type-variable"},"acf":[],"_links":{"self":[{"href":"https:\/\/vimaterial.de\/es\/wp-json\/wp\/v2\/product\/1013854","targetHints":{"allow":["GET"]}}],"collection":[{"href":"https:\/\/vimaterial.de\/es\/wp-json\/wp\/v2\/product"}],"about":[{"href":"https:\/\/vimaterial.de\/es\/wp-json\/wp\/v2\/types\/product"}],"replies":[{"embeddable":true,"href":"https:\/\/vimaterial.de\/es\/wp-json\/wp\/v2\/comments?post=1013854"}],"wp:featuredmedia":[{"embeddable":true,"href":"https:\/\/vimaterial.de\/es\/wp-json\/wp\/v2\/media\/1001501"}],"wp:attachment":[{"href":"https:\/\/vimaterial.de\/es\/wp-json\/wp\/v2\/media?parent=1013854"}],"wp:term":[{"taxonomy":"product_brand","embeddable":true,"href":"https:\/\/vimaterial.de\/es\/wp-json\/wp\/v2\/product_brand?post=1013854"},{"taxonomy":"product_cat","embeddable":true,"href":"https:\/\/vimaterial.de\/es\/wp-json\/wp\/v2\/product_cat?post=1013854"},{"taxonomy":"product_tag","embeddable":true,"href":"https:\/\/vimaterial.de\/es\/wp-json\/wp\/v2\/product_tag?post=1013854"}],"curies":[{"name":"wp","href":"https:\/\/api.w.org\/{rel}","templated":true}]}}