{"id":1013811,"date":"2024-06-17T14:36:25","date_gmt":"2024-06-17T06:36:25","guid":{"rendered":"https:\/\/vimaterial.de\/product\/manganeso-metalico-2\/"},"modified":"2025-04-17T13:45:15","modified_gmt":"2025-04-17T05:45:15","slug":"manganeso-metalico-2","status":"publish","type":"product","link":"https:\/\/vimaterial.de\/es\/product\/manganeso-metalico-2\/","title":{"rendered":"Metal de manganeso"},"content":{"rendered":"<p>Los gr\u00e1nulos met\u00e1licos de <span style=\"color: #0000ff;\"><a style=\"color: #0000ff;\" href=\"https:\/\/vimaterial.de\/en\/product\/manganese-metal-2\/\">manganeso<\/a><\/span> son un tipo de metal de manganeso en forma de gr\u00e1nulos, generalmente con apariencia de gris plateado, con alta actividad qu\u00edmica, juega un papel importante en la metalurgia, la fabricaci\u00f3n de bater\u00edas y muchos otros campos, y sus propiedades f\u00edsicas y qu\u00edmicas hacen que deba tener cuidado para evitar la oxidaci\u00f3n y otras condiciones durante el almacenamiento y el uso.<\/p>\n<p>VIMATERIAL suministra gr\u00e1nulos met\u00e1licos de manganeso. Nuestros gr\u00e1nulos tienen las caracter\u00edsticas distintivas de pureza ultra alta, uniformidad y finura del tama\u00f1o de part\u00edcula, y muestran una excelente estabilidad en entornos de alta temperatura. Nos hemos dedicado a la investigaci\u00f3n de materias primas qu\u00edmicas inorg\u00e1nicas durante muchos a\u00f1os, contamos con un equipo de profesionales con una rica experiencia, aceptamos personalizaci\u00f3n y experimentos, <span style=\"color: #0000ff;\"><a style=\"color: #0000ff;\" href=\"https:\/\/vimaterial.de\/es\/contacto\/\">cont\u00e1ctenos<\/a> <\/span>si lo necesita.  <\/p>\n<h2><span style=\"font-size: 14pt;\">Propiedades f\u00edsicas<\/span><\/h2>\n<p>F\u00f3rmula molecular: Mn<\/p>\n<p>Peso molecular: 54.938049<\/p>\n<p>Aspecto: generalmente part\u00edculas met\u00e1licas de color blanco gris\u00e1ceo, duras y quebradizas<\/p>\n<p>Densidad: 7,20 g\/cm\u00b3 (\u03b1, 20 \u00b0C)<\/p>\n<p>Punto de fusi\u00f3n: 1244 \u00b0C<\/p>\n<p>Punto de ebullici\u00f3n: 2095\u00b0C<\/p>\n<p>Estructura cristalina: sistema cristalino c\u00fabico o tetragonal<\/p>\n<h2><span style=\"font-size: 14pt;\">Aplicaci\u00f3n<\/span><\/h2>\n<p>Campo de la metalurgia del hierro y el acero: los gr\u00e1nulos met\u00e1licos de manganeso son un elemento de aleaci\u00f3n clave en la metalurgia del hierro y el acero, que se puede agregar al acero para mejorar la resistencia, la dureza, la resistencia al desgaste y la tenacidad del acero, mejorar efectivamente las propiedades mec\u00e1nicas del acero y se utiliza en la fabricaci\u00f3n de materiales estructurales arquitect\u00f3nicos, piezas mec\u00e1nicas, etc.<\/p>\n<p>Campo de metales no ferrosos: en aleaciones de metales no ferrosos, como la aleaci\u00f3n de aluminio y manganeso, la aleaci\u00f3n de magnesio y manganeso, estas part\u00edculas de metal de manganeso pueden mejorar la resistencia a la corrosi\u00f3n y el rendimiento a alta temperatura de la aleaci\u00f3n, por lo que es adecuada para piezas aeroespaciales y automotrices y otros campos con altos requisitos sobre el rendimiento de los materiales.<\/p>\n<p>Industria de bater\u00edas: En la fabricaci\u00f3n de bater\u00edas, los gr\u00e1nulos met\u00e1licos de manganeso se utilizan en la producci\u00f3n de bater\u00edas de \u00e1cido de litio y manganeso. Con su potencial redox adecuado, se pueden utilizar como materiales de electrodos para proporcionar un rendimiento electroqu\u00edmico estable, lo que es \u00fatil para aplicaciones de bater\u00edas en dispositivos electr\u00f3nicos m\u00f3viles y veh\u00edculos de nueva energ\u00eda. <\/p>\n<p>Industria qu\u00edmica: Utilizados como catalizadores o aditivos en la industria qu\u00edmica, los gr\u00e1nulos met\u00e1licos de manganeso est\u00e1n involucrados en una variedad de reacciones qu\u00edmicas, por ejemplo, en la s\u00edntesis org\u00e1nica, pueden promover la reacci\u00f3n de oxidaci\u00f3n, acelerar el proceso de reacci\u00f3n y mejorar el rendimiento de la reacci\u00f3n.<\/p>\n<h2><span style=\"font-size: 14pt;\">Control de calidad<\/span><\/h2>\n<p><span style=\"color: #0000ff;\"><a style=\"color: #0000ff;\" href=\"https:\/\/vimaterial.de\/es\/control-de-calidad\/\">Cada lote<\/a><\/span> de productos sigue estrictos principios de control de calidad, en general para garantizar que cada lote de materiales de la adquisici\u00f3n de materias primas, procesamiento, productos terminados fuera del almac\u00e9n tenga instrumentos avanzados, est\u00e1ndares de inspecci\u00f3n estrictos, registros de inspecci\u00f3n perfectos para garantizar el control de calidad del producto y la trazabilidad del producto, cada lote de productos est\u00e1 acompa\u00f1ado de MSDS, COA,  Informes TDS, PSD, XRD, etc., cada lote de productos se entregar\u00e1 al cliente para proporcionar muestras, tambi\u00e9n apoyar\u00e1 al cliente para solicitar organizaciones de inspecci\u00f3n de terceros. Proporcionaremos muestras a los clientes para cada lote de productos y tambi\u00e9n ayudaremos a los clientes a solicitar a las organizaciones de inspecci\u00f3n de terceros que inspeccionen los productos. <\/p>\n<h2><span style=\"font-size: 14pt;\">Embalaje y almacenamiento<\/span><\/h2>\n<p>Los gr\u00e1nulos de metal de manganeso se empaquetan en bolsas de vac\u00edo de doble capa o botellas de vac\u00edo de doble capa y luego se empaquetan en cajas de cart\u00f3n.<\/p>\n<p>Los gr\u00e1nulos met\u00e1licos de manganeso deben almacenarse en un ambiente seco, fresco y bien ventilado, evitando el contacto con agua, \u00e1cidos fuertes y oxidantes fuertes, y sellarse para evitar la oxidaci\u00f3n y la humedad, para garantizar la estabilidad de sus propiedades qu\u00edmicas.<\/p>\n","protected":false},"excerpt":{"rendered":"<p>Los gr\u00e1nulos met\u00e1licos de <span style=\"color: #0000ff;\"><a style=\"color: #0000ff;\" href=\"https:\/\/vimaterial.de\/en\/product\/manganese-metal-2\/\">manganeso<\/a><\/span> son un tipo de metal de manganeso en forma de gr\u00e1nulos, generalmente con apariencia de gris plateado, con alta actividad qu\u00edmica, juega un papel importante en la metalurgia, la fabricaci\u00f3n de bater\u00edas y muchos otros campos, y sus propiedades f\u00edsicas y qu\u00edmicas hacen que deba tener cuidado para evitar la oxidaci\u00f3n y otras condiciones durante el almacenamiento y el uso.<\/p>\n","protected":false},"featured_media":1001508,"comment_status":"open","ping_status":"closed","template":"","meta":{"_acf_changed":false},"product_brand":[],"product_cat":[179],"product_tag":[],"class_list":{"0":"post-1013811","1":"product","2":"type-product","3":"status-publish","4":"has-post-thumbnail","6":"product_cat-materiales-de-evaporacion","8":"first","9":"instock","10":"shipping-taxable","11":"purchasable","12":"product-type-variable"},"acf":[],"_links":{"self":[{"href":"https:\/\/vimaterial.de\/es\/wp-json\/wp\/v2\/product\/1013811","targetHints":{"allow":["GET"]}}],"collection":[{"href":"https:\/\/vimaterial.de\/es\/wp-json\/wp\/v2\/product"}],"about":[{"href":"https:\/\/vimaterial.de\/es\/wp-json\/wp\/v2\/types\/product"}],"replies":[{"embeddable":true,"href":"https:\/\/vimaterial.de\/es\/wp-json\/wp\/v2\/comments?post=1013811"}],"wp:featuredmedia":[{"embeddable":true,"href":"https:\/\/vimaterial.de\/es\/wp-json\/wp\/v2\/media\/1001508"}],"wp:attachment":[{"href":"https:\/\/vimaterial.de\/es\/wp-json\/wp\/v2\/media?parent=1013811"}],"wp:term":[{"taxonomy":"product_brand","embeddable":true,"href":"https:\/\/vimaterial.de\/es\/wp-json\/wp\/v2\/product_brand?post=1013811"},{"taxonomy":"product_cat","embeddable":true,"href":"https:\/\/vimaterial.de\/es\/wp-json\/wp\/v2\/product_cat?post=1013811"},{"taxonomy":"product_tag","embeddable":true,"href":"https:\/\/vimaterial.de\/es\/wp-json\/wp\/v2\/product_tag?post=1013811"}],"curies":[{"name":"wp","href":"https:\/\/api.w.org\/{rel}","templated":true}]}}