{"id":1013769,"date":"2024-06-17T14:36:26","date_gmt":"2024-06-17T06:36:26","guid":{"rendered":"https:\/\/vimaterial.de\/product\/manganeso-metalico\/"},"modified":"2025-04-17T13:38:10","modified_gmt":"2025-04-17T05:38:10","slug":"manganeso-metalico","status":"publish","type":"product","link":"https:\/\/vimaterial.de\/es\/product\/manganeso-metalico\/","title":{"rendered":"Metal de manganeso"},"content":{"rendered":"<p>El objetivo de pulverizaci\u00f3n cat\u00f3dica de <span style=\"color: #0000ff;\"><a style=\"color: #0000ff;\" href=\"https:\/\/vimaterial.de\/en\/product\/manganese-metal\/\">manganeso<\/a><\/span> es un tipo de material de pulverizaci\u00f3n cat\u00f3dica con metal de manganeso como componente principal, con alta pureza y generalmente un objetivo gris plateado en apariencia, puede depositar de manera eficiente una pel\u00edcula delgada de metal de manganeso con buena conductividad el\u00e9ctrica, propiedades magn\u00e9ticas y otras caracter\u00edsticas en el proceso de pulverizaci\u00f3n cat\u00f3dica, que se usa ampliamente en muchos campos, como la electr\u00f3nica,  materiales magn\u00e9ticos, etc.<\/p>\n<p>VIMATERIAL proporciona una variedad de pureza y tama\u00f1o de objetivos de pulverizaci\u00f3n cat\u00f3dica de manganeso, nuestros objetivos de pulverizaci\u00f3n cat\u00f3dica de manganeso tienen las ventajas de alta pureza, alta densidad, buena estabilidad t\u00e9rmica y pueden proporcionar un flujo at\u00f3mico estable y un espesor de pel\u00edcula uniforme durante el proceso de pulverizaci\u00f3n cat\u00f3dica. Tambi\u00e9n podemos proporcionar servicios de uni\u00f3n objetivo, contamos con un equipo profesional del R &amp; D, y podemos aceptar cualquier personalizaci\u00f3n y experimentos. Tenemos un equipo profesional del R&amp;D, aceptamos cualquier personalizaci\u00f3n del producto y experimentos, si usted necesita, por favor <span style=\"color: #0000ff;\"><a style=\"color: #0000ff;\" href=\"https:\/\/vimaterial.de\/es\/contacto\/\">p\u00f3ngase en contacto con <span style=\"color: #0000ff;\">nosotros<\/span><\/a>.<\/span>  <\/p>\n<h2><span style=\"font-size: 14pt;\">Propiedades f\u00edsicas<\/span><\/h2>\n<p>F\u00f3rmula molecular: Mn<\/p>\n<p>Peso molecular: 54.94<\/p>\n<p>Aspecto: blanco gris plateado<\/p>\n<p>Densidad: aprox. 7,20-7,40 g\/cm\u00b3.<\/p>\n<p>Punto de fusi\u00f3n: alrededor de 1244 \u00b0C<\/p>\n<p>Punto de ebullici\u00f3n: alrededor de 1962 \u00b0C<\/p>\n<p>Estructura cristalina: \u03b1-manganeso a temperatura ambiente, con estructura de celos\u00eda c\u00fabica centrada en el cuerpo<\/p>\n<h2><span style=\"font-size: 14pt;\">Aplicaciones<\/span><\/h2>\n<p>Electr\u00f3nica: Los objetivos de pulverizaci\u00f3n cat\u00f3dica de manganeso se utilizan para la preparaci\u00f3n de electrodos o interconexiones en dispositivos semiconductores, donde su buena conductividad el\u00e9ctrica permite una transmisi\u00f3n eficiente de la se\u00f1al y un funcionamiento estable de los componentes electr\u00f3nicos.<\/p>\n<p>En el campo de los materiales magn\u00e9ticos, los objetivos de pulverizaci\u00f3n cat\u00f3dica de manganeso se utilizan a menudo en la fabricaci\u00f3n de pel\u00edculas magn\u00e9ticas, que se basan en sus propiedades magn\u00e9ticas \u00fanicas para proporcionar funciones magn\u00e9ticas confiables para dispositivos de almacenamiento magn\u00e9tico y otros dispositivos para satisfacer las necesidades de almacenamiento de informaci\u00f3n y lectura y escritura.<\/p>\n<p>Campo \u00f3ptico: los objetivos de pulverizaci\u00f3n cat\u00f3dica de manganeso se pueden utilizar para regular las propiedades de reflexi\u00f3n y refracci\u00f3n de los elementos \u00f3pticos mediante el dep\u00f3sito de pel\u00edculas delgadas, mejorando efectivamente la calidad de la imagen y el efecto de propagaci\u00f3n de la luz de los instrumentos \u00f3pticos.<\/p>\n<p>Campo de fabricaci\u00f3n de autom\u00f3viles: el objetivo de pulverizaci\u00f3n cat\u00f3dica se puede aplicar al recubrimiento de sensores y otros componentes en sistemas electr\u00f3nicos de autom\u00f3viles para garantizar el funcionamiento estable de los sensores y, por lo tanto, mejorar el nivel general de control inteligente de los autom\u00f3viles.<\/p>\n<p>Campo biom\u00e9dico: Se puede utilizar para preparar pel\u00edculas funcionales para sensores biom\u00e9dicos, etc., y hacer uso de sus propiedades qu\u00edmicas y f\u00edsicas espec\u00edficas para lograr una detecci\u00f3n y an\u00e1lisis precisos de se\u00f1ales biol\u00f3gicas.<\/p>\n<h2><span style=\"font-size: 14pt;\">Control de calidad<\/span><\/h2>\n<p><span style=\"color: #0000ff;\"><a style=\"color: #0000ff;\" href=\"https:\/\/vimaterial.de\/es\/control-de-calidad\/\">VI HALBLEITERMATERIAL GmbH<\/a><\/span> est\u00e1 comprometida con un alto control de calidad y consistencia de lotes en apoyo de los objetivos generales de REACH a trav\u00e9s de la adopci\u00f3n de un riguroso sistema de garant\u00eda de calidad, un estricto control de calidad en todas las etapas de la cadena de producci\u00f3n, el cumplimiento del principio de reelaboraci\u00f3n y reelaboraci\u00f3n de productos defectuosos, pruebas y liberaci\u00f3n de lotes de acuerdo con especificaciones detalladas,  cumplimiento de los m\u00e1s altos est\u00e1ndares en todas las \u00e1reas, manejo de problemas de acuerdo con el 8D el cumplimiento de REACH y el cumplimiento de las normas relacionadas.<\/p>\n<p>Nos comprometemos a lograr un alto control de calidad y coherencia de los lotes en apoyo de los objetivos generales de REACH, as\u00ed como a mantener la documentaci\u00f3n y la trazabilidad de los lotes para crear una cadena de suministro socialmente responsable que garantice la entrega de productos y servicios de alta calidad.<\/p>\n<h2><span style=\"font-size: 14pt;\">Embalaje y almacenamiento<\/span><\/h2>\n<p>Los objetivos de pulverizaci\u00f3n cat\u00f3dica de manganeso se empaquetan en bolsas de vac\u00edo dobles y luego se empaquetan en cajas de cart\u00f3n.<\/p>\n<p>Los objetivos de pulverizaci\u00f3n cat\u00f3dica de manganeso deben almacenarse en un ambiente seco, fresco y bien ventilado, evitando la humedad, el contacto con agentes oxidantes fuertes y evitando el impacto f\u00edsico y la interferencia del campo magn\u00e9tico para mantener estables sus propiedades f\u00edsicas y qu\u00edmicas.<\/p>\n","protected":false},"excerpt":{"rendered":"<p>El objetivo de pulverizaci\u00f3n cat\u00f3dica de manganeso es un tipo de material de pulverizaci\u00f3n cat\u00f3dica con metal de manganeso como componente principal, con alta pureza y generalmente un objetivo gris plateado en apariencia, puede depositar de manera eficiente una pel\u00edcula delgada de metal de manganeso con buena conductividad el\u00e9ctrica, propiedades magn\u00e9ticas y otras caracter\u00edsticas en [&hellip;]<\/p>\n","protected":false},"featured_media":1001527,"comment_status":"open","ping_status":"closed","template":"","meta":{"_acf_changed":false},"product_brand":[],"product_cat":[178],"product_tag":[],"class_list":{"0":"post-1013769","1":"product","2":"type-product","3":"status-publish","4":"has-post-thumbnail","6":"product_cat-catodos-para-sputtering-planar","8":"first","9":"instock","10":"shipping-taxable","11":"purchasable","12":"product-type-variable"},"acf":[],"_links":{"self":[{"href":"https:\/\/vimaterial.de\/es\/wp-json\/wp\/v2\/product\/1013769","targetHints":{"allow":["GET"]}}],"collection":[{"href":"https:\/\/vimaterial.de\/es\/wp-json\/wp\/v2\/product"}],"about":[{"href":"https:\/\/vimaterial.de\/es\/wp-json\/wp\/v2\/types\/product"}],"replies":[{"embeddable":true,"href":"https:\/\/vimaterial.de\/es\/wp-json\/wp\/v2\/comments?post=1013769"}],"wp:featuredmedia":[{"embeddable":true,"href":"https:\/\/vimaterial.de\/es\/wp-json\/wp\/v2\/media\/1001527"}],"wp:attachment":[{"href":"https:\/\/vimaterial.de\/es\/wp-json\/wp\/v2\/media?parent=1013769"}],"wp:term":[{"taxonomy":"product_brand","embeddable":true,"href":"https:\/\/vimaterial.de\/es\/wp-json\/wp\/v2\/product_brand?post=1013769"},{"taxonomy":"product_cat","embeddable":true,"href":"https:\/\/vimaterial.de\/es\/wp-json\/wp\/v2\/product_cat?post=1013769"},{"taxonomy":"product_tag","embeddable":true,"href":"https:\/\/vimaterial.de\/es\/wp-json\/wp\/v2\/product_tag?post=1013769"}],"curies":[{"name":"wp","href":"https:\/\/api.w.org\/{rel}","templated":true}]}}