{"id":1013757,"date":"2024-06-17T14:36:28","date_gmt":"2024-06-17T06:36:28","guid":{"rendered":"https:\/\/vimaterial.de\/product\/oxido-de-manganeso-8\/"},"modified":"2025-04-17T13:35:00","modified_gmt":"2025-04-17T05:35:00","slug":"oxido-de-manganeso-8","status":"publish","type":"product","link":"https:\/\/vimaterial.de\/es\/product\/oxido-de-manganeso-8\/","title":{"rendered":"\u00d3xido de manganeso"},"content":{"rendered":"<p>El polvo de \u00f3xido de manganeso es un polvo de \u00f3xido met\u00e1lico negro o pardusco, el componente principal es el tri\u00f3xido de manganeso, insoluble en agua, con cierto grado de propiedades oxidativas, en cat\u00e1lisis, materiales magn\u00e9ticos, pigmentos y muchas otras \u00e1reas de aplicaciones potenciales.<\/p>\n<p>VIMATERIAL ofrece una amplia gama de \u00d3xido de Manganeso. Nuestros polvos tienen alta pureza, tama\u00f1o de part\u00edcula uniforme, buena actividad qu\u00edmica y alta estabilidad. Nos hemos dedicado a las materias primas de metal inorg\u00e1nico durante muchos a\u00f1os, con un equipo profesional de investigaci\u00f3n y desarrollo de tecnolog\u00eda, aceptamos la personalizaci\u00f3n del producto y los experimentos, <span style=\"color: #0000ff;\"><a style=\"color: #0000ff;\" href=\"https:\/\/vimaterial.de\/en\/contact-us\/\">cont\u00e1ctenos<\/a><\/span> si lo necesita.  <\/p>\n<h2><span style=\"font-size: 14pt;\">Propiedades f\u00edsicas<\/span><\/h2>\n<p>F\u00f3rmula molecular: Mn\u2082O\u2083<\/p>\n<p>Peso molecular: alrededor de 157.87<\/p>\n<p>Aspecto: polvo negro o marr\u00f3n<\/p>\n<p>Densidad: 4,50 g\/cm\u00b3<\/p>\n<p>Punto de fusi\u00f3n: 1080 \u00b0C (descomposici\u00f3n)<\/p>\n<p>Estructura cristalina: Sistema de cristal c\u00fabico<\/p>\n<h2><span style=\"font-size: 14pt;\">Aplicaciones<\/span><\/h2>\n<p>Campo de la bater\u00eda: como materia prima para la s\u00edntesis de materiales de electrodos para bater\u00edas de iones de litio, ayuda a mejorar la densidad de energ\u00eda y el rendimiento del ciclo de las bater\u00edas, y su nanoestructura puede acortar la ruta de difusi\u00f3n de iones de litio y acelerar la velocidad de carga y descarga.<\/p>\n<p>Cat\u00e1lisis: Puede catalizar la descomposici\u00f3n de gases nocivos como \u00f3xidos de nitr\u00f3geno y compuestos org\u00e1nicos vol\u00e1tiles, y promover la degradaci\u00f3n de contaminantes org\u00e1nicos. Tambi\u00e9n se puede utilizar como oxidante de alta eficiencia en la s\u00edntesis org\u00e1nica para promover la conversi\u00f3n de alcoholes en aldeh\u00eddos y cetonas. <\/p>\n<p>Campo de material magn\u00e9tico: se puede utilizar como precursor de material magn\u00e9tico blando, proporcionando una base importante para la preparaci\u00f3n de material magn\u00e9tico con un excelente rendimiento.<br \/>\nCampo de impresi\u00f3n y te\u00f1ido textil: se utiliza en el proceso de impresi\u00f3n y te\u00f1ido de telas, que pueden agregar color y brillo.<\/p>\n<p>Componentes electr\u00f3nicos: Se puede utilizar en la preparaci\u00f3n de componentes sensibles a la presi\u00f3n y termistores para mejorar el rendimiento y la estabilidad de los productos electr\u00f3nicos.<\/p>\n<p>Industria qu\u00edmica: Es el producto intermedio y el componente principal de los compuestos de manganeso, y se puede utilizar en la producci\u00f3n de otros compuestos de manganeso.<\/p>\n<h2><span style=\"font-size: 14pt;\">Control de calidad<\/span><\/h2>\n<p><span style=\"color: #0000ff;\"><a style=\"color: #0000ff;\" href=\"https:\/\/vimaterial.de\/en\/quality-control\/\">VI HALBLEITERMATERIAL GmbH<\/a> <\/span>est\u00e1 comprometida con un alto control de calidad y consistencia de lotes a trav\u00e9s de un riguroso sistema de garant\u00eda de calidad, un estricto control de calidad en todas las etapas de la cadena de producci\u00f3n, el cumplimiento del principio de reelaboraci\u00f3n y reelaboraci\u00f3n de productos defectuosos, pruebas de lotes y liberaci\u00f3n de acuerdo con especificaciones detalladas, cumplimiento de los m\u00e1s altos est\u00e1ndares en todos los aspectos,  documentaci\u00f3n y trazabilidad de lotes para garantizar que entregamos productos y servicios de alta calidad.<\/p>\n<h2><span style=\"font-size: 14pt;\">Embalaje y almacenamiento<\/span><\/h2>\n<p>El polvo de \u00f3xido de manganeso se envasa en una bolsa de vac\u00edo doble o en una botella de vac\u00edo doble con cart\u00f3n exterior.<\/p>\n<p>El polvo de \u00f3xido de manganeso debe almacenarse en un lugar seco, fresco y bien ventilado, sellado, protegido de la humedad y alejado de fuentes de ignici\u00f3n y agentes oxidantes y reductores fuertes, para evitar reacciones qu\u00edmicas debidas al contacto con estas sustancias.<\/p>\n","protected":false},"excerpt":{"rendered":"<p>El polvo de \u00f3xido de manganeso es un polvo de \u00f3xido met\u00e1lico negro o pardusco, el componente principal es el tri\u00f3xido de manganeso, insoluble en agua, con cierto grado de propiedades oxidativas, en cat\u00e1lisis, materiales magn\u00e9ticos, pigmentos y muchas otras \u00e1reas de aplicaciones potenciales.<\/p>\n","protected":false},"featured_media":1001549,"comment_status":"open","ping_status":"closed","template":"","meta":{"_acf_changed":false},"product_brand":[],"product_cat":[186],"product_tag":[],"class_list":{"0":"post-1013757","1":"product","2":"type-product","3":"status-publish","4":"has-post-thumbnail","6":"product_cat-materiales-de-oxido-hidroxido","8":"first","9":"instock","10":"shipping-taxable","11":"purchasable","12":"product-type-variable"},"acf":[],"_links":{"self":[{"href":"https:\/\/vimaterial.de\/es\/wp-json\/wp\/v2\/product\/1013757","targetHints":{"allow":["GET"]}}],"collection":[{"href":"https:\/\/vimaterial.de\/es\/wp-json\/wp\/v2\/product"}],"about":[{"href":"https:\/\/vimaterial.de\/es\/wp-json\/wp\/v2\/types\/product"}],"replies":[{"embeddable":true,"href":"https:\/\/vimaterial.de\/es\/wp-json\/wp\/v2\/comments?post=1013757"}],"wp:featuredmedia":[{"embeddable":true,"href":"https:\/\/vimaterial.de\/es\/wp-json\/wp\/v2\/media\/1001549"}],"wp:attachment":[{"href":"https:\/\/vimaterial.de\/es\/wp-json\/wp\/v2\/media?parent=1013757"}],"wp:term":[{"taxonomy":"product_brand","embeddable":true,"href":"https:\/\/vimaterial.de\/es\/wp-json\/wp\/v2\/product_brand?post=1013757"},{"taxonomy":"product_cat","embeddable":true,"href":"https:\/\/vimaterial.de\/es\/wp-json\/wp\/v2\/product_cat?post=1013757"},{"taxonomy":"product_tag","embeddable":true,"href":"https:\/\/vimaterial.de\/es\/wp-json\/wp\/v2\/product_tag?post=1013757"}],"curies":[{"name":"wp","href":"https:\/\/api.w.org\/{rel}","templated":true}]}}