{"id":1013728,"date":"2024-06-17T14:36:32","date_gmt":"2024-06-17T06:36:32","guid":{"rendered":"https:\/\/vimaterial.de\/product\/boruro-de-manganeso-2\/"},"modified":"2025-04-17T13:25:55","modified_gmt":"2025-04-17T05:25:55","slug":"boruro-de-manganeso-2","status":"publish","type":"product","link":"https:\/\/vimaterial.de\/es\/product\/boruro-de-manganeso-2\/","title":{"rendered":"Borida de manganeso"},"content":{"rendered":"<p>El polvo de <span style=\"color: #0000ff;\"><a style=\"color: #0000ff;\" href=\"https:\/\/vimaterial.de\/en\/product\/manganese-oxide-6\/\">boruro de manganeso<\/a> <\/span>es un polvo de compuesto inorg\u00e1nico gris, insoluble en agua, que se usa ampliamente en la industria nuclear, materiales aeroespaciales de alta temperatura y nuevos materiales superconductores.<\/p>\n<p>VIMATERIAL suministra polvo de boruro de manganeso, nuestra empresa produce part\u00edculas de \u00f3xido de manganeso con alta pureza, tama\u00f1o de part\u00edcula uniforme y tama\u00f1o de part\u00edcula personalizable, contamos con un equipo profesional de investigaci\u00f3n y desarrollo t\u00e9cnico, todos los productos se pueden personalizar y experimentar, si lo necesita, <span style=\"color: #0000ff;\"><a style=\"color: #0000ff;\" href=\"https:\/\/vimaterial.de\/en\/contact-us\/\">cont\u00e1ctenos.<\/a><\/span><\/p>\n<h2><span style=\"font-size: 14pt;\">Propiedades f\u00edsicas<\/span><\/h2>\n<p>F\u00f3rmula molecular: MnB<\/p>\n<p>Peso molecular: 65.75<\/p>\n<p>Aspecto: polvo gris<\/p>\n<p>Densidad: 2.57<\/p>\n<p>Punto de fusi\u00f3n: 1890 \u00b0C<\/p>\n<h2><span style=\"font-size: 14pt;\">Aplicaciones<\/span><\/h2>\n<p>Materiales electr\u00f3nicos: Los polvos de MnB se usan com\u00fanmente en la fabricaci\u00f3n de chips electr\u00f3nicos de alto rendimiento debido a sus propiedades semiconductoras, lo que ayuda a mejorar la velocidad de c\u00e1lculo y la estabilidad de los productos electr\u00f3nicos.<\/p>\n<p>Metalurgia: Como aditivo de aleaci\u00f3n, los polvos de MnB pueden fortalecer las propiedades del acero y hacer que el acero del motor automotriz sea m\u00e1s resistente al desgaste, a la fatiga y prolongar su vida \u00fatil.<\/p>\n<p>Industria qu\u00edmica: Los polvos de MnB act\u00faan como catalizadores eficientes en las reacciones de s\u00edntesis qu\u00edmica, acelerando el proceso de reacci\u00f3n, reduciendo los costos de producci\u00f3n y mejorando la eficiencia del producto.<\/p>\n<p>Materiales estructurales de alta temperatura: Gracias a su alto punto de fusi\u00f3n y su excelente estabilidad a altas temperaturas, los polvos de MnB se utilizan en recubrimientos de barrera t\u00e9rmica para motores aeron\u00e1uticos para garantizar que los componentes funcionen correctamente a temperaturas extremas.<\/p>\n<p>En el campo de los materiales resistentes al desgaste, los polvos de MnB se utilizan para fabricar bolas de molienda industriales, que son resistentes al desgaste y a la abrasi\u00f3n en el proceso de trituraci\u00f3n de mineral, lo que mejora en gran medida la eficiencia de la molienda.<\/p>\n<h2><span style=\"font-size: 14pt;\">Control de calidad<\/span><\/h2>\n<p><span style=\"color: #0000ff;\"><a style=\"color: #0000ff;\" href=\"https:\/\/vimaterial.de\/en\/quality-control\/\">Se adopta un estricto sistema de garant\u00eda de calidad<\/a> <\/span>para cada lote para garantizar la confiabilidad de la calidad del producto. Se implementa un estricto control de calidad en toda la cadena de producci\u00f3n y aplicamos estrictamente el principio de reelaboraci\u00f3n y reelaboraci\u00f3n de productos defectuosos. Nuestros productos cumplen con todos los est\u00e1ndares ASTM y espec\u00edficos de la industria.  <\/p>\n<h2><span style=\"font-size: 14pt;\">Embalaje y almacenamiento<\/span><\/h2>\n<p>El polvo de boruro de manganeso se envasa en botellas de doble vac\u00edo en bolsas de vac\u00edo exteriores y luego en cajas de cart\u00f3n.<\/p>\n<p>Los polvos de boruro de manganeso deben almacenarse en un ambiente seco, fresco y bien ventilado para evitar la humedad y el contacto con sustancias oxidantes, y en envases sellados para evitar el deterioro por dispersi\u00f3n y absorci\u00f3n de humedad e impurezas en el aire.<\/p>\n","protected":false},"excerpt":{"rendered":"<p>El polvo de <span style=\"color: #0000ff;\"><a style=\"color: #0000ff;\" href=\"https:\/\/vimaterial.de\/en\/product\/manganese-oxide-6\/\">boruro de manganeso<\/a> <\/span>es un polvo de compuesto inorg\u00e1nico gris, insoluble en agua, que se usa ampliamente en la industria nuclear, materiales aeroespaciales de alta temperatura y nuevos materiales superconductores.<\/p>\n","protected":false},"featured_media":1001575,"comment_status":"open","ping_status":"closed","template":"","meta":{"_acf_changed":false},"product_brand":[],"product_cat":[183],"product_tag":[],"class_list":{"0":"post-1013728","1":"product","2":"type-product","3":"status-publish","4":"has-post-thumbnail","6":"product_cat-c-n-b-si-materiales","8":"first","9":"instock","10":"shipping-taxable","11":"product-type-variable"},"acf":[],"_links":{"self":[{"href":"https:\/\/vimaterial.de\/es\/wp-json\/wp\/v2\/product\/1013728","targetHints":{"allow":["GET"]}}],"collection":[{"href":"https:\/\/vimaterial.de\/es\/wp-json\/wp\/v2\/product"}],"about":[{"href":"https:\/\/vimaterial.de\/es\/wp-json\/wp\/v2\/types\/product"}],"replies":[{"embeddable":true,"href":"https:\/\/vimaterial.de\/es\/wp-json\/wp\/v2\/comments?post=1013728"}],"wp:featuredmedia":[{"embeddable":true,"href":"https:\/\/vimaterial.de\/es\/wp-json\/wp\/v2\/media\/1001575"}],"wp:attachment":[{"href":"https:\/\/vimaterial.de\/es\/wp-json\/wp\/v2\/media?parent=1013728"}],"wp:term":[{"taxonomy":"product_brand","embeddable":true,"href":"https:\/\/vimaterial.de\/es\/wp-json\/wp\/v2\/product_brand?post=1013728"},{"taxonomy":"product_cat","embeddable":true,"href":"https:\/\/vimaterial.de\/es\/wp-json\/wp\/v2\/product_cat?post=1013728"},{"taxonomy":"product_tag","embeddable":true,"href":"https:\/\/vimaterial.de\/es\/wp-json\/wp\/v2\/product_tag?post=1013728"}],"curies":[{"name":"wp","href":"https:\/\/api.w.org\/{rel}","templated":true}]}}