{"id":1013725,"date":"2024-06-17T14:36:32","date_gmt":"2024-06-17T06:36:32","guid":{"rendered":"https:\/\/vimaterial.de\/product\/oxido-de-manganeso-7\/"},"modified":"2025-04-17T13:27:50","modified_gmt":"2025-04-17T05:27:50","slug":"oxido-de-manganeso-7","status":"publish","type":"product","link":"https:\/\/vimaterial.de\/es\/product\/oxido-de-manganeso-7\/","title":{"rendered":"\u00d3xido de manganeso"},"content":{"rendered":"<p>El polvo de \u00f3xido de manganeso es un polvo s\u00f3lido de color negro o marr\u00f3n oscuro con estructura cristalina tipo espinela, es qu\u00edmicamente estable y ampliamente utilizado en materiales magn\u00e9ticos, materiales de electrodos y catalizadores.<\/p>\n<p>VIMATERIAL suministra polvo de \u00f3xido de manganeso, nuestra empresa produce polvo de \u00f3xido de manganeso con alta pureza, tama\u00f1o de part\u00edcula uniforme y tama\u00f1o de part\u00edcula personalizado, contamos con un equipo profesional de investigaci\u00f3n y desarrollo t\u00e9cnico, todos los productos se pueden personalizar y experimentar,<a href=\"https:\/\/vimaterial.de\/en\/contact-us\/\"><span style=\"color: #0000ff;\"> cont\u00e1ctenos<\/span><\/a> si lo necesita.<\/p>\n<h2><span style=\"font-size: 14pt;\">Propiedades f\u00edsicas<\/span><\/h2>\n<p>F\u00f3rmula molecular: Mn\u2083O\u2084<\/p>\n<p>Peso molecular: 228.81<\/p>\n<p>Aspecto: generalmente polvo rojo parduzco o negro parduzco<\/p>\n<p>Densidad: aprox. 4.718 &#8211; 4.86 g\/cm\u00b3.<\/p>\n<p>Punto de fusi\u00f3n: 1560\u00b0C &#8211; 1705\u00b0C<\/p>\n<p>Estructura cristalina: Por debajo de 1443K, es una estructura de espinela tetragonal retorcida; por encima de 1443K, se transforma en estructura de espinela c\u00fabica. El cristal es una red c\u00fabica rombo\u00e9drica de tipo espinela oblicua, a = 0,575 nm, c = 0,942 nm, y la unidad de red es Mn\u2084Mn\u2088O\u2081\u2086. <\/p>\n<h2><span style=\"font-size: 14pt;\">Aplicaciones<\/span><\/h2>\n<p>Campo de material magn\u00e9tico: el polvo de Mn\u2083O\u2084 se puede utilizar para preparar materiales magn\u00e9ticos de alto rendimiento, como imanes permanentes y materiales magn\u00e9ticos blandos, que pueden proporcionar un magnetismo estable y aplicarse a transformadores, inductores, etc. en equipos electr\u00f3nicos para lograr una conversi\u00f3n de alta eficiencia de energ\u00eda el\u00e9ctrica y transmisi\u00f3n de se\u00f1ales.<\/p>\n<p>Campo de los materiales de las bater\u00edas: En los sistemas de almacenamiento de energ\u00eda electroqu\u00edmica, como las bater\u00edas de iones de litio, el polvo de Mn\u2083O\u2084 puede utilizarse como material de electrodo, utilizando sus propiedades redox especiales, lo que ayuda a mejorar la capacidad de carga y descarga y la estabilidad de los ciclos de las bater\u00edas, y proporciona una fuente de energ\u00eda fiable para dispositivos electr\u00f3nicos m\u00f3viles y veh\u00edculos el\u00e9ctricos, etc.<\/p>\n<p>Campo catal\u00edtico: En muchas reacciones qu\u00edmicas, el polvo de Mn\u2083O\u2084 act\u00faa como catalizador, por ejemplo, en la reacci\u00f3n de s\u00edntesis org\u00e1nica o en el proceso de tratamiento de gases residuales, puede reducir la energ\u00eda de activaci\u00f3n de la reacci\u00f3n, acelerar el proceso de reacci\u00f3n, eliminar eficazmente las sustancias nocivas de los gases residuales o promover la s\u00edntesis de compuestos org\u00e1nicos.<\/p>\n<p>Cer\u00e1mica: La adici\u00f3n de polvo de Mn\u2083O\u2084 a las materias primas cer\u00e1micas puede mejorar el color, la dureza y las propiedades mec\u00e1nicas de la cer\u00e1mica, que se puede utilizar para fabricar cer\u00e1micas coloreadas, cer\u00e1micas arquitect\u00f3nicas y cer\u00e1micas industriales, etc., con el fin de hacerlas desempe\u00f1ar un mayor protagonismo en la decoraci\u00f3n y las aplicaciones industriales.<\/p>\n<h2><span style=\"font-size: 14pt;\">Control de calidad<\/span><\/h2>\n<p><span style=\"color: #0000ff;\"><a style=\"color: #0000ff;\" href=\"https:\/\/vimaterial.de\/en\/quality-control\/\">Se adopta un estricto sistema de garant\u00eda de calidad<\/a> <\/span>para cada lote para garantizar la confiabilidad de la calidad del producto. Se implementa un estricto control de calidad en toda la cadena de producci\u00f3n y aplicamos estrictamente el principio de reelaboraci\u00f3n y reelaboraci\u00f3n de productos defectuosos. Nuestros productos cumplen con todos los est\u00e1ndares ASTM y espec\u00edficos de la industria.  <\/p>\n<h2><span style=\"font-size: 14pt;\">Embalaje y almacenamiento<\/span><\/h2>\n<p>Los polvos de \u00f3xido de manganeso se envasan en botellas de doble vac\u00edo en bolsas de vac\u00edo exteriores y luego en cajas de cart\u00f3n.<\/p>\n<p>Los polvos de \u00f3xido de manganeso deben almacenarse en un ambiente seco, bien ventilado y fresco, sellados para evitar la absorci\u00f3n de humedad e impurezas en el aire, y lejos de fuentes de ignici\u00f3n, calor y agentes oxidantes y reductores fuertes para evitar el deterioro debido a reacciones qu\u00edmicas.<\/p>\n","protected":false},"excerpt":{"rendered":"<p>El polvo de \u00f3xido de manganeso es un polvo s\u00f3lido de color negro o marr\u00f3n oscuro con estructura cristalina tipo espinela, es qu\u00edmicamente estable y ampliamente utilizado en materiales magn\u00e9ticos, materiales de electrodos y catalizadores.<\/p>\n","protected":false},"featured_media":1001567,"comment_status":"open","ping_status":"closed","template":"","meta":{"_acf_changed":false},"product_brand":[],"product_cat":[186],"product_tag":[],"class_list":{"0":"post-1013725","1":"product","2":"type-product","3":"status-publish","4":"has-post-thumbnail","6":"product_cat-materiales-de-oxido-hidroxido","8":"first","9":"instock","10":"shipping-taxable","11":"product-type-variable"},"acf":[],"_links":{"self":[{"href":"https:\/\/vimaterial.de\/es\/wp-json\/wp\/v2\/product\/1013725","targetHints":{"allow":["GET"]}}],"collection":[{"href":"https:\/\/vimaterial.de\/es\/wp-json\/wp\/v2\/product"}],"about":[{"href":"https:\/\/vimaterial.de\/es\/wp-json\/wp\/v2\/types\/product"}],"replies":[{"embeddable":true,"href":"https:\/\/vimaterial.de\/es\/wp-json\/wp\/v2\/comments?post=1013725"}],"wp:featuredmedia":[{"embeddable":true,"href":"https:\/\/vimaterial.de\/es\/wp-json\/wp\/v2\/media\/1001567"}],"wp:attachment":[{"href":"https:\/\/vimaterial.de\/es\/wp-json\/wp\/v2\/media?parent=1013725"}],"wp:term":[{"taxonomy":"product_brand","embeddable":true,"href":"https:\/\/vimaterial.de\/es\/wp-json\/wp\/v2\/product_brand?post=1013725"},{"taxonomy":"product_cat","embeddable":true,"href":"https:\/\/vimaterial.de\/es\/wp-json\/wp\/v2\/product_cat?post=1013725"},{"taxonomy":"product_tag","embeddable":true,"href":"https:\/\/vimaterial.de\/es\/wp-json\/wp\/v2\/product_tag?post=1013725"}],"curies":[{"name":"wp","href":"https:\/\/api.w.org\/{rel}","templated":true}]}}