{"id":1013710,"date":"2024-06-17T14:36:32","date_gmt":"2024-06-17T06:36:32","guid":{"rendered":"https:\/\/vimaterial.de\/product\/boruro-de-manganeso\/"},"modified":"2025-04-17T13:23:37","modified_gmt":"2025-04-17T05:23:37","slug":"boruro-de-manganeso","status":"publish","type":"product","link":"https:\/\/vimaterial.de\/es\/product\/boruro-de-manganeso\/","title":{"rendered":"Borida de manganeso"},"content":{"rendered":"<p>El polvo de <span style=\"color: #0000ff;\"><a style=\"color: #0000ff;\" href=\"https:\/\/vimaterial.de\/en\/product\/manganese-boride\/\">boruro de manganeso<\/a><\/span> es un tipo de polvo compuesto de boruro de manganeso, generalmente de apariencia negra o gris-negra, con alta dureza y punto de fusi\u00f3n, qu\u00edmicamente estable, y su estructura cristalina pertenece al sistema de cristal hexagonal, que es potencialmente aplicable en los campos de materiales resistentes al desgaste, materiales cer\u00e1micos, materiales superconductores, etc.<\/p>\n<p>VIMATERIAL ofrece polvo de boruro de manganeso con alta pureza, tama\u00f1o de part\u00edcula uniforme, buena actividad qu\u00edmica y alta estabilidad. Nos hemos dedicado a las materias primas qu\u00edmicas inorg\u00e1nicas durante muchos a\u00f1os, con un equipo profesional de investigaci\u00f3n y desarrollo t\u00e9cnico, aceptamos la personalizaci\u00f3n del producto y experimentamos, <span style=\"color: #0000ff;\"><a style=\"color: #0000ff;\" href=\"https:\/\/vimaterial.de\/en\/contact-us\/\">cont\u00e1ctenos<\/a><\/span> si lo necesita. <\/p>\n<h2><span style=\"font-size: 14pt;\">Propiedades f\u00edsicas<\/span><\/h2>\n<p>F\u00f3rmula molecular: MnB\u2082<\/p>\n<p>Peso molecular: 74.56<\/p>\n<p>Aspecto: polvo negro o gris oscuro<\/p>\n<p>Estructura cristalina: Sistema cristalino hexagonal Sistema cristalino hexagonal<\/p>\n<h2><span style=\"font-size: 14pt;\">Aplicaci\u00f3n<\/span><\/h2>\n<p>Materiales electr\u00f3nicos: Se pueden utilizar para fabricar componentes electr\u00f3nicos con propiedades especiales, como el material sensible de algunos sensores, utilizando sus propiedades f\u00edsicas \u00fanicas para detectar cambios en cantidades f\u00edsicas espec\u00edficas y convertirlos en se\u00f1ales el\u00e9ctricas.<\/p>\n<p>Aditivos de aleaci\u00f3n especiales: agregados a la aleaci\u00f3n pueden mejorar la dureza de la aleaci\u00f3n, la resistencia al desgaste y la resistencia a altas temperaturas, como en el acero de alta velocidad que se pueden agregar para mejorar su rendimiento de corte y vida \u00fatil.<\/p>\n<p>En el campo de la industria nuclear: Debido a su capacidad de absorci\u00f3n de neutrones, se puede utilizar como material absorbente de neutrones en reactores nucleares para ayudar a controlar la velocidad de la reacci\u00f3n nuclear.<\/p>\n<p>En el campo de la superconductividad: Exhibe propiedades superconductoras en condiciones espec\u00edficas, lo que proporciona una nueva opci\u00f3n para la investigaci\u00f3n y el desarrollo de materiales superconductores, y se espera que se aplique a la transmisi\u00f3n de alta energ\u00eda y a los imanes superconductores.<\/p>\n<h2><span style=\"font-size: 14pt;\">Control de calidad<\/span><\/h2>\n<p><span style=\"color: #0000ff;\"><a style=\"color: #0000ff;\" href=\"https:\/\/vimaterial.de\/en\/quality-control\/\">VI HALBLEITERMATERIAL GmbH<\/a><\/span> est\u00e1 comprometida con un alto control de calidad y consistencia de lotes a trav\u00e9s de un riguroso sistema de garant\u00eda de calidad, un estricto control de calidad en todas las etapas de la cadena de producci\u00f3n, el cumplimiento del principio de reelaboraci\u00f3n y reelaboraci\u00f3n de productos defectuosos, pruebas de lotes y liberaci\u00f3n de acuerdo con especificaciones detalladas, cumplimiento de los m\u00e1s altos est\u00e1ndares en todos los aspectos,  documentaci\u00f3n y trazabilidad de lotes para garantizar que entregamos productos y servicios de alta calidad.<\/p>\n<h2><span style=\"font-size: 14pt;\">Embalaje y almacenamiento<\/span><\/h2>\n<p>Los polvos de boruro de manganeso se envasan en bolsas de vac\u00edo dobles o botellas de vac\u00edo dobles en cajas de cart\u00f3n exteriores.<\/p>\n<p>Los polvos de boruro de manganeso deben almacenarse en un ambiente seco, fresco y bien ventilado, sellados, evitando el contacto con agua, \u00e1cidos fuertes y otras sustancias que puedan tener reacciones qu\u00edmicas, y el polvo de boruro de manganeso debe almacenarse en un ambiente seco, fresco y bien ventilado, sellado, evitando el contacto con agua, \u00e1cidos fuertes y otras sustancias que puedan tener reacciones qu\u00edmicas, y evitando la humedad y la oxidaci\u00f3n.<\/p>\n","protected":false},"excerpt":{"rendered":"<p>El polvo de <span style=\"color: #0000ff;\"><a style=\"color: #0000ff;\" href=\"https:\/\/vimaterial.de\/en\/product\/manganese-boride\/\">boruro de manganeso<\/a><\/span> es un tipo de polvo compuesto de boruro de manganeso, generalmente de apariencia negra o gris-negra, con alta dureza y punto de fusi\u00f3n, qu\u00edmicamente estable, y su estructura cristalina pertenece al sistema de cristal hexagonal, que es potencialmente aplicable en los campos de materiales resistentes al desgaste, materiales cer\u00e1micos, materiales superconductores, etc.<\/p>\n","protected":false},"featured_media":1001542,"comment_status":"open","ping_status":"closed","template":"","meta":{"_acf_changed":false},"product_brand":[],"product_cat":[183],"product_tag":[],"class_list":{"0":"post-1013710","1":"product","2":"type-product","3":"status-publish","4":"has-post-thumbnail","6":"product_cat-c-n-b-si-materiales","8":"first","9":"instock","10":"shipping-taxable","11":"product-type-variable"},"acf":[],"_links":{"self":[{"href":"https:\/\/vimaterial.de\/es\/wp-json\/wp\/v2\/product\/1013710","targetHints":{"allow":["GET"]}}],"collection":[{"href":"https:\/\/vimaterial.de\/es\/wp-json\/wp\/v2\/product"}],"about":[{"href":"https:\/\/vimaterial.de\/es\/wp-json\/wp\/v2\/types\/product"}],"replies":[{"embeddable":true,"href":"https:\/\/vimaterial.de\/es\/wp-json\/wp\/v2\/comments?post=1013710"}],"wp:featuredmedia":[{"embeddable":true,"href":"https:\/\/vimaterial.de\/es\/wp-json\/wp\/v2\/media\/1001542"}],"wp:attachment":[{"href":"https:\/\/vimaterial.de\/es\/wp-json\/wp\/v2\/media?parent=1013710"}],"wp:term":[{"taxonomy":"product_brand","embeddable":true,"href":"https:\/\/vimaterial.de\/es\/wp-json\/wp\/v2\/product_brand?post=1013710"},{"taxonomy":"product_cat","embeddable":true,"href":"https:\/\/vimaterial.de\/es\/wp-json\/wp\/v2\/product_cat?post=1013710"},{"taxonomy":"product_tag","embeddable":true,"href":"https:\/\/vimaterial.de\/es\/wp-json\/wp\/v2\/product_tag?post=1013710"}],"curies":[{"name":"wp","href":"https:\/\/api.w.org\/{rel}","templated":true}]}}