{"id":1013687,"date":"2024-06-17T14:37:55","date_gmt":"2024-06-17T06:37:55","guid":{"rendered":"https:\/\/vimaterial.de\/product\/cloruro-de-manganeso\/"},"modified":"2024-09-25T15:47:50","modified_gmt":"2024-09-25T07:47:50","slug":"cloruro-de-manganeso","status":"publish","type":"product","link":"https:\/\/vimaterial.de\/es\/product\/cloruro-de-manganeso\/","title":{"rendered":"Cloruro de manganeso"},"content":{"rendered":"<p>El polvo de cloruro de manganeso (MnCl\u2082) es un compuesto inorg\u00e1nico formado por manganeso y cloro.Por lo general, aparece como un polvo cristalino de color rosa p\u00e1lido o un s\u00f3lido granular.El MnCl\u2082 es altamente soluble en agua y forma una soluci\u00f3n de color rosa p\u00e1lido.<\/p>\n<p>Propiedades<\/p>\n<p>F\u00f3rmula qu\u00edmica:MnCl\u2082<\/p>\n<p>Masa molar: 125.844 g\/mol<\/p>\n<p>Aspecto: Rosa p\u00e1lido, polvo cristalino<\/p>\n<p>Solubilidad: Altamente soluble en agua y soluble en etanol<\/p>\n<p>Punto de fusi\u00f3n: 650 \u00b0C<\/p>\n<p>Densidad: 2.977 g\/cm\u00b3 (anhidro)<\/p>\n<p>Aplicaci\u00f3n<\/p>\n<p>Fabricaci\u00f3n qu\u00edmica Precursor de compuestos de manganeso: El cloruro de manganeso se usa com\u00fanmente para sintetizar varios productos qu\u00edmicos que contienen manganeso como el di\u00f3xido de manganeso (MnO\u2082), que se utiliza en bater\u00edas de celda seca, y el carbonato de manganeso (MnCO\u2083), que es un precursor de otros productos qu\u00edmicos.<\/p>\n<p>Micronutriente en fertilizantes: El cloruro de manganeso se utiliza como micronutriente en fertilizantes para corregir las deficiencias de manganeso en el suelo, promoviendo el crecimiento de las plantas y mejorando el rendimiento de los cultivos.<\/p>\n<p>Productos farmac\u00e9uticos Suplementos nutricionales: El manganeso es vital para la salud humana, y el cloruro de manganeso se utiliza a veces en la formulaci\u00f3n de suplementos diet\u00e9ticos para proporcionar una ingesta adecuada de manganeso.<\/p>\n<p>El medicamento MnCl\u2082 se utiliza en entornos de laboratorio para diversas reacciones bioqu\u00edmicas, investigaci\u00f3n y fines de diagn\u00f3stico.Componente de la industria de bater\u00edas en bater\u00edas de celdas secas: MnCl\u2082 se puede utilizar como precursor del di\u00f3xido de manganeso (MnO\u2082), que es un material clave en las bater\u00edas alcalinas y otros tipos de celdas secas.<\/p>\n<p>Catalizador en reacciones org\u00e1nicas S\u00edntesis org\u00e1nica: El MnCl\u2082 se emplea como catalizador en reacciones de s\u00edntesis org\u00e1nica, particularmente en la producci\u00f3n de ciertos productos farmac\u00e9uticos y compuestos org\u00e1nicos complejos.<\/p>\n<p>Fijador de tinte de la industria textil y de tintes: MnCl\u2082 se puede utilizar en la industria textil como fijador de tintes y mordiente, lo que ayuda a mejorar la adherencia del tinte y la solidez del color en las telas.<\/p>\n<p>Tratamiento de agua Purificaci\u00f3n de agua: Se puede utilizar en procesos de tratamiento de agua para eliminar impurezas y mejorar la calidad del agua, aunque esta es una aplicaci\u00f3n menos com\u00fan.<\/p>\n<p>Aditivo para cer\u00e1mica y vidrio en cer\u00e1mica: El MnCl\u2082 se utiliza como aditivo en la fabricaci\u00f3n de cer\u00e1mica y vidrio, donde influye en el color y mejora las propiedades del material.<\/p>\n","protected":false},"excerpt":{"rendered":"<p>El polvo de cloruro de manganeso (MnCl\u2082) es un compuesto inorg\u00e1nico formado por manganeso y cloro.<br \/>\nPor lo general, aparece como un polvo cristalino de color rosa p\u00e1lido o un s\u00f3lido granular.<br \/>\nEl MnCl\u2082 es altamente soluble en agua y forma una soluci\u00f3n de color rosa p\u00e1lido.<\/p>\n","protected":false},"featured_media":1001584,"comment_status":"open","ping_status":"closed","template":"","meta":{"_acf_changed":false},"product_brand":[],"product_cat":[182],"product_tag":[],"class_list":{"0":"post-1013687","1":"product","2":"type-product","3":"status-publish","4":"has-post-thumbnail","6":"product_cat-materiales-halogenados","8":"first","9":"instock","10":"shipping-taxable","11":"purchasable","12":"product-type-variable"},"acf":[],"_links":{"self":[{"href":"https:\/\/vimaterial.de\/es\/wp-json\/wp\/v2\/product\/1013687","targetHints":{"allow":["GET"]}}],"collection":[{"href":"https:\/\/vimaterial.de\/es\/wp-json\/wp\/v2\/product"}],"about":[{"href":"https:\/\/vimaterial.de\/es\/wp-json\/wp\/v2\/types\/product"}],"replies":[{"embeddable":true,"href":"https:\/\/vimaterial.de\/es\/wp-json\/wp\/v2\/comments?post=1013687"}],"wp:featuredmedia":[{"embeddable":true,"href":"https:\/\/vimaterial.de\/es\/wp-json\/wp\/v2\/media\/1001584"}],"wp:attachment":[{"href":"https:\/\/vimaterial.de\/es\/wp-json\/wp\/v2\/media?parent=1013687"}],"wp:term":[{"taxonomy":"product_brand","embeddable":true,"href":"https:\/\/vimaterial.de\/es\/wp-json\/wp\/v2\/product_brand?post=1013687"},{"taxonomy":"product_cat","embeddable":true,"href":"https:\/\/vimaterial.de\/es\/wp-json\/wp\/v2\/product_cat?post=1013687"},{"taxonomy":"product_tag","embeddable":true,"href":"https:\/\/vimaterial.de\/es\/wp-json\/wp\/v2\/product_tag?post=1013687"}],"curies":[{"name":"wp","href":"https:\/\/api.w.org\/{rel}","templated":true}]}}