{"id":1013656,"date":"2024-06-17T14:38:02","date_gmt":"2024-06-17T06:38:02","guid":{"rendered":"https:\/\/vimaterial.de\/product\/oxido-de-manganeso-6\/"},"modified":"2025-04-17T13:14:56","modified_gmt":"2025-04-17T05:14:56","slug":"oxido-de-manganeso-6","status":"publish","type":"product","link":"https:\/\/vimaterial.de\/es\/product\/oxido-de-manganeso-6\/","title":{"rendered":"\u00d3xido de manganeso"},"content":{"rendered":"<p>Los gr\u00e1nulos de \u00f3xido de manganeso son part\u00edculas de color verde hierba o verde gris\u00e1ceo con una estructura de celos\u00eda c\u00fabica centrada en las caras, que son qu\u00edmicamente activas y tienen muchas aplicaciones en la metalurgia, la industria qu\u00edmica y otros campos.<\/p>\n<p>VIMATERIAL suministra gr\u00e1nulos de \u00f3xido de manganeso, nuestras part\u00edculas de \u00f3xido de manganeso tienen las caracter\u00edsticas de alta pureza, tama\u00f1o de part\u00edcula uniforme y buena cristalinidad, contamos con un equipo profesional de investigaci\u00f3n y desarrollo t\u00e9cnico, y aceptamos todos los productos personalizados y experimentales, si lo necesita, <span style=\"color: #0000ff;\"><a style=\"color: #0000ff;\" href=\"https:\/\/vimaterial.de\/en\/contact-us\/\">cont\u00e1ctenos<\/a><\/span>.<\/p>\n<h2><span style=\"font-size: 14pt;\">Propiedades f\u00edsicas<\/span><\/h2>\n<p>F\u00f3rmula molecular: MnO<\/p>\n<p>Peso molecular: 70.9374<\/p>\n<p>Aspecto: part\u00edculas de color verde hierba o verde gris\u00e1ceo<\/p>\n<p>Densidad: 5,37, densidad relativa 5,43-5,46.<\/p>\n<p>Punto de fusi\u00f3n: 1840 \u00b0C<\/p>\n<p>Estructura cristalina: red c\u00fabica centrada en las caras (tipo cloruro de sodio), a = 0,4436 nm.<\/p>\n<h2><span style=\"font-size: 14pt;\">Aplicaciones<\/span><\/h2>\n<p>Campo de la metalurgia del hierro y el acero: los gr\u00e1nulos de MnO, como materia prima importante para la fabricaci\u00f3n de acero, pueden regular la composici\u00f3n y las propiedades de la escoria en el proceso de fabricaci\u00f3n de acero convertidor, eliminar eficazmente el azufre, el f\u00f3sforo y otras impurezas en el acero y mejorar la calidad del acero.<\/p>\n<p>Materiales de las bater\u00edas: Los materiales de los electrodos pueden utilizarse para preparar nuevos tipos de bater\u00edas, participando en reacciones electroqu\u00edmicas en virtud de sus propias caracter\u00edsticas, proporcionando un rendimiento estable de carga y descarga de las bater\u00edas y ayudando a suministrar energ\u00eda a peque\u00f1os electrodom\u00e9sticos, como los dispositivos port\u00e1tiles.<\/p>\n<p>Cat\u00e1lisis qu\u00edmica: En algunas reacciones de s\u00edntesis org\u00e1nica, los gr\u00e1nulos de MnO act\u00faan como catalizadores, lo que puede reducir la energ\u00eda de activaci\u00f3n de la reacci\u00f3n y acelerar la velocidad de reacci\u00f3n, por ejemplo, catalizando la oxidaci\u00f3n de alcoholes para mejorar la eficiencia de producci\u00f3n de productos qu\u00edmicos.<\/p>\n<p>Materiales magn\u00e9ticos: Debido a sus propiedades magn\u00e9ticas, los gr\u00e1nulos de MnO se pueden utilizar en la formulaci\u00f3n de materiales magn\u00e9ticos para producir peque\u00f1os electroimanes, sensores magn\u00e9ticos, etc., para satisfacer la demanda de control magn\u00e9tico preciso de dispositivos electr\u00f3nicos.<\/p>\n<p>Industria cer\u00e1mica: adem\u00e1s de los espacios en blanco cer\u00e1micos, los gr\u00e1nulos de MnO pueden mejorar el rendimiento de sinterizaci\u00f3n de la cer\u00e1mica, por un lado, facilitando la densificaci\u00f3n de los espacios en blanco y, por otro lado, pueden dar a la cer\u00e1mica un color \u00fanico, ampliando el uso decorativo de la cer\u00e1mica.<\/p>\n<h2><span style=\"font-size: 14pt;\">Control de calidad<\/span><\/h2>\n<p><span style=\"color: #0000ff;\"><a style=\"color: #0000ff;\" href=\"https:\/\/vimaterial.de\/en\/quality-control\/\">Se adopta un estricto sistema de garant\u00eda de calidad<\/a><\/span> para cada lote para garantizar la confiabilidad de la calidad del producto. Se implementa un estricto control de calidad en toda la cadena de producci\u00f3n y aplicamos estrictamente el principio de reelaboraci\u00f3n y reelaboraci\u00f3n de productos defectuosos. Nuestros productos cumplen con todos los est\u00e1ndares ASTM y espec\u00edficos de la industria.  <\/p>\n<h2><span style=\"font-size: 14pt;\">Embalaje y almacenamiento<\/span><\/h2>\n<p>Los gr\u00e1nulos de \u00f3xido de manganeso se envasan en botellas de doble vac\u00edo, se embolsan al vac\u00edo en el exterior y se envasan en cajas de cart\u00f3n.<\/p>\n<p>Los gr\u00e1nulos de \u00f3xido de manganeso deben almacenarse en un ambiente seco, fresco y bien ventilado, sellados, evitando el contacto con agua, \u00e1cidos, agentes reductores y otras sustancias susceptibles a reacciones qu\u00edmicas, y tambi\u00e9n lejos de fuentes de ignici\u00f3n y calor, para evitar un cambio en las propiedades.<\/p>\n","protected":false},"excerpt":{"rendered":"<p>Los gr\u00e1nulos de \u00f3xido de manganeso son part\u00edculas de color verde hierba o verde gris\u00e1ceo con una estructura de celos\u00eda c\u00fabica centrada en las caras, que son qu\u00edmicamente activas y tienen muchas aplicaciones en la metalurgia, la industria qu\u00edmica y otros campos.<\/p>\n","protected":false},"featured_media":1001614,"comment_status":"open","ping_status":"closed","template":"","meta":{"_acf_changed":false},"product_brand":[],"product_cat":[179],"product_tag":[],"class_list":{"0":"post-1013656","1":"product","2":"type-product","3":"status-publish","4":"has-post-thumbnail","6":"product_cat-materiales-de-evaporacion","8":"first","9":"instock","10":"shipping-taxable","11":"product-type-variable"},"acf":[],"_links":{"self":[{"href":"https:\/\/vimaterial.de\/es\/wp-json\/wp\/v2\/product\/1013656","targetHints":{"allow":["GET"]}}],"collection":[{"href":"https:\/\/vimaterial.de\/es\/wp-json\/wp\/v2\/product"}],"about":[{"href":"https:\/\/vimaterial.de\/es\/wp-json\/wp\/v2\/types\/product"}],"replies":[{"embeddable":true,"href":"https:\/\/vimaterial.de\/es\/wp-json\/wp\/v2\/comments?post=1013656"}],"wp:featuredmedia":[{"embeddable":true,"href":"https:\/\/vimaterial.de\/es\/wp-json\/wp\/v2\/media\/1001614"}],"wp:attachment":[{"href":"https:\/\/vimaterial.de\/es\/wp-json\/wp\/v2\/media?parent=1013656"}],"wp:term":[{"taxonomy":"product_brand","embeddable":true,"href":"https:\/\/vimaterial.de\/es\/wp-json\/wp\/v2\/product_brand?post=1013656"},{"taxonomy":"product_cat","embeddable":true,"href":"https:\/\/vimaterial.de\/es\/wp-json\/wp\/v2\/product_cat?post=1013656"},{"taxonomy":"product_tag","embeddable":true,"href":"https:\/\/vimaterial.de\/es\/wp-json\/wp\/v2\/product_tag?post=1013656"}],"curies":[{"name":"wp","href":"https:\/\/api.w.org\/{rel}","templated":true}]}}