{"id":1013621,"date":"2024-06-17T14:38:03","date_gmt":"2024-06-17T06:38:03","guid":{"rendered":"https:\/\/vimaterial.de\/product\/oxido-de-manganeso-5\/"},"modified":"2025-04-17T11:36:41","modified_gmt":"2025-04-17T03:36:41","slug":"oxido-de-manganeso-5","status":"publish","type":"product","link":"https:\/\/vimaterial.de\/es\/product\/oxido-de-manganeso-5\/","title":{"rendered":"\u00d3xido de manganeso"},"content":{"rendered":"<p>El objetivo de pulverizaci\u00f3n <span style=\"color: #0000ff;\"><a style=\"color: #0000ff;\" href=\"https:\/\/vimaterial.de\/en\/product\/manganese-oxide-4\/\">cat\u00f3dica de \u00f3xido de manganeso<\/a> <\/span>es un objetivo compuesto cer\u00e1mico compuesto de manganeso y ox\u00edgeno con alta pureza y propiedades fisicoqu\u00edmicas espec\u00edficas. Se puede utilizar en el proceso de recubrimiento por pulverizaci\u00f3n cat\u00f3dica para preparar pel\u00edculas delgadas con alta conductividad, transparencia \u00f3ptica, estabilidad t\u00e9rmica y otras caracter\u00edsticas, y es ampliamente utilizado en muchos campos, como semiconductores, bater\u00edas solares, cat\u00e1lisis, almacenamiento magn\u00e9tico, etc. <\/p>\n<p>VIMATERIAL ofrece una amplia gama de objetivos de pulverizaci\u00f3n cat\u00f3dica de \u00f3xido de manganeso en varias purezas y tama\u00f1os, nuestros objetivos de pulverizaci\u00f3n cat\u00f3dica de \u00f3xido de manganeso se caracterizan por su alta pureza, composici\u00f3n homog\u00e9nea, alta cristalinidad, densidad moderada, tasa de pulverizaci\u00f3n cat\u00f3dica estable, fuerte adhesi\u00f3n de la pel\u00edcula y excelentes propiedades el\u00e9ctricas, etc. Tambi\u00e9n podemos proporcionar un servicio de encuadernaci\u00f3n. Contamos con un equipo profesional del R &amp; D, aceptamos la personalizaci\u00f3n del producto y los experimentos, si usted necesita, por favor <span style=\"color: #0000ff;\"><a style=\"color: #0000ff;\" href=\"https:\/\/vimaterial.de\/en\/contact-us\/\">p\u00f3ngase en contacto con nosotros.<\/a><\/span>  <\/p>\n<h2><span style=\"font-size: 14pt;\">Propiedades f\u00edsicas<\/span><\/h2>\n<p>F\u00f3rmula molecular: MnO<\/p>\n<p>Peso molecular: 70.9374<\/p>\n<p>Aspecto: generalmente polvo de color verde gris\u00e1ceo o cristal octa\u00e9drico<\/p>\n<p>Densidad: 5,45 g\/mL<\/p>\n<p>Punto de fusi\u00f3n: alrededor de 1650 \u00b0C<\/p>\n<p>Estructura cristalina: red c\u00fabica centrada en la cara, sus par\u00e1metros de celda son a = 0,4436 nm<\/p>\n<h2><span style=\"font-size: 14pt;\">Aplicaciones<\/span><\/h2>\n<p>Campo de dispositivos electr\u00f3nicos: el objetivo de pulverizaci\u00f3n cat\u00f3dica de MnO se puede utilizar en la fabricaci\u00f3n de semiconductores, a trav\u00e9s de la deposici\u00f3n de pulverizaci\u00f3n cat\u00f3dica en el electrodo del chip y otras partes de la formaci\u00f3n de la pel\u00edcula de MnO con buena conductividad y estabilidad, para mejorar el rendimiento el\u00e9ctrico de los componentes electr\u00f3nicos.<\/p>\n<p>Materiales magn\u00e9ticos: En la preparaci\u00f3n de medios de grabaci\u00f3n magn\u00e9ticos, los objetivos de pulverizaci\u00f3n cat\u00f3dica de MnO se pueden utilizar para depositar pel\u00edculas magn\u00e9ticas, que contribuyen al almacenamiento de informaci\u00f3n de alta densidad y proporcionan una capa magn\u00e9tica confiable para dispositivos de almacenamiento magn\u00e9tico.<\/p>\n<p>Campo de pel\u00edcula \u00f3ptica: los objetivos de pulverizaci\u00f3n cat\u00f3dica de \u00f3xido de manganeso se utilizan en el recubrimiento de lentes \u00f3pticas y otros componentes \u00f3pticos, y las pel\u00edculas depositadas pueden ajustar las caracter\u00edsticas de reflexi\u00f3n y refracci\u00f3n de la luz, reducir efectivamente la luz par\u00e1sita en el sistema \u00f3ptico y mejorar la calidad de imagen del equipo \u00f3ptico.<\/p>\n<p>Campo de sensores: En la producci\u00f3n de sensores, mediante la pulverizaci\u00f3n cat\u00f3dica de la pel\u00edcula de MnO, es posible hacer uso de su sensibilidad qu\u00edmica y propiedades el\u00e9ctricas para detectar gases espec\u00edficos o cantidades f\u00edsicas, lo que proporciona una base material clave para la detecci\u00f3n sensible de sensores.<\/p>\n<p>Energ\u00eda: En la preparaci\u00f3n de materiales de electrodos de bater\u00edas, las pel\u00edculas delgadas depositadas por los objetivos de pulverizaci\u00f3n cat\u00f3dica de MnO pueden mejorar las propiedades electroqu\u00edmicas de los electrodos, aumentar la eficiencia de carga y descarga y el ciclo de vida de las bater\u00edas, y promover el progreso de la tecnolog\u00eda de almacenamiento de energ\u00eda.<\/p>\n<h2><span style=\"font-size: 14pt;\">Control de calidad<\/span><\/h2>\n<p><a href=\"https:\/\/vimaterial.de\/en\/quality-control\/\"><span style=\"color: #0000ff;\">VI HALBLEITERMATERIAL GmbH <\/span><\/a>est\u00e1 comprometida con un alto control de calidad y consistencia de lotes en apoyo de los objetivos generales de REACH a trav\u00e9s de la adopci\u00f3n de un riguroso sistema de garant\u00eda de calidad, un estricto control de calidad en todas las etapas de la cadena de producci\u00f3n, el cumplimiento del principio de reelaboraci\u00f3n y reelaboraci\u00f3n de productos defectuosos, pruebas y liberaci\u00f3n de lotes de acuerdo con especificaciones detalladas,  cumplimiento de los m\u00e1s altos est\u00e1ndares en todas las \u00e1reas, manejo de problemas de acuerdo con el 8D el cumplimiento de REACH y el cumplimiento de las normas relacionadas.<\/p>\n<p>Nos comprometemos a lograr un alto control de calidad y coherencia de los lotes en apoyo de los objetivos generales de REACH, as\u00ed como a mantener la documentaci\u00f3n y la trazabilidad de los lotes para crear una cadena de suministro socialmente responsable que garantice la entrega de productos y servicios de alta calidad.<\/p>\n<h2><span style=\"font-size: 14pt;\">Embalaje y almacenamiento<\/span><\/h2>\n<p>Los objetivos de pulverizaci\u00f3n cat\u00f3dica de \u00f3xido de manganeso se empaquetan en bolsas de vac\u00edo dobles y luego se empaquetan en cajas de cart\u00f3n.<\/p>\n<p>Los objetivos de pulverizaci\u00f3n cat\u00f3dica de \u00f3xido de manganeso deben almacenarse en un ambiente seco, fresco y bien ventilado, protegidos de la humedad, la oxidaci\u00f3n y el contacto con sustancias corrosivas, y protegidos de impactos f\u00edsicos severos.<\/p>\n","protected":false},"excerpt":{"rendered":"<p>El objetivo de pulverizaci\u00f3n cat\u00f3dica de \u00f3xido de manganeso es un objetivo compuesto cer\u00e1mico compuesto de manganeso y ox\u00edgeno con alta pureza y propiedades fisicoqu\u00edmicas espec\u00edficas. Se puede utilizar en el proceso de recubrimiento por pulverizaci\u00f3n cat\u00f3dica para preparar pel\u00edculas delgadas con alta conductividad, transparencia \u00f3ptica, estabilidad t\u00e9rmica y otras caracter\u00edsticas, y es ampliamente utilizado [&hellip;]<\/p>\n","protected":false},"featured_media":1030085,"comment_status":"open","ping_status":"closed","template":"","meta":{"_acf_changed":false},"product_brand":[],"product_cat":[178],"product_tag":[],"class_list":{"0":"post-1013621","1":"product","2":"type-product","3":"status-publish","4":"has-post-thumbnail","6":"product_cat-catodos-para-sputtering-planar","8":"first","9":"instock","10":"shipping-taxable","11":"product-type-variable"},"acf":[],"_links":{"self":[{"href":"https:\/\/vimaterial.de\/es\/wp-json\/wp\/v2\/product\/1013621","targetHints":{"allow":["GET"]}}],"collection":[{"href":"https:\/\/vimaterial.de\/es\/wp-json\/wp\/v2\/product"}],"about":[{"href":"https:\/\/vimaterial.de\/es\/wp-json\/wp\/v2\/types\/product"}],"replies":[{"embeddable":true,"href":"https:\/\/vimaterial.de\/es\/wp-json\/wp\/v2\/comments?post=1013621"}],"wp:featuredmedia":[{"embeddable":true,"href":"https:\/\/vimaterial.de\/es\/wp-json\/wp\/v2\/media\/1030085"}],"wp:attachment":[{"href":"https:\/\/vimaterial.de\/es\/wp-json\/wp\/v2\/media?parent=1013621"}],"wp:term":[{"taxonomy":"product_brand","embeddable":true,"href":"https:\/\/vimaterial.de\/es\/wp-json\/wp\/v2\/product_brand?post=1013621"},{"taxonomy":"product_cat","embeddable":true,"href":"https:\/\/vimaterial.de\/es\/wp-json\/wp\/v2\/product_cat?post=1013621"},{"taxonomy":"product_tag","embeddable":true,"href":"https:\/\/vimaterial.de\/es\/wp-json\/wp\/v2\/product_tag?post=1013621"}],"curies":[{"name":"wp","href":"https:\/\/api.w.org\/{rel}","templated":true}]}}