{"id":1013601,"date":"2024-06-17T14:38:04","date_gmt":"2024-06-17T06:38:04","guid":{"rendered":"https:\/\/vimaterial.de\/product\/oxido-de-manganeso-3\/"},"modified":"2025-04-17T10:48:07","modified_gmt":"2025-04-17T02:48:07","slug":"oxido-de-manganeso-3","status":"publish","type":"product","link":"https:\/\/vimaterial.de\/es\/product\/oxido-de-manganeso-3\/","title":{"rendered":"\u00d3xido de manganeso"},"content":{"rendered":"<p><span style=\"color: #0000ff;\"><a style=\"color: #0000ff;\" href=\"https:\/\/vimaterial.de\/en\/product\/manganese-oxide-6\/\">El polvo de \u00f3xido de manganeso<\/a><\/span> es un polvo inorg\u00e1nico negro o negro-marr\u00f3n con buena adsorci\u00f3n, oxidaci\u00f3n y estructura cristalina estable, que se usa ampliamente en la fabricaci\u00f3n de bater\u00edas, reacci\u00f3n catal\u00edtica, tratamiento de aguas residuales y muchos otros campos.<\/p>\n<p>VIMATERIAl proporciona polvo de \u00f3xido de manganeso. Nuestro polvo de \u00f3xido de manganeso tiene las ventajas de un tama\u00f1o de part\u00edcula uniforme, bajo contenido de impurezas, alta estabilidad qu\u00edmica y buen rendimiento en aplicaciones. Contamos con un equipo profesional de investigaci\u00f3n y desarrollo de tecnolog\u00eda, aceptamos personalizados y experimentales, si lo necesita, <span style=\"color: #0000ff;\"><a style=\"color: #0000ff;\" href=\"https:\/\/vimaterial.de\/en\/contact-us\/\">cont\u00e1ctenos<\/a><\/span>.  <\/p>\n<h2><span style=\"font-size: 14pt;\">Propiedades f\u00edsicas<\/span><\/h2>\n<p>F\u00f3rmula molecular: MnO\u2082.<\/p>\n<p>Peso molecular: alrededor de 86.94<\/p>\n<p>Aspecto: polvo amorfo negro o cristales rombo\u00e9dricos negros<\/p>\n<p>Densidad: 5,03 g\/cm\u00b3<\/p>\n<p>Punto de fusi\u00f3n: 535 \u00b0C<\/p>\n<p>Estructura cristalina: \u03b2-MnO\u2082 tiene la estructura de TiO\u2082 rutilo, que es una estructura octa\u00e9drica, con \u00e1tomos de ox\u00edgeno en las esquinas de los octaedros, \u00e1tomos de manganeso en los octaedros y los octaedros conectados co-prism\u00e1ticamente para formar cadenas simples o dobles, que se unen con las otras cadenas para formar la estructura de t\u00fanel de los vac\u00edos.<\/p>\n<h2><span style=\"font-size: 14pt;\">Aplicaci\u00f3n<\/span><\/h2>\n<p>Campo de la bater\u00eda: El \u00f3xido de manganeso es un material cat\u00f3dico importante para las bater\u00edas secas y las bater\u00edas alcalinas, puede participar en la reacci\u00f3n redox durante el proceso de descarga de la bater\u00eda y proporcionar un lugar para la transferencia de electrones, a fin de garantizar la potencia de salida de la bater\u00eda.<\/p>\n<p>Campo catal\u00edtico: a menudo se usa como catalizador en reacciones catal\u00edticas qu\u00edmicas, por ejemplo, en la reacci\u00f3n de descomposici\u00f3n del per\u00f3xido de hidr\u00f3geno, puede acelerar la velocidad de reacci\u00f3n y reducir la energ\u00eda de activaci\u00f3n requerida para la reacci\u00f3n, de modo que la reacci\u00f3n se pueda llevar a cabo de manera m\u00e1s eficiente.<\/p>\n<p>Industria del vidrio: En el proceso de fabricaci\u00f3n de vidrio, se utiliza para ajustar el color del vidrio, al agregar la cantidad adecuada puede eliminar el tinte verde en el vidrio y tambi\u00e9n aumentar la transparencia y el brillo del vidrio.<\/p>\n<p>Campo cer\u00e1mico: se puede utilizar como pigmento cer\u00e1mico y aditivo para la fabricaci\u00f3n de productos cer\u00e1micos con color y rendimiento especiales, y tambi\u00e9n puede mejorar el rendimiento de sinterizaci\u00f3n y la resistencia mec\u00e1nica de la cer\u00e1mica.<\/p>\n<p>Campo de protecci\u00f3n del medio ambiente: se puede utilizar para tratar iones de metales pesados y contaminantes org\u00e1nicos en aguas residuales, puede eliminar o convertir contaminantes en sustancias inofensivas a trav\u00e9s de la adsorci\u00f3n, la reducci\u00f3n de la oxidaci\u00f3n y otros procesos, y desempe\u00f1ar un papel en la purificaci\u00f3n de la calidad del agua.<\/p>\n<h2><span style=\"font-size: 14pt;\">Control de calidad<\/span><\/h2>\n<p>Cada lote de nuestros productos parte de la cuidadosa selecci\u00f3n de las materias primas y pasa por varios procesos avanzados, con un estricto control de par\u00e1metros y un seguimiento en tiempo real en cada paso. Todo el proceso de producci\u00f3n sigue el sistema de gesti\u00f3n de calidad internacional, y el uso de equipos de prueba de alta precisi\u00f3n realiza pruebas de precisi\u00f3n completa de la distribuci\u00f3n del tama\u00f1o de part\u00edcula, la pureza, el contenido de impurezas y otros indicadores clave, sin escatimar defectos menores, para garantizar la calidad de cada lote de productos. <\/p>\n<h2><span style=\"font-size: 14pt;\">Embalaje y almacenamiento<\/span><\/h2>\n<p>El polvo de \u00f3xido de manganeso se envasa en bolsas de vac\u00edo dobles o botellas y cartones.<\/p>\n<p>El polvo de \u00f3xido de manganeso debe almacenarse en un lugar fresco, seco y bien ventilado, lejos de sustancias inflamables y explosivas, sustancias reductoras y \u00e1cidos, y el recipiente debe estar bien sellado para evitar el deterioro debido a la humedad y la reacci\u00f3n con otras sustancias.<\/p>\n","protected":false},"excerpt":{"rendered":"<p><span style=\"color: #0000ff;\"><a style=\"color: #0000ff;\" href=\"https:\/\/vimaterial.de\/en\/product\/manganese-oxide-6\/\">El polvo de \u00f3xido de manganeso<\/a><\/span> es un polvo inorg\u00e1nico negro o negro-marr\u00f3n con buena adsorci\u00f3n, oxidaci\u00f3n y estructura cristalina estable, que se usa ampliamente en la fabricaci\u00f3n de bater\u00edas, reacci\u00f3n catal\u00edtica, tratamiento de aguas residuales y muchos otros campos.<\/p>\n","protected":false},"featured_media":1001646,"comment_status":"open","ping_status":"closed","template":"","meta":{"_acf_changed":false},"product_brand":[],"product_cat":[186],"product_tag":[],"class_list":{"0":"post-1013601","1":"product","2":"type-product","3":"status-publish","4":"has-post-thumbnail","6":"product_cat-materiales-de-oxido-hidroxido","8":"first","9":"instock","10":"shipping-taxable","11":"purchasable","12":"product-type-variable"},"acf":[],"_links":{"self":[{"href":"https:\/\/vimaterial.de\/es\/wp-json\/wp\/v2\/product\/1013601","targetHints":{"allow":["GET"]}}],"collection":[{"href":"https:\/\/vimaterial.de\/es\/wp-json\/wp\/v2\/product"}],"about":[{"href":"https:\/\/vimaterial.de\/es\/wp-json\/wp\/v2\/types\/product"}],"replies":[{"embeddable":true,"href":"https:\/\/vimaterial.de\/es\/wp-json\/wp\/v2\/comments?post=1013601"}],"wp:featuredmedia":[{"embeddable":true,"href":"https:\/\/vimaterial.de\/es\/wp-json\/wp\/v2\/media\/1001646"}],"wp:attachment":[{"href":"https:\/\/vimaterial.de\/es\/wp-json\/wp\/v2\/media?parent=1013601"}],"wp:term":[{"taxonomy":"product_brand","embeddable":true,"href":"https:\/\/vimaterial.de\/es\/wp-json\/wp\/v2\/product_brand?post=1013601"},{"taxonomy":"product_cat","embeddable":true,"href":"https:\/\/vimaterial.de\/es\/wp-json\/wp\/v2\/product_cat?post=1013601"},{"taxonomy":"product_tag","embeddable":true,"href":"https:\/\/vimaterial.de\/es\/wp-json\/wp\/v2\/product_tag?post=1013601"}],"curies":[{"name":"wp","href":"https:\/\/api.w.org\/{rel}","templated":true}]}}