{"id":1013591,"date":"2024-06-17T14:38:04","date_gmt":"2024-06-17T06:38:04","guid":{"rendered":"https:\/\/vimaterial.de\/product\/oxido-de-manganeso-2\/"},"modified":"2025-04-17T11:33:10","modified_gmt":"2025-04-17T03:33:10","slug":"oxido-de-manganeso-2","status":"publish","type":"product","link":"https:\/\/vimaterial.de\/es\/product\/oxido-de-manganeso-2\/","title":{"rendered":"\u00d3xido de manganeso"},"content":{"rendered":"<p>Los gr\u00e1nulos <span style=\"color: #0000ff;\"><a style=\"color: #0000ff;\" href=\"https:\/\/vimaterial.de\/en\/product\/manganese-oxide-6\/\">de \u00f3xido de manganeso<\/a> <\/span>son part\u00edculas s\u00f3lidas de color negro o marr\u00f3n oscuro con varios tipos de estructuras cristalinas, como el rutilo, que tienen fuertes propiedades oxidantes y desempe\u00f1an un papel clave en muchos campos, como las bater\u00edas, la cat\u00e1lisis y la protecci\u00f3n del medio ambiente.<\/p>\n<p>VIMATERIAL suministra gr\u00e1nulos de \u00f3xido de manganeso, nuestros gr\u00e1nulos de \u00f3xido de manganeso tienen las caracter\u00edsticas de alta pureza, tama\u00f1o de part\u00edcula uniforme y buena cristalinidad, contamos con un equipo profesional de investigaci\u00f3n y desarrollo t\u00e9cnico, y aceptamos todos los productos personalizados y experimentales, si lo necesita, <span style=\"color: #0000ff;\"><a style=\"color: #0000ff;\" href=\"https:\/\/vimaterial.de\/en\/contact-us\/\">cont\u00e1ctenos<\/a><\/span>.<\/p>\n<h2><span style=\"font-size: 14pt;\">Propiedades f\u00edsicas<\/span><\/h2>\n<p>F\u00f3rmula molecular: MnO2<\/p>\n<p>Peso molecular: 86.94<\/p>\n<p>Aspecto: cristales amorfos negros o rombo\u00e9dricos negros<\/p>\n<p>Densidad: 5,03 g\/cm\u00b3<\/p>\n<p>Punto de fusi\u00f3n: 535 \u00b0C (descomposici\u00f3n)<\/p>\n<p>Estructura cristalina: Varias estructuras cristalinas, las comunes son de tipo rutilo y tipo de mineral de manganeso blando, etc.<\/p>\n<h2><span style=\"font-size: 14pt;\">Aplicaciones<\/span><\/h2>\n<p>Campo de la bater\u00eda: Los gr\u00e1nulos de MnO\u2082 son materiales cat\u00f3dicos importantes en bater\u00edas secas y alcalinas, capaces de almacenar y liberar energ\u00eda el\u00e9ctrica a trav\u00e9s de reacciones redox y proporcionar energ\u00eda estable para todo tipo de dispositivos electr\u00f3nicos peque\u00f1os.<\/p>\n<p>Campo catal\u00edtico: en reacciones qu\u00edmicas, los gr\u00e1nulos de MnO\u2082 se pueden usar como catalizadores para acelerar el proceso de reacci\u00f3n, por ejemplo, en la descomposici\u00f3n del clorato de potasio para producir ox\u00edgeno, puede reducir efectivamente la energ\u00eda de activaci\u00f3n de la reacci\u00f3n y mejorar la velocidad de reacci\u00f3n.<\/p>\n<p>Campo de protecci\u00f3n del medio ambiente: Los gr\u00e1nulos de MnO\u2082 se pueden utilizar para tratar iones de metales pesados y contaminantes org\u00e1nicos en aguas residuales, purificando la calidad del agua al convertir las sustancias nocivas en inofensivas mediante adsorci\u00f3n y reacci\u00f3n redox.<\/p>\n<p>Industria del vidrio: Como decolorante y clarificador para el vidrio, los gr\u00e1nulos de MnO\u2082 pueden eliminar las impurezas y los colores del vidrio, hacer que el vidrio sea m\u00e1s transparente y puro, y mejorar la calidad de los productos de vidrio.<\/p>\n<p>Cer\u00e1mica: La adici\u00f3n de gr\u00e1nulos de MnO\u2082 puede cambiar el color y las propiedades de la cer\u00e1mica, que se puede utilizar como componente del pigmento cer\u00e1mico, y tambi\u00e9n mejorar la dureza, la resistencia a la abrasi\u00f3n y otras propiedades f\u00edsicas de la cer\u00e1mica, ampliando la gama de aplicaciones cer\u00e1micas.<\/p>\n<h2><span style=\"font-size: 14pt;\">Control de calidad<\/span><\/h2>\n<p><span style=\"color: #0000ff;\"><a style=\"color: #0000ff;\" href=\"https:\/\/vimaterial.de\/en\/quality-control\/\">Se adopta un estricto sistema de garant\u00eda de calidad<\/a><\/span> para cada lote para garantizar la confiabilidad de la calidad del producto. Se implementa un estricto control de calidad en toda la cadena de producci\u00f3n y aplicamos estrictamente el principio de reelaboraci\u00f3n y reelaboraci\u00f3n de productos defectuosos. Nuestros productos cumplen con todos los est\u00e1ndares ASTM y espec\u00edficos de la industria.  <\/p>\n<h2><span style=\"font-size: 14pt;\">Embalaje y almacenamiento<\/span><\/h2>\n<p>Los gr\u00e1nulos de \u00f3xido de manganeso se envasan en botellas de doble vac\u00edo, se embolsan al vac\u00edo en el exterior y se envasan en cajas de cart\u00f3n.<\/p>\n<p>Los gr\u00e1nulos de \u00f3xido de manganeso deben almacenarse en un ambiente seco, fresco y bien ventilado, sellados, evitando el contacto con agua, \u00e1cidos, agentes reductores y otras sustancias susceptibles a reacciones qu\u00edmicas, y tambi\u00e9n lejos de fuentes de ignici\u00f3n y calor, para evitar un cambio en las propiedades.<\/p>\n","protected":false},"excerpt":{"rendered":"<p>Los gr\u00e1nulos <span style=\"color: #0000ff;\"><a style=\"color: #0000ff;\" href=\"https:\/\/vimaterial.de\/en\/product\/manganese-oxide-6\/\">de \u00f3xido de manganeso<\/a> <\/span>son part\u00edculas s\u00f3lidas de color negro o marr\u00f3n oscuro con varios tipos de estructuras cristalinas, como el rutilo, que tienen fuertes propiedades oxidantes y desempe\u00f1an un papel clave en muchos campos, como las bater\u00edas, la cat\u00e1lisis y la protecci\u00f3n del medio ambiente.<\/p>\n","protected":false},"featured_media":1001639,"comment_status":"open","ping_status":"closed","template":"","meta":{"_acf_changed":false},"product_brand":[],"product_cat":[179],"product_tag":[],"class_list":{"0":"post-1013591","1":"product","2":"type-product","3":"status-publish","4":"has-post-thumbnail","6":"product_cat-materiales-de-evaporacion","8":"first","9":"instock","10":"shipping-taxable","11":"product-type-variable"},"acf":[],"_links":{"self":[{"href":"https:\/\/vimaterial.de\/es\/wp-json\/wp\/v2\/product\/1013591","targetHints":{"allow":["GET"]}}],"collection":[{"href":"https:\/\/vimaterial.de\/es\/wp-json\/wp\/v2\/product"}],"about":[{"href":"https:\/\/vimaterial.de\/es\/wp-json\/wp\/v2\/types\/product"}],"replies":[{"embeddable":true,"href":"https:\/\/vimaterial.de\/es\/wp-json\/wp\/v2\/comments?post=1013591"}],"wp:featuredmedia":[{"embeddable":true,"href":"https:\/\/vimaterial.de\/es\/wp-json\/wp\/v2\/media\/1001639"}],"wp:attachment":[{"href":"https:\/\/vimaterial.de\/es\/wp-json\/wp\/v2\/media?parent=1013591"}],"wp:term":[{"taxonomy":"product_brand","embeddable":true,"href":"https:\/\/vimaterial.de\/es\/wp-json\/wp\/v2\/product_brand?post=1013591"},{"taxonomy":"product_cat","embeddable":true,"href":"https:\/\/vimaterial.de\/es\/wp-json\/wp\/v2\/product_cat?post=1013591"},{"taxonomy":"product_tag","embeddable":true,"href":"https:\/\/vimaterial.de\/es\/wp-json\/wp\/v2\/product_tag?post=1013591"}],"curies":[{"name":"wp","href":"https:\/\/api.w.org\/{rel}","templated":true}]}}