{"id":1013535,"date":"2024-06-17T14:39:12","date_gmt":"2024-06-17T06:39:12","guid":{"rendered":"https:\/\/vimaterial.de\/product\/tungstato-de-manganeso\/"},"modified":"2025-04-17T10:36:15","modified_gmt":"2025-04-17T02:36:15","slug":"tungstato-de-manganeso","status":"publish","type":"product","link":"https:\/\/vimaterial.de\/es\/product\/tungstato-de-manganeso\/","title":{"rendered":"Tungstato de manganeso"},"content":{"rendered":"<p>El polvo de tungstato de manganeso es un polvo compuesto hecho de manganeso y tungsteno, generalmente de apariencia amarilla clara o blanco gris\u00e1ceo, insoluble en agua, con propiedades qu\u00edmicas estables y de alta densidad, desempe\u00f1a un papel en \u00f3ptica, electr\u00f3nica, cat\u00e1lisis y otros campos, se puede utilizar en la fabricaci\u00f3n de materiales \u00f3pticos, componentes electr\u00f3nicos y catalizadores, etc.<\/p>\n<p>VIMATERIAl ofrece polvo de tungstato de manganeso. Nuestro polvo de tungstato de manganeso tiene las ventajas de un tama\u00f1o de part\u00edcula uniforme, bajo contenido de impurezas, alta estabilidad qu\u00edmica y buen rendimiento en aplicaciones. Contamos con un equipo profesional de investigaci\u00f3n y desarrollo de tecnolog\u00eda, aceptamos personalizados y experimentales, si lo necesita, <span style=\"color: #0000ff;\"><a style=\"color: #0000ff;\" href=\"https:\/\/vimaterial.de\/en\/contact-us\/\">cont\u00e1ctenos.<\/a><\/span>  <\/p>\n<h2><span style=\"font-size: 14pt;\">Propiedades f\u00edsicas<\/span><\/h2>\n<p>F\u00f3rmula molecular: MnWO\u2084<\/p>\n<p>Peso molecular: 302.78<\/p>\n<p>Aspecto: generalmente polvo amarillo claro o blanquecino<\/p>\n<p>Densidad: aprox. 7,2 &#8211; 7,324 g\/cm\u00b3.<\/p>\n<p>Estructura cristalina: su sal anhidra suele ser un sistema cristalino rombo\u00e9drico, el hidrato tiene una estructura cristalina diferente, como el dihidrato es un polvo blanco gris\u00e1ceo que se obtiene agregando tungstato de sodio a la soluci\u00f3n de sal de manganeso y precipitado, se volver\u00e1 anhidro cuando se caliente.<\/p>\n<h2><span style=\"font-size: 14pt;\">Aplicaci\u00f3n<\/span><\/h2>\n<p>Campo metal\u00fargico: se utiliza en la fabricaci\u00f3n de aleaciones, que pueden mejorar la resistencia y la resistencia al desgaste de los metales.<\/p>\n<p>Campo electr\u00f3nico: Se puede utilizar en la fabricaci\u00f3n de dispositivos optoelectr\u00f3nicos, electrodos de bater\u00edas, etc. Tambi\u00e9n se utiliza en algunos componentes electr\u00f3nicos que requieren una alta conductividad debido a su buena conductividad a alta temperatura. <\/p>\n<p>Campo qu\u00edmico: se utiliza como catalizador electroqu\u00edmico para catalizar la reacci\u00f3n de oxidaci\u00f3n.<\/p>\n<p>Campo de experimentaci\u00f3n y an\u00e1lisis qu\u00edmico: utilizado como reactivo para la qu\u00edmica de experimentaci\u00f3n y an\u00e1lisis qu\u00edmico.<\/p>\n<h2><span style=\"font-size: 14pt;\">Control de calidad<\/span><\/h2>\n<p><span style=\"color: #0000ff;\"><a style=\"color: #0000ff;\" href=\"https:\/\/vimaterial.de\/en\/quality-control\/\">Cada lote<\/a><\/span> de nuestros productos parte de la cuidadosa selecci\u00f3n de las materias primas y pasa por varios procesos avanzados, con un estricto control de par\u00e1metros y un seguimiento en tiempo real en cada paso. Todo el proceso de producci\u00f3n sigue el sistema de gesti\u00f3n de calidad internacional, y el uso de equipos de prueba de alta precisi\u00f3n realiza pruebas de precisi\u00f3n completa de la distribuci\u00f3n del tama\u00f1o de part\u00edcula, la pureza, el contenido de impurezas y otros indicadores clave, sin escatimar defectos menores, para garantizar la calidad de cada lote de productos. <\/p>\n<h2><span style=\"font-size: 14pt;\">Embalaje y almacenamiento<\/span><\/h2>\n<p>El polvo de tungstato de manganeso se envasa en bolsas de vac\u00edo dobles o botellas y cartones.<\/p>\n<p>El polvo de tungstato de manganeso debe almacenarse en un ambiente seco, fresco y bien ventilado, sellado y guardado en un lugar sellado, evitando el contacto con sustancias corrosivas fuertes como \u00e1cidos y \u00e1lcalis, y evitando la humedad y la contaminaci\u00f3n, para garantizar que sus propiedades qu\u00edmicas sean estables.<\/p>\n","protected":false},"excerpt":{"rendered":"<p>El polvo de tungstato de manganeso es un polvo compuesto hecho de manganeso y tungsteno, generalmente de apariencia amarilla clara o blanco gris\u00e1ceo, insoluble en agua, con propiedades qu\u00edmicas estables y de alta densidad, desempe\u00f1a un papel en \u00f3ptica, electr\u00f3nica, cat\u00e1lisis y otros campos, se puede utilizar en la fabricaci\u00f3n de materiales \u00f3pticos, componentes electr\u00f3nicos y catalizadores, etc.<\/p>\n","protected":false},"featured_media":1001689,"comment_status":"open","ping_status":"closed","template":"","meta":{"_acf_changed":false},"product_brand":[],"product_cat":[187],"product_tag":[],"class_list":{"0":"post-1013535","1":"product","2":"type-product","3":"status-publish","4":"has-post-thumbnail","6":"product_cat-otros-materiales","8":"first","9":"instock","10":"shipping-taxable","11":"purchasable","12":"product-type-variable"},"acf":[],"_links":{"self":[{"href":"https:\/\/vimaterial.de\/es\/wp-json\/wp\/v2\/product\/1013535","targetHints":{"allow":["GET"]}}],"collection":[{"href":"https:\/\/vimaterial.de\/es\/wp-json\/wp\/v2\/product"}],"about":[{"href":"https:\/\/vimaterial.de\/es\/wp-json\/wp\/v2\/types\/product"}],"replies":[{"embeddable":true,"href":"https:\/\/vimaterial.de\/es\/wp-json\/wp\/v2\/comments?post=1013535"}],"wp:featuredmedia":[{"embeddable":true,"href":"https:\/\/vimaterial.de\/es\/wp-json\/wp\/v2\/media\/1001689"}],"wp:attachment":[{"href":"https:\/\/vimaterial.de\/es\/wp-json\/wp\/v2\/media?parent=1013535"}],"wp:term":[{"taxonomy":"product_brand","embeddable":true,"href":"https:\/\/vimaterial.de\/es\/wp-json\/wp\/v2\/product_brand?post=1013535"},{"taxonomy":"product_cat","embeddable":true,"href":"https:\/\/vimaterial.de\/es\/wp-json\/wp\/v2\/product_cat?post=1013535"},{"taxonomy":"product_tag","embeddable":true,"href":"https:\/\/vimaterial.de\/es\/wp-json\/wp\/v2\/product_tag?post=1013535"}],"curies":[{"name":"wp","href":"https:\/\/api.w.org\/{rel}","templated":true}]}}