{"id":1013466,"date":"2024-06-17T14:39:15","date_gmt":"2024-06-17T06:39:15","guid":{"rendered":"https:\/\/vimaterial.de\/product\/metal-de-hierro-4\/"},"modified":"2025-04-17T10:32:36","modified_gmt":"2025-04-17T02:32:36","slug":"metal-de-hierro-4","status":"publish","type":"product","link":"https:\/\/vimaterial.de\/es\/product\/metal-de-hierro-4\/","title":{"rendered":"Hierro metal"},"content":{"rendered":"<p>Los gr\u00e1nulos met\u00e1licos de hierro son un material de hierro granular, de apariencia negra o gris plateada, con un brillo met\u00e1lico, f\u00e1cil de oxidar y, al mismo tiempo, debido a la naturaleza del hierro y tiene buena conductividad el\u00e9ctrica y t\u00e9rmica, com\u00fanmente utilizado en metalurgia, fabricaci\u00f3n de maquinaria, industria qu\u00edmica y muchos otros campos.<\/p>\n<p>VIMATERIAL suministra gr\u00e1nulos de metal de hierro, nuestra empresa produce part\u00edculas de metal de hierro con alta pureza, tama\u00f1o de part\u00edcula uniforme, bajo contenido de impurezas, contamos con un equipo profesional de investigaci\u00f3n y desarrollo t\u00e9cnico, aceptamos todos los productos personalizados y experimentales, si lo necesita, cont\u00e1ctenos.<\/p>\n<h2><span style=\"font-size: 14pt;\">Propiedades f\u00edsicas<\/span><\/h2>\n<p>F\u00f3rmula molecular: Fe<\/p>\n<p>Peso molecular: 55.845<\/p>\n<p>Aspecto: generalmente part\u00edculas de color gris a gris-negro<\/p>\n<p>Densidad: 7,86 g\/cm\u00b3<\/p>\n<p>Punto de fusi\u00f3n: 1535 \u00b0C<\/p>\n<p>Punto de ebullici\u00f3n: alrededor de 2750 \u00b0C<\/p>\n<p>Estructura cristalina: Red c\u00fabica centrada en el cuerpo a temperatura ambiente, se transforma en una red c\u00fabica centrada en la cara por encima de 911 \u00b0C.<\/p>\n<h2><span style=\"font-size: 14pt;\">Aplicaciones<\/span><\/h2>\n<p>Campo de la construcci\u00f3n: Los gr\u00e1nulos de metal de hierro se utilizan en la producci\u00f3n de acero de construcci\u00f3n para mejorar la resistencia estructural y la estabilidad de los edificios.<\/p>\n<p>Campo de fabricaci\u00f3n de autom\u00f3viles: es una materia prima importante para la fabricaci\u00f3n de piezas de motores de autom\u00f3viles y bastidores de carrocer\u00eda, lo que garantiza el rendimiento y la seguridad de los autom\u00f3viles.<\/p>\n<p>En el campo de los aparatos electr\u00f3nicos y el\u00e9ctricos: se convierte en componentes electromagn\u00e9ticos para satisfacer la demanda de propiedades electromagn\u00e9ticas de los productos electr\u00f3nicos y ayudar al funcionamiento normal de los equipos.<\/p>\n<p>Campo de procesamiento mec\u00e1nico: fabricado en todo tipo de piezas mec\u00e1nicas a trav\u00e9s del procesamiento, para garantizar el funcionamiento eficiente y la durabilidad del equipo mec\u00e1nico.<\/p>\n<p>Industria qu\u00edmica: como catalizador o materia prima para la reacci\u00f3n, participa en una variedad de reacciones de s\u00edntesis qu\u00edmica y promueve la producci\u00f3n de productos qu\u00edmicos.<\/p>\n<h2><span style=\"font-size: 14pt;\">Control de calidad<\/span><\/h2>\n<p>Se adopta un estricto sistema de garant\u00eda de calidad para cada lote para garantizar la confiabilidad de la calidad del producto. Se implementa un estricto control de calidad en toda la cadena de producci\u00f3n y aplicamos estrictamente el principio de reelaboraci\u00f3n y reelaboraci\u00f3n de productos defectuosos. Nuestros productos cumplen con todos los est\u00e1ndares ASTM y espec\u00edficos de la industria.  <\/p>\n<h2><span style=\"font-size: 14pt;\">Embalaje y almacenamiento<\/span><\/h2>\n<p>Los gr\u00e1nulos de metal ferroso se empaquetan en cajas de doble capa con bolsa de vac\u00edo exterior y luego se empaquetan en cajas de cart\u00f3n.<\/p>\n<p>Los gr\u00e1nulos de hierro met\u00e1lico deben almacenarse en un ambiente interior seco y bien ventilado para evitar la humedad y el contacto con sustancias corrosivas, y lejos de fuentes de ignici\u00f3n para evitar la oxidaci\u00f3n y la combusti\u00f3n accidental.<\/p>\n","protected":false},"excerpt":{"rendered":"<p>Los gr\u00e1nulos met\u00e1licos de hierro son un material de hierro granular, de apariencia negra o gris plateada, con un brillo met\u00e1lico, f\u00e1cil de oxidar y, al mismo tiempo, debido a la naturaleza del hierro y tiene buena conductividad el\u00e9ctrica y t\u00e9rmica, com\u00fanmente utilizado en metalurgia, fabricaci\u00f3n de maquinaria, industria qu\u00edmica y muchos otros campos.<\/p>\n","protected":false},"featured_media":1001707,"comment_status":"open","ping_status":"closed","template":"","meta":{"_acf_changed":false},"product_brand":[],"product_cat":[179],"product_tag":[],"class_list":{"0":"post-1013466","1":"product","2":"type-product","3":"status-publish","4":"has-post-thumbnail","6":"product_cat-materiales-de-evaporacion","8":"first","9":"instock","10":"shipping-taxable","11":"purchasable","12":"product-type-variable"},"acf":[],"_links":{"self":[{"href":"https:\/\/vimaterial.de\/es\/wp-json\/wp\/v2\/product\/1013466","targetHints":{"allow":["GET"]}}],"collection":[{"href":"https:\/\/vimaterial.de\/es\/wp-json\/wp\/v2\/product"}],"about":[{"href":"https:\/\/vimaterial.de\/es\/wp-json\/wp\/v2\/types\/product"}],"replies":[{"embeddable":true,"href":"https:\/\/vimaterial.de\/es\/wp-json\/wp\/v2\/comments?post=1013466"}],"wp:featuredmedia":[{"embeddable":true,"href":"https:\/\/vimaterial.de\/es\/wp-json\/wp\/v2\/media\/1001707"}],"wp:attachment":[{"href":"https:\/\/vimaterial.de\/es\/wp-json\/wp\/v2\/media?parent=1013466"}],"wp:term":[{"taxonomy":"product_brand","embeddable":true,"href":"https:\/\/vimaterial.de\/es\/wp-json\/wp\/v2\/product_brand?post=1013466"},{"taxonomy":"product_cat","embeddable":true,"href":"https:\/\/vimaterial.de\/es\/wp-json\/wp\/v2\/product_cat?post=1013466"},{"taxonomy":"product_tag","embeddable":true,"href":"https:\/\/vimaterial.de\/es\/wp-json\/wp\/v2\/product_tag?post=1013466"}],"curies":[{"name":"wp","href":"https:\/\/api.w.org\/{rel}","templated":true}]}}