{"id":1013453,"date":"2024-06-17T14:39:42","date_gmt":"2024-06-17T06:39:42","guid":{"rendered":"https:\/\/vimaterial.de\/product\/metal-de-hierro-3\/"},"modified":"2025-04-17T10:26:48","modified_gmt":"2025-04-17T02:26:48","slug":"metal-de-hierro-3","status":"publish","type":"product","link":"https:\/\/vimaterial.de\/es\/product\/metal-de-hierro-3\/","title":{"rendered":"Hierro metal"},"content":{"rendered":"<p>El polvo met\u00e1lico de hierro es un polvo met\u00e1lico negro o gris plateado con brillo met\u00e1lico, alta densidad, buena conductividad el\u00e9ctrica y t\u00e9rmica, f\u00e1cilmente oxidable y ampliamente utilizado en metalurgia, pulvimetalurgia, materiales magn\u00e9ticos, catalizadores y muchos otros campos.<\/p>\n<p>VIMATERIAl ofrece una amplia gama de polvos met\u00e1licos de hierro. Nuestros polvos met\u00e1licos de hierro tienen las ventajas de un tama\u00f1o de part\u00edcula uniforme, bajo contenido de impurezas, alta estabilidad qu\u00edmica y buen rendimiento en las aplicaciones. Contamos con un equipo profesional de investigaci\u00f3n y desarrollo de tecnolog\u00eda, aceptamos personalizados y experimentales, si lo necesita,<span style=\"color: #0000ff;\"><a style=\"color: #0000ff;\" href=\"https:\/\/vimaterial.de\/en\/contact-us\/\"> cont\u00e1ctenos<\/a><\/span>.  <\/p>\n<h2><span style=\"font-size: 14pt;\">Propiedades f\u00edsicas<\/span><\/h2>\n<p>F\u00f3rmula molecular: Fe<\/p>\n<p>Peso molecular: 55.85<\/p>\n<p>Aspecto: Generalmente polvo fino amorfo de color gris a gris-negro.<\/p>\n<p>Densidad: 7,86 g\/cm\u00b3<\/p>\n<p>Punto de fusi\u00f3n: 1535 \u00b0C<\/p>\n<p>Punto de ebullici\u00f3n: 2750\u00b0C<\/p>\n<p>Estructura cristalina: El hierro tiene diferentes estructuras cristalinas a diferentes temperaturas, y es una estructura c\u00fabica centrada en el cuerpo a temperatura ambiente. Por debajo de 912 \u00b0C, el hierro existe en forma de \u03b1-Fe con red c\u00fabica centrada en el cuerpo; cuando la temperatura supere los 912 \u00b0C, se transformar\u00e1 en \u03b3-Fe con red c\u00fabica centrada en las caras; si se sigue elevando la temperatura por encima de los 1394 \u00b0C, se transformar\u00e1 en \u03b4-Fe y volver\u00e1 a la red c\u00fabica centrada en el cuerpo. <\/p>\n<h2><span style=\"font-size: 14pt;\">Aplicaci\u00f3n<\/span><\/h2>\n<p>Industria del hierro y el acero: se utiliza como materia prima b\u00e1sica para la fabricaci\u00f3n de acero y se combina con otros elementos a trav\u00e9s de la fusi\u00f3n y otros procesos para fabricar varios tipos de productos de acero, que es una fuente importante de acero requerida por la construcci\u00f3n, la fabricaci\u00f3n de maquinaria y otras industrias.<\/p>\n<p>Pulvimetalurgia: se convierte en piezas mec\u00e1nicas de forma compleja y alta precisi\u00f3n, como engranajes, cojinetes, etc., mediante prensado, sinterizaci\u00f3n y otros procesos, ampliamente utilizados en los campos automotriz, aeroespacial y otros, para cumplir con los requisitos especiales de rendimiento y forma de las piezas.<\/p>\n<p>Materiales magn\u00e9ticos: se utiliza en la fabricaci\u00f3n de imanes, electroimanes y otros dispositivos magn\u00e9ticos, el uso de su ferromagnetismo, para proporcionar campos magn\u00e9ticos para equipos electr\u00f3nicos, sistemas de energ\u00eda el\u00e9ctrica, etc., como altavoces, componentes magn\u00e9ticos en el motor.<\/p>\n<p>Industria qu\u00edmica: como catalizador para participar en una variedad de reacciones qu\u00edmicas, como en la reacci\u00f3n de s\u00edntesis de amon\u00edaco para mejorar la velocidad de reacci\u00f3n, promover la s\u00edntesis eficiente de productos qu\u00edmicos, mejorar la eficiencia de la producci\u00f3n qu\u00edmica.<\/p>\n<h2><span style=\"font-size: 14pt;\">Control de calidad<\/span><\/h2>\n<p><span style=\"color: #0000ff;\"><a style=\"color: #0000ff;\" href=\"https:\/\/vimaterial.de\/en\/product\/iron-metal-6\/\">Cada lote <\/a><\/span>de nuestros productos parte de la cuidadosa selecci\u00f3n de las materias primas y pasa por varios procesos avanzados, con un estricto control de par\u00e1metros y un seguimiento en tiempo real en cada paso. Todo el proceso de producci\u00f3n sigue el sistema de gesti\u00f3n de calidad internacional, y el uso de equipos de prueba de alta precisi\u00f3n realiza pruebas de precisi\u00f3n completa de la distribuci\u00f3n del tama\u00f1o de part\u00edcula, la pureza, el contenido de impurezas y otros indicadores clave, sin escatimar defectos menores, para garantizar la calidad de cada lote de productos. <\/p>\n<h2><span style=\"font-size: 14pt;\">Embalaje y almacenamiento<\/span><\/h2>\n<p>Los polvos met\u00e1licos de hierro se envasan en bolsas de vac\u00edo dobles o botellas y cartones.<\/p>\n<p>Los polvos met\u00e1licos de hierro deben almacenarse en un ambiente seco, fresco y bien ventilado para evitar la humedad y el contacto prolongado con el aire y el agua, para evitar la oxidaci\u00f3n y la oxidaci\u00f3n, y deben mantenerse alejados de fuentes de ignici\u00f3n y materiales inflamables, y sellarse para evitar que el polvo vuele y se contamine con otras impurezas.<\/p>\n","protected":false},"excerpt":{"rendered":"<p>El polvo met\u00e1lico de hierro es un polvo met\u00e1lico negro o gris plateado con brillo met\u00e1lico, alta densidad, buena conductividad el\u00e9ctrica y t\u00e9rmica, f\u00e1cilmente oxidable y ampliamente utilizado en metalurgia, pulvimetalurgia, materiales magn\u00e9ticos, catalizadores y muchos otros campos.<\/p>\n","protected":false},"featured_media":1001733,"comment_status":"open","ping_status":"closed","template":"","meta":{"_acf_changed":false},"product_brand":[],"product_cat":[193],"product_tag":[],"class_list":{"0":"post-1013453","1":"product","2":"type-product","3":"status-publish","4":"has-post-thumbnail","6":"product_cat-polvo-de-aleaciones-y-metales-puros","8":"first","9":"instock","10":"shipping-taxable","11":"purchasable","12":"product-type-variable"},"acf":[],"_links":{"self":[{"href":"https:\/\/vimaterial.de\/es\/wp-json\/wp\/v2\/product\/1013453","targetHints":{"allow":["GET"]}}],"collection":[{"href":"https:\/\/vimaterial.de\/es\/wp-json\/wp\/v2\/product"}],"about":[{"href":"https:\/\/vimaterial.de\/es\/wp-json\/wp\/v2\/types\/product"}],"replies":[{"embeddable":true,"href":"https:\/\/vimaterial.de\/es\/wp-json\/wp\/v2\/comments?post=1013453"}],"wp:featuredmedia":[{"embeddable":true,"href":"https:\/\/vimaterial.de\/es\/wp-json\/wp\/v2\/media\/1001733"}],"wp:attachment":[{"href":"https:\/\/vimaterial.de\/es\/wp-json\/wp\/v2\/media?parent=1013453"}],"wp:term":[{"taxonomy":"product_brand","embeddable":true,"href":"https:\/\/vimaterial.de\/es\/wp-json\/wp\/v2\/product_brand?post=1013453"},{"taxonomy":"product_cat","embeddable":true,"href":"https:\/\/vimaterial.de\/es\/wp-json\/wp\/v2\/product_cat?post=1013453"},{"taxonomy":"product_tag","embeddable":true,"href":"https:\/\/vimaterial.de\/es\/wp-json\/wp\/v2\/product_tag?post=1013453"}],"curies":[{"name":"wp","href":"https:\/\/api.w.org\/{rel}","templated":true}]}}