{"id":1013384,"date":"2024-06-17T14:39:42","date_gmt":"2024-06-17T06:39:42","guid":{"rendered":"https:\/\/vimaterial.de\/product\/metal-de-hierro\/"},"modified":"2025-04-17T10:24:55","modified_gmt":"2025-04-17T02:24:55","slug":"metal-de-hierro","status":"publish","type":"product","link":"https:\/\/vimaterial.de\/es\/product\/metal-de-hierro\/","title":{"rendered":"Hierro metal"},"content":{"rendered":"<p>El objetivo de pulverizaci\u00f3n cat\u00f3dica de <span style=\"color: #0000ff;\"><a style=\"color: #0000ff;\" href=\"https:\/\/vimaterial.de\/en\/search\/?type=element&amp;keyword=fe\">metal de hierro<\/a><\/span> es el componente principal del metal hierro, tiene buena conductividad el\u00e9ctrica, alto ferromagnetismo y estabilidad qu\u00edmica, a trav\u00e9s de la tecnolog\u00eda de pulverizaci\u00f3n cat\u00f3dica se puede depositar en el sustrato para equipos electromagn\u00e9ticos, protecci\u00f3n mec\u00e1nica, portadores de catalizadores y otros campos de pel\u00edcula de hierro.<\/p>\n<p>VIMATERIAL ofrece objetivos de pulverizaci\u00f3n cat\u00f3dica de hierro y metal. Nuestros objetivos de pulverizaci\u00f3n cat\u00f3dica de hierro met\u00e1lico se caracterizan por su alta pureza, alta densidad, buena estructura cristalina, excelentes propiedades de pel\u00edcula delgada, alta precisi\u00f3n dimensional y estabilidad al pulverizaci\u00f3n cat\u00f3dica. Y tambi\u00e9n podemos proporcionar un servicio de encuadernaci\u00f3n, aceptamos su personalizaci\u00f3n y experimento, \u00a1 <a href=\"https:\/\/vimaterial.de\/en\/contact-us\/\"><span style=\"color: #0000ff;\">cont\u00e1ctenos<\/span>!<\/a>  <\/p>\n<h2><span style=\"font-size: 14pt;\">Propiedades f\u00edsicas<\/span><\/h2>\n<p>F\u00f3rmula molecular: Fe<\/p>\n<p>Peso molecular: alrededor de 55.85<\/p>\n<p>Aspecto: Por lo general, gris plateado, material objetivo met\u00e1lico<\/p>\n<p>Densidad: aprox. 7,87 g\/cm\u00b3.<\/p>\n<p>Punto de fusi\u00f3n: 1538 \u00b0C<\/p>\n<p>Punto de ebullici\u00f3n: aprox. 2861\u00b0C <\/p>\n<p>Estructura cristalina: estructura c\u00fabica centrada en el cuerpo, esta estructura hace que el hierro tenga buenas propiedades mec\u00e1nicas y magn\u00e9ticas y otras propiedades f\u00edsicas.<\/p>\n<h2><span style=\"font-size: 14pt;\">Aplicaciones<\/span><\/h2>\n<p>Campo electr\u00f3nico: En la fabricaci\u00f3n de componentes electr\u00f3nicos, los objetivos de pulverizaci\u00f3n cat\u00f3dica de metal de hierro se utilizan para depositar pel\u00edculas magn\u00e9ticas, proporcionando materiales centrales de alta permeabilidad para dispositivos electr\u00f3nicos como inductores y transformadores, lo que ayuda a mejorar la eficiencia de la conversi\u00f3n electromagn\u00e9tica.<\/p>\n<p>Fabricaci\u00f3n automotriz: en el recubrimiento de la superficie de las piezas automotrices, como bloques de motor y pistones, la pel\u00edcula de hierro depositada por pulverizaci\u00f3n cat\u00f3dica puede mejorar la resistencia al desgaste y la resistencia a la corrosi\u00f3n de las piezas, y prolongar la vida \u00fatil de las piezas automotrices.<\/p>\n<p>Industria del embalaje: producci\u00f3n de film metalizado para el envasado de alimentos, etc. El hierro se deposita en la pel\u00edcula de pl\u00e1stico por pulverizaci\u00f3n cat\u00f3dica, lo que le da al material de empaque propiedades de barrera y blindaje electromagn\u00e9tico, protegiendo eficazmente la calidad de los alimentos y evitando interferencias electromagn\u00e9ticas externas. <\/p>\n<h2><span style=\"font-size: 14pt;\">Control de calidad<\/span><\/h2>\n<p><span style=\"color: #0000ff;\"><a style=\"color: #0000ff;\" href=\"https:\/\/vimaterial.de\/en\/quality-control\/\">El control de calidad<\/a><\/span> de nuestros productos es muy estricto, desde la selecci\u00f3n de materias primas estables y de alta pureza, hasta el uso de equipos de precisi\u00f3n avanzados y tecnolog\u00eda rigurosa para controlar con precisi\u00f3n todo el proceso de producci\u00f3n, hasta el uso de m\u00e9todos de prueba profesionales sobre las propiedades f\u00edsicas, qu\u00edmicas, microestructurales y otras propiedades del producto de toda la gama de pruebas en profundidad,  Cada enlace sigue estrictamente los altos est\u00e1ndares internacionales, para garantizar que cada lote de materiales se entregue con excelente calidad y estabilidad, para brindar a los clientes una garant\u00eda de calidad s\u00f3lida y confiable. Nos comprometemos a garantizar que cada lote de materiales entregados tenga una excelente calidad y estabilidad, brindando a los clientes una garant\u00eda de calidad s\u00f3lida y confiable. <\/p>\n<h2><span style=\"font-size: 14pt;\">Embalaje y almacenamiento<\/span><\/h2>\n<p>Los objetivos de pulverizaci\u00f3n cat\u00f3dica de metal de hierro se empaquetan en bolsas y cajas de vac\u00edo de doble capa, y el exterior se empaqueta en cajas de cart\u00f3n.<\/p>\n<p>Los blancos de pulverizaci\u00f3n cat\u00f3dica de hierro met\u00e1lico deben almacenarse en un ambiente seco y bien ventilado a una temperatura relativamente estable, evitando el contacto con sustancias corrosivas como agua, ox\u00edgeno, \u00e1cidos, \u00e1lcalis y sales, as\u00ed como evitando estar sujetos a colisiones violentas, fricci\u00f3n y luz solar directa durante un largo per\u00edodo de tiempo, a fin de garantizar la estabilidad de sus propiedades f\u00edsicas y qu\u00edmicas y mantener su buen rendimiento como objetivo de pulverizaci\u00f3n cat\u00f3dica.<\/p>\n","protected":false},"excerpt":{"rendered":"<p>El objetivo de pulverizaci\u00f3n cat\u00f3dica de <span style=\"color: #0000ff;\"><a style=\"color: #0000ff;\" href=\"https:\/\/vimaterial.de\/en\/search\/?type=element&amp;keyword=fe\">metal de hierro<\/a><\/span> es el componente principal del metal hierro, tiene buena conductividad el\u00e9ctrica, alto ferromagnetismo y estabilidad qu\u00edmica, a trav\u00e9s de la tecnolog\u00eda de pulverizaci\u00f3n cat\u00f3dica se puede depositar en el sustrato para equipos electromagn\u00e9ticos, protecci\u00f3n mec\u00e1nica, portadores de catalizadores y otros campos de pel\u00edcula de hierro.<\/p>\n","protected":false},"featured_media":1001743,"comment_status":"open","ping_status":"closed","template":"","meta":{"_acf_changed":false},"product_brand":[],"product_cat":[178],"product_tag":[],"class_list":{"0":"post-1013384","1":"product","2":"type-product","3":"status-publish","4":"has-post-thumbnail","6":"product_cat-catodos-para-sputtering-planar","8":"first","9":"instock","10":"shipping-taxable","11":"purchasable","12":"product-type-variable"},"acf":[],"_links":{"self":[{"href":"https:\/\/vimaterial.de\/es\/wp-json\/wp\/v2\/product\/1013384","targetHints":{"allow":["GET"]}}],"collection":[{"href":"https:\/\/vimaterial.de\/es\/wp-json\/wp\/v2\/product"}],"about":[{"href":"https:\/\/vimaterial.de\/es\/wp-json\/wp\/v2\/types\/product"}],"replies":[{"embeddable":true,"href":"https:\/\/vimaterial.de\/es\/wp-json\/wp\/v2\/comments?post=1013384"}],"wp:featuredmedia":[{"embeddable":true,"href":"https:\/\/vimaterial.de\/es\/wp-json\/wp\/v2\/media\/1001743"}],"wp:attachment":[{"href":"https:\/\/vimaterial.de\/es\/wp-json\/wp\/v2\/media?parent=1013384"}],"wp:term":[{"taxonomy":"product_brand","embeddable":true,"href":"https:\/\/vimaterial.de\/es\/wp-json\/wp\/v2\/product_brand?post=1013384"},{"taxonomy":"product_cat","embeddable":true,"href":"https:\/\/vimaterial.de\/es\/wp-json\/wp\/v2\/product_cat?post=1013384"},{"taxonomy":"product_tag","embeddable":true,"href":"https:\/\/vimaterial.de\/es\/wp-json\/wp\/v2\/product_tag?post=1013384"}],"curies":[{"name":"wp","href":"https:\/\/api.w.org\/{rel}","templated":true}]}}