{"id":1013361,"date":"2024-06-17T14:39:47","date_gmt":"2024-06-17T06:39:47","guid":{"rendered":"https:\/\/vimaterial.de\/product\/boruro-de-hierro-2\/"},"modified":"2025-04-17T10:18:42","modified_gmt":"2025-04-17T02:18:42","slug":"boruro-de-hierro-2","status":"publish","type":"product","link":"https:\/\/vimaterial.de\/es\/product\/boruro-de-hierro-2\/","title":{"rendered":"Boruro de hierro"},"content":{"rendered":"<p>El objetivo de pulverizaci\u00f3n cat\u00f3dica de <span style=\"color: #0000ff;\"><a style=\"color: #0000ff;\" href=\"https:\/\/vimaterial.de\/en\/product\/iron-boride\/\">boruro de hierro<\/a><\/span> es un material compuesto principalmente de boruro de hierro, que tiene alta dureza, buena resistencia a la abrasi\u00f3n y estabilidad qu\u00edmica. A trav\u00e9s del proceso de pulverizaci\u00f3n cat\u00f3dica, puede depositar pel\u00edculas delgadas con propiedades fisicoqu\u00edmicas especiales en el sustrato, que se usa ampliamente en los campos de mecanizado y protecci\u00f3n de componentes electr\u00f3nicos. <\/p>\n<p>VIMATERIAL proporciona blancos de pulverizaci\u00f3n cat\u00f3dica Iron Boride. Nuestros objetivos de pulverizaci\u00f3n cat\u00f3dica de boruro de hierro se caracterizan por su alta pureza, alta densidad, buena estructura cristalina, excelentes propiedades de pel\u00edcula delgada, alta precisi\u00f3n dimensional y estabilidad al pulverizaci\u00f3n cat\u00f3dica. Y tambi\u00e9n podemos proporcionar un servicio de encuadernaci\u00f3n, aceptamos su personalizaci\u00f3n y experimento, \u00a1 <span style=\"color: #0000ff;\"><a style=\"color: #0000ff;\" href=\"https:\/\/vimaterial.de\/en\/contact-us\/\">cont\u00e1ctenos!<\/a><\/span>  <\/p>\n<h2><span style=\"font-size: 14pt;\">Propiedades f\u00edsicas<\/span><\/h2>\n<p>F\u00f3rmula molecular: Fe\u2082B<\/p>\n<p>Peso molecular: alrededor de 125.5<\/p>\n<p>Aspecto: Blanco generalmente gris plateado o negro con brillo met\u00e1lico<\/p>\n<p>Densidad: generalmente alrededor de 7,3 &#8211; 7,4 g\/cm\u00b3.<\/p>\n<p>Punto de fusi\u00f3n: alrededor de 1389 \u00b0C<\/p>\n<p>Estructura cristalina: Tiene una estructura cristalina ortorr\u00f3mbica, lo que le confiere ciertas propiedades f\u00edsicas como dureza y estabilidad.<\/p>\n<h2><span style=\"font-size: 14pt;\">Aplicaciones<\/span><\/h2>\n<p>Electr\u00f3nica: Los objetivos de pulverizaci\u00f3n cat\u00f3dica de boruro de hierro se utilizan para depositar pel\u00edculas delgadas resistentes al desgaste y conductoras de electricidad en la fabricaci\u00f3n de dispositivos electr\u00f3nicos, lo que mejora la estabilidad y confiabilidad de los componentes electr\u00f3nicos.<\/p>\n<p>En el campo de la fabricaci\u00f3n de maquinaria, el boruro de hierro se utiliza como material de recubrimiento en las superficies de piezas mec\u00e1nicas, como herramientas de corte y moldes, etc. La pel\u00edcula de boruro de hierro formada por pulverizaci\u00f3n cat\u00f3dica puede mejorar eficazmente la dureza y la resistencia al desgaste de las piezas, prolongar su vida \u00fatil y mejorar la precisi\u00f3n del mecanizado. <\/p>\n<p>Metalurgia: Desempe\u00f1a un papel en la modificaci\u00f3n de la superficie de los materiales met\u00e1licos. Puede depositar una capa de pel\u00edcula de boruro de hierro en la superficie del sustrato met\u00e1lico para mejorar la resistencia a la corrosi\u00f3n y el rendimiento a alta temperatura del metal, de modo que los materiales met\u00e1licos puedan adaptarse mejor al duro entorno de trabajo. <\/p>\n<h2><span style=\"font-size: 14pt;\">Control de calidad<\/span><\/h2>\n<p><span style=\"color: #0000ff;\"><a style=\"color: #0000ff;\" href=\"https:\/\/vimaterial.de\/en\/quality-control\/\">El control de calidad<\/a> <\/span>de nuestros productos es muy estricto, desde la selecci\u00f3n de materias primas estables y de alta pureza, hasta el uso de equipos de precisi\u00f3n avanzados y tecnolog\u00eda rigurosa para controlar con precisi\u00f3n todo el proceso de producci\u00f3n, hasta el uso de m\u00e9todos de prueba profesionales sobre las propiedades f\u00edsicas, qu\u00edmicas, microestructurales y otras propiedades del producto de toda la gama de pruebas en profundidad,  Cada enlace sigue estrictamente los altos est\u00e1ndares internacionales, para garantizar que cada lote de materiales se entregue con excelente calidad y estabilidad, para brindar a los clientes una garant\u00eda de calidad s\u00f3lida y confiable. Nos comprometemos a garantizar que cada lote de materiales entregados tenga una excelente calidad y estabilidad, brindando a los clientes una garant\u00eda de calidad s\u00f3lida y confiable. <\/p>\n<h2><span style=\"font-size: 14pt;\">Embalaje y almacenamiento<\/span><\/h2>\n<p>Los objetivos de pulverizaci\u00f3n cat\u00f3dica Iron Boride se empaquetan en bolsas y cajas de vac\u00edo de doble capa, y el exterior se empaqueta en cajas de cart\u00f3n.<\/p>\n<p>Los objetivos de pulverizaci\u00f3n cat\u00f3dica de boruro de hierro deben almacenarse en un ambiente seco, fresco, bien ventilado y estable a la temperatura, evitando el contacto con sustancias corrosivas como agua, \u00e1cidos y \u00e1lcalis, as\u00ed como evitando estar sujetos a impactos f\u00edsicos severos, fricci\u00f3n y luz solar directa, para garantizar que las propiedades f\u00edsicas y qu\u00edmicas del material no se vean afectadas y para mantener su buen rendimiento en aplicaciones de pulverizaci\u00f3n cat\u00f3dica.<\/p>\n","protected":false},"excerpt":{"rendered":"<p>El objetivo de pulverizaci\u00f3n cat\u00f3dica de <span style=\"color: #0000ff;\"><a style=\"color: #0000ff;\" href=\"https:\/\/vimaterial.de\/en\/product\/iron-boride\/\">boruro de hierro<\/a><\/span> es un material compuesto principalmente de boruro de hierro, que tiene alta dureza, buena resistencia a la abrasi\u00f3n y estabilidad qu\u00edmica. A trav\u00e9s del proceso de pulverizaci\u00f3n cat\u00f3dica, puede depositar pel\u00edculas delgadas con propiedades fisicoqu\u00edmicas especiales en el sustrato, que se usa ampliamente en los campos de mecanizado y protecci\u00f3n de componentes electr\u00f3nicos. <\/p>\n","protected":false},"featured_media":1001761,"comment_status":"open","ping_status":"closed","template":"","meta":{"_acf_changed":false},"product_brand":[],"product_cat":[178],"product_tag":[],"class_list":{"0":"post-1013361","1":"product","2":"type-product","3":"status-publish","4":"has-post-thumbnail","6":"product_cat-catodos-para-sputtering-planar","8":"first","9":"instock","10":"shipping-taxable","11":"product-type-variable"},"acf":[],"_links":{"self":[{"href":"https:\/\/vimaterial.de\/es\/wp-json\/wp\/v2\/product\/1013361","targetHints":{"allow":["GET"]}}],"collection":[{"href":"https:\/\/vimaterial.de\/es\/wp-json\/wp\/v2\/product"}],"about":[{"href":"https:\/\/vimaterial.de\/es\/wp-json\/wp\/v2\/types\/product"}],"replies":[{"embeddable":true,"href":"https:\/\/vimaterial.de\/es\/wp-json\/wp\/v2\/comments?post=1013361"}],"wp:featuredmedia":[{"embeddable":true,"href":"https:\/\/vimaterial.de\/es\/wp-json\/wp\/v2\/media\/1001761"}],"wp:attachment":[{"href":"https:\/\/vimaterial.de\/es\/wp-json\/wp\/v2\/media?parent=1013361"}],"wp:term":[{"taxonomy":"product_brand","embeddable":true,"href":"https:\/\/vimaterial.de\/es\/wp-json\/wp\/v2\/product_brand?post=1013361"},{"taxonomy":"product_cat","embeddable":true,"href":"https:\/\/vimaterial.de\/es\/wp-json\/wp\/v2\/product_cat?post=1013361"},{"taxonomy":"product_tag","embeddable":true,"href":"https:\/\/vimaterial.de\/es\/wp-json\/wp\/v2\/product_tag?post=1013361"}],"curies":[{"name":"wp","href":"https:\/\/api.w.org\/{rel}","templated":true}]}}