{"id":1013356,"date":"2024-06-17T14:39:43","date_gmt":"2024-06-17T06:39:43","guid":{"rendered":"https:\/\/vimaterial.de\/product\/boruro-de-hierro\/"},"modified":"2025-04-17T10:20:29","modified_gmt":"2025-04-17T02:20:29","slug":"boruro-de-hierro","status":"publish","type":"product","link":"https:\/\/vimaterial.de\/es\/product\/boruro-de-hierro\/","title":{"rendered":"Boruro de hierro"},"content":{"rendered":"<p>El polvo de <span style=\"color: #0000ff;\"><a style=\"color: #0000ff;\" href=\"https:\/\/vimaterial.de\/en\/product\/iron-boride-3\/\">boruro de hierro<\/a><\/span> es un compuesto binario de hierro y boro con apariencia gris, alta dureza, alta densidad, buena resistencia al desgaste, resistencia a la corrosi\u00f3n y conductividad el\u00e9ctrica, que tiene importantes aplicaciones en el campo de materiales magn\u00e9ticos, carburo cementado, blindaje electromagn\u00e9tico, acero especial, fabricaci\u00f3n de componentes electr\u00f3nicos, etc.<\/p>\n<p>VIMATERIAl ofrece polvos de \u00f3xido de hierro. Nuestros polvos de \u00f3xido de hierro tienen las ventajas de un tama\u00f1o de part\u00edcula uniforme, bajo contenido de impurezas, alta estabilidad qu\u00edmica y buen rendimiento en las aplicaciones. Contamos con un equipo profesional de investigaci\u00f3n y desarrollo de tecnolog\u00eda, aceptamos personalizados y experimentales, si lo necesita, <span style=\"color: #0000ff;\"><a style=\"color: #0000ff;\" href=\"https:\/\/vimaterial.de\/en\/contact-us\/\">cont\u00e1ctenos.<\/a><\/span> <\/p>\n<h2><span style=\"font-size: 14pt;\">Propiedades f\u00edsicas<\/span><\/h2>\n<p>F\u00f3rmula molecular: Fe\u2082B<\/p>\n<p>Peso molecular: 122.501<\/p>\n<p>Densidad: 7,3 g\/cm\u00b3<\/p>\n<p>Punto de fusi\u00f3n: 1389\u00b0C<\/p>\n<p>Estructura cristalina: Sistema cristalino tetragonal, grupo espacial I4\/mc, constante de red a = 0,511 nm, b = 0,511 nm, c = 0,4249 nm<\/p>\n<h2><span style=\"font-size: 14pt;\">Aplicaci\u00f3n<\/span><\/h2>\n<p>Carburo cementado: El polvo de boruro de hierro se puede utilizar como aditivo en la producci\u00f3n de carburo cementado, lo que mejora significativamente la dureza y la resistencia al desgaste de la aleaci\u00f3n, hace que la herramienta sea m\u00e1s afilada y duradera en el corte y puede hacer frente de manera efectiva a las necesidades de mecanizado de materiales de alta dureza.<\/p>\n<p>Materiales magn\u00e9ticos: con sus propiedades magn\u00e9ticas \u00fanicas, es ampliamente utilizado en la fabricaci\u00f3n de varios componentes magn\u00e9ticos, como n\u00facleos de transformadores, etc. Ayuda a mejorar la permeabilidad y la saturaci\u00f3n, la inducci\u00f3n magn\u00e9tica de materiales magn\u00e9ticos y a optimizar la eficiencia de la conversi\u00f3n electromagn\u00e9tica. <\/p>\n<p>Recubrimiento de superficie: La adici\u00f3n de polvos de boruro de hierro a las superficies met\u00e1licas mejora la dureza, la resistencia a la corrosi\u00f3n y la resistencia a la abrasi\u00f3n del recubrimiento, proporcionando una protecci\u00f3n eficaz y prolongando la vida \u00fatil de la superficie met\u00e1lica.<\/p>\n<p>Metalurgia: Como un importante aditivo de elemento de aleaci\u00f3n, se utiliza en el proceso de fundici\u00f3n de aceros especiales para mejorar la resistencia, la tenacidad y la resistencia al desgaste del acero para cumplir con los requisitos de los aceros de alto rendimiento en industrias como la construcci\u00f3n y la fabricaci\u00f3n de maquinaria.<\/p>\n<p>Campo electr\u00f3nico: En la fabricaci\u00f3n de componentes electr\u00f3nicos, sus propiedades el\u00e9ctricas se utilizan para crear dispositivos electr\u00f3nicos con resistencia, capacitancia y otras caracter\u00edsticas espec\u00edficas para garantizar el funcionamiento estable de los equipos electr\u00f3nicos, como en la fabricaci\u00f3n de ciertos chips electr\u00f3nicos que juegan un papel clave.<\/p>\n<h2><span style=\"font-size: 14pt;\">Control de calidad<\/span><\/h2>\n<p><span style=\"color: #0000ff;\"><a style=\"color: #0000ff;\" href=\"https:\/\/vimaterial.de\/en\/quality-control\/\">Cada lote<\/a><\/span> de nuestros productos parte de la cuidadosa selecci\u00f3n de las materias primas y pasa por varios procesos avanzados, con un estricto control de par\u00e1metros y un seguimiento en tiempo real en cada paso. Todo el proceso de producci\u00f3n sigue el sistema de gesti\u00f3n de calidad internacional, y el uso de equipos de prueba de alta precisi\u00f3n realiza pruebas de precisi\u00f3n completa de la distribuci\u00f3n del tama\u00f1o de part\u00edcula, la pureza, el contenido de impurezas y otros indicadores clave, sin escatimar defectos menores, para garantizar la calidad de cada lote de productos. <\/p>\n<h2><span style=\"font-size: 14pt;\">Embalaje y almacenamiento<\/span><\/h2>\n<p>Los polvos de boruro de hierro se envasan en bolsas de vac\u00edo dobles o botellas y cartones.<\/p>\n<p>Los polvos de boruro de hierro deben almacenarse en un ambiente seco, fresco y bien ventilado, sellados para evitar la humedad y la oxidaci\u00f3n, y almacenarse separados de sustancias corrosivas como \u00e1cidos, \u00e1lcalis y agentes oxidantes fuertes para evitar cambios en sus propiedades qu\u00edmicas.<\/p>\n","protected":false},"excerpt":{"rendered":"<p>El polvo de <span style=\"color: #0000ff;\"><a style=\"color: #0000ff;\" href=\"https:\/\/vimaterial.de\/en\/product\/iron-boride-3\/\">boruro de hierro<\/a><\/span> es un compuesto binario de hierro y boro con apariencia gris, alta dureza, alta densidad, buena resistencia al desgaste, resistencia a la corrosi\u00f3n y conductividad el\u00e9ctrica, que tiene importantes aplicaciones en el campo de materiales magn\u00e9ticos, carburo cementado, blindaje electromagn\u00e9tico, acero especial, fabricaci\u00f3n de componentes electr\u00f3nicos, etc.<\/p>\n","protected":false},"featured_media":1001761,"comment_status":"open","ping_status":"closed","template":"","meta":{"_acf_changed":false},"product_brand":[],"product_cat":[183],"product_tag":[],"class_list":{"0":"post-1013356","1":"product","2":"type-product","3":"status-publish","4":"has-post-thumbnail","6":"product_cat-c-n-b-si-materiales","8":"first","9":"instock","10":"shipping-taxable","11":"purchasable","12":"product-type-variable"},"acf":[],"_links":{"self":[{"href":"https:\/\/vimaterial.de\/es\/wp-json\/wp\/v2\/product\/1013356","targetHints":{"allow":["GET"]}}],"collection":[{"href":"https:\/\/vimaterial.de\/es\/wp-json\/wp\/v2\/product"}],"about":[{"href":"https:\/\/vimaterial.de\/es\/wp-json\/wp\/v2\/types\/product"}],"replies":[{"embeddable":true,"href":"https:\/\/vimaterial.de\/es\/wp-json\/wp\/v2\/comments?post=1013356"}],"wp:featuredmedia":[{"embeddable":true,"href":"https:\/\/vimaterial.de\/es\/wp-json\/wp\/v2\/media\/1001761"}],"wp:attachment":[{"href":"https:\/\/vimaterial.de\/es\/wp-json\/wp\/v2\/media?parent=1013356"}],"wp:term":[{"taxonomy":"product_brand","embeddable":true,"href":"https:\/\/vimaterial.de\/es\/wp-json\/wp\/v2\/product_brand?post=1013356"},{"taxonomy":"product_cat","embeddable":true,"href":"https:\/\/vimaterial.de\/es\/wp-json\/wp\/v2\/product_cat?post=1013356"},{"taxonomy":"product_tag","embeddable":true,"href":"https:\/\/vimaterial.de\/es\/wp-json\/wp\/v2\/product_tag?post=1013356"}],"curies":[{"name":"wp","href":"https:\/\/api.w.org\/{rel}","templated":true}]}}