{"id":1013345,"date":"2024-06-17T14:39:48","date_gmt":"2024-06-17T06:39:48","guid":{"rendered":"https:\/\/vimaterial.de\/product\/oxido-de-hierro-7\/"},"modified":"2025-04-17T10:13:51","modified_gmt":"2025-04-17T02:13:51","slug":"oxido-de-hierro-7","status":"publish","type":"product","link":"https:\/\/vimaterial.de\/es\/product\/oxido-de-hierro-7\/","title":{"rendered":"\u00d3xido de hierro"},"content":{"rendered":"<p>El polvo de \u00f3xido de hierro es de color marr\u00f3n rojizo, insoluble en agua, oxidante, com\u00fanmente utilizado como pigmento, catalizador y una materia prima importante en la fabricaci\u00f3n de hierro y la preparaci\u00f3n de materiales magn\u00e9ticos.<\/p>\n<p>VIMATERIAl ofrece una amplia gama de polvos de \u00f3xido de hierro. Nuestros polvos de \u00f3xido de hierro tienen las ventajas de un tama\u00f1o de part\u00edcula uniforme, bajo contenido de impurezas, alta estabilidad qu\u00edmica y buen rendimiento en las aplicaciones. Contamos con un equipo profesional de investigaci\u00f3n y desarrollo de tecnolog\u00eda, aceptamos personalizados y experimentales, si lo necesita, <span style=\"color: #0000ff;\"><a style=\"color: #0000ff;\" href=\"https:\/\/vimaterial.de\/en\/contact-us\/\">cont\u00e1ctenos<\/a><\/span>.  <\/p>\n<h2><span style=\"font-size: 14pt;\">Propiedades f\u00edsicas<\/span><\/h2>\n<p>F\u00f3rmula molecular: Fe\u2082O\u2083<\/p>\n<p>Peso molecular: 159,69 g\/mol<\/p>\n<p>Aspecto: Por lo general, polvo s\u00f3lido de color marr\u00f3n rojizo<\/p>\n<p>Densidad: 5,24 g\/cm\u00b3<\/p>\n<p>Punto de fusi\u00f3n: 1565 \u00b0C<\/p>\n<p>Punto de ebullici\u00f3n: 3414\u00b0C<\/p>\n<p>Estructura cristalina: a menudo existe en la estructura del sistema cristalino tripartito de tipo cristalino de \u03b1-Fe\u2082O\u2083 tipo corind\u00f3n, existe una peque\u00f1a porci\u00f3n en la estructura del sistema cristalino c\u00fabico de tipo cristalino subestable \u03b3-Fe\u2082O\u2083.<\/p>\n<h2><span style=\"font-size: 14pt;\">Aplicaci\u00f3n<\/span><\/h2>\n<p>Campo de material magn\u00e9tico: \u03b3 &#8211; Fe\u2082O\u2083 tiene propiedades magn\u00e9ticas, que se pueden utilizar para fabricar materiales de grabaci\u00f3n magn\u00e9tica como cintas y discos magn\u00e9ticos, y es una de las materias primas clave en el campo del almacenamiento de informaci\u00f3n.<\/p>\n<p>Campo catal\u00edtico: Act\u00faa como catalizador en algunas reacciones qu\u00edmicas, como la reacci\u00f3n de oxidaci\u00f3n catal\u00edtica, la reacci\u00f3n de conversi\u00f3n de agua y gas, etc., que pueden acelerar la reacci\u00f3n y mejorar la eficiencia de la reacci\u00f3n.<\/p>\n<p>Materiales electr\u00f3nicos: se utilizan en la preparaci\u00f3n de componentes electr\u00f3nicos en la pel\u00edcula magn\u00e9tica, materiales semiconductores, etc., para ayudar a mejorar el rendimiento de los equipos electr\u00f3nicos, como mejorar la sensibilidad de los sensores magn\u00e9ticos.<\/p>\n<p>Campo farmac\u00e9utico: Se puede utilizar como componente de un f\u00e1rmaco portador o agente de contraste, y sus propiedades fisicoqu\u00edmicas adecuadas pueden utilizarse para ayudar al f\u00e1rmaco a realizar mejor su efecto o para diagnosticar la enfermedad.<\/p>\n<h2><span style=\"font-size: 14pt;\">Control de calidad<\/span><\/h2>\n<p><span style=\"color: #0000ff;\"><a style=\"color: #0000ff;\" href=\"https:\/\/vimaterial.de\/en\/quality-control\/\">Cada lote<\/a> <\/span>de nuestros productos parte de la cuidadosa selecci\u00f3n de las materias primas y pasa por varios procesos avanzados, con un estricto control de par\u00e1metros y un seguimiento en tiempo real en cada paso. Todo el proceso de producci\u00f3n sigue el sistema de gesti\u00f3n de calidad internacional, y el uso de equipos de prueba de alta precisi\u00f3n realiza pruebas de precisi\u00f3n completa de la distribuci\u00f3n del tama\u00f1o de part\u00edcula, la pureza, el contenido de impurezas y otros indicadores clave, sin escatimar defectos menores, para garantizar la calidad de cada lote de productos. <\/p>\n<h2><span style=\"font-size: 14pt;\">Embalaje y almacenamiento<\/span><\/h2>\n<p>El polvo de \u00f3xido de hierro se envasa en bolsas de vac\u00edo dobles o botellas y cartones.<\/p>\n<p>El polvo de \u00f3xido de hierro debe almacenarse en un ambiente seco y bien ventilado, evitando la humedad y el contacto con agentes reductores fuertes, sellarse para evitar que el polvo vuele y colocarse lejos de fuentes de ignici\u00f3n y fuentes de alta temperatura para garantizar que sus propiedades qu\u00edmicas y f\u00edsicas sean estables.<\/p>\n","protected":false},"excerpt":{"rendered":"<p>El polvo de \u00f3xido de hierro es de color marr\u00f3n rojizo, insoluble en agua, oxidante, com\u00fanmente utilizado como pigmento, catalizador y una materia prima importante en la fabricaci\u00f3n de hierro y la preparaci\u00f3n de materiales magn\u00e9ticos.<\/p>\n","protected":false},"featured_media":1001780,"comment_status":"open","ping_status":"closed","template":"","meta":{"_acf_changed":false},"product_brand":[],"product_cat":[186],"product_tag":[],"class_list":{"0":"post-1013345","1":"product","2":"type-product","3":"status-publish","4":"has-post-thumbnail","6":"product_cat-materiales-de-oxido-hidroxido","8":"first","9":"instock","10":"shipping-taxable","11":"purchasable","12":"product-type-variable"},"acf":[],"_links":{"self":[{"href":"https:\/\/vimaterial.de\/es\/wp-json\/wp\/v2\/product\/1013345","targetHints":{"allow":["GET"]}}],"collection":[{"href":"https:\/\/vimaterial.de\/es\/wp-json\/wp\/v2\/product"}],"about":[{"href":"https:\/\/vimaterial.de\/es\/wp-json\/wp\/v2\/types\/product"}],"replies":[{"embeddable":true,"href":"https:\/\/vimaterial.de\/es\/wp-json\/wp\/v2\/comments?post=1013345"}],"wp:featuredmedia":[{"embeddable":true,"href":"https:\/\/vimaterial.de\/es\/wp-json\/wp\/v2\/media\/1001780"}],"wp:attachment":[{"href":"https:\/\/vimaterial.de\/es\/wp-json\/wp\/v2\/media?parent=1013345"}],"wp:term":[{"taxonomy":"product_brand","embeddable":true,"href":"https:\/\/vimaterial.de\/es\/wp-json\/wp\/v2\/product_brand?post=1013345"},{"taxonomy":"product_cat","embeddable":true,"href":"https:\/\/vimaterial.de\/es\/wp-json\/wp\/v2\/product_cat?post=1013345"},{"taxonomy":"product_tag","embeddable":true,"href":"https:\/\/vimaterial.de\/es\/wp-json\/wp\/v2\/product_tag?post=1013345"}],"curies":[{"name":"wp","href":"https:\/\/api.w.org\/{rel}","templated":true}]}}