{"id":1013331,"date":"2024-06-17T14:39:47","date_gmt":"2024-06-17T06:39:47","guid":{"rendered":"https:\/\/vimaterial.de\/product\/oxido-de-hierro-6\/"},"modified":"2025-04-17T10:16:04","modified_gmt":"2025-04-17T02:16:04","slug":"oxido-de-hierro-6","status":"publish","type":"product","link":"https:\/\/vimaterial.de\/es\/product\/oxido-de-hierro-6\/","title":{"rendered":"\u00d3xido de hierro"},"content":{"rendered":"<p>Los gr\u00e1nulos <span style=\"color: #0000ff;\"><a style=\"color: #0000ff;\" href=\"https:\/\/vimaterial.de\/en\/product\/iron-oxide-2\/\">de \u00f3xido de hierro<\/a><\/span> son gr\u00e1nulos de color rojo o marr\u00f3n rojizo compuestos principalmente de tri\u00f3xido de hierro, con buena estabilidad qu\u00edmica, propiedades pigmentarias y ciertas propiedades magn\u00e9ticas, que se utilizan ampliamente en pigmentos, materiales magn\u00e9ticos, catalizadores y otros campos.<\/p>\n<p>VIMATERIAL proporciona gr\u00e1nulos de \u00f3xido de hierro, nuestros gr\u00e1nulos tienen una composici\u00f3n uniforme y estable, alta pureza, alta dureza, tama\u00f1o de part\u00edcula controlable, etc. Y podemos aceptar productos y experimentos personalizados, contamos con un equipo profesional de investigaci\u00f3n y desarrollo t\u00e9cnico, <span style=\"color: #0000ff;\"><a style=\"color: #0000ff;\" href=\"https:\/\/vimaterial.de\/en\/contact-us\/\">cont\u00e1ctenos<\/a><\/span>. <\/p>\n<h2><span style=\"font-size: 14pt;\">Propiedades f\u00edsicas<\/span><\/h2>\n<p>F\u00f3rmula molecular: Fe\u2082O\u2083<\/p>\n<p>Peso molecular: 159.688<\/p>\n<p>Aspecto: gr\u00e1nulo de color marr\u00f3n rojizo<\/p>\n<p>Densidad: 5,24 g\/cm\u00b3<\/p>\n<p>Punto de fusi\u00f3n: alrededor de 1565 \u00b0C<\/p>\n<p>Punto de ebullici\u00f3n: alrededor de 3414 \u00b0C<\/p>\n<p>Estructura cristalina: Sistema cristalino tripartito, estructura tipo corind\u00f3n, en el que los iones de hierro tienen dos entornos de coordinaci\u00f3n diferentes y los iones de ox\u00edgeno est\u00e1n dispuestos en un empaquetamiento hexagonal.<\/p>\n<h2><span style=\"font-size: 14pt;\">Aplicaci\u00f3n<\/span><\/h2>\n<p>Campo de pigmentos: Ampliamente utilizado como pigmento rojo en pinturas, lacas y tintas de impresi\u00f3n para dar un color rojo brillante.<\/p>\n<p>Campo de material magn\u00e9tico: Se puede utilizar para preparar dispositivos magn\u00e9ticos, que pueden desempe\u00f1ar un papel magn\u00e9tico en condiciones espec\u00edficas.<\/p>\n<p>En el campo de los materiales de construcci\u00f3n: se utiliza en coloridas cer\u00e1micas arquitect\u00f3nicas, azulejos vidriados, etc., aportando color y decoraci\u00f3n.<\/p>\n<p>Campo de la industria metal\u00fargica: es una materia prima importante para la refinaci\u00f3n de hierro, refinaci\u00f3n de hierro por reacci\u00f3n de reducci\u00f3n.<\/p>\n<p>Campo catal\u00edtico: se utiliza como catalizador o portador para acelerar el proceso de reacci\u00f3n qu\u00edmica.<\/p>\n<p>Industria electr\u00f3nica: se utiliza en la fabricaci\u00f3n de cer\u00e1micas electr\u00f3nicas, materiales de grabaci\u00f3n magn\u00e9tica y otros componentes electr\u00f3nicos.<\/p>\n<h2><span style=\"font-size: 14pt;\">Control de calidad<\/span><\/h2>\n<p><span style=\"color: #0000ff;\"><a style=\"color: #0000ff;\" href=\"https:\/\/vimaterial.de\/en\/quality-control\/\">Cada lote <\/a><\/span>de productos protege estrictamente la calidad, desde la selecci\u00f3n de los proveedores de materias primas, hasta el uso de equipos de prueba avanzados para monitorear con precisi\u00f3n todo el proceso de producci\u00f3n, hasta el producto terminado a trav\u00e9s de muchas rondas de muestreo severo y certificaci\u00f3n autorizada de terceros, para garantizar que cada lote de productos cumpla y supere los altos est\u00e1ndares de la industria con un  Sistema de control de calidad de tolerancia cero, para proporcionar a nuestros clientes la mejor calidad y los productos m\u00e1s estables.<\/p>\n<h2><span style=\"font-size: 14pt;\">Embalaje y almacenamiento<\/span><\/h2>\n<p>Los gr\u00e1nulos de \u00f3xido de hierro se empaquetan en bolsas de vac\u00edo o botellas de vac\u00edo y se empaquetan en cajas de cart\u00f3n exteriores.<\/p>\n<p>Los gr\u00e1nulos de \u00f3xido de hierro deben almacenarse en un lugar seco, fresco y bien ventilado, evitando la humedad, las altas temperaturas y el contacto con agentes oxidantes y \u00e1cidos fuertes.<\/p>\n","protected":false},"excerpt":{"rendered":"<p>Los gr\u00e1nulos <span style=\"color: #0000ff;\"><a style=\"color: #0000ff;\" href=\"https:\/\/vimaterial.de\/en\/product\/iron-oxide-2\/\">de \u00f3xido de hierro<\/a><\/span> son gr\u00e1nulos de color rojo o marr\u00f3n rojizo compuestos principalmente de tri\u00f3xido de hierro, con buena estabilidad qu\u00edmica, propiedades pigmentarias y ciertas propiedades magn\u00e9ticas, que se utilizan ampliamente en pigmentos, materiales magn\u00e9ticos, catalizadores y otros campos.<\/p>\n","protected":false},"featured_media":1001773,"comment_status":"open","ping_status":"closed","template":"","meta":{"_acf_changed":false},"product_brand":[],"product_cat":[179],"product_tag":[],"class_list":{"0":"post-1013331","1":"product","2":"type-product","3":"status-publish","4":"has-post-thumbnail","6":"product_cat-materiales-de-evaporacion","8":"first","9":"instock","10":"shipping-taxable","11":"product-type-variable"},"acf":[],"_links":{"self":[{"href":"https:\/\/vimaterial.de\/es\/wp-json\/wp\/v2\/product\/1013331","targetHints":{"allow":["GET"]}}],"collection":[{"href":"https:\/\/vimaterial.de\/es\/wp-json\/wp\/v2\/product"}],"about":[{"href":"https:\/\/vimaterial.de\/es\/wp-json\/wp\/v2\/types\/product"}],"replies":[{"embeddable":true,"href":"https:\/\/vimaterial.de\/es\/wp-json\/wp\/v2\/comments?post=1013331"}],"wp:featuredmedia":[{"embeddable":true,"href":"https:\/\/vimaterial.de\/es\/wp-json\/wp\/v2\/media\/1001773"}],"wp:attachment":[{"href":"https:\/\/vimaterial.de\/es\/wp-json\/wp\/v2\/media?parent=1013331"}],"wp:term":[{"taxonomy":"product_brand","embeddable":true,"href":"https:\/\/vimaterial.de\/es\/wp-json\/wp\/v2\/product_brand?post=1013331"},{"taxonomy":"product_cat","embeddable":true,"href":"https:\/\/vimaterial.de\/es\/wp-json\/wp\/v2\/product_cat?post=1013331"},{"taxonomy":"product_tag","embeddable":true,"href":"https:\/\/vimaterial.de\/es\/wp-json\/wp\/v2\/product_tag?post=1013331"}],"curies":[{"name":"wp","href":"https:\/\/api.w.org\/{rel}","templated":true}]}}