{"id":1013297,"date":"2024-06-17T14:25:52","date_gmt":"2024-06-17T06:25:52","guid":{"rendered":"https:\/\/vimaterial.de\/product\/titanio-aleacion-de-cromo\/"},"modified":"2025-04-18T16:24:36","modified_gmt":"2025-04-18T08:24:36","slug":"titanio-aleacion-de-cromo","status":"publish","type":"product","link":"https:\/\/vimaterial.de\/es\/product\/titanio-aleacion-de-cromo\/","title":{"rendered":"Aleaci\u00f3n de titanio y cromo"},"content":{"rendered":"<p>El objetivo de pulverizaci\u00f3n cat\u00f3dica de aleaci\u00f3n de cromo y titanio es una aleaci\u00f3n de titanio y cromo, con buena resistencia a la corrosi\u00f3n, alta dureza y conductividad el\u00e9ctrica adecuada, capaz de depositar pel\u00edculas delgadas uniformes de titanio y cromo sobre el sustrato en el proceso de pulverizaci\u00f3n cat\u00f3dica, que se utilizan ampliamente en muchos campos, como la electr\u00f3nica, la protecci\u00f3n de superficies y la decoraci\u00f3n.<\/p>\n<p>VIMATERIAL es una empresa de innovaci\u00f3n en materiales qu\u00edmicos de vanguardia especializada en materiales de alto rendimiento dise\u00f1ados para aplicaciones de ingenier\u00eda avanzadas. Nuestros productos son de alta pureza y calidad, admitimos empaque de lotes peque\u00f1os, MOQ de productos peque\u00f1os, inventario suficiente, personalizaci\u00f3n de soporte y podemos brindar un servicio de encuadernaci\u00f3n objetivo, si tiene alguna necesidad, <span style=\"color: #0000ff;\"><a style=\"color: #0000ff;\" href=\"https:\/\/vimaterial.de\/en\/contact-us\/\">cont\u00e1ctenos<\/a><\/span>. <\/p>\n<h2><span style=\"font-size: 14pt;\">Propiedades<\/span><\/h2>\n<p>F\u00f3rmula molecular: TiCr<\/p>\n<p>Aspecto: generalmente brillo met\u00e1lico gris plateado, la textura general es uniforme<\/p>\n<h2><span style=\"font-size: 14pt;\">Aplicaci\u00f3n<\/span><\/h2>\n<p>Industria electr\u00f3nica: En la industria electr\u00f3nica, los objetivos de pulverizaci\u00f3n cat\u00f3dica de aleaci\u00f3n de titanio y cromo se utilizan en la fabricaci\u00f3n de dispositivos semiconductores. A trav\u00e9s del proceso de pulverizaci\u00f3n cat\u00f3dica, se forma una pel\u00edcula delgada con buena conductividad el\u00e9ctrica y resistencia a la corrosi\u00f3n en la superficie del chip, que se utiliza como material de interconexi\u00f3n o capa de barrera de difusi\u00f3n de los componentes electr\u00f3nicos para garantizar el rendimiento y la estabilidad de los dispositivos electr\u00f3nicos. <\/p>\n<p>Aplicaciones \u00f3pticas: En el campo de la \u00f3ptica, este objetivo de pulverizaci\u00f3n cat\u00f3dica se puede utilizar para la fabricaci\u00f3n de pel\u00edculas \u00f3pticas, como en lentes \u00f3pticas, pantallas y otros productos, a trav\u00e9s de la deposici\u00f3n de pulverizaci\u00f3n cat\u00f3dica se puede formar para reducir la reflexi\u00f3n, aumentar la transmitancia o cambiar las caracter\u00edsticas de polarizaci\u00f3n de la luz de la pel\u00edcula, para mejorar el rendimiento de los productos \u00f3pticos.<\/p>\n<p>Aeroespacial: En el campo aeroespacial, el objetivo de pulverizaci\u00f3n cat\u00f3dica se puede utilizar para depositar pel\u00edculas delgadas en la superficie de las piezas de aviones para mejorar la resistencia antioxidante, a la corrosi\u00f3n y a altas temperaturas de las piezas, lo que garantiza la confiabilidad y durabilidad de los equipos aeroespaciales en entornos hostiles.<\/p>\n<h2><span style=\"font-size: 14pt;\">Control de calidad<\/span><\/h2>\n<p><span style=\"color: #0000ff;\"><a style=\"color: #0000ff;\" href=\"https:\/\/vimaterial.de\/en\/quality-control\/\">Nuestros productos<\/a><\/span> est\u00e1n sujetos a un estricto sistema de gesti\u00f3n de calidad. Desde los materiales entrantes, el procesamiento, la inspecci\u00f3n final hasta la inspecci\u00f3n de f\u00e1brica, existen estrictos est\u00e1ndares de inspecci\u00f3n. Se toman estrictas medidas de aislamiento para el procesamiento no calificado para evitar que los productos no calificados fluyan al siguiente proceso. Las muestras se proporcionan para la reinspecci\u00f3n del cliente de acuerdo con los requisitos del cliente.   <\/p>\n<h2><span style=\"font-size: 14pt;\">Embalaje y almacenamiento<\/span><\/h2>\n<p>Los objetivos de pulverizaci\u00f3n cat\u00f3dica de aleaci\u00f3n de titanio y cromo se empaquetan en bolsas de vac\u00edo de doble capa y luego se empaquetan y empaquetan en cajas de cart\u00f3n.<\/p>\n<p>Los objetivos de pulverizaci\u00f3n cat\u00f3dica de aleaci\u00f3n de titanio y cromo deben almacenarse en un ambiente seco, fresco y bien ventilado, evitando la humedad, la contaminaci\u00f3n con sustancias corrosivas, evitando colisiones violentas y ara\u00f1azos, y manteni\u00e9ndose alejados de entornos de alta temperatura y fuentes de campos magn\u00e9ticos fuertes, para garantizar que las propiedades f\u00edsicas y qu\u00edmicas de los objetivos sean estables y para mantener su buen rendimiento de pulverizaci\u00f3n cat\u00f3dica.<\/p>\n","protected":false},"excerpt":{"rendered":"<p>El objetivo de pulverizaci\u00f3n cat\u00f3dica de aleaci\u00f3n de cromo y titanio es una aleaci\u00f3n de titanio y cromo, con buena resistencia a la corrosi\u00f3n, alta dureza y conductividad el\u00e9ctrica adecuada, capaz de depositar pel\u00edculas delgadas uniformes de titanio y cromo sobre el sustrato en el proceso de pulverizaci\u00f3n cat\u00f3dica, que se utilizan ampliamente en muchos campos, como la electr\u00f3nica, la protecci\u00f3n de superficies y la decoraci\u00f3n.<\/p>\n","protected":false},"featured_media":1000661,"comment_status":"open","ping_status":"closed","template":"","meta":{"_acf_changed":false},"product_brand":[],"product_cat":[178],"product_tag":[],"class_list":{"0":"post-1013297","1":"product","2":"type-product","3":"status-publish","4":"has-post-thumbnail","6":"product_cat-catodos-para-sputtering-planar","8":"first","9":"instock","10":"shipping-taxable","11":"product-type-variable"},"acf":[],"_links":{"self":[{"href":"https:\/\/vimaterial.de\/es\/wp-json\/wp\/v2\/product\/1013297","targetHints":{"allow":["GET"]}}],"collection":[{"href":"https:\/\/vimaterial.de\/es\/wp-json\/wp\/v2\/product"}],"about":[{"href":"https:\/\/vimaterial.de\/es\/wp-json\/wp\/v2\/types\/product"}],"replies":[{"embeddable":true,"href":"https:\/\/vimaterial.de\/es\/wp-json\/wp\/v2\/comments?post=1013297"}],"wp:featuredmedia":[{"embeddable":true,"href":"https:\/\/vimaterial.de\/es\/wp-json\/wp\/v2\/media\/1000661"}],"wp:attachment":[{"href":"https:\/\/vimaterial.de\/es\/wp-json\/wp\/v2\/media?parent=1013297"}],"wp:term":[{"taxonomy":"product_brand","embeddable":true,"href":"https:\/\/vimaterial.de\/es\/wp-json\/wp\/v2\/product_brand?post=1013297"},{"taxonomy":"product_cat","embeddable":true,"href":"https:\/\/vimaterial.de\/es\/wp-json\/wp\/v2\/product_cat?post=1013297"},{"taxonomy":"product_tag","embeddable":true,"href":"https:\/\/vimaterial.de\/es\/wp-json\/wp\/v2\/product_tag?post=1013297"}],"curies":[{"name":"wp","href":"https:\/\/api.w.org\/{rel}","templated":true}]}}