{"id":1013291,"date":"2024-06-17T14:25:52","date_gmt":"2024-06-17T06:25:52","guid":{"rendered":"https:\/\/vimaterial.de\/product\/aleacion-de-titanio-y-cobalto\/"},"modified":"2025-04-18T16:26:14","modified_gmt":"2025-04-18T08:26:14","slug":"aleacion-de-titanio-y-cobalto","status":"publish","type":"product","link":"https:\/\/vimaterial.de\/es\/product\/aleacion-de-titanio-y-cobalto\/","title":{"rendered":"Aleaci\u00f3n de titanio y cobalto"},"content":{"rendered":"<p>El objetivo de pulverizaci\u00f3n cat\u00f3dica de aleaci\u00f3n de titanio y cobalto es un material de aleaci\u00f3n compuesto de titanio y cobalto, utilizado principalmente en el proceso de pulverizaci\u00f3n cat\u00f3dica en la tecnolog\u00eda de deposici\u00f3n f\u00edsica de vapor. Tiene buenas propiedades magn\u00e9ticas, alta dureza y resistencia, y es capaz de depositar pel\u00edculas delgadas uniformes con propiedades espec\u00edficas en el material del sustrato, que se usa ampliamente en los campos de la electr\u00f3nica, la grabaci\u00f3n magn\u00e9tica y la decoraci\u00f3n. <\/p>\n<p>VIMATERIAL es una empresa de innovaci\u00f3n en materiales qu\u00edmicos de vanguardia especializada en materiales de alto rendimiento dise\u00f1ados para aplicaciones de ingenier\u00eda avanzadas. Nuestros productos son de alta pureza y calidad, admitimos empaque de lotes peque\u00f1os, MOQ de productos peque\u00f1os, inventario suficiente, personalizaci\u00f3n de soporte y podemos brindar un servicio de encuadernaci\u00f3n objetivo, si tiene alguna necesidad, <span style=\"color: #0000ff;\"><a style=\"color: #0000ff;\" href=\"https:\/\/vimaterial.de\/en\/contact-us\/\">cont\u00e1ctenos<\/a><\/span>. <\/p>\n<h2><span style=\"font-size: 14pt;\">Propiedades<\/span><\/h2>\n<p>F\u00f3rmula molecular: TiCo<\/p>\n<p>Aspecto: generalmente gris plata metalizado s\u00f3lido<\/p>\n<h2><span style=\"font-size: 14pt;\">Aplicaci\u00f3n<\/span><\/h2>\n<p>Electr\u00f3nica: En el campo de la electr\u00f3nica, los objetivos de pulverizaci\u00f3n cat\u00f3dica de aleaci\u00f3n de titanio y cobalto se utilizan para fabricar pel\u00edculas magn\u00e9ticas para componentes electr\u00f3nicos. Mediante el proceso de pulverizaci\u00f3n cat\u00f3dica, las pel\u00edculas delgadas se depositan en la superficie de los chips, sensores magn\u00e9ticos y otros componentes para mejorar las propiedades magn\u00e9ticas y la capacidad de almacenamiento de datos de los componentes electr\u00f3nicos. <\/p>\n<p>Industria de la grabaci\u00f3n magn\u00e9tica: En el campo de la grabaci\u00f3n magn\u00e9tica, este objetivo de pulverizaci\u00f3n cat\u00f3dica es un material clave para la producci\u00f3n de capas magn\u00e9ticas para discos duros y otros dispositivos de almacenamiento. Es capaz de depositar pel\u00edculas delgadas con alta coercitividad y alta permeabilidad en la superficie de los discos, lo que permite un almacenamiento de datos de alta densidad, as\u00ed como una lectura y escritura r\u00e1pidas. <\/p>\n<p>Campo \u00f3ptico: En el campo \u00f3ptico, se utiliza para fabricar pel\u00edculas \u00f3pticas. A trav\u00e9s de la pulverizaci\u00f3n cat\u00f3dica, se pueden formar recubrimientos con propiedades \u00f3pticas especiales, como una reflectividad aumentada o disminuida, en la superficie de lentes \u00f3pticas, filtros, etc., para satisfacer las necesidades espec\u00edficas de los instrumentos \u00f3pticos. <\/p>\n<p>Nuevo campo de energ\u00eda: en la preparaci\u00f3n de nuevos materiales energ\u00e9ticos, los objetivos de pulverizaci\u00f3n cat\u00f3dica de aleaci\u00f3n de titanio y cobalto se pueden utilizar para depositar pel\u00edculas delgadas en la superficie de los electrodos de la bater\u00eda u otros componentes clave para mejorar la conductividad y la estabilidad del material, y para mejorar el rendimiento y la vida \u00fatil de los equipos de nueva energ\u00eda.<\/p>\n<h2><span style=\"font-size: 14pt;\">Control de calidad<\/span><\/h2>\n<p><span style=\"color: #0000ff;\"><a style=\"color: #0000ff;\" href=\"https:\/\/vimaterial.de\/en\/quality-control\/\">Nuestros productos<\/a><\/span> est\u00e1n sujetos a un estricto sistema de gesti\u00f3n de calidad. Desde los materiales entrantes, el procesamiento, la inspecci\u00f3n final hasta la inspecci\u00f3n de f\u00e1brica, existen estrictos est\u00e1ndares de inspecci\u00f3n. Se toman estrictas medidas de aislamiento para el procesamiento no calificado para evitar que los productos no calificados fluyan al siguiente proceso. Las muestras se proporcionan para la reinspecci\u00f3n del cliente de acuerdo con los requisitos del cliente.   <\/p>\n<h2><span style=\"font-size: 14pt;\">Embalaje y almacenamiento<\/span><\/h2>\n<p>Los objetivos de pulverizaci\u00f3n cat\u00f3dica de aleaci\u00f3n de titanio y cobalto se empaquetan en bolsas de vac\u00edo dobles y luego se empaquetan y empaquetan en cajas de cart\u00f3n.<\/p>\n<p>Los blancos de pulverizaci\u00f3n cat\u00f3dica de aleaci\u00f3n de titanio y cobalto deben almacenarse en un ambiente seco, fresco y bien ventilado para evitar la humedad, la oxidaci\u00f3n y el da\u00f1o mec\u00e1nico, y preferiblemente colocarse en los estantes con la protecci\u00f3n adecuada, lejos de sustancias corrosivas, fuentes de alta temperatura y fuertes campos magn\u00e9ticos, para mantener la estabilidad de sus propiedades f\u00edsicas y qu\u00edmicas, y para facilitar el uso posterior de la pulverizaci\u00f3n cat\u00f3dica.<\/p>\n","protected":false},"excerpt":{"rendered":"<p>El objetivo de pulverizaci\u00f3n cat\u00f3dica de aleaci\u00f3n de titanio y cobalto es un material de aleaci\u00f3n compuesto de titanio y cobalto, utilizado principalmente en el proceso de pulverizaci\u00f3n cat\u00f3dica en la tecnolog\u00eda de deposici\u00f3n f\u00edsica de vapor. Tiene buenas propiedades magn\u00e9ticas, alta dureza y resistencia, y es capaz de depositar pel\u00edculas delgadas uniformes con propiedades espec\u00edficas en el material del sustrato, que se usa ampliamente en los campos de la electr\u00f3nica, la grabaci\u00f3n magn\u00e9tica y la decoraci\u00f3n. <\/p>\n","protected":false},"featured_media":1000654,"comment_status":"open","ping_status":"closed","template":"","meta":{"_acf_changed":false},"product_brand":[],"product_cat":[178],"product_tag":[],"class_list":{"0":"post-1013291","1":"product","2":"type-product","3":"status-publish","4":"has-post-thumbnail","6":"product_cat-catodos-para-sputtering-planar","8":"first","9":"instock","10":"shipping-taxable","11":"product-type-variable"},"acf":[],"_links":{"self":[{"href":"https:\/\/vimaterial.de\/es\/wp-json\/wp\/v2\/product\/1013291","targetHints":{"allow":["GET"]}}],"collection":[{"href":"https:\/\/vimaterial.de\/es\/wp-json\/wp\/v2\/product"}],"about":[{"href":"https:\/\/vimaterial.de\/es\/wp-json\/wp\/v2\/types\/product"}],"replies":[{"embeddable":true,"href":"https:\/\/vimaterial.de\/es\/wp-json\/wp\/v2\/comments?post=1013291"}],"wp:featuredmedia":[{"embeddable":true,"href":"https:\/\/vimaterial.de\/es\/wp-json\/wp\/v2\/media\/1000654"}],"wp:attachment":[{"href":"https:\/\/vimaterial.de\/es\/wp-json\/wp\/v2\/media?parent=1013291"}],"wp:term":[{"taxonomy":"product_brand","embeddable":true,"href":"https:\/\/vimaterial.de\/es\/wp-json\/wp\/v2\/product_brand?post=1013291"},{"taxonomy":"product_cat","embeddable":true,"href":"https:\/\/vimaterial.de\/es\/wp-json\/wp\/v2\/product_cat?post=1013291"},{"taxonomy":"product_tag","embeddable":true,"href":"https:\/\/vimaterial.de\/es\/wp-json\/wp\/v2\/product_tag?post=1013291"}],"curies":[{"name":"wp","href":"https:\/\/api.w.org\/{rel}","templated":true}]}}