{"id":1013277,"date":"2024-06-17T14:25:52","date_gmt":"2024-06-17T06:25:52","guid":{"rendered":"https:\/\/vimaterial.de\/product\/titanio-aleacion-de-cobre\/"},"modified":"2025-04-18T16:22:49","modified_gmt":"2025-04-18T08:22:49","slug":"titanio-aleacion-de-cobre","status":"publish","type":"product","link":"https:\/\/vimaterial.de\/es\/product\/titanio-aleacion-de-cobre\/","title":{"rendered":"Aleaci\u00f3n de titanio y cobre"},"content":{"rendered":"<p>El objetivo de pulverizaci\u00f3n cat\u00f3dica de aleaci\u00f3n de cobre y titanio es un objetivo de aleaci\u00f3n hecho de titanio y cobre, que combina la alta resistencia y la buena resistencia a la corrosi\u00f3n del titanio con la excelente conductividad el\u00e9ctrica del cobre, y es capaz de depositar pel\u00edculas delgadas con ambas caracter\u00edsticas en el sustrato durante la pulverizaci\u00f3n cat\u00f3dica, que se usa ampliamente en electr\u00f3nica, semiconductores, aplicaciones decorativas, etc.<\/p>\n<p>VIMATERIAL es una empresa de innovaci\u00f3n en materiales qu\u00edmicos de vanguardia especializada en materiales de alto rendimiento dise\u00f1ados para aplicaciones de ingenier\u00eda avanzadas. Nuestros productos son de alta pureza y calidad, admitimos empaque de lotes peque\u00f1os, MOQ de productos peque\u00f1os, inventario suficiente, personalizaci\u00f3n de soporte y podemos brindar un servicio de encuadernaci\u00f3n objetivo, si tiene alguna necesidad, <span style=\"color: #0000ff;\"><a style=\"color: #0000ff;\" href=\"https:\/\/vimaterial.de\/en\/contact-us\/\">cont\u00e1ctenos<\/a><\/span>. <\/p>\n<h2><span style=\"font-size: 14pt;\">Propiedades<\/span><\/h2>\n<p>F\u00f3rmula molecular: TiCu<\/p>\n<p>Aspecto: Generalmente gris cobre claro o plateado con un brillo met\u00e1lico, superficie lisa y uniforme.<\/p>\n<h2><span style=\"font-size: 14pt;\">Aplicaci\u00f3n<\/span><\/h2>\n<p>Electr\u00f3nica: En el campo de la electr\u00f3nica, los objetivos de pulverizaci\u00f3n cat\u00f3dica de aleaci\u00f3n de titanio y cobre se utilizan para la fabricaci\u00f3n de placas de circuitos electr\u00f3nicos y estructuras de interconexi\u00f3n de chips. Se pulverizan sobre un sustrato para formar una pel\u00edcula delgada con buena conductividad el\u00e9ctrica y resistencia a la corrosi\u00f3n, lo que mejora el rendimiento y la estabilidad de la conexi\u00f3n el\u00e9ctrica entre los componentes electr\u00f3nicos. <\/p>\n<p>Sector de los semiconductores: En la fabricaci\u00f3n de semiconductores, estos objetivos de pulverizaci\u00f3n cat\u00f3dica se utilizan para depositar capas de barrera y contacto, aprovechando su combinaci\u00f3n de la resistencia a la corrosi\u00f3n del titanio y la conductividad el\u00e9ctrica del cobre para evitar la difusi\u00f3n entre diferentes materiales y garantizar un buen contacto el\u00e9ctrico.<\/p>\n<p>Energ\u00eda: En los equipos de almacenamiento y conversi\u00f3n de energ\u00eda, los objetivos de pulverizaci\u00f3n cat\u00f3dica de aleaci\u00f3n de titanio y cobre se utilizan para el tratamiento de la superficie de componentes como electrodos de bater\u00eda y colectores. Las pel\u00edculas delgadas depositadas ayudan a mejorar la conductividad y la estabilidad de los electrodos, mejorando as\u00ed el rendimiento general del equipo de energ\u00eda. <\/p>\n<h2><span style=\"font-size: 14pt;\">Control de calidad<\/span><\/h2>\n<p><span style=\"color: #0000ff;\"><a style=\"color: #0000ff;\" href=\"https:\/\/vimaterial.de\/en\/quality-control\/\">Nuestros productos<\/a> <\/span>est\u00e1n sujetos a un estricto sistema de gesti\u00f3n de calidad. Desde los materiales entrantes, el procesamiento, la inspecci\u00f3n final hasta la inspecci\u00f3n de f\u00e1brica, existen estrictos est\u00e1ndares de inspecci\u00f3n. Se toman estrictas medidas de aislamiento para el procesamiento no calificado para evitar que los productos no calificados fluyan al siguiente proceso. Las muestras se proporcionan para la reinspecci\u00f3n del cliente de acuerdo con los requisitos del cliente.   <\/p>\n<h2><span style=\"font-size: 14pt;\">Embalaje y almacenamiento<\/span><\/h2>\n<p>Los objetivos de pulverizaci\u00f3n cat\u00f3dica de aleaci\u00f3n de titanio y cobre se empaquetan en bolsas de vac\u00edo de doble capa y luego se empaquetan y empaquetan en cajas de cart\u00f3n.<\/p>\n<p>Los objetivos de pulverizaci\u00f3n cat\u00f3dica de aleaci\u00f3n de cobre y titanio deben almacenarse en un ambiente seco, fresco y bien ventilado, para evitar la humedad y la corrosi\u00f3n, para evitar da\u00f1os f\u00edsicos causados por colisi\u00f3n con objetos afilados o duros y, al mismo tiempo, lejos de altas temperaturas, campos magn\u00e9ticos fuertes y otros factores que puedan afectar sus propiedades f\u00edsicas y qu\u00edmicas, para garantizar que su calidad y rendimiento de pulverizaci\u00f3n cat\u00f3dica no se da\u00f1en.<\/p>\n","protected":false},"excerpt":{"rendered":"<p>El objetivo de pulverizaci\u00f3n cat\u00f3dica de aleaci\u00f3n de cobre y titanio es un objetivo de aleaci\u00f3n hecho de titanio y cobre, que combina la alta resistencia y la buena resistencia a la corrosi\u00f3n del titanio con la excelente conductividad el\u00e9ctrica del cobre, y es capaz de depositar pel\u00edculas delgadas con ambas caracter\u00edsticas en el sustrato durante la pulverizaci\u00f3n cat\u00f3dica, que se usa ampliamente en electr\u00f3nica, semiconductores, aplicaciones decorativas, etc.<\/p>\n","protected":false},"featured_media":1000669,"comment_status":"open","ping_status":"closed","template":"","meta":{"_acf_changed":false},"product_brand":[],"product_cat":[178],"product_tag":[],"class_list":{"0":"post-1013277","1":"product","2":"type-product","3":"status-publish","4":"has-post-thumbnail","6":"product_cat-catodos-para-sputtering-planar","8":"first","9":"instock","10":"shipping-taxable","11":"product-type-variable"},"acf":[],"_links":{"self":[{"href":"https:\/\/vimaterial.de\/es\/wp-json\/wp\/v2\/product\/1013277","targetHints":{"allow":["GET"]}}],"collection":[{"href":"https:\/\/vimaterial.de\/es\/wp-json\/wp\/v2\/product"}],"about":[{"href":"https:\/\/vimaterial.de\/es\/wp-json\/wp\/v2\/types\/product"}],"replies":[{"embeddable":true,"href":"https:\/\/vimaterial.de\/es\/wp-json\/wp\/v2\/comments?post=1013277"}],"wp:featuredmedia":[{"embeddable":true,"href":"https:\/\/vimaterial.de\/es\/wp-json\/wp\/v2\/media\/1000669"}],"wp:attachment":[{"href":"https:\/\/vimaterial.de\/es\/wp-json\/wp\/v2\/media?parent=1013277"}],"wp:term":[{"taxonomy":"product_brand","embeddable":true,"href":"https:\/\/vimaterial.de\/es\/wp-json\/wp\/v2\/product_brand?post=1013277"},{"taxonomy":"product_cat","embeddable":true,"href":"https:\/\/vimaterial.de\/es\/wp-json\/wp\/v2\/product_cat?post=1013277"},{"taxonomy":"product_tag","embeddable":true,"href":"https:\/\/vimaterial.de\/es\/wp-json\/wp\/v2\/product_tag?post=1013277"}],"curies":[{"name":"wp","href":"https:\/\/api.w.org\/{rel}","templated":true}]}}