{"id":1013251,"date":"2024-06-17T14:25:57","date_gmt":"2024-06-17T06:25:57","guid":{"rendered":"https:\/\/vimaterial.de\/product\/yoduro-de-titanio\/"},"modified":"2025-04-18T16:14:31","modified_gmt":"2025-04-18T08:14:31","slug":"yoduro-de-titanio","status":"publish","type":"product","link":"https:\/\/vimaterial.de\/es\/product\/yoduro-de-titanio\/","title":{"rendered":"Yoduro de titanio"},"content":{"rendered":"<p>Los polvos de yoduro de titanio son compuestos de titanio y yoduro, generalmente de color marr\u00f3n oscuro o negro, altamente higrosc\u00f3picos y qu\u00edmicamente activos, que desempe\u00f1an un papel importante en la s\u00edntesis org\u00e1nica y la preparaci\u00f3n de metales de titanio.<\/p>\n<p>VIMATERIAL es una empresa de innovaci\u00f3n en materiales qu\u00edmicos de vanguardia especializada en materiales de alto rendimiento dise\u00f1ados para aplicaciones de ingenier\u00eda avanzadas. Nuestros productos son de alta pureza y calidad, admitimos el empaque de lotes peque\u00f1os, MOQ de productos peque\u00f1os, inventario suficiente y apoyamos la personalizaci\u00f3n, si tiene alguna necesidad,<span style=\"color: #0000ff;\"><a style=\"color: #0000ff;\" href=\"https:\/\/vimaterial.de\/en\/contact-us\/\"> cont\u00e1ctenos<\/a><\/span>. <\/p>\n<h2><span style=\"font-size: 14pt;\">Propiedades<\/span><\/h2>\n<p>F\u00f3rmula molecular: TiI\u2084<\/p>\n<p>Peso molecular: 555.48<\/p>\n<p>Aspecto: generalmente polvo cristalino de color marr\u00f3n oscuro o negro<\/p>\n<p>Densidad: alrededor de 4,4 g\/cm\u00b3.<\/p>\n<p>Punto de fusi\u00f3n: alrededor de 150 \u00b0C<\/p>\n<p>Punto de ebullici\u00f3n: alrededor de 377,2 \u00b0C<\/p>\n<p>Estructura cristalina: pertenece al sistema cristalino ortorr\u00f3mbico, el \u00e1tomo de titanio se encuentra en el centro de su estructura cristalina, rodeado de \u00e1tomos de yodo.<\/p>\n<h2><span style=\"font-size: 14pt;\">Aplicaci\u00f3n<\/span><\/h2>\n<p>S\u00edntesis org\u00e1nica: El polvo de yoduro de titanio se puede utilizar como agente reductor en la s\u00edntesis org\u00e1nica para reducir los compuestos carbon\u00edlicos, etc. En virtud de su poder reductor, puede promover la reacci\u00f3n org\u00e1nica y sintetizar una variedad de intermedios org\u00e1nicos. <\/p>\n<p>Qu\u00edmica org\u00e1nica de metales: En qu\u00edmica org\u00e1nica de metales, este polvo es una materia prima importante para la preparaci\u00f3n de otros compuestos org\u00e1nicos de titanio. A trav\u00e9s de reacciones qu\u00edmicas, puede generar una variedad de compuestos org\u00e1nicos que contienen titanio, que proporcionan la base para la investigaci\u00f3n de nuevos compuestos org\u00e1nicos met\u00e1licos. <\/p>\n<p>Preparaci\u00f3n de materiales: Se utiliza en la preparaci\u00f3n de materiales de titanio, como fuente de titanio en algunos procesos de preparaci\u00f3n especiales, como la reacci\u00f3n con otras sustancias para preparar metal de titanio de alta pureza o aleaci\u00f3n de titanio.<\/p>\n<p>Cat\u00e1lisis: Los polvos de yoduro de titanio se utilizan como componente catalizador en reacciones catal\u00edticas para ayudar a regular la velocidad y la selectividad de ciertas reacciones de polimerizaci\u00f3n org\u00e1nica y para aumentar el rendimiento de los productos objetivo.<\/p>\n<h2><span style=\"font-size: 14pt;\">Control de calidad<\/span><\/h2>\n<p><span style=\"color: #0000ff;\"><a style=\"color: #0000ff;\" href=\"https:\/\/vimaterial.de\/en\/quality-control\/\">Nuestros productos<\/a> <\/span>est\u00e1n sujetos a un estricto sistema de gesti\u00f3n de calidad. Desde los materiales entrantes, el procesamiento, la inspecci\u00f3n final hasta la inspecci\u00f3n de f\u00e1brica, existen estrictos est\u00e1ndares de inspecci\u00f3n. Se toman estrictas medidas de aislamiento para el procesamiento no calificado para evitar que los productos no calificados fluyan al siguiente proceso. Las muestras se proporcionan para la reinspecci\u00f3n del cliente de acuerdo con los requisitos del cliente.   <\/p>\n<h2><span style=\"font-size: 14pt;\">Embalaje y almacenamiento<\/span><\/h2>\n<p>Los polvos de yoduro de titanio se envasan en bolsas dobles o botellas y se envasan en cajas de cart\u00f3n.<\/p>\n<p>El polvo de yoduro de titanio debe almacenarse en un ambiente seco, fresco, resistente a la luz y bien sellado, preferiblemente protegido por gas inerte, lejos del fuego, el calor, el agua y los agentes oxidantes, ya que es altamente higrosc\u00f3pico y qu\u00edmicamente activo. Dichas condiciones de almacenamiento evitan la humedad, la oxidaci\u00f3n y la descomposici\u00f3n, manteniendo as\u00ed su estabilidad qu\u00edmica. <\/p>\n","protected":false},"excerpt":{"rendered":"<p>Los polvos de yoduro de titanio son compuestos de titanio y yoduro, generalmente de color marr\u00f3n oscuro o negro, altamente higrosc\u00f3picos y qu\u00edmicamente activos, que desempe\u00f1an un papel importante en la s\u00edntesis org\u00e1nica y la preparaci\u00f3n de metales de titanio.<\/p>\n","protected":false},"featured_media":1000698,"comment_status":"open","ping_status":"closed","template":"","meta":{"_acf_changed":false},"product_brand":[],"product_cat":[182],"product_tag":[],"class_list":{"0":"post-1013251","1":"product","2":"type-product","3":"status-publish","4":"has-post-thumbnail","6":"product_cat-materiales-halogenados","8":"first","9":"instock","10":"shipping-taxable","11":"product-type-variable"},"acf":[],"_links":{"self":[{"href":"https:\/\/vimaterial.de\/es\/wp-json\/wp\/v2\/product\/1013251","targetHints":{"allow":["GET"]}}],"collection":[{"href":"https:\/\/vimaterial.de\/es\/wp-json\/wp\/v2\/product"}],"about":[{"href":"https:\/\/vimaterial.de\/es\/wp-json\/wp\/v2\/types\/product"}],"replies":[{"embeddable":true,"href":"https:\/\/vimaterial.de\/es\/wp-json\/wp\/v2\/comments?post=1013251"}],"wp:featuredmedia":[{"embeddable":true,"href":"https:\/\/vimaterial.de\/es\/wp-json\/wp\/v2\/media\/1000698"}],"wp:attachment":[{"href":"https:\/\/vimaterial.de\/es\/wp-json\/wp\/v2\/media?parent=1013251"}],"wp:term":[{"taxonomy":"product_brand","embeddable":true,"href":"https:\/\/vimaterial.de\/es\/wp-json\/wp\/v2\/product_brand?post=1013251"},{"taxonomy":"product_cat","embeddable":true,"href":"https:\/\/vimaterial.de\/es\/wp-json\/wp\/v2\/product_cat?post=1013251"},{"taxonomy":"product_tag","embeddable":true,"href":"https:\/\/vimaterial.de\/es\/wp-json\/wp\/v2\/product_tag?post=1013251"}],"curies":[{"name":"wp","href":"https:\/\/api.w.org\/{rel}","templated":true}]}}