{"id":1013226,"date":"2024-06-17T14:26:48","date_gmt":"2024-06-17T06:26:48","guid":{"rendered":"https:\/\/vimaterial.de\/product\/titanio-aleacion-de-magnesio\/"},"modified":"2025-04-18T16:13:00","modified_gmt":"2025-04-18T08:13:00","slug":"titanio-aleacion-de-magnesio","status":"publish","type":"product","link":"https:\/\/vimaterial.de\/es\/product\/titanio-aleacion-de-magnesio\/","title":{"rendered":"Aleaci\u00f3n de titanio y magnesio"},"content":{"rendered":"<p>El objetivo de pulverizaci\u00f3n cat\u00f3dica de aleaci\u00f3n de titanio y magnesio es un titanio y magnesio como componente principal del material de aleaci\u00f3n, tiene una buena resistencia, baja densidad, resistencia a la corrosi\u00f3n y otro rendimiento integral, utilizado en el proceso f\u00edsico de deposici\u00f3n de vapor, a trav\u00e9s de la pulverizaci\u00f3n cat\u00f3dica de la formaci\u00f3n de caracter\u00edsticas de titanio y magnesio de la pel\u00edcula delgada en el sustrato. Se utilizan para formar pel\u00edculas delgadas de titanio y magnesio mediante pulverizaci\u00f3n cat\u00f3dica sobre un sustrato. Se utilizan principalmente para proporcionar recubrimientos de pel\u00edcula delgada livianos, de alta resistencia y resistentes a la corrosi\u00f3n para componentes en los sectores aeroespacial, automotriz, electr\u00f3nico y de maquinaria.  <\/p>\n<p>Ofrecemos objetivos de pulverizaci\u00f3n cat\u00f3dica de aleaci\u00f3n de titanio y magnesio, VIMATERIAL tambi\u00e9n puede proporcionar servicios de encuadernaci\u00f3n de objetivos, todos nuestros productos se pueden personalizar y experimentar, <span style=\"color: #0000ff;\"><a style=\"color: #0000ff;\" href=\"https:\/\/vimaterial.de\/en\/contact-us\/\">cont\u00e1ctenos<\/a><\/span> si necesita m\u00e1s informaci\u00f3n.<\/p>\n<p>Caracter\u00edsticas del producto<\/p>\n<p>F\u00f3rmula molecular: TiMg<\/p>\n<p>Peso molecular: 72.18<\/p>\n<p>Aspecto: gris plateado, brillo met\u00e1lico, superficie lisa.<\/p>\n<p>Estructura cristalina: Varias posibilidades, incluyendo hexagonal densamente empaquetado (HCP), etc.<\/p>\n<p>Campos de aplicaci\u00f3n<\/p>\n<p>Aeroespacial: Se utiliza en la fabricaci\u00f3n de componentes estructurales ligeros de aeronaves, como alas y marcos de fuselaje, que pueden reducir eficazmente el peso de las aeronaves y mejorar el rendimiento de vuelo debido a sus caracter\u00edsticas de alta resistencia y baja densidad.<\/p>\n<p>Fabricaci\u00f3n de autom\u00f3viles: Se deposita en la superficie de componentes clave, como los bloques del motor del autom\u00f3vil y los cubos de las ruedas, para mejorar la resistencia al desgaste y la resistencia a la corrosi\u00f3n de los componentes y, al mismo tiempo, reducir el peso y mejorar la econom\u00eda de combustible de los autom\u00f3viles.<\/p>\n<p>Equipo electr\u00f3nico: Objetivo de pulverizaci\u00f3n cat\u00f3dica de aleaci\u00f3n de titanio y magnesio utilizado en tel\u00e9fonos m\u00f3viles, computadoras y otros productos electr\u00f3nicos como disipadores de calor, carcasas y otros componentes, no solo para aprovechar su buena conductividad t\u00e9rmica, sino tambi\u00e9n con sus caracter\u00edsticas livianas para lograr el equipo delgado y liviano.<\/p>\n<p>Dispositivos m\u00e9dicos: utilizados en la fabricaci\u00f3n de articulaciones artificiales, dispositivos m\u00e9dicos implantables, etc. Debido a su buena biocompatibilidad y propiedades mec\u00e1nicas, puede adaptarse mejor al entorno humano y prolongar la vida \u00fatil. <\/p>\n<p>Control de calidad<\/p>\n<p><span style=\"color: #0000ff;\"><a style=\"color: #0000ff;\" href=\"https:\/\/vimaterial.de\/en\/quality-control\/\">Nuestros productos<\/a><\/span> est\u00e1n sujetos a un estricto sistema de gesti\u00f3n de calidad. Existen estrictos est\u00e1ndares de inspecci\u00f3n para los materiales entrantes, el procesamiento, la inspecci\u00f3n final y la inspecci\u00f3n de f\u00e1brica. Se toman estrictas medidas de aislamiento para el procesamiento no calificado para evitar que los productos no calificados fluyan al siguiente proceso. Las muestras se proporcionan para la reinspecci\u00f3n de los clientes de acuerdo con los requisitos de los clientes.   <\/p>\n<p>Embalaje y almacenamiento<\/p>\n<p>Los objetivos de pulverizaci\u00f3n cat\u00f3dica de aleaci\u00f3n de titanio y magnesio se empaquetan en bolsas de vac\u00edo dobles, luego se empaquetan y empaquetan en cajas de cart\u00f3n.<\/p>\n<p>Los objetivos de pulverizaci\u00f3n cat\u00f3dica de aleaci\u00f3n de titanio y magnesio deben almacenarse en un ambiente seco y bien ventilado con una temperatura estable y evitando la luz solar directa, evitando la humedad, evitando el contacto con sustancias corrosivas y, al mismo tiempo, evitando que los objetivos est\u00e9n sujetos a colisiones y vibraciones violentas, a fin de garantizar la estabilidad de sus propiedades f\u00edsicas y qu\u00edmicas.<\/p>\n","protected":false},"excerpt":{"rendered":"<p>El objetivo de pulverizaci\u00f3n cat\u00f3dica de aleaci\u00f3n de titanio y magnesio es un titanio y magnesio como componente principal del material de aleaci\u00f3n, tiene una buena resistencia, baja densidad, resistencia a la corrosi\u00f3n y otro rendimiento integral, utilizado en el proceso f\u00edsico de deposici\u00f3n de vapor, a trav\u00e9s de la pulverizaci\u00f3n cat\u00f3dica de la formaci\u00f3n de caracter\u00edsticas de titanio y magnesio de la pel\u00edcula delgada en el sustrato. Se utilizan para formar pel\u00edculas delgadas de titanio y magnesio mediante pulverizaci\u00f3n cat\u00f3dica sobre un sustrato. Se utilizan principalmente para proporcionar recubrimientos de pel\u00edcula delgada livianos, de alta resistencia y resistentes a la corrosi\u00f3n para componentes en los sectores aeroespacial, automotriz, electr\u00f3nico y de maquinaria.  <\/p>\n","protected":false},"featured_media":1000706,"comment_status":"open","ping_status":"closed","template":"","meta":{"_acf_changed":false},"product_brand":[],"product_cat":[178],"product_tag":[],"class_list":{"0":"post-1013226","1":"product","2":"type-product","3":"status-publish","4":"has-post-thumbnail","6":"product_cat-catodos-para-sputtering-planar","8":"first","9":"instock","10":"shipping-taxable","11":"product-type-variable"},"acf":[],"_links":{"self":[{"href":"https:\/\/vimaterial.de\/es\/wp-json\/wp\/v2\/product\/1013226","targetHints":{"allow":["GET"]}}],"collection":[{"href":"https:\/\/vimaterial.de\/es\/wp-json\/wp\/v2\/product"}],"about":[{"href":"https:\/\/vimaterial.de\/es\/wp-json\/wp\/v2\/types\/product"}],"replies":[{"embeddable":true,"href":"https:\/\/vimaterial.de\/es\/wp-json\/wp\/v2\/comments?post=1013226"}],"wp:featuredmedia":[{"embeddable":true,"href":"https:\/\/vimaterial.de\/es\/wp-json\/wp\/v2\/media\/1000706"}],"wp:attachment":[{"href":"https:\/\/vimaterial.de\/es\/wp-json\/wp\/v2\/media?parent=1013226"}],"wp:term":[{"taxonomy":"product_brand","embeddable":true,"href":"https:\/\/vimaterial.de\/es\/wp-json\/wp\/v2\/product_brand?post=1013226"},{"taxonomy":"product_cat","embeddable":true,"href":"https:\/\/vimaterial.de\/es\/wp-json\/wp\/v2\/product_cat?post=1013226"},{"taxonomy":"product_tag","embeddable":true,"href":"https:\/\/vimaterial.de\/es\/wp-json\/wp\/v2\/product_tag?post=1013226"}],"curies":[{"name":"wp","href":"https:\/\/api.w.org\/{rel}","templated":true}]}}