{"id":1013207,"date":"2024-06-17T14:26:49","date_gmt":"2024-06-17T06:26:49","guid":{"rendered":"https:\/\/vimaterial.de\/product\/nitruro-de-titanio-2\/"},"modified":"2025-04-18T16:08:19","modified_gmt":"2025-04-18T08:08:19","slug":"nitruro-de-titanio-2","status":"publish","type":"product","link":"https:\/\/vimaterial.de\/es\/product\/nitruro-de-titanio-2\/","title":{"rendered":"Nitruro de titanio"},"content":{"rendered":"<p><a href=\"https:\/\/vimaterial.de\/es\/product\/nitruro-de-titanio\/\"><span style=\"color: #0000ff;\">Nitruro de titanio <\/span><\/a>El polvo es un polvo compuesto de color dorado, compuesto principalmente de titanio y nitr\u00f3geno, con alta dureza, alto punto de fusi\u00f3n, buena resistencia al desgaste y estabilidad qu\u00edmica, que tiene una amplia gama de aplicaciones en muchos campos, como recubrimientos de herramientas, recubrimientos decorativos y electr\u00f3nica.<\/p>\n<p>VIMATERIAL es una empresa de innovaci\u00f3n en materiales qu\u00edmicos de vanguardia especializada en materiales de alto rendimiento dise\u00f1ados para aplicaciones de ingenier\u00eda avanzadas. Nuestros productos son de alta pureza y calidad, admitimos el empaque de lotes peque\u00f1os, MOQ de productos peque\u00f1os, inventario suficiente y apoyamos la personalizaci\u00f3n, si tiene alguna necesidad,<span style=\"color: #0000ff;\"><a style=\"color: #0000ff;\" href=\"https:\/\/vimaterial.de\/es\/contacto\/\"> cont\u00e1ctenos<\/a><\/span>. <\/p>\n<h2><span style=\"font-size: 14pt;\">Propiedades<\/span><\/h2>\n<p>F\u00f3rmula molecular: TiN<\/p>\n<p>Peso molecular: 61.87<\/p>\n<p>Aspecto: polvo amarillo dorado<\/p>\n<p>Densidad: aprox. 5,43 g\/cm\u00b3.<\/p>\n<p>Punto de fusi\u00f3n: alrededor de 2950 \u00b0C<\/p>\n<p>Estructura cristalina: Estructura cristalina c\u00fabica centrada en las caras (FCC).<\/p>\n<h2><span style=\"font-size: 14pt;\">Aplicaci\u00f3n<\/span><\/h2>\n<p>Herramientas de corte: El polvo de nitruro de titanio se puede utilizar para el recubrimiento de herramientas de corte. Con su alta dureza y resistencia al desgaste, puede mejorar significativamente el rendimiento de corte y la vida \u00fatil de las herramientas, y mantener las herramientas afiladas al cortar metales y otros materiales a alta velocidad. <\/p>\n<p>Materiales decorativos: En el \u00e1rea decorativa, este polvo se puede utilizar para hacer recubrimientos decorativos de alta calidad, que, debido a su color dorado y buen brillo, pueden agregar superficies decorativas hermosas y resistentes al desgaste a una variedad de productos como correas de reloj y joyas.<\/p>\n<p>Electr\u00f3nica: El polvo de nitruro de titanio se utiliza como pel\u00edcula conductora en dispositivos electr\u00f3nicos, donde su buena conductividad el\u00e9ctrica y estabilidad qu\u00edmica evitan la corrosi\u00f3n de los componentes electr\u00f3nicos y garantizan una transmisi\u00f3n estable de se\u00f1ales electr\u00f3nicas.<\/p>\n<p>Automoci\u00f3n: Se utiliza en el tratamiento de la superficie de las piezas y componentes de los motores de autom\u00f3viles para mejorar la resistencia al desgaste y la corrosi\u00f3n, lo que hace que las piezas de los autom\u00f3viles sean m\u00e1s duraderas en condiciones de trabajo complejas y ayuda a mejorar el rendimiento general y la vida \u00fatil del veh\u00edculo.<\/p>\n<h2><span style=\"font-size: 14pt;\">Control de calidad<\/span><\/h2>\n<p><span style=\"color: #0000ff;\"><a style=\"color: #0000ff;\" href=\"https:\/\/vimaterial.de\/es\/control-de-calidad\/\">Nuestros productos<\/a><\/span> est\u00e1n sujetos a un estricto sistema de gesti\u00f3n de calidad. Desde los materiales entrantes, el procesamiento, la inspecci\u00f3n final hasta la inspecci\u00f3n de f\u00e1brica, existen estrictos est\u00e1ndares de inspecci\u00f3n. Se toman estrictas medidas de aislamiento para el procesamiento no calificado para evitar que los productos no calificados fluyan al siguiente proceso. Las muestras se proporcionan para la reinspecci\u00f3n del cliente de acuerdo con los requisitos del cliente.   <\/p>\n<h2><span style=\"font-size: 14pt;\">Embalaje y almacenamiento<\/span><\/h2>\n<p>Los polvos de nitruro de titanio se envasan en bolsas dobles o botellas y se envasan en cajas de cart\u00f3n.<\/p>\n<p>El polvo de nitruro de titanio debe almacenarse en un ambiente seco, fresco y bien ventilado en recipientes sellados, evitando el contacto con la humedad, \u00e1cidos fuertes, bases fuertes y agentes oxidantes fuertes, para evitar la humedad, la corrosi\u00f3n o las reacciones qu\u00edmicas que puedan alterar las propiedades.<\/p>\n","protected":false},"excerpt":{"rendered":"<p><a href=\"https:\/\/vimaterial.de\/es\/product\/nitruro-de-titanio\/\"><span style=\"color: #0000ff;\">Nitruro de titanio <\/span><\/a>El polvo es un polvo compuesto de color dorado, compuesto principalmente de titanio y nitr\u00f3geno, con alta dureza, alto punto de fusi\u00f3n, buena resistencia al desgaste y estabilidad qu\u00edmica, que tiene una amplia gama de aplicaciones en muchos campos, como recubrimientos de herramientas, recubrimientos decorativos y electr\u00f3nica.<\/p>\n","protected":false},"featured_media":1000720,"comment_status":"open","ping_status":"closed","template":"","meta":{"_acf_changed":false},"product_brand":[],"product_cat":[183],"product_tag":[],"class_list":{"0":"post-1013207","1":"product","2":"type-product","3":"status-publish","4":"has-post-thumbnail","6":"product_cat-c-n-b-si-materiales","8":"first","9":"instock","10":"shipping-taxable","11":"purchasable","12":"product-type-variable"},"acf":[],"_links":{"self":[{"href":"https:\/\/vimaterial.de\/es\/wp-json\/wp\/v2\/product\/1013207","targetHints":{"allow":["GET"]}}],"collection":[{"href":"https:\/\/vimaterial.de\/es\/wp-json\/wp\/v2\/product"}],"about":[{"href":"https:\/\/vimaterial.de\/es\/wp-json\/wp\/v2\/types\/product"}],"replies":[{"embeddable":true,"href":"https:\/\/vimaterial.de\/es\/wp-json\/wp\/v2\/comments?post=1013207"}],"wp:featuredmedia":[{"embeddable":true,"href":"https:\/\/vimaterial.de\/es\/wp-json\/wp\/v2\/media\/1000720"}],"wp:attachment":[{"href":"https:\/\/vimaterial.de\/es\/wp-json\/wp\/v2\/media?parent=1013207"}],"wp:term":[{"taxonomy":"product_brand","embeddable":true,"href":"https:\/\/vimaterial.de\/es\/wp-json\/wp\/v2\/product_brand?post=1013207"},{"taxonomy":"product_cat","embeddable":true,"href":"https:\/\/vimaterial.de\/es\/wp-json\/wp\/v2\/product_cat?post=1013207"},{"taxonomy":"product_tag","embeddable":true,"href":"https:\/\/vimaterial.de\/es\/wp-json\/wp\/v2\/product_tag?post=1013207"}],"curies":[{"name":"wp","href":"https:\/\/api.w.org\/{rel}","templated":true}]}}