{"id":1013176,"date":"2024-06-17T14:26:50","date_gmt":"2024-06-17T06:26:50","guid":{"rendered":"https:\/\/vimaterial.de\/product\/nitruro-de-titanio\/"},"modified":"2025-04-18T16:06:32","modified_gmt":"2025-04-18T08:06:32","slug":"nitruro-de-titanio","status":"publish","type":"product","link":"https:\/\/vimaterial.de\/es\/product\/nitruro-de-titanio\/","title":{"rendered":"Nitruro de titanio"},"content":{"rendered":"<p>El objetivo de pulverizaci\u00f3n cat\u00f3dica <span style=\"color: #0000ff;\"><a style=\"color: #0000ff;\" href=\"https:\/\/vimaterial.de\/es\/product\/nitruro-de-titanio-2\/\">de nitruro de titanio<\/a><\/span> es un material compuesto de titanio y nitr\u00f3geno, que se utiliza principalmente en el proceso de pulverizaci\u00f3n cat\u00f3dica de la tecnolog\u00eda de deposici\u00f3n f\u00edsica de vapor (PVD), y es capaz de depositar pel\u00edculas delgadas de nitruro de titanio con alta dureza, buena resistencia a la abrasi\u00f3n, estabilidad qu\u00edmica y una apariencia amarilla dorada en el sustrato.<\/p>\n<p>Suministramos objetivos de pulverizaci\u00f3n cat\u00f3dica de nitruro de titanio, VIMATERIAL tambi\u00e9n puede proporcionar un servicio de encuadernaci\u00f3n de objetivos, nuestros productos est\u00e1n sujetos a personalizaci\u00f3n y experimentaci\u00f3n, <span style=\"color: #0000ff;\"><a style=\"color: #0000ff;\" href=\"https:\/\/vimaterial.de\/es\/contacto\/\">cont\u00e1ctenos<\/a><\/span> si lo necesita.<\/p>\n<h2><span style=\"font-size: 14pt;\">Caracter\u00edsticas<\/span><\/h2>\n<p>F\u00f3rmula molecular: TiN<\/p>\n<p>Peso molecular: 61.88<\/p>\n<p>Aspecto: Generalmente amarillo dorado, brillo met\u00e1lico, superficie lisa.<\/p>\n<p>Densidad: aprox. 5,43 g\/cm\u00b3.<\/p>\n<p>Punto de fusi\u00f3n: alrededor de 2950 \u00b0C<\/p>\n<p>Punto de ebullici\u00f3n: alrededor de 4200 \u00b0C<\/p>\n<p>Estructura cristalina: Estructura c\u00fabica centrada en las caras (FCC), los \u00e1tomos de titanio se encuentran en las esquinas superiores y los centros de las caras del cubo, y los \u00e1tomos de nitr\u00f3geno llenan los intersticios del octaedro formado por los \u00e1tomos de titanio.<\/p>\n<h2><span style=\"font-size: 14pt;\">Aplicaciones<\/span><\/h2>\n<p>Herramientas de corte: Las pel\u00edculas de TiN se depositan en la superficie de las herramientas de corte para mejorar significativamente la dureza, la resistencia al desgaste y la estabilidad t\u00e9rmica de las herramientas de corte, prolongar la vida \u00fatil de la herramienta y mejorar la eficiencia del mecanizado.<\/p>\n<p>Dispositivos electr\u00f3nicos: como barrera de difusi\u00f3n entre metales y semiconductores, evita la difusi\u00f3n de \u00e1tomos entre diferentes materiales y garantiza la estabilidad y fiabilidad de los dispositivos electr\u00f3nicos.<\/p>\n<p>Campo de recubrimiento decorativo: con su apariencia dorada y buena estabilidad qu\u00edmica, es ampliamente utilizado en joyer\u00eda, relojer\u00eda, decoraci\u00f3n de edificios y otras industrias para mejorar la est\u00e9tica y la resistencia a la corrosi\u00f3n de los productos.<\/p>\n<p>Fabricaci\u00f3n de moldes: Al pulverizar pel\u00edculas de TiN en la superficie de los moldes, reduce la fricci\u00f3n entre los moldes y los materiales de moldeo, reduce la resistencia al desmoldeo y mejora la capacidad antidesgaste de los moldes para prolongar la vida \u00fatil de los moldes.<\/p>\n<p>C\u00e9lulas solares: Como capa amortiguadora para electrodos conductores transparentes, las pel\u00edculas de TiN optimizan la transferencia de carga dentro de la c\u00e9lula y mejoran la eficiencia de conversi\u00f3n fotoel\u00e9ctrica, lo que ayuda a mejorar el rendimiento de las c\u00e9lulas solares.<\/p>\n<h2><span style=\"font-size: 14pt;\">Control de calidad<\/span><\/h2>\n<p><span style=\"color: #0000ff;\"><a style=\"color: #0000ff;\" href=\"https:\/\/vimaterial.de\/es\/control-de-calidad\/\">Nuestros productos<\/a><\/span> est\u00e1n sujetos a un estricto sistema de gesti\u00f3n de calidad. Existen estrictos est\u00e1ndares de inspecci\u00f3n para los materiales entrantes, el procesamiento, la inspecci\u00f3n final y la inspecci\u00f3n de f\u00e1brica. Se toman estrictas medidas de aislamiento para el procesamiento no calificado para evitar que los productos no calificados fluyan al siguiente proceso. Las muestras se proporcionan para la reinspecci\u00f3n del cliente de acuerdo con los requisitos del cliente.   <\/p>\n<h2><span style=\"font-size: 14pt;\">Embalaje y almacenamiento<\/span><\/h2>\n<p>Los objetivos de pulverizaci\u00f3n cat\u00f3dica de nitruro de titanio se empaquetan en bolsas de vac\u00edo de doble capa y luego se empaquetan y empaquetan en cajas de cart\u00f3n.<\/p>\n<p>Los objetivos de pulverizaci\u00f3n cat\u00f3dica de nitruro de titanio deben almacenarse en un ambiente seco, fresco y bien ventilado, evitando la humedad, evitando el contacto con sustancias corrosivas fuertes y, al mismo tiempo, evitando que los objetivos sufran da\u00f1os f\u00edsicos como colisiones y fricci\u00f3n, para garantizar que sus propiedades f\u00edsicas y qu\u00edmicas no se vean afectadas.<\/p>\n","protected":false},"excerpt":{"rendered":"<p>El objetivo de pulverizaci\u00f3n cat\u00f3dica <span style=\"color: #0000ff;\"><a style=\"color: #0000ff;\" href=\"https:\/\/vimaterial.de\/es\/product\/nitruro-de-titanio-2\/\">de nitruro de titanio<\/a><\/span> es un material compuesto de titanio y nitr\u00f3geno, que se utiliza principalmente en el proceso de pulverizaci\u00f3n cat\u00f3dica de la tecnolog\u00eda de deposici\u00f3n f\u00edsica de vapor (PVD), y es capaz de depositar pel\u00edculas delgadas de nitruro de titanio con alta dureza, buena resistencia a la abrasi\u00f3n, estabilidad qu\u00edmica y una apariencia amarilla dorada en el sustrato.<\/p>\n","protected":false},"featured_media":1000730,"comment_status":"open","ping_status":"closed","template":"","meta":{"_acf_changed":false},"product_brand":[],"product_cat":[178],"product_tag":[],"class_list":{"0":"post-1013176","1":"product","2":"type-product","3":"status-publish","4":"has-post-thumbnail","6":"product_cat-catodos-para-sputtering-planar","8":"first","9":"instock","10":"shipping-taxable","11":"product-type-variable"},"acf":[],"_links":{"self":[{"href":"https:\/\/vimaterial.de\/es\/wp-json\/wp\/v2\/product\/1013176","targetHints":{"allow":["GET"]}}],"collection":[{"href":"https:\/\/vimaterial.de\/es\/wp-json\/wp\/v2\/product"}],"about":[{"href":"https:\/\/vimaterial.de\/es\/wp-json\/wp\/v2\/types\/product"}],"replies":[{"embeddable":true,"href":"https:\/\/vimaterial.de\/es\/wp-json\/wp\/v2\/comments?post=1013176"}],"wp:featuredmedia":[{"embeddable":true,"href":"https:\/\/vimaterial.de\/es\/wp-json\/wp\/v2\/media\/1000730"}],"wp:attachment":[{"href":"https:\/\/vimaterial.de\/es\/wp-json\/wp\/v2\/media?parent=1013176"}],"wp:term":[{"taxonomy":"product_brand","embeddable":true,"href":"https:\/\/vimaterial.de\/es\/wp-json\/wp\/v2\/product_brand?post=1013176"},{"taxonomy":"product_cat","embeddable":true,"href":"https:\/\/vimaterial.de\/es\/wp-json\/wp\/v2\/product_cat?post=1013176"},{"taxonomy":"product_tag","embeddable":true,"href":"https:\/\/vimaterial.de\/es\/wp-json\/wp\/v2\/product_tag?post=1013176"}],"curies":[{"name":"wp","href":"https:\/\/api.w.org\/{rel}","templated":true}]}}