{"id":1013173,"date":"2024-06-17T14:26:51","date_gmt":"2024-06-17T06:26:51","guid":{"rendered":"https:\/\/vimaterial.de\/product\/titanio-dopado-con-nb\/"},"modified":"2025-04-18T16:03:39","modified_gmt":"2025-04-18T08:03:39","slug":"titanio-dopado-con-nb","status":"publish","type":"product","link":"https:\/\/vimaterial.de\/es\/product\/titanio-dopado-con-nb\/","title":{"rendered":"Titanio (dopado con Nb)"},"content":{"rendered":"<p>El objetivo de pulverizaci\u00f3n cat\u00f3dica de titanio (dopado con Nb) es un material a base de titanio dopado con niobio para su uso en el proceso de pulverizaci\u00f3n cat\u00f3dica en la deposici\u00f3n f\u00edsica de vapor (PVD), donde los \u00e1tomos de titanio y niobio se depositan en la superficie del sustrato mediante bombardeo de iones para formar una pel\u00edcula delgada, que se utiliza para mejorar las propiedades de la pel\u00edcula, como la dureza,  resistencia a la corrosi\u00f3n y muchas otras propiedades.<\/p>\n<p>Suministramos objetivos de pulverizaci\u00f3n cat\u00f3dica de titanio (dopado con Nb), VIMATERIAL tambi\u00e9n puede proporcionar un servicio de encuadernaci\u00f3n de objetivos, nuestros productos est\u00e1n sujetos a personalizaci\u00f3n y experimentaci\u00f3n, <span style=\"color: #0000ff;\"><a style=\"color: #0000ff;\" href=\"https:\/\/vimaterial.de\/en\/contact-us\/\">cont\u00e1ctenos<\/a><\/span> si lo necesita.<\/p>\n<h2><span style=\"font-size: 14pt;\">Aplicaciones<\/span><\/h2>\n<p>Semiconductor: Para la fabricaci\u00f3n de electrodos e interconexiones para dispositivos semiconductores. Las pel\u00edculas de titanio que contienen niobio formadas por pulverizaci\u00f3n cat\u00f3dica pueden mejorar la conductividad y la resistencia a la electromigraci\u00f3n de las l\u00edneas, lo que contribuye a mejorar el rendimiento del chip. <\/p>\n<p>\u00d3ptica: Los objetivos de pulverizaci\u00f3n cat\u00f3dica de titanio (dopado con Nb) se pueden utilizar para preparar pel\u00edculas delgadas con alto \u00edndice de refracci\u00f3n y buena estabilidad \u00f3ptica, mejorar la transmisi\u00f3n de luz y las propiedades antirreflectantes de los componentes \u00f3pticos, y mejorar la calidad de imagen de los dispositivos \u00f3pticos.<\/p>\n<p>Aeroespacial: Las pel\u00edculas delgadas formadas por pulverizaci\u00f3n cat\u00f3dica pueden mejorar la resistencia a la corrosi\u00f3n y a altas temperaturas de los componentes, reducir la p\u00e9rdida de peso y la degradaci\u00f3n del rendimiento de los materiales en entornos hostiles, y mejorar la confiabilidad y la vida \u00fatil de los equipos aeroespaciales.<\/p>\n<p>Electr\u00f3nica: Los objetivos de pulverizaci\u00f3n cat\u00f3dica de titanio (dopado con Nb) se pueden utilizar para preparar pel\u00edculas conductoras o protectoras transparentes para mejorar la conductividad y la resistencia a los ara\u00f1azos de las pantallas, mejorando as\u00ed la calidad de la pantalla y la durabilidad de los dispositivos electr\u00f3nicos.<\/p>\n<h2><span style=\"font-size: 14pt;\">Control de calidad<\/span><\/h2>\n<p><span style=\"color: #0000ff;\"><a style=\"color: #0000ff;\" href=\"https:\/\/vimaterial.de\/en\/quality-control\/\">Nuestros productos<\/a> <\/span>est\u00e1n sujetos a un estricto sistema de gesti\u00f3n de calidad. Existen estrictos est\u00e1ndares de inspecci\u00f3n para los materiales entrantes, el procesamiento, la inspecci\u00f3n final y la inspecci\u00f3n de f\u00e1brica. Se toman estrictas medidas de aislamiento para el procesamiento no calificado para evitar que los productos no calificados fluyan al siguiente proceso. Las muestras se proporcionan para la reinspecci\u00f3n del cliente de acuerdo con los requisitos del cliente.   <\/p>\n<h2><span style=\"font-size: 14pt;\">Embalaje y almacenamiento<\/span><\/h2>\n<p>Los objetivos de pulverizaci\u00f3n cat\u00f3dica de titanio (dopado con Nb) se empaquetan en bolsas de vac\u00edo de doble capa y luego se empaquetan y empaquetan en cajas de cart\u00f3n.<\/p>\n<p>Los objetivos de pulverizaci\u00f3n cat\u00f3dica de titanio (dopado con Nb) deben almacenarse en un ambiente seco, limpio y bien ventilado para evitar la humedad, la oxidaci\u00f3n, el da\u00f1o mec\u00e1nico y la contaminaci\u00f3n qu\u00edmica.<\/p>\n","protected":false},"excerpt":{"rendered":"<p>El objetivo de pulverizaci\u00f3n cat\u00f3dica de titanio (dopado con Nb) es un material a base de titanio dopado con niobio para su uso en el proceso de pulverizaci\u00f3n cat\u00f3dica en la deposici\u00f3n f\u00edsica de vapor (PVD), donde los \u00e1tomos de titanio y niobio se depositan en la superficie del sustrato mediante bombardeo de iones para formar una pel\u00edcula delgada, que se utiliza para mejorar las propiedades de la pel\u00edcula, como la dureza,  resistencia a la corrosi\u00f3n y muchas otras propiedades.<\/p>\n","protected":false},"featured_media":1000741,"comment_status":"open","ping_status":"closed","template":"","meta":{"_acf_changed":false},"product_brand":[],"product_cat":[178],"product_tag":[],"class_list":{"0":"post-1013173","1":"product","2":"type-product","3":"status-publish","4":"has-post-thumbnail","6":"product_cat-catodos-para-sputtering-planar","8":"first","9":"instock","10":"shipping-taxable","11":"product-type-variable"},"acf":[],"_links":{"self":[{"href":"https:\/\/vimaterial.de\/es\/wp-json\/wp\/v2\/product\/1013173","targetHints":{"allow":["GET"]}}],"collection":[{"href":"https:\/\/vimaterial.de\/es\/wp-json\/wp\/v2\/product"}],"about":[{"href":"https:\/\/vimaterial.de\/es\/wp-json\/wp\/v2\/types\/product"}],"replies":[{"embeddable":true,"href":"https:\/\/vimaterial.de\/es\/wp-json\/wp\/v2\/comments?post=1013173"}],"wp:featuredmedia":[{"embeddable":true,"href":"https:\/\/vimaterial.de\/es\/wp-json\/wp\/v2\/media\/1000741"}],"wp:attachment":[{"href":"https:\/\/vimaterial.de\/es\/wp-json\/wp\/v2\/media?parent=1013173"}],"wp:term":[{"taxonomy":"product_brand","embeddable":true,"href":"https:\/\/vimaterial.de\/es\/wp-json\/wp\/v2\/product_brand?post=1013173"},{"taxonomy":"product_cat","embeddable":true,"href":"https:\/\/vimaterial.de\/es\/wp-json\/wp\/v2\/product_cat?post=1013173"},{"taxonomy":"product_tag","embeddable":true,"href":"https:\/\/vimaterial.de\/es\/wp-json\/wp\/v2\/product_tag?post=1013173"}],"curies":[{"name":"wp","href":"https:\/\/api.w.org\/{rel}","templated":true}]}}