{"id":1013133,"date":"2024-06-17T14:26:51","date_gmt":"2024-06-17T06:26:51","guid":{"rendered":"https:\/\/vimaterial.de\/product\/aleacion-de-titanio-y-niquel\/"},"modified":"2025-04-18T15:55:12","modified_gmt":"2025-04-18T07:55:12","slug":"aleacion-de-titanio-y-niquel","status":"publish","type":"product","link":"https:\/\/vimaterial.de\/es\/product\/aleacion-de-titanio-y-niquel\/","title":{"rendered":"Aleaci\u00f3n de titanio y n\u00edquel"},"content":{"rendered":"<p><span style=\"color: #0000ff;\"><a style=\"color: #0000ff;\" href=\"https:\/\/vimaterial.de\/en\/product\/titanium-nickel-alloy\/\">Titanio Los<\/a><\/span> objetivos de pulverizaci\u00f3n cat\u00f3dica de n\u00edquel son aleaciones de titanio y n\u00edquel, que se utilizan principalmente para la deposici\u00f3n f\u00edsica de vapor. Se pulverizan para la producci\u00f3n de implantes de aleaci\u00f3n con memoria de forma en el campo biom\u00e9dico, para el recubrimiento de componentes resistentes a la fatiga y a altas temperaturas en el campo aeroespacial, y para la producci\u00f3n de pel\u00edculas delgadas con propiedades el\u00e9ctricas especiales en el campo de la electr\u00f3nica. <\/p>\n<p>Suministramos objetivos de pulverizaci\u00f3n cat\u00f3dica de titanio y n\u00edquel, VIMATERIAL tambi\u00e9n puede proporcionar un servicio de encuadernaci\u00f3n de objetivos, todos nuestros productos est\u00e1n sujetos a personalizaci\u00f3n y experimentaci\u00f3n,<span style=\"color: #0000ff;\"><a style=\"color: #0000ff;\" href=\"https:\/\/vimaterial.de\/en\/contact-us\/\"> cont\u00e1ctenos<\/a><\/span> si necesita m\u00e1s informaci\u00f3n.<\/p>\n<h2><span style=\"font-size: 14pt;\">Caracter\u00edsticas<\/span><\/h2>\n<p>F\u00f3rmula molecular: TiNi<\/p>\n<p>Peso molecular: 106.39<\/p>\n<p>Aspecto: gris plateado, brillo met\u00e1lico, superficie lisa<\/p>\n<p>Estructura cristalina: Varias estructuras, incluidas las c\u00fabicas centradas en el cuerpo (BCC), las c\u00fabicas centradas en las caras (FCC), etc., capaces de transformaci\u00f3n de fase martens\u00edtica<\/p>\n<h2><span style=\"font-size: 14pt;\">Aplicaciones<\/span><\/h2>\n<p>Biom\u00e9dico: utilizado en la fabricaci\u00f3n de stents card\u00edacos, bobinas de resorte de embolia vascular y otros dispositivos implantables, el uso de su memoria de forma y biocompatibilidad, se ajustan a los tejidos del cuerpo humano y funcionan de manera estable.<\/p>\n<p>Aeroespacial: formaci\u00f3n de recubrimientos en las superficies de las alas de los aviones y las palas del motor para mejorar la resistencia a la fatiga, la resistencia a altas temperaturas y la resistencia a la corrosi\u00f3n de los componentes para garantizar la seguridad del vuelo.<\/p>\n<p>Equipos electr\u00f3nicos: utilizados en la fabricaci\u00f3n de sensores y actuadores de sistemas microelectromec\u00e1nicos (MEMS), en virtud de sus especiales propiedades mec\u00e1nicas, para lograr una transmisi\u00f3n de se\u00f1ales y ejecuci\u00f3n de acciones de alta precisi\u00f3n.<\/p>\n<p>Industria automotriz: Se utiliza en v\u00e1lvulas de motores automotrices y dispositivos de ajuste de asientos, confiando en su s\u00faper elasticidad y durabilidad para mejorar la confiabilidad de los sistemas mec\u00e1nicos y la facilidad de operaci\u00f3n.<\/p>\n<h2><span style=\"font-size: 14pt;\">Control de calidad<\/span><\/h2>\n<p><span style=\"color: #0000ff;\"><a style=\"color: #0000ff;\" href=\"https:\/\/vimaterial.de\/en\/quality-control\/\">Nuestros productos<\/a><\/span> est\u00e1n sujetos a un estricto sistema de gesti\u00f3n de calidad. Existen estrictos est\u00e1ndares de inspecci\u00f3n para los materiales entrantes, el procesamiento, la inspecci\u00f3n final y la inspecci\u00f3n de f\u00e1brica. Se toman estrictas medidas de aislamiento para el procesamiento no calificado para evitar que los productos no calificados fluyan al siguiente proceso. Las muestras se proporcionan para la reinspecci\u00f3n del cliente de acuerdo con los requisitos del cliente.   <\/p>\n<h2><span style=\"font-size: 14pt;\">Embalaje y almacenamiento<\/span><\/h2>\n<p>Los objetivos de pulverizaci\u00f3n cat\u00f3dica de titanio y n\u00edquel se empaquetan en bolsas de vac\u00edo dobles y luego se empaquetan en cajas de cart\u00f3n.<\/p>\n<p>Los objetivos de pulverizaci\u00f3n cat\u00f3dica de titanio y n\u00edquel deben almacenarse en ambientes secos y bien ventilados con temperatura y humedad relativamente estables, evitando el contacto con sustancias corrosivas, evitando colisiones violentas y da\u00f1os mec\u00e1nicos, y preferiblemente en paquetes sellados para reducir la oxidaci\u00f3n.<\/p>\n","protected":false},"excerpt":{"rendered":"<p><span style=\"color: #0000ff;\"><a style=\"color: #0000ff;\" href=\"https:\/\/vimaterial.de\/en\/product\/titanium-nickel-alloy\/\">Titanio Los<\/a><\/span> objetivos de pulverizaci\u00f3n cat\u00f3dica de n\u00edquel son aleaciones de titanio y n\u00edquel, que se utilizan principalmente para la deposici\u00f3n f\u00edsica de vapor. Se pulverizan para la producci\u00f3n de implantes de aleaci\u00f3n con memoria de forma en el campo biom\u00e9dico, para el recubrimiento de componentes resistentes a la fatiga y a altas temperaturas en el campo aeroespacial, y para la producci\u00f3n de pel\u00edculas delgadas con propiedades el\u00e9ctricas especiales en el campo de la electr\u00f3nica. <\/p>\n","protected":false},"featured_media":1000757,"comment_status":"open","ping_status":"closed","template":"","meta":{"_acf_changed":false},"product_brand":[],"product_cat":[178],"product_tag":[],"class_list":{"0":"post-1013133","1":"product","2":"type-product","3":"status-publish","4":"has-post-thumbnail","6":"product_cat-catodos-para-sputtering-planar","8":"first","9":"instock","10":"shipping-taxable","11":"product-type-variable"},"acf":[],"_links":{"self":[{"href":"https:\/\/vimaterial.de\/es\/wp-json\/wp\/v2\/product\/1013133","targetHints":{"allow":["GET"]}}],"collection":[{"href":"https:\/\/vimaterial.de\/es\/wp-json\/wp\/v2\/product"}],"about":[{"href":"https:\/\/vimaterial.de\/es\/wp-json\/wp\/v2\/types\/product"}],"replies":[{"embeddable":true,"href":"https:\/\/vimaterial.de\/es\/wp-json\/wp\/v2\/comments?post=1013133"}],"wp:featuredmedia":[{"embeddable":true,"href":"https:\/\/vimaterial.de\/es\/wp-json\/wp\/v2\/media\/1000757"}],"wp:attachment":[{"href":"https:\/\/vimaterial.de\/es\/wp-json\/wp\/v2\/media?parent=1013133"}],"wp:term":[{"taxonomy":"product_brand","embeddable":true,"href":"https:\/\/vimaterial.de\/es\/wp-json\/wp\/v2\/product_brand?post=1013133"},{"taxonomy":"product_cat","embeddable":true,"href":"https:\/\/vimaterial.de\/es\/wp-json\/wp\/v2\/product_cat?post=1013133"},{"taxonomy":"product_tag","embeddable":true,"href":"https:\/\/vimaterial.de\/es\/wp-json\/wp\/v2\/product_tag?post=1013133"}],"curies":[{"name":"wp","href":"https:\/\/api.w.org\/{rel}","templated":true}]}}