{"id":1013101,"date":"2024-06-17T14:39:48","date_gmt":"2024-06-17T06:39:48","guid":{"rendered":"https:\/\/vimaterial.de\/product\/oxido-de-hierro-5\/"},"modified":"2025-04-17T09:56:02","modified_gmt":"2025-04-17T01:56:02","slug":"oxido-de-hierro-5","status":"publish","type":"product","link":"https:\/\/vimaterial.de\/es\/product\/oxido-de-hierro-5\/","title":{"rendered":"\u00d3xido de hierro"},"content":{"rendered":"<p>El objetivo de pulverizaci\u00f3n cat\u00f3dica <span style=\"color: #0000ff;\"><a style=\"color: #0000ff;\" href=\"https:\/\/vimaterial.de\/en\/product\/iron-oxide-6\/\">de \u00f3xido de hierro<\/a><\/span> es un material con tri\u00f3xido de hierro como componente principal. Tiene buena estabilidad qu\u00edmica, propiedades \u00f3pticas y el\u00e9ctricas \u00fanicas, y se puede usar para depositar pel\u00edculas delgadas para dispositivos optoelectr\u00f3nicos, catalizadores, recubrimientos anticorrosivos y muchos otros campos en el sustrato mediante un proceso de pulverizaci\u00f3n cat\u00f3dica. <\/p>\n<p>VIMATERIAL ofrece objetivos de pulverizaci\u00f3n cat\u00f3dica de \u00f3xido de hierro. Nuestros objetivos de pulverizaci\u00f3n cat\u00f3dica de \u00f3xido de hierro se caracterizan por su alta pureza, alta densidad, buena estructura cristalina, excelentes propiedades de pel\u00edcula delgada, alta precisi\u00f3n dimensional y estabilidad a la pulverizaci\u00f3n cat\u00f3dica. Y tambi\u00e9n podemos proporcionar un servicio de encuadernaci\u00f3n, aceptamos su personalizaci\u00f3n y experimento, \u00a1 <span style=\"color: #0000ff;\"><a style=\"color: #0000ff;\" href=\"https:\/\/vimaterial.de\/en\/contact-us\/\">cont\u00e1ctenos<\/a><\/span>!  <\/p>\n<h2><span style=\"font-size: 14pt;\">Propiedades f\u00edsicas<\/span><\/h2>\n<p>F\u00f3rmula molecular: Fe2O3<\/p>\n<p>Peso molecular: alrededor de 159.69<\/p>\n<p>Aspecto: blanco generalmente de color marr\u00f3n rojizo con brillo met\u00e1lico<\/p>\n<p>Densidad: aprox. 5,24 g\/cm\u00b3<\/p>\n<p>Punto de fusi\u00f3n: alrededor de 1565 \u00b0C<\/p>\n<p>Punto de ebullici\u00f3n: alrededor de 3414 \u00b0C<\/p>\n<p>Estructura cristalina: Sistema cristalino principalmente tripartito, estructura tipo corind\u00f3n, en el que los iones de ox\u00edgeno est\u00e1n dispuestos en un empaquetamiento hexagonal, y los iones de hierro trivalentes ocupan parte de los vac\u00edos octa\u00e9dricos, y esta estructura hace que tenga cierta estabilidad y propiedades fisicoqu\u00edmicas especiales.<\/p>\n<h2><span style=\"font-size: 14pt;\">Aplicaciones<\/span><\/h2>\n<p>Campo de energ\u00eda solar: utilizado en la preparaci\u00f3n de materiales de foto\u00e1nodo, en virtud de su ancho de banda prohibido adecuado y rendimiento de absorci\u00f3n de luz, mejora efectivamente la eficiencia de conversi\u00f3n fotoel\u00e9ctrica y promueve el desarrollo de la tecnolog\u00eda de c\u00e9lulas solares.<\/p>\n<p>Protecci\u00f3n del medio ambiente: Se utilizan como materiales fotocatal\u00edticos para el tratamiento de aguas residuales, generando fuertes sustancias oxidantes bajo la luz, degradando contaminantes org\u00e1nicos y ayudando a purificar el medio ambiente acu\u00e1tico.<\/p>\n<p>En el campo de los materiales de construcci\u00f3n, se convierte en un recubrimiento de color con funci\u00f3n antioxidante, lo que le da a los materiales de construcci\u00f3n una apariencia hermosa y evita que las piezas met\u00e1licas se oxiden al mismo tiempo, prolongando as\u00ed la vida \u00fatil de los materiales de construcci\u00f3n.<\/p>\n<h2><span style=\"font-size: 14pt;\">Control de calidad<\/span><\/h2>\n<p><span style=\"color: #0000ff;\"><a style=\"color: #0000ff;\" href=\"https:\/\/vimaterial.de\/en\/quality-control\/\">El control de calidad<\/a><\/span> de nuestros productos es muy estricto, desde la selecci\u00f3n de materias primas estables y de alta pureza, hasta el uso de equipos de precisi\u00f3n avanzados y tecnolog\u00eda rigurosa para controlar con precisi\u00f3n todo el proceso de producci\u00f3n, hasta el uso de m\u00e9todos de prueba profesionales sobre las propiedades f\u00edsicas, qu\u00edmicas, microestructurales y otras propiedades del producto de toda la gama de pruebas en profundidad,  Cada enlace sigue estrictamente los altos est\u00e1ndares internacionales, para garantizar que cada lote de materiales se entregue con excelente calidad y estabilidad, para brindar a los clientes una garant\u00eda de calidad s\u00f3lida y confiable. Nos comprometemos a garantizar que cada lote de materiales entregados tenga una excelente calidad y estabilidad, brindando a los clientes una garant\u00eda de calidad s\u00f3lida y confiable. <\/p>\n<h2><span style=\"font-size: 14pt;\">Embalaje y almacenamiento<\/span><\/h2>\n<p>Los objetivos de pulverizaci\u00f3n cat\u00f3dica de \u00f3xido de hierro se empaquetan en bolsas y cajas de vac\u00edo de doble capa, y el exterior se empaqueta en cajas de cart\u00f3n.<\/p>\n<p>Los objetivos de pulverizaci\u00f3n cat\u00f3dica de \u00f3xido de hierro deben almacenarse en un ambiente seco y bien ventilado a una temperatura estable, evitando la humedad y el contacto con sustancias \u00e1cidas, alcalinas y otras sustancias corrosivas, y evitando la irradiaci\u00f3n a largo plazo por luz fuerte y colisi\u00f3n violenta, para mantener su estabilidad qu\u00edmica y estado f\u00edsico intactos, garantizar que su rendimiento no se da\u00f1e,  y prolongar su vida \u00fatil.<\/p>\n","protected":false},"excerpt":{"rendered":"<p>El objetivo de pulverizaci\u00f3n cat\u00f3dica <span style=\"color: #0000ff;\"><a style=\"color: #0000ff;\" href=\"https:\/\/vimaterial.de\/en\/product\/iron-oxide-6\/\">de \u00f3xido de hierro<\/a><\/span> es un material con tri\u00f3xido de hierro como componente principal. Tiene buena estabilidad qu\u00edmica, propiedades \u00f3pticas y el\u00e9ctricas \u00fanicas, y se puede usar para depositar pel\u00edculas delgadas para dispositivos optoelectr\u00f3nicos, catalizadores, recubrimientos anticorrosivos y muchos otros campos en el sustrato mediante un proceso de pulverizaci\u00f3n cat\u00f3dica. <\/p>\n","protected":false},"featured_media":1001790,"comment_status":"open","ping_status":"closed","template":"","meta":{"_acf_changed":false},"product_brand":[],"product_cat":[178],"product_tag":[],"class_list":{"0":"post-1013101","1":"product","2":"type-product","3":"status-publish","4":"has-post-thumbnail","6":"product_cat-catodos-para-sputtering-planar","8":"first","9":"instock","10":"shipping-taxable","11":"product-type-variable"},"acf":[],"_links":{"self":[{"href":"https:\/\/vimaterial.de\/es\/wp-json\/wp\/v2\/product\/1013101","targetHints":{"allow":["GET"]}}],"collection":[{"href":"https:\/\/vimaterial.de\/es\/wp-json\/wp\/v2\/product"}],"about":[{"href":"https:\/\/vimaterial.de\/es\/wp-json\/wp\/v2\/types\/product"}],"replies":[{"embeddable":true,"href":"https:\/\/vimaterial.de\/es\/wp-json\/wp\/v2\/comments?post=1013101"}],"wp:featuredmedia":[{"embeddable":true,"href":"https:\/\/vimaterial.de\/es\/wp-json\/wp\/v2\/media\/1001790"}],"wp:attachment":[{"href":"https:\/\/vimaterial.de\/es\/wp-json\/wp\/v2\/media?parent=1013101"}],"wp:term":[{"taxonomy":"product_brand","embeddable":true,"href":"https:\/\/vimaterial.de\/es\/wp-json\/wp\/v2\/product_brand?post=1013101"},{"taxonomy":"product_cat","embeddable":true,"href":"https:\/\/vimaterial.de\/es\/wp-json\/wp\/v2\/product_cat?post=1013101"},{"taxonomy":"product_tag","embeddable":true,"href":"https:\/\/vimaterial.de\/es\/wp-json\/wp\/v2\/product_tag?post=1013101"}],"curies":[{"name":"wp","href":"https:\/\/api.w.org\/{rel}","templated":true}]}}