{"id":1013087,"date":"2024-06-17T14:40:49","date_gmt":"2024-06-17T06:40:49","guid":{"rendered":"https:\/\/vimaterial.de\/product\/aluminuro-de-hierro\/"},"modified":"2025-04-17T09:49:15","modified_gmt":"2025-04-17T01:49:15","slug":"aluminuro-de-hierro","status":"publish","type":"product","link":"https:\/\/vimaterial.de\/es\/product\/aluminuro-de-hierro\/","title":{"rendered":"Aluminuro de hierro"},"content":{"rendered":"<p>Los polvos de aluminuro de hierro son compuestos intermet\u00e1licos compuestos de hierro y aluminio con alta resistividad el\u00e9ctrica, baja densidad, alta dureza, buena resistencia al desgaste y a las vibraciones, de color gris, generalmente en una gama de tama\u00f1os de part\u00edcula e inflamables, y se utilizan en materiales estructurales de alta temperatura, recubrimientos, electr\u00f3nica y otras aplicaciones importantes.<\/p>\n<p>VIMATERIAl ofrece polvos de aluminuro de hierro, que son uniformes en tama\u00f1o de part\u00edcula, bajos en impurezas, qu\u00edmicamente estables y muestran un buen rendimiento en las aplicaciones. Contamos con un equipo profesional de investigaci\u00f3n y desarrollo de tecnolog\u00eda, aceptamos personalizados y experimentales, si lo necesita,<span style=\"color: #0000ff;\"><a style=\"color: #0000ff;\" href=\"https:\/\/vimaterial.de\/en\/contact-us\/\"> cont\u00e1ctenos.<\/a><\/span> <\/p>\n<h2><span style=\"font-size: 14pt;\">Propiedades f\u00edsicas<\/span><\/h2>\n<p>F\u00f3rmula molecular: Fe\u2083Al<\/p>\n<p>Peso molecular: alrededor de 194.52<\/p>\n<p>Aspecto: Por lo general, polvo gris<\/p>\n<p>Densidad: aprox. 6,72 g\/cm\u00b3.<\/p>\n<p>Punto de fusi\u00f3n: 1540 \u00b0C<\/p>\n<p>Estructura cristalina: D0\u2083 estructuras c\u00fabicas ordenadas centradas en el cuerpo (bcc) y B2 estructuras c\u00fabicas ordenadas centradas en el cuerpo (bcc).<\/p>\n<h2><span style=\"font-size: 14pt;\">Aplicaci\u00f3n<\/span><\/h2>\n<p>Aeroespacial: Los polvos de aluminuro de hierro se utilizan en la fabricaci\u00f3n de componentes de motores aeroespaciales y estructuras de alta temperatura, donde sus propiedades de alta temperatura y baja densidad ayudan a reducir el peso del veh\u00edculo mientras soportan altas temperaturas.<\/p>\n<p>Automoci\u00f3n: Utilizados en la fabricaci\u00f3n de componentes de motores y sistemas de escape de autom\u00f3viles, los polvos de aluminuro de hierro son capaces de soportar altas temperaturas y gases corrosivos, mejorando la vida \u00fatil y el rendimiento de los componentes de automoci\u00f3n.<\/p>\n<p>Industria energ\u00e9tica: Se utiliza en la fabricaci\u00f3n de piezas de alta temperatura para equipos de energ\u00eda, como recubrimientos de palas de turbina para generadores, para resistir la corrosi\u00f3n a alta temperatura y mejorar la estabilidad y confiabilidad del equipo mediante el uso de sus propiedades antioxidantes y antisulfurantes.<\/p>\n<p>Industria qu\u00edmica: se utilizan como materiales resistentes a la corrosi\u00f3n para recipientes y tuber\u00edas de reacci\u00f3n qu\u00edmica, capaces de resistir la erosi\u00f3n de una variedad de productos qu\u00edmicos corrosivos para garantizar la seguridad y estabilidad del proceso de producci\u00f3n qu\u00edmica.<\/p>\n<h2><span style=\"font-size: 14pt;\">Control de calidad<\/span><\/h2>\n<p><span style=\"color: #0000ff;\"><a style=\"color: #0000ff;\" href=\"https:\/\/vimaterial.de\/en\/quality-control\/\">Cada lote<\/a> <\/span>de nuestros productos parte de la cuidadosa selecci\u00f3n de las materias primas y pasa por varios procesos avanzados, con un estricto control de par\u00e1metros y un seguimiento en tiempo real en cada paso. Todo el proceso de producci\u00f3n sigue el sistema de gesti\u00f3n de calidad internacional, y el uso de equipos de prueba de alta precisi\u00f3n realiza pruebas de precisi\u00f3n completa de la distribuci\u00f3n del tama\u00f1o de part\u00edcula, la pureza, el contenido de impurezas y otros indicadores clave, sin escatimar defectos menores, para garantizar la calidad de cada lote de productos. <\/p>\n<h2><span style=\"font-size: 14pt;\">Embalaje y almacenamiento<\/span><\/h2>\n<p>El polvo de aluminuro de hierro se envasa en bolsas de vac\u00edo dobles o botellas y cartones.<\/p>\n<p>Los polvos de aluminuro de hierro deben almacenarse en un ambiente seco, fresco y bien ventilado, sellarse para evitar la humedad y la oxidaci\u00f3n, y mantenerse alejados de fuentes de ignici\u00f3n y materiales inflamables, y evitar el contacto con otras sustancias capaces de reacciones qu\u00edmicas.<\/p>\n","protected":false},"excerpt":{"rendered":"<p>Los polvos de aluminuro de hierro son compuestos intermet\u00e1licos compuestos de hierro y aluminio con alta resistividad el\u00e9ctrica, baja densidad, alta dureza, buena resistencia al desgaste y a las vibraciones, de color gris, generalmente en una gama de tama\u00f1os de part\u00edcula e inflamables, y se utilizan en materiales estructurales de alta temperatura, recubrimientos, electr\u00f3nica y otras aplicaciones importantes.<\/p>\n","protected":false},"featured_media":1001816,"comment_status":"open","ping_status":"closed","template":"","meta":{"_acf_changed":false},"product_brand":[],"product_cat":[187],"product_tag":[],"class_list":{"0":"post-1013087","1":"product","2":"type-product","3":"status-publish","4":"has-post-thumbnail","6":"product_cat-otros-materiales","8":"first","9":"instock","10":"shipping-taxable","11":"product-type-variable"},"acf":[],"_links":{"self":[{"href":"https:\/\/vimaterial.de\/es\/wp-json\/wp\/v2\/product\/1013087","targetHints":{"allow":["GET"]}}],"collection":[{"href":"https:\/\/vimaterial.de\/es\/wp-json\/wp\/v2\/product"}],"about":[{"href":"https:\/\/vimaterial.de\/es\/wp-json\/wp\/v2\/types\/product"}],"replies":[{"embeddable":true,"href":"https:\/\/vimaterial.de\/es\/wp-json\/wp\/v2\/comments?post=1013087"}],"wp:featuredmedia":[{"embeddable":true,"href":"https:\/\/vimaterial.de\/es\/wp-json\/wp\/v2\/media\/1001816"}],"wp:attachment":[{"href":"https:\/\/vimaterial.de\/es\/wp-json\/wp\/v2\/media?parent=1013087"}],"wp:term":[{"taxonomy":"product_brand","embeddable":true,"href":"https:\/\/vimaterial.de\/es\/wp-json\/wp\/v2\/product_brand?post=1013087"},{"taxonomy":"product_cat","embeddable":true,"href":"https:\/\/vimaterial.de\/es\/wp-json\/wp\/v2\/product_cat?post=1013087"},{"taxonomy":"product_tag","embeddable":true,"href":"https:\/\/vimaterial.de\/es\/wp-json\/wp\/v2\/product_tag?post=1013087"}],"curies":[{"name":"wp","href":"https:\/\/api.w.org\/{rel}","templated":true}]}}