{"id":1013084,"date":"2024-06-17T14:39:49","date_gmt":"2024-06-17T06:39:49","guid":{"rendered":"https:\/\/vimaterial.de\/product\/oxido-de-hierro-4\/"},"modified":"2025-04-17T09:53:07","modified_gmt":"2025-04-17T01:53:07","slug":"oxido-de-hierro-4","status":"publish","type":"product","link":"https:\/\/vimaterial.de\/es\/product\/oxido-de-hierro-4\/","title":{"rendered":"\u00d3xido de hierro"},"content":{"rendered":"<p>El objetivo de pulverizaci\u00f3n cat\u00f3dica <span style=\"color: #0000ff;\"><a style=\"color: #0000ff;\" href=\"https:\/\/vimaterial.de\/en\/product\/iron-oxide-6\/\">de \u00f3xido de hierro<\/a> <\/span>es un material compuesto principalmente de tetra\u00f3xido de hierro, que tiene ferrimagnetismo y buena estabilidad qu\u00edmica. Durante el proceso de pulverizaci\u00f3n cat\u00f3dica, las part\u00edculas de Fe\u2083O\u2084 se pueden depositar en el sustrato para formar una pel\u00edcula delgada con diversas caracter\u00edsticas, como propiedades magn\u00e9ticas, el\u00e9ctricas y \u00f3pticas, que se usa ampliamente en los campos de grabaci\u00f3n magn\u00e9tica, sensores magn\u00e9ticos y dispositivos electr\u00f3nicos. <\/p>\n<p>VIMATERIAL ofrece objetivos de pulverizaci\u00f3n cat\u00f3dica de \u00f3xido de hierro. Nuestros objetivos de pulverizaci\u00f3n cat\u00f3dica de \u00f3xido de hierro se caracterizan por su alta pureza, alta densidad, buena estructura cristalina, excelentes propiedades de pel\u00edcula delgada, alta precisi\u00f3n dimensional y estabilidad a la pulverizaci\u00f3n cat\u00f3dica. Y tambi\u00e9n podemos proporcionar un servicio de encuadernaci\u00f3n, aceptamos su personalizaci\u00f3n y experimento, \u00a1<span style=\"color: #0000ff;\"><a style=\"color: #0000ff;\" href=\"https:\/\/vimaterial.de\/en\/contact-us\/\"> cont\u00e1ctenos por<\/a><\/span>favor!  <\/p>\n<h2><span style=\"font-size: 14pt;\">Propiedades f\u00edsicas<\/span><\/h2>\n<p>F\u00f3rmula molecular: Fe3O4<\/p>\n<p>Peso molecular: alrededor de 231.53<\/p>\n<p>Aspecto: S\u00f3lido negro o negro-marr\u00f3n con material objetivo de brillo met\u00e1lico<\/p>\n<p>Densidad: aprox. 5,18 g\/cm\u00b3<\/p>\n<p>Punto de fusi\u00f3n: alrededor de 1597 \u00b0C<\/p>\n<p>Punto de ebullici\u00f3n: la temperatura de descomposici\u00f3n es de aproximadamente 1538 \u00b0C, cuando se calienta en aire, se descompondr\u00e1 por encima del punto de fusi\u00f3n.<\/p>\n<p>Estructura cristalina: sistema de cristal c\u00fabico<\/p>\n<h2><span style=\"font-size: 14pt;\">Aplicaciones<\/span><\/h2>\n<p>Campo de grabaci\u00f3n magn\u00e9tica: Se utiliza en la fabricaci\u00f3n de cintas magn\u00e9ticas de alta densidad de almacenamiento, discos y otros medios de almacenamiento, con su magnetismo ferroso \u00fanico para lograr un almacenamiento y lectura de informaci\u00f3n estables y eficientes.<\/p>\n<p>Campo biom\u00e9dico: como materia prima para el agente de contraste de im\u00e1genes por resonancia magn\u00e9tica (MRI), a trav\u00e9s de la modificaci\u00f3n de la superficie, puede lograr im\u00e1genes espec\u00edficas de tejidos u \u00f3rganos espec\u00edficos para ayudar en el diagn\u00f3stico de enfermedades.<\/p>\n<p>En el campo de los sensores, se fabrican varios tipos de sensores de gas para detectar la concentraci\u00f3n de gases nocivos en el medio ambiente de forma r\u00e1pida y sensible aprovechando los cambios en las propiedades el\u00e9ctricas despu\u00e9s de reaccionar con gases espec\u00edficos.<\/p>\n<h2><span style=\"font-size: 14pt;\">Control de calidad<\/span><\/h2>\n<p><span style=\"color: #0000ff;\"><a style=\"color: #0000ff;\" href=\"https:\/\/vimaterial.de\/en\/quality-control\/\">El control de calidad<\/a><\/span> de nuestros productos es muy estricto, desde la selecci\u00f3n de materias primas estables y de alta pureza, hasta el uso de equipos de precisi\u00f3n avanzados y tecnolog\u00eda rigurosa para controlar con precisi\u00f3n todo el proceso de producci\u00f3n, hasta el uso de m\u00e9todos de prueba profesionales sobre las propiedades f\u00edsicas, qu\u00edmicas, microestructurales y otras propiedades del producto de toda la gama de pruebas en profundidad,  Cada enlace sigue estrictamente los altos est\u00e1ndares internacionales, para garantizar que cada lote de materiales se entregue con excelente calidad y estabilidad, para brindar a los clientes una garant\u00eda de calidad s\u00f3lida y confiable. Nos comprometemos a garantizar que cada lote de materiales entregados tenga una excelente calidad y estabilidad, brindando a los clientes una garant\u00eda de calidad s\u00f3lida y confiable. <\/p>\n<h2><span style=\"font-size: 14pt;\">Embalaje y almacenamiento<\/span><\/h2>\n<p>Los objetivos de pulverizaci\u00f3n cat\u00f3dica de \u00f3xido de hierro se empaquetan en bolsas y cajas de vac\u00edo de doble capa, y el exterior se empaqueta en cajas de cart\u00f3n.<\/p>\n<p>Los objetivos de pulverizaci\u00f3n cat\u00f3dica de \u00f3xido de hierro deben almacenarse en un ambiente seco y bien ventilado a una temperatura estable, evitando la humedad y el contacto con sustancias \u00e1cidas, alcalinas y otras sustancias corrosivas, y evitando la irradiaci\u00f3n a largo plazo por luz fuerte y colisi\u00f3n violenta, para mantener su estabilidad qu\u00edmica y estado f\u00edsico intactos, garantizar que su rendimiento no se da\u00f1e,  y prolongar su vida \u00fatil.<\/p>\n","protected":false},"excerpt":{"rendered":"<p>El objetivo de pulverizaci\u00f3n cat\u00f3dica <span style=\"color: #0000ff;\"><a style=\"color: #0000ff;\" href=\"https:\/\/vimaterial.de\/en\/product\/iron-oxide-6\/\">de \u00f3xido de hierro<\/a> <\/span>es un material compuesto principalmente de tetra\u00f3xido de hierro, que tiene ferrimagnetismo y buena estabilidad qu\u00edmica. Durante el proceso de pulverizaci\u00f3n cat\u00f3dica, las part\u00edculas de Fe\u2083O\u2084 se pueden depositar en el sustrato para formar una pel\u00edcula delgada con diversas caracter\u00edsticas, como propiedades magn\u00e9ticas, el\u00e9ctricas y \u00f3pticas, que se usa ampliamente en los campos de grabaci\u00f3n magn\u00e9tica, sensores magn\u00e9ticos y dispositivos electr\u00f3nicos. <\/p>\n","protected":false},"featured_media":1001803,"comment_status":"open","ping_status":"closed","template":"","meta":{"_acf_changed":false},"product_brand":[],"product_cat":[178],"product_tag":[],"class_list":{"0":"post-1013084","1":"product","2":"type-product","3":"status-publish","4":"has-post-thumbnail","6":"product_cat-catodos-para-sputtering-planar","8":"first","9":"instock","10":"shipping-taxable","11":"product-type-variable"},"acf":[],"_links":{"self":[{"href":"https:\/\/vimaterial.de\/es\/wp-json\/wp\/v2\/product\/1013084","targetHints":{"allow":["GET"]}}],"collection":[{"href":"https:\/\/vimaterial.de\/es\/wp-json\/wp\/v2\/product"}],"about":[{"href":"https:\/\/vimaterial.de\/es\/wp-json\/wp\/v2\/types\/product"}],"replies":[{"embeddable":true,"href":"https:\/\/vimaterial.de\/es\/wp-json\/wp\/v2\/comments?post=1013084"}],"wp:featuredmedia":[{"embeddable":true,"href":"https:\/\/vimaterial.de\/es\/wp-json\/wp\/v2\/media\/1001803"}],"wp:attachment":[{"href":"https:\/\/vimaterial.de\/es\/wp-json\/wp\/v2\/media?parent=1013084"}],"wp:term":[{"taxonomy":"product_brand","embeddable":true,"href":"https:\/\/vimaterial.de\/es\/wp-json\/wp\/v2\/product_brand?post=1013084"},{"taxonomy":"product_cat","embeddable":true,"href":"https:\/\/vimaterial.de\/es\/wp-json\/wp\/v2\/product_cat?post=1013084"},{"taxonomy":"product_tag","embeddable":true,"href":"https:\/\/vimaterial.de\/es\/wp-json\/wp\/v2\/product_tag?post=1013084"}],"curies":[{"name":"wp","href":"https:\/\/api.w.org\/{rel}","templated":true}]}}