{"id":1013077,"date":"2024-06-17T14:40:53","date_gmt":"2024-06-17T06:40:53","guid":{"rendered":"https:\/\/vimaterial.de\/product\/oxido-de-hierro-3\/"},"modified":"2025-04-17T09:45:46","modified_gmt":"2025-04-17T01:45:46","slug":"oxido-de-hierro-3","status":"publish","type":"product","link":"https:\/\/vimaterial.de\/es\/product\/oxido-de-hierro-3\/","title":{"rendered":"\u00d3xido de hierro"},"content":{"rendered":"<p>El polvo de \u00f3xido de hierro es un polvo de \u00f3xido de valencia mixto con fuertes propiedades magn\u00e9ticas, excelente conductividad el\u00e9ctrica, insoluble en agua pero soluble en \u00e1cidos, a menudo de color negro, que tiene una amplia gama de aplicaciones en materiales magn\u00e9ticos, pigmentos, biomedicina y otros campos.<\/p>\n<p>VIMATERIAl ofrece polvos de \u00f3xido de hierro. Nuestros polvos de \u00f3xido de hierro se caracterizan por un tama\u00f1o de part\u00edcula uniforme, un bajo contenido de impurezas, una alta estabilidad qu\u00edmica y un buen rendimiento en las aplicaciones. Contamos con un equipo profesional de investigaci\u00f3n y desarrollo de tecnolog\u00eda, aceptamos personalizados y experimentales, si lo necesita, <span style=\"color: #0000ff;\"><a style=\"color: #0000ff;\" href=\"https:\/\/vimaterial.de\/en\/contact-us\/\">cont\u00e1ctenos.<\/a><\/span>  <\/p>\n<h2><span style=\"font-size: 14pt;\">Propiedades f\u00edsicas<\/span><\/h2>\n<p>F\u00f3rmula molecular: Fe\u2083O\u2084<\/p>\n<p>Peso molecular: 231.54<\/p>\n<p>Aspecto: Por lo general, polvo negro o cristal c\u00fabico negro.<\/p>\n<p>Densidad: aprox. 5,18 g\/cm\u00b3.<\/p>\n<p>Punto de fusi\u00f3n: 1594.5\u00b0C<\/p>\n<p>Estructura cristalina: Tipo de espinela inversa, sistema cristalino c\u00fabico, pertenece a la estructura inversa de espinela de los cristales i\u00f3nicos, el cristal est\u00e1 compuesto por vac\u00edos tetra\u00e9dricos que contienen O\u00b2- y vac\u00edos octa\u00e9dricos del esqueleto, Fe\u00b2\u207a, Fe\u00b3\u207a rellenos en los vac\u00edos poli\u00e9dricos formados por O\u00b2-.<\/p>\n<h2><span style=\"font-size: 14pt;\">Aplicaci\u00f3n<\/span><\/h2>\n<p>En el campo de los materiales magn\u00e9ticos: Los polvos de \u00f3xido de hierro se utilizan para la fabricaci\u00f3n de imanes de alto rendimiento, soportes de grabaci\u00f3n magn\u00e9ticos y sensores magn\u00e9ticos gracias a sus fuertes propiedades magn\u00e9ticas, por ejemplo, capas de almacenamiento magn\u00e9tico en discos duros de ordenadores.<\/p>\n<p>Campo biom\u00e9dico: se puede utilizar como portador de f\u00e1rmacos para lograr la administraci\u00f3n de f\u00e1rmacos de orientaci\u00f3n magn\u00e9tica, y tambi\u00e9n se puede utilizar para la separaci\u00f3n de c\u00e9lulas y prote\u00ednas, agente de contraste de im\u00e1genes de resonancia magn\u00e9tica y terapia de calor magn\u00e9tico para tumores.<\/p>\n<p>Campo catalizador: Se puede utilizar como catalizador en muchas reacciones qu\u00edmicas, como la reacci\u00f3n de s\u00edntesis org\u00e1nica, la reacci\u00f3n de precipitaci\u00f3n de hidr\u00f3geno y la reacci\u00f3n de descomposici\u00f3n de ozono, etc. Puede reducir la energ\u00eda de activaci\u00f3n de la reacci\u00f3n y mejorar la velocidad de reacci\u00f3n y la selectividad. <\/p>\n<p>Campo de dispositivos electr\u00f3nicos: se utiliza en la fabricaci\u00f3n de componentes electr\u00f3nicos, como n\u00facleos de transformadores, inductores, etc., para ayudar a mejorar el rendimiento y la miniaturizaci\u00f3n de los dispositivos electr\u00f3nicos.<\/p>\n<h2><span style=\"font-size: 14pt;\">Control de calidad<\/span><\/h2>\n<p><span style=\"color: #0000ff;\"><a style=\"color: #0000ff;\" href=\"https:\/\/vimaterial.de\/en\/quality-control\/\">Cada lote<\/a><\/span> de nuestros productos parte de la cuidadosa selecci\u00f3n de las materias primas y pasa por varios procesos avanzados, con un estricto control de par\u00e1metros y un seguimiento en tiempo real en cada paso. Todo el proceso de producci\u00f3n sigue el sistema de gesti\u00f3n de calidad internacional, y el uso de equipos de prueba de alta precisi\u00f3n realiza pruebas de precisi\u00f3n completa de la distribuci\u00f3n del tama\u00f1o de part\u00edcula, la pureza, el contenido de impurezas y otros indicadores clave, sin escatimar defectos menores, para garantizar la calidad de cada lote de productos. <\/p>\n<h2><span style=\"font-size: 14pt;\">Embalaje y almacenamiento<\/span><\/h2>\n<p>El polvo de \u00f3xido de hierro se envasa en bolsas de vac\u00edo dobles o botellas y cartones.<\/p>\n<p>El polvo de \u00f3xido de hierro debe almacenarse en un ambiente seco, fresco y bien ventilado, empaque sellado, evitar el contacto con sustancias \u00e1cidas, oxidantes fuertes, prevenir la humedad y las reacciones redox para garantizar la estabilidad de sus propiedades f\u00edsicas y qu\u00edmicas.<\/p>\n","protected":false},"excerpt":{"rendered":"<p>El polvo de \u00f3xido de hierro es un polvo de \u00f3xido de valencia mixto con fuertes propiedades magn\u00e9ticas, excelente conductividad el\u00e9ctrica, insoluble en agua pero soluble en \u00e1cidos, a menudo de color negro, que tiene una amplia gama de aplicaciones en materiales magn\u00e9ticos, pigmentos, biomedicina y otros campos.<\/p>\n","protected":false},"featured_media":1001830,"comment_status":"open","ping_status":"closed","template":"","meta":{"_acf_changed":false},"product_brand":[],"product_cat":[186],"product_tag":[],"class_list":{"0":"post-1013077","1":"product","2":"type-product","3":"status-publish","4":"has-post-thumbnail","6":"product_cat-materiales-de-oxido-hidroxido","8":"first","9":"instock","10":"shipping-taxable","11":"purchasable","12":"product-type-variable"},"acf":[],"_links":{"self":[{"href":"https:\/\/vimaterial.de\/es\/wp-json\/wp\/v2\/product\/1013077","targetHints":{"allow":["GET"]}}],"collection":[{"href":"https:\/\/vimaterial.de\/es\/wp-json\/wp\/v2\/product"}],"about":[{"href":"https:\/\/vimaterial.de\/es\/wp-json\/wp\/v2\/types\/product"}],"replies":[{"embeddable":true,"href":"https:\/\/vimaterial.de\/es\/wp-json\/wp\/v2\/comments?post=1013077"}],"wp:featuredmedia":[{"embeddable":true,"href":"https:\/\/vimaterial.de\/es\/wp-json\/wp\/v2\/media\/1001830"}],"wp:attachment":[{"href":"https:\/\/vimaterial.de\/es\/wp-json\/wp\/v2\/media?parent=1013077"}],"wp:term":[{"taxonomy":"product_brand","embeddable":true,"href":"https:\/\/vimaterial.de\/es\/wp-json\/wp\/v2\/product_brand?post=1013077"},{"taxonomy":"product_cat","embeddable":true,"href":"https:\/\/vimaterial.de\/es\/wp-json\/wp\/v2\/product_cat?post=1013077"},{"taxonomy":"product_tag","embeddable":true,"href":"https:\/\/vimaterial.de\/es\/wp-json\/wp\/v2\/product_tag?post=1013077"}],"curies":[{"name":"wp","href":"https:\/\/api.w.org\/{rel}","templated":true}]}}