{"id":1013069,"date":"2024-06-17T14:40:52","date_gmt":"2024-06-17T06:40:52","guid":{"rendered":"https:\/\/vimaterial.de\/product\/oxido-de-hierro-2\/"},"modified":"2025-04-17T09:47:35","modified_gmt":"2025-04-17T01:47:35","slug":"oxido-de-hierro-2","status":"publish","type":"product","link":"https:\/\/vimaterial.de\/es\/product\/oxido-de-hierro-2\/","title":{"rendered":"\u00d3xido de hierro"},"content":{"rendered":"<p>Los gr\u00e1nulos <span style=\"color: #0000ff;\"><a style=\"color: #0000ff;\" href=\"https:\/\/vimaterial.de\/en\/product\/iron-oxide-7\/\">de \u00f3xido de hierro son part\u00edculas magn\u00e9ticas de<\/a><\/span> cristal negro con una estructura cristalina compleja que consta de FeO y Fe\u2082O\u2083, que tienen una amplia gama de aplicaciones en materiales magn\u00e9ticos, catalizadores, biomedicina y otros campos.<\/p>\n<p>VIMATERIAL proporciona gr\u00e1nulos de \u00f3xido de hierro, nuestros gr\u00e1nulos tienen una composici\u00f3n uniforme y estable, alta pureza, alta dureza, tama\u00f1o de part\u00edcula controlable, etc. Y podemos aceptar productos y experimentos personalizados, contamos con un equipo profesional de investigaci\u00f3n y desarrollo t\u00e9cnico, <span style=\"color: #0000ff;\"><a style=\"color: #0000ff;\" href=\"https:\/\/vimaterial.de\/en\/contact-us\/\">cont\u00e1ctenos<\/a><\/span>. <\/p>\n<h2><span style=\"font-size: 14pt;\">Propiedades f\u00edsicas<\/span><\/h2>\n<p>F\u00f3rmula molecular: Fe\u2083O\u2084<\/p>\n<p>Peso molecular: 231.533<\/p>\n<p>Aspecto: part\u00edculas de cristal negras o negro-marr\u00f3n<\/p>\n<p>Densidad: 5,18 g\/cm\u00b3<\/p>\n<p>Punto de fusi\u00f3n: 1594.5\u00b0C<\/p>\n<p>Estructura cristalina: pertenece al sistema cristalino c\u00fabico, estructura de tipo antiespinela, en la que los iones de ox\u00edgeno se disponen en un empaquetamiento c\u00fabico cerrado, los iones ferrosos y los iones de hierro trivalentes ocupan diferentes vac\u00edos octa\u00e9dricos y tetra\u00e9dricos respectivamente.<\/p>\n<h2><span style=\"font-size: 14pt;\">Aplicaciones<\/span><\/h2>\n<p>Campo de material magn\u00e9tico: se utiliza para fabricar imanes permanentes, electroimanes y materiales de grabaci\u00f3n magn\u00e9ticos para almacenar informaci\u00f3n.<\/p>\n<p>Campo biom\u00e9dico: se utiliza como portador de f\u00e1rmacos para lograr la administraci\u00f3n dirigida de f\u00e1rmacos y la mejora de las im\u00e1genes de contraste de resonancia magn\u00e9tica.<\/p>\n<p>Tratamiento de aguas residuales: adsorci\u00f3n y eliminaci\u00f3n catal\u00edtica de contaminantes en aguas residuales, depuraci\u00f3n de aguas residuales.<\/p>\n<p>Campo catalizador: act\u00faa como catalizador o portador para mejorar la eficiencia de la reacci\u00f3n qu\u00edmica.<\/p>\n<p>Campo de almacenamiento de energ\u00eda: prepare los materiales de los electrodos para las bater\u00edas de litio con el fin de optimizar el rendimiento de la bater\u00eda.<\/p>\n<h2><span style=\"font-size: 14pt;\">Control de calidad<\/span><\/h2>\n<p><span style=\"color: #0000ff;\"><a style=\"color: #0000ff;\" href=\"https:\/\/vimaterial.de\/en\/quality-control\/\">Cada lote<\/a> <\/span>de productos protege estrictamente la calidad, desde la selecci\u00f3n de los proveedores de materias primas, hasta el uso de equipos de prueba avanzados para monitorear con precisi\u00f3n todo el proceso de producci\u00f3n, hasta el producto terminado a trav\u00e9s de muchas rondas de muestreo severo y certificaci\u00f3n autorizada de terceros, para garantizar que cada lote de productos cumpla y supere los altos est\u00e1ndares de la industria con un  Sistema de control de calidad de tolerancia cero, para proporcionar a nuestros clientes la mejor calidad y los productos m\u00e1s estables.<\/p>\n<h2><span style=\"font-size: 14pt;\">Embalaje y almacenamiento<\/span><\/h2>\n<p>Los gr\u00e1nulos de \u00f3xido de hierro se empaquetan en bolsas de vac\u00edo o botellas de vac\u00edo y se empaquetan en cajas de cart\u00f3n exteriores.<\/p>\n<p>Los pellets de \u00f3xido de hierro deben almacenarse en un lugar seco, fresco y bien ventilado, evitando la humedad, las altas temperaturas y el contacto con agentes oxidantes fuertes y \u00e1cidos.<\/p>\n","protected":false},"excerpt":{"rendered":"<p>Los gr\u00e1nulos <span style=\"color: #0000ff;\"><a style=\"color: #0000ff;\" href=\"https:\/\/vimaterial.de\/en\/product\/iron-oxide-7\/\">de \u00f3xido de hierro son part\u00edculas magn\u00e9ticas de<\/a><\/span> cristal negro con una estructura cristalina compleja que consta de FeO y Fe\u2082O\u2083, que tienen una amplia gama de aplicaciones en materiales magn\u00e9ticos, catalizadores, biomedicina y otros campos.<\/p>\n","protected":false},"featured_media":1040796,"comment_status":"open","ping_status":"closed","template":"","meta":{"_acf_changed":false},"product_brand":[],"product_cat":[179],"product_tag":[],"class_list":{"0":"post-1013069","1":"product","2":"type-product","3":"status-publish","4":"has-post-thumbnail","6":"product_cat-materiales-de-evaporacion","8":"first","9":"instock","10":"shipping-taxable","11":"product-type-variable"},"acf":[],"_links":{"self":[{"href":"https:\/\/vimaterial.de\/es\/wp-json\/wp\/v2\/product\/1013069","targetHints":{"allow":["GET"]}}],"collection":[{"href":"https:\/\/vimaterial.de\/es\/wp-json\/wp\/v2\/product"}],"about":[{"href":"https:\/\/vimaterial.de\/es\/wp-json\/wp\/v2\/types\/product"}],"replies":[{"embeddable":true,"href":"https:\/\/vimaterial.de\/es\/wp-json\/wp\/v2\/comments?post=1013069"}],"wp:featuredmedia":[{"embeddable":true,"href":"https:\/\/vimaterial.de\/es\/wp-json\/wp\/v2\/media\/1040796"}],"wp:attachment":[{"href":"https:\/\/vimaterial.de\/es\/wp-json\/wp\/v2\/media?parent=1013069"}],"wp:term":[{"taxonomy":"product_brand","embeddable":true,"href":"https:\/\/vimaterial.de\/es\/wp-json\/wp\/v2\/product_brand?post=1013069"},{"taxonomy":"product_cat","embeddable":true,"href":"https:\/\/vimaterial.de\/es\/wp-json\/wp\/v2\/product_cat?post=1013069"},{"taxonomy":"product_tag","embeddable":true,"href":"https:\/\/vimaterial.de\/es\/wp-json\/wp\/v2\/product_tag?post=1013069"}],"curies":[{"name":"wp","href":"https:\/\/api.w.org\/{rel}","templated":true}]}}