{"id":1013040,"date":"2024-06-17T14:41:28","date_gmt":"2024-06-17T06:41:28","guid":{"rendered":"https:\/\/vimaterial.de\/product\/arseniuro-de-hierro\/"},"modified":"2025-04-17T09:40:05","modified_gmt":"2025-04-17T01:40:05","slug":"arseniuro-de-hierro","status":"publish","type":"product","link":"https:\/\/vimaterial.de\/es\/product\/arseniuro-de-hierro\/","title":{"rendered":"Arseniuro de hierro"},"content":{"rendered":"<p>Los gr\u00e1nulos de arseniuro de hierro son un tipo de gr\u00e1nulos compuestos compuestos de hierro y ars\u00e9nico, que tiene un rendimiento \u00fanico en superconductividad, magnetismo y otras propiedades f\u00edsicas, y ha atra\u00eddo mucha atenci\u00f3n en la f\u00edsica de la materia condensada y otros campos de investigaci\u00f3n.<\/p>\n<p>VIMATERIAL proporciona gr\u00e1nulos de arseniuro de hierro, nuestros gr\u00e1nulos son uniformes y estables en composici\u00f3n, altos en pureza, dureza, tama\u00f1o controlado, etc. Y podemos aceptar productos y experimentos personalizados, contamos con un equipo profesional de investigaci\u00f3n y desarrollo t\u00e9cnico, <span style=\"color: #0000ff;\"><a style=\"color: #0000ff;\" href=\"https:\/\/vimaterial.de\/en\/contact-us\/\">cont\u00e1ctenos.<\/a><\/span> <\/p>\n<h2><span style=\"font-size: 14pt;\">Propiedades f\u00edsicas<\/span><\/h2>\n<p>F\u00f3rmula molecular: FeAs<\/p>\n<p>Peso molecular: alrededor de 130.7<\/p>\n<p>Aspecto: generalmente part\u00edculas de color gris a negro<\/p>\n<p>Densidad: aprox. 7,86 g\/cm\u00b3.<\/p>\n<p>Punto de fusi\u00f3n: alrededor de 1040 \u00b0C<\/p>\n<p>Estructura cristalina: Estructura cristalina tetragonal, los \u00e1tomos de Fe y As en el cristal est\u00e1n dispuestos en un modo de coordinaci\u00f3n espec\u00edfico, los \u00e1tomos de Fe generalmente est\u00e1n rodeados por \u00e1tomos de As para formar una estructura en capas, y las capas se apilan entre s\u00ed a trav\u00e9s de interacciones d\u00e9biles.<\/p>\n<h2><span style=\"font-size: 14pt;\">Aplicaci\u00f3n<\/span><\/h2>\n<p>Investigaci\u00f3n de la superconductividad: Las part\u00edculas de arseniuro de hierro se utilizan para explorar el mecanismo de la superconductividad a alta temperatura y contribuir al desarrollo de nuevos materiales superconductores.<\/p>\n<p>Materiales magn\u00e9ticos: Los materiales magn\u00e9ticos de alto rendimiento se pueden preparar para la grabaci\u00f3n magn\u00e9tica y los sensores magn\u00e9ticos.<\/p>\n<p>Campo catal\u00edtico: catalizadores con propiedades especiales para mejorar la eficiencia y selectividad de reacciones qu\u00edmicas espec\u00edficas.<\/p>\n<p>Campo de dispositivos electr\u00f3nicos: se puede utilizar para fabricar componentes con propiedades el\u00e9ctricas especiales, que sirven a nuevos dispositivos semiconductores y de bits cu\u00e1nticos.<\/p>\n<p>Almacenamiento de energ\u00eda: Posibles aplicaciones en determinados sistemas de bater\u00edas para tratar de mejorar el rendimiento de la carga, descarga y ciclo de la bater\u00eda.<\/p>\n<h2><span style=\"font-size: 14pt;\">Control de calidad<\/span><\/h2>\n<p><span style=\"color: #0000ff;\"><a style=\"color: #0000ff;\" href=\"https:\/\/vimaterial.de\/en\/quality-control\/\">Cada lote<\/a><\/span> de productos protege estrictamente la calidad, desde la selecci\u00f3n de los proveedores de materias primas, hasta el uso de equipos de prueba avanzados para monitorear con precisi\u00f3n todo el proceso de producci\u00f3n, hasta el producto terminado a trav\u00e9s de muchas rondas de muestreo severo y certificaci\u00f3n autorizada de terceros, para garantizar que cada lote de productos cumpla y supere los altos est\u00e1ndares de la industria con un  Sistema de control de calidad de tolerancia cero, para proporcionar a nuestros clientes la mejor calidad y los productos m\u00e1s estables.<\/p>\n<h2><span style=\"font-size: 14pt;\">Embalaje y almacenamiento<\/span><\/h2>\n<p>Los gr\u00e1nulos de arseniuro de hierro se envasan en bolsas de vac\u00edo o botellas de vac\u00edo en cajas de cart\u00f3n exteriores.<\/p>\n<p>Los gr\u00e1nulos de arseniuro de hierro deben almacenarse en un ambiente seco, fresco y bien ventilado, lejos de fuentes de ignici\u00f3n y agentes oxidantes, protegidos de la humedad, la oxidaci\u00f3n y el contacto con otras sustancias peligrosas para garantizar que su estabilidad qu\u00edmica y sus propiedades f\u00edsicas no se vean afectadas.<\/p>\n","protected":false},"excerpt":{"rendered":"<p>Los gr\u00e1nulos de arseniuro de hierro son un tipo de gr\u00e1nulos compuestos compuestos de hierro y ars\u00e9nico, que tiene un rendimiento \u00fanico en superconductividad, magnetismo y otras propiedades f\u00edsicas, y ha atra\u00eddo mucha atenci\u00f3n en la f\u00edsica de la materia condensada y otros campos de investigaci\u00f3n.<\/p>\n","protected":false},"featured_media":1001853,"comment_status":"open","ping_status":"closed","template":"","meta":{"_acf_changed":false},"product_brand":[],"product_cat":[179],"product_tag":[],"class_list":{"0":"post-1013040","1":"product","2":"type-product","3":"status-publish","4":"has-post-thumbnail","6":"product_cat-materiales-de-evaporacion","8":"first","9":"instock","10":"shipping-taxable","11":"product-type-variable"},"acf":[],"_links":{"self":[{"href":"https:\/\/vimaterial.de\/es\/wp-json\/wp\/v2\/product\/1013040","targetHints":{"allow":["GET"]}}],"collection":[{"href":"https:\/\/vimaterial.de\/es\/wp-json\/wp\/v2\/product"}],"about":[{"href":"https:\/\/vimaterial.de\/es\/wp-json\/wp\/v2\/types\/product"}],"replies":[{"embeddable":true,"href":"https:\/\/vimaterial.de\/es\/wp-json\/wp\/v2\/comments?post=1013040"}],"wp:featuredmedia":[{"embeddable":true,"href":"https:\/\/vimaterial.de\/es\/wp-json\/wp\/v2\/media\/1001853"}],"wp:attachment":[{"href":"https:\/\/vimaterial.de\/es\/wp-json\/wp\/v2\/media?parent=1013040"}],"wp:term":[{"taxonomy":"product_brand","embeddable":true,"href":"https:\/\/vimaterial.de\/es\/wp-json\/wp\/v2\/product_brand?post=1013040"},{"taxonomy":"product_cat","embeddable":true,"href":"https:\/\/vimaterial.de\/es\/wp-json\/wp\/v2\/product_cat?post=1013040"},{"taxonomy":"product_tag","embeddable":true,"href":"https:\/\/vimaterial.de\/es\/wp-json\/wp\/v2\/product_tag?post=1013040"}],"curies":[{"name":"wp","href":"https:\/\/api.w.org\/{rel}","templated":true}]}}