{"id":1013035,"date":"2024-06-17T14:40:54","date_gmt":"2024-06-17T06:40:54","guid":{"rendered":"https:\/\/vimaterial.de\/product\/fosfuro-de-hierro\/"},"modified":"2025-04-17T09:42:04","modified_gmt":"2025-04-17T01:42:04","slug":"fosfuro-de-hierro","status":"publish","type":"product","link":"https:\/\/vimaterial.de\/es\/product\/fosfuro-de-hierro\/","title":{"rendered":"Fosfuro de hierro"},"content":{"rendered":"<p>El polvo de fosfuro de hierro es un polvo de color gris a gris azulado, insoluble en agua, soluble en \u00e1cidos fuertes, con ciertas propiedades magn\u00e9ticas, tiene una amplia gama de aplicaciones en dispositivos semiconductores, pulvimetalurgia, materiales magn\u00e9ticos y cat\u00e1lisis electroqu\u00edmica, etc. Se puede utilizar en la fabricaci\u00f3n de componentes electr\u00f3nicos, para mejorar las propiedades de los materiales met\u00e1licos, como material magn\u00e9tico y para catalizar las reacciones de precipitaci\u00f3n de hidr\u00f3geno. <\/p>\n<p>VIMATERIAl ofrece Fosfuro de Hierro en polvo. Nuestro polvo de fosfuro de hierro tiene las ventajas de un tama\u00f1o de part\u00edcula uniforme, bajo contenido de impurezas, alta estabilidad qu\u00edmica y buen rendimiento en aplicaciones. Contamos con un equipo profesional de investigaci\u00f3n y desarrollo de tecnolog\u00eda, aceptamos personalizados y experimentales, si lo necesita, <span style=\"color: #0000ff;\"><a style=\"color: #0000ff;\" href=\"https:\/\/vimaterial.de\/en\/contact-us\/\">cont\u00e1ctenos<\/a><\/span>.  <\/p>\n<h2><span style=\"font-size: 14pt;\">Propiedades f\u00edsicas<\/span><\/h2>\n<p>F\u00f3rmula molecular: Fe\u2083P<\/p>\n<p>Peso molecular: 198.51<\/p>\n<p>Aspecto: generalmente polvo de color gris a gris azulado<\/p>\n<p>Densidad: 6,74 g\/cm\u00b3<\/p>\n<p>Punto de fusi\u00f3n: 1100 \u00b0C<\/p>\n<h2><span style=\"font-size: 14pt;\">Aplicaci\u00f3n<\/span><\/h2>\n<p>Metalurgia del hierro y el acero: Se puede agregar al acero como aditivo de aleaci\u00f3n para mejorar la resistencia y la tenacidad del acero mediante el refinamiento del grano.<\/p>\n<p>Campo de materiales magn\u00e9ticos: utilizado en la fabricaci\u00f3n de materiales magn\u00e9ticos, con sus propias propiedades magn\u00e9ticas puede mejorar la permeabilidad del material, en n\u00facleos de transformadores y otras aplicaciones para ayudar a reducir el tama\u00f1o del n\u00facleo y reducir la p\u00e9rdida de energ\u00eda.<\/p>\n<p>Campo de semiconductores: En la fabricaci\u00f3n de semiconductores, se puede utilizar como material dopante para cambiar las propiedades el\u00e9ctricas de los semiconductores, como el ajuste de la concentraci\u00f3n de portadores, que se utiliza en la fabricaci\u00f3n de dispositivos electr\u00f3nicos de alto rendimiento.<\/p>\n<p>Pulvimetalurgia: Como importante materia prima en polvo, los polvos de Fe\u2083P se pueden combinar con otros polvos met\u00e1licos durante el proceso de prensado y sinterizaci\u00f3n para producir piezas de formas complejas con propiedades especiales, mejorando la resistencia al desgaste y a la corrosi\u00f3n de las piezas.<\/p>\n<p>Electroqu\u00edmica: En los sistemas de almacenamiento de energ\u00eda electroqu\u00edmica, se pueden utilizar como parte integral del material del electrodo, lo que ayuda a mejorar la conductividad y la reactividad de los electrodos, mejorando as\u00ed el rendimiento de carga y descarga de dispositivos electroqu\u00edmicos como las bater\u00edas.<\/p>\n<p><span style=\"font-size: 14pt;\">Control de calidad<\/span><\/p>\n<p><span style=\"color: #0000ff;\"><a style=\"color: #0000ff;\" href=\"https:\/\/vimaterial.de\/en\/quality-control\/\">Cada lote<\/a> <\/span>de nuestros productos parte de la cuidadosa selecci\u00f3n de las materias primas y pasa por varios procesos avanzados, con un estricto control de par\u00e1metros y un seguimiento en tiempo real en cada paso. Todo el proceso de producci\u00f3n sigue el sistema de gesti\u00f3n de calidad internacional, y el uso de equipos de prueba de alta precisi\u00f3n realiza pruebas de precisi\u00f3n completa de la distribuci\u00f3n del tama\u00f1o de part\u00edcula, la pureza, el contenido de impurezas y otros indicadores clave, sin escatimar defectos menores, para garantizar la calidad de cada lote de productos. <\/p>\n<h2><span style=\"font-size: 14pt;\">Embalaje y almacenamiento<\/span><\/h2>\n<p>El polvo de fosfuro de hierro se envasa en bolsas de vac\u00edo dobles o botellas y cartones.<\/p>\n<p>El polvo de fosfuro de hierro debe almacenarse en un ambiente seco, fresco y bien ventilado, lejos del fuego, el calor y los oxidantes fuertes, y el empaque debe estar bien sellado para evitar la humedad y la oxidaci\u00f3n para mantener su estabilidad qu\u00edmica.<\/p>\n","protected":false},"excerpt":{"rendered":"<p>El polvo de fosfuro de hierro es un polvo de color gris a gris azulado, insoluble en agua, soluble en \u00e1cidos fuertes, con ciertas propiedades magn\u00e9ticas, tiene una amplia gama de aplicaciones en dispositivos semiconductores, pulvimetalurgia, materiales magn\u00e9ticos y cat\u00e1lisis electroqu\u00edmica, etc. Se puede utilizar en la fabricaci\u00f3n de componentes electr\u00f3nicos, para mejorar las propiedades de los materiales met\u00e1licos, como material magn\u00e9tico y para catalizar las reacciones de precipitaci\u00f3n de hidr\u00f3geno. <\/p>\n","protected":false},"featured_media":1001846,"comment_status":"open","ping_status":"closed","template":"","meta":{"_acf_changed":false},"product_brand":[],"product_cat":[194],"product_tag":[],"class_list":{"0":"post-1013035","1":"product","2":"type-product","3":"status-publish","4":"has-post-thumbnail","6":"product_cat-materiales-fosforados","8":"first","9":"instock","10":"shipping-taxable","11":"product-type-variable"},"acf":[],"_links":{"self":[{"href":"https:\/\/vimaterial.de\/es\/wp-json\/wp\/v2\/product\/1013035","targetHints":{"allow":["GET"]}}],"collection":[{"href":"https:\/\/vimaterial.de\/es\/wp-json\/wp\/v2\/product"}],"about":[{"href":"https:\/\/vimaterial.de\/es\/wp-json\/wp\/v2\/types\/product"}],"replies":[{"embeddable":true,"href":"https:\/\/vimaterial.de\/es\/wp-json\/wp\/v2\/comments?post=1013035"}],"wp:featuredmedia":[{"embeddable":true,"href":"https:\/\/vimaterial.de\/es\/wp-json\/wp\/v2\/media\/1001846"}],"wp:attachment":[{"href":"https:\/\/vimaterial.de\/es\/wp-json\/wp\/v2\/media?parent=1013035"}],"wp:term":[{"taxonomy":"product_brand","embeddable":true,"href":"https:\/\/vimaterial.de\/es\/wp-json\/wp\/v2\/product_brand?post=1013035"},{"taxonomy":"product_cat","embeddable":true,"href":"https:\/\/vimaterial.de\/es\/wp-json\/wp\/v2\/product_cat?post=1013035"},{"taxonomy":"product_tag","embeddable":true,"href":"https:\/\/vimaterial.de\/es\/wp-json\/wp\/v2\/product_tag?post=1013035"}],"curies":[{"name":"wp","href":"https:\/\/api.w.org\/{rel}","templated":true}]}}