{"id":1013032,"date":"2024-06-17T14:26:56","date_gmt":"2024-06-17T06:26:56","guid":{"rendered":"https:\/\/vimaterial.de\/product\/monoxido-de-titanio-2\/"},"modified":"2025-04-18T15:44:38","modified_gmt":"2025-04-18T07:44:38","slug":"monoxido-de-titanio-2","status":"publish","type":"product","link":"https:\/\/vimaterial.de\/es\/product\/monoxido-de-titanio-2\/","title":{"rendered":"Mon\u00f3xido de titanio"},"content":{"rendered":"<p><span style=\"color: #0000ff;\"><a style=\"color: #0000ff;\" href=\"https:\/\/vimaterial.de\/en\/product\/titanium-monoxide\/\">El polvo de mon\u00f3xido de titanio<\/a><\/span> es un polvo negro con brillo met\u00e1lico, qu\u00edmicamente m\u00e1s activo y algo reductor, es un material con aplicaciones potenciales en electr\u00f3nica, cer\u00e1mica y otros campos.<\/p>\n<p>Suministramos varios polvos qu\u00edmicos inorg\u00e1nicos de alta pureza con excelente rendimiento, corto plazo de entrega, MOQ peque\u00f1o y stock suficiente. VIMATERIAL tambi\u00e9n apoya la personalizaci\u00f3n y la experimentaci\u00f3n de todos los productos, no dude<span style=\"color: #0000ff;\"><a style=\"color: #0000ff;\" href=\"https:\/\/vimaterial.de\/en\/contact-us\/\"> en ponerse en contacto con nosotros.<\/a><\/span><\/p>\n<h2><span style=\"font-size: 14pt;\">Propiedades<\/span><\/h2>\n<p>F\u00f3rmula molecular: TiO<\/p>\n<p>Peso molecular: 63.866<\/p>\n<p>Aspecto: p\u00f3lvora negra con brillo met\u00e1lico<\/p>\n<p>Densidad: aprox. 4,93 g\/cm\u00b3. <\/p>\n<p>Punto de fusi\u00f3n: alrededor de 1750 \u00b0C<\/p>\n<p>Punto de ebullici\u00f3n: alrededor de 3227 \u00b0C<\/p>\n<p>Estructura cristalina: pertenece al sistema cristalino c\u00fabico tipo cloruro de sodio, los \u00e1tomos de titanio y los \u00e1tomos de ox\u00edgeno est\u00e1n dispuestos alternativamente con una estructura compacta.<\/p>\n<h2><span style=\"font-size: 14pt;\">Aplicaci\u00f3n<\/span><\/h2>\n<p>Electr\u00f3nica: El polvo de mon\u00f3xido de titanio se puede utilizar en la fabricaci\u00f3n de dispositivos electr\u00f3nicos. Debido a su conductividad y propiedades el\u00e9ctricas especiales, se puede utilizar como material conductor o semiconductor en componentes electr\u00f3nicos para ayudar a los dispositivos electr\u00f3nicos a lograr funciones de circuito espec\u00edficas. <\/p>\n<p>Industria cer\u00e1mica: en el sector cer\u00e1mico, el polvo se utiliza como aditivo en la preparaci\u00f3n de cer\u00e1micas de alto rendimiento, debido a su capacidad para mejorar las propiedades f\u00edsicas y qu\u00edmicas de la cer\u00e1mica.<\/p>\n<p>Materiales \u00f3pticos: para la producci\u00f3n de recubrimientos \u00f3pticos que, gracias a sus especiales propiedades de absorci\u00f3n \u00f3ptica y reflexi\u00f3n, son capaces de modular la luz de forma eficaz.<\/p>\n<p>Catalizadores: Los polvos de mon\u00f3xido de titanio se pueden utilizar como catalizadores en una serie de reacciones qu\u00edmicas. Los sitios activos en la superficie del polvo ayudan a promover la reacci\u00f3n, especialmente en reacciones redox, y pueden mejorar efectivamente la eficiencia de la reacci\u00f3n. <\/p>\n<h2><span style=\"font-size: 14pt;\">Control de calidad<\/span><\/h2>\n<p><span style=\"color: #0000ff;\"><a style=\"color: #0000ff;\" href=\"https:\/\/vimaterial.de\/en\/quality-control\/\">Nuestros productos<\/a><\/span> cumplen estrictamente con el sistema de gesti\u00f3n de calidad. Existen estrictos est\u00e1ndares de inspecci\u00f3n para los materiales entrantes, el procesamiento, la inspecci\u00f3n final y la inspecci\u00f3n de f\u00e1brica. Se toman estrictas medidas de aislamiento para el procesamiento no calificado para evitar que los productos no calificados fluyan al siguiente proceso. Las muestras se proporcionan para la reinspecci\u00f3n de los clientes de acuerdo con los requisitos de los clientes.   <\/p>\n<h2><span style=\"font-size: 14pt;\">Embalaje y almacenamiento<\/span><\/h2>\n<p>El polvo de mon\u00f3xido de titanio se envasa en bolsas de vac\u00edo dobles o botellas de vac\u00edo, y se envasa en cajas de cart\u00f3n o tambores de papel.<\/p>\n<p>El polvo de mon\u00f3xido de titanio debe almacenarse en un ambiente seco, fresco y bien ventilado, sellado para evitar el contacto con el aire, la humedad y los oxidantes fuertes, para evitar la oxidaci\u00f3n, la humedad y otros factores que provoquen cambios en sus propiedades qu\u00edmicas y f\u00edsicas.<\/p>\n","protected":false},"excerpt":{"rendered":"<p><span style=\"color: #0000ff;\"><a style=\"color: #0000ff;\" href=\"https:\/\/vimaterial.de\/en\/product\/titanium-monoxide\/\">El polvo de mon\u00f3xido de titanio<\/a><\/span> es un polvo negro con brillo met\u00e1lico, qu\u00edmicamente m\u00e1s activo y algo reductor, es un material con aplicaciones potenciales en electr\u00f3nica, cer\u00e1mica y otros campos.<\/p>\n","protected":false},"featured_media":1000787,"comment_status":"open","ping_status":"closed","template":"","meta":{"_acf_changed":false},"product_brand":[],"product_cat":[186],"product_tag":[],"class_list":{"0":"post-1013032","1":"product","2":"type-product","3":"status-publish","4":"has-post-thumbnail","6":"product_cat-materiales-de-oxido-hidroxido","8":"first","9":"instock","10":"shipping-taxable","11":"purchasable","12":"product-type-variable"},"acf":[],"_links":{"self":[{"href":"https:\/\/vimaterial.de\/es\/wp-json\/wp\/v2\/product\/1013032","targetHints":{"allow":["GET"]}}],"collection":[{"href":"https:\/\/vimaterial.de\/es\/wp-json\/wp\/v2\/product"}],"about":[{"href":"https:\/\/vimaterial.de\/es\/wp-json\/wp\/v2\/types\/product"}],"replies":[{"embeddable":true,"href":"https:\/\/vimaterial.de\/es\/wp-json\/wp\/v2\/comments?post=1013032"}],"wp:featuredmedia":[{"embeddable":true,"href":"https:\/\/vimaterial.de\/es\/wp-json\/wp\/v2\/media\/1000787"}],"wp:attachment":[{"href":"https:\/\/vimaterial.de\/es\/wp-json\/wp\/v2\/media?parent=1013032"}],"wp:term":[{"taxonomy":"product_brand","embeddable":true,"href":"https:\/\/vimaterial.de\/es\/wp-json\/wp\/v2\/product_brand?post=1013032"},{"taxonomy":"product_cat","embeddable":true,"href":"https:\/\/vimaterial.de\/es\/wp-json\/wp\/v2\/product_cat?post=1013032"},{"taxonomy":"product_tag","embeddable":true,"href":"https:\/\/vimaterial.de\/es\/wp-json\/wp\/v2\/product_tag?post=1013032"}],"curies":[{"name":"wp","href":"https:\/\/api.w.org\/{rel}","templated":true}]}}