{"id":1012991,"date":"2024-06-17T14:26:57","date_gmt":"2024-06-17T06:26:57","guid":{"rendered":"https:\/\/vimaterial.de\/product\/monoxido-de-titanio\/"},"modified":"2025-04-18T15:43:01","modified_gmt":"2025-04-18T07:43:01","slug":"monoxido-de-titanio","status":"publish","type":"product","link":"https:\/\/vimaterial.de\/es\/product\/monoxido-de-titanio\/","title":{"rendered":"Mon\u00f3xido de titanio"},"content":{"rendered":"<p>El objetivo de <span style=\"font-size: 14pt;\">pulverizaci\u00f3n cat\u00f3dica<\/span> <span style=\"color: #0000ff;\"><a style=\"color: #0000ff;\" href=\"https:\/\/vimaterial.de\/en\/product\/titanium-monoxide\/\">de mon\u00f3xido de titanio<\/a><\/span> es un objetivo compuesto principalmente de titanio y ox\u00edgeno, que se utiliza en la deposici\u00f3n f\u00edsica de vapor y otros procesos, a trav\u00e9s de la pulverizaci\u00f3n cat\u00f3dica puede depositar una pel\u00edcula de TiO en la superficie del sustrato, que tiene aplicaciones potenciales en los campos de la fotocat\u00e1lisis, la electr\u00f3nica y la \u00f3ptica, como la preparaci\u00f3n de materiales fotocatal\u00edticos o recubrimientos para dispositivos el\u00e9ctricos.<\/p>\n<p>Suministramos objetivos de pulverizaci\u00f3n cat\u00f3dica de mon\u00f3xido de titanio, VIMATERIAL tambi\u00e9n puede proporcionar un servicio de encuadernaci\u00f3n de objetivos, nuestros productos est\u00e1n sujetos a personalizaci\u00f3n y experimentaci\u00f3n, <span style=\"color: #0000ff;\"><a style=\"color: #0000ff;\" href=\"https:\/\/vimaterial.de\/en\/contact-us\/\">cont\u00e1ctenos<\/a><\/span> si lo necesita.<\/p>\n<h2><span style=\"font-size: 14pt;\">Caracter\u00edsticas<\/span><\/h2>\n<p>F\u00f3rmula molecular: TiO<\/p>\n<p>Peso molecular: 63.87<\/p>\n<p>Aspecto: Generalmente negro o gris oscuro s\u00f3lido, la superficie puede tener brillo met\u00e1lico.<\/p>\n<p>Densidad: aprox. 4,93 g\/cm\u00b3.<\/p>\n<p>Punto de fusi\u00f3n: alrededor de 1750 \u00b0C<\/p>\n<p>Estructura cristalina: Tiene una estructura cristalina c\u00fabica t\u00edpica de tipo sal de roca (NaCl), en la que los \u00e1tomos de titanio (Ti) y los \u00e1tomos de ox\u00edgeno (O) ocupan el \u00e1pice y el centro frontal de la celda c\u00fabica respectivamente, y esta estructura es \u00fatil para comprender sus propiedades f\u00edsicas y qu\u00edmicas.<\/p>\n<h2><span style=\"font-size: 14pt;\">Aplicaciones<\/span><\/h2>\n<p>Fotocat\u00e1lisis: Los objetivos de pulverizaci\u00f3n cat\u00f3dica de mon\u00f3xido de titanio se pueden usar para depositar pel\u00edculas de TiO en una variedad de sustratos, que son capaces de generar pares electr\u00f3n-cavidad bajo irradiaci\u00f3n de luz para la degradaci\u00f3n fotocatal\u00edtica de contaminantes org\u00e1nicos, la descomposici\u00f3n del agua para producir hidr\u00f3geno y otras aplicaciones.<\/p>\n<p>Electr\u00f3nica: Las pel\u00edculas de TiO depositadas en la superficie de los componentes electr\u00f3nicos pueden mejorar las propiedades el\u00e9ctricas de los componentes, como actuar como capa aislante o semiconductora, lo que ayuda a fabricar transistores, condensadores y otros dispositivos electr\u00f3nicos de alto rendimiento.<\/p>\n<p>Campo \u00f3ptico: las pel\u00edculas de TiO formadas por pulverizaci\u00f3n cat\u00f3dica se pueden usar para recubrimientos \u00f3pticos, ajustando el \u00edndice de refracci\u00f3n de los elementos \u00f3pticos para lograr el efecto de transmitancia o reducci\u00f3n de reflexi\u00f3n, y tambi\u00e9n se pueden usar para la fabricaci\u00f3n de dispositivos \u00f3pticos de pel\u00edcula delgada, como filtros.<\/p>\n<p>Campo de protecci\u00f3n de la superficie del material: utilizado en el recubrimiento de la superficie del material, en virtud de su estabilidad qu\u00edmica, puede mejorar la resistencia a la corrosi\u00f3n del material y proteger el material de sustancias qu\u00edmicas, humedad y otros factores del medio ambiente.<\/p>\n<p>C\u00e9lulas solares: Las pel\u00edculas de TiO se depositan en la superficie de los electrodos o capas activas de las c\u00e9lulas solares para aumentar la eficiencia de la conversi\u00f3n fotovoltaica y optimizar el rendimiento de la c\u00e9lula, as\u00ed como para mejorar la estabilidad y durabilidad de la c\u00e9lula.<\/p>\n<h2><span style=\"font-size: 14pt;\">Control de calidad<\/span><\/h2>\n<p><span style=\"color: #0000ff;\"><a style=\"color: #0000ff;\" href=\"https:\/\/vimaterial.de\/en\/quality-control\/\">Nuestros productos<\/a><\/span> est\u00e1n sujetos a un estricto sistema de gesti\u00f3n de calidad. Existen estrictos est\u00e1ndares de inspecci\u00f3n para los materiales entrantes, el procesamiento, la inspecci\u00f3n final y la inspecci\u00f3n de f\u00e1brica. Se toman estrictas medidas de aislamiento para el procesamiento no calificado para evitar que los productos no calificados fluyan al siguiente proceso. Las muestras se proporcionan para la reinspecci\u00f3n del cliente de acuerdo con los requisitos del cliente.   <\/p>\n<h2><span style=\"font-size: 14pt;\">Embalaje y almacenamiento<\/span><\/h2>\n<p>Los objetivos de pulverizaci\u00f3n cat\u00f3dica de mon\u00f3xido de titanio se empaquetan en bolsas de vac\u00edo de doble capa y luego se empaquetan y empaquetan en cajas de cart\u00f3n.<\/p>\n<p>Los objetivos de pulverizaci\u00f3n cat\u00f3dica de mon\u00f3xido de titanio deben almacenarse en un ambiente seco, fresco y bien ventilado, evitando la humedad, el contacto con oxidantes y \u00e1cidos fuertes, y evitando colisiones y fricciones violentas para garantizar que sus propiedades f\u00edsicas y qu\u00edmicas no se da\u00f1en.<\/p>\n","protected":false},"excerpt":{"rendered":"<p>El objetivo de pulverizaci\u00f3n cat\u00f3dica <span style=\"color: #0000ff;\"><a style=\"color: #0000ff;\" href=\"https:\/\/vimaterial.de\/en\/product\/titanium-monoxide\/\">de mon\u00f3xido de titanio<\/a><\/span> es un objetivo compuesto principalmente de titanio y ox\u00edgeno, que se utiliza en la deposici\u00f3n f\u00edsica de vapor y otros procesos, a trav\u00e9s de la pulverizaci\u00f3n cat\u00f3dica puede depositar una pel\u00edcula de TiO en la superficie del sustrato, que tiene aplicaciones potenciales en los campos de la fotocat\u00e1lisis, la electr\u00f3nica y la \u00f3ptica, como la preparaci\u00f3n de materiales fotocatal\u00edticos o recubrimientos para dispositivos el\u00e9ctricos.<\/p>\n","protected":false},"featured_media":1000794,"comment_status":"open","ping_status":"closed","template":"","meta":{"_acf_changed":false},"product_brand":[],"product_cat":[178],"product_tag":[],"class_list":{"0":"post-1012991","1":"product","2":"type-product","3":"status-publish","4":"has-post-thumbnail","6":"product_cat-catodos-para-sputtering-planar","8":"first","9":"instock","10":"shipping-taxable","11":"product-type-variable"},"acf":[],"_links":{"self":[{"href":"https:\/\/vimaterial.de\/es\/wp-json\/wp\/v2\/product\/1012991","targetHints":{"allow":["GET"]}}],"collection":[{"href":"https:\/\/vimaterial.de\/es\/wp-json\/wp\/v2\/product"}],"about":[{"href":"https:\/\/vimaterial.de\/es\/wp-json\/wp\/v2\/types\/product"}],"replies":[{"embeddable":true,"href":"https:\/\/vimaterial.de\/es\/wp-json\/wp\/v2\/comments?post=1012991"}],"wp:featuredmedia":[{"embeddable":true,"href":"https:\/\/vimaterial.de\/es\/wp-json\/wp\/v2\/media\/1000794"}],"wp:attachment":[{"href":"https:\/\/vimaterial.de\/es\/wp-json\/wp\/v2\/media?parent=1012991"}],"wp:term":[{"taxonomy":"product_brand","embeddable":true,"href":"https:\/\/vimaterial.de\/es\/wp-json\/wp\/v2\/product_brand?post=1012991"},{"taxonomy":"product_cat","embeddable":true,"href":"https:\/\/vimaterial.de\/es\/wp-json\/wp\/v2\/product_cat?post=1012991"},{"taxonomy":"product_tag","embeddable":true,"href":"https:\/\/vimaterial.de\/es\/wp-json\/wp\/v2\/product_tag?post=1012991"}],"curies":[{"name":"wp","href":"https:\/\/api.w.org\/{rel}","templated":true}]}}