{"id":1012906,"date":"2024-06-17T14:28:13","date_gmt":"2024-06-17T06:28:13","guid":{"rendered":"https:\/\/vimaterial.de\/product\/oxido-de-titanio-niobio\/"},"modified":"2025-04-18T11:19:09","modified_gmt":"2025-04-18T03:19:09","slug":"oxido-de-titanio-niobio","status":"publish","type":"product","link":"https:\/\/vimaterial.de\/es\/product\/oxido-de-titanio-niobio\/","title":{"rendered":"\u00d3xido de titanio &#8211; Niobio"},"content":{"rendered":"<p class=\"serp-title\">El objetivo de pulverizaci\u00f3n cat\u00f3dica de \u00f3xido de titanio-niobio es un material que consiste en \u00f3xido de titanio dopado con niobio para su uso en la t\u00e9cnica de deposici\u00f3n f\u00edsica de vapor (PVD). Durante la preparaci\u00f3n de pel\u00edculas delgadas por pulverizaci\u00f3n cat\u00f3dica, los \u00e1tomos de material se pueden depositar sobre un sustrato para formar pel\u00edculas delgadas que contienen los elementos titanio, ox\u00edgeno y niobio, que desempe\u00f1an un papel en muchos campos como la \u00f3ptica y la electr\u00f3nica. <\/p>\n<p>Suministramos objetivos de pulverizaci\u00f3n cat\u00f3dica de \u00f3xido de titanio-niobio. Nuestros objetivos de pulverizaci\u00f3n cat\u00f3dica de \u00f3xido de titanio &#8211; niobio se caracterizan por su alta pureza, estabilidad qu\u00edmica, alta eficiencia de pulverizaci\u00f3n cat\u00f3dica, excelentes propiedades \u00f3pticas y el\u00e9ctricas y su idoneidad para una amplia gama de sustratos. VIMATERIAL tiene un servicio de encuadernaci\u00f3n de objetivos, todos los productos aceptan personalizaci\u00f3n,<span style=\"color: #0000ff;\"><a style=\"color: #0000ff;\" href=\"https:\/\/vimaterial.de\/en\/contact-us\/\"> cont\u00e1ctenos<\/a> <\/span>si lo necesita.  <\/p>\n<h2><span style=\"font-size: 14pt;\">Propiedades<\/span><\/h2>\n<p>F\u00f3rmula molecular: TiO2\/Nb<\/p>\n<p>Aspecto: Blanco s\u00f3lido generalmente blanco o blanquecino.<\/p>\n<h2><span style=\"font-size: 14pt;\">Aplicaciones<\/span><\/h2>\n<p>Electr\u00f3nica: Los objetivos de pulverizaci\u00f3n cat\u00f3dica de \u00f3xido de titanio-niobio se pueden utilizar para fabricar condensadores de alta constante diel\u00e9ctrica en dispositivos electr\u00f3nicos, lo que mejora el rendimiento de almacenamiento de los condensadores y ayuda a reducir el tama\u00f1o de los componentes electr\u00f3nicos.<\/p>\n<p>Optoelectr\u00f3nica: En la fabricaci\u00f3n de c\u00e9lulas solares, este objetivo se puede utilizar para preparar pel\u00edculas transparentes de \u00f3xido conductor, mejorando la eficiencia de conversi\u00f3n fotoel\u00e9ctrica y la tasa de transmisi\u00f3n de luz de la c\u00e9lula.<\/p>\n<p>Campo de visualizaci\u00f3n: aplicado al proceso de fabricaci\u00f3n de pantallas de cristal l\u00edquido (LCD) y pantallas de diodos emisores de luz org\u00e1nicas (OLED), etc., utilizados para preparar electrodos conductores transparentes, para mejorar la conductividad y la transmitancia de luz de la pantalla de visualizaci\u00f3n y para mejorar la calidad de la visualizaci\u00f3n.<\/p>\n<p>Campo de recubrimiento \u00f3ptico: utilizado en la preparaci\u00f3n de lentes \u00f3pticas, espejos y otros componentes \u00f3pticos del recubrimiento, puede mejorar los componentes \u00f3pticos antirreflectantes y resistentes al desgaste, como el rendimiento, para aumentar la vida \u00fatil de los componentes \u00f3pticos y el rendimiento \u00f3ptico.<\/p>\n<h2><span style=\"font-size: 14pt;\">Control de calidad<\/span><\/h2>\n<p><span style=\"color: #0000ff;\"><a style=\"color: #0000ff;\" href=\"https:\/\/vimaterial.de\/en\/quality-control\/\">Nuestros productos<\/a><\/span> cumplen estrictamente con el sistema de gesti\u00f3n de calidad. Existen estrictos est\u00e1ndares de inspecci\u00f3n para los materiales entrantes, el procesamiento, la inspecci\u00f3n final y la inspecci\u00f3n de f\u00e1brica. Se toman estrictas medidas de aislamiento para el procesamiento no calificado para evitar que los productos no calificados fluyan al siguiente proceso. Las muestras se proporcionan para la reinspecci\u00f3n del cliente de acuerdo con los requisitos del cliente.   <\/p>\n<h2><span style=\"font-size: 14pt;\">Embalaje y almacenamiento<\/span><\/h2>\n<p>Los objetivos de pulverizaci\u00f3n cat\u00f3dica de \u00f3xido de titanio-niobio se empaquetan en bolsas de vac\u00edo de doble capa y luego se empaquetan y empaquetan en cajas de cart\u00f3n.<\/p>\n<p>Los objetivos de pulverizaci\u00f3n cat\u00f3dica de \u00f3xido de titanio y niobio deben almacenarse en un entorno seco, limpio, fresco y alejado de la luz solar directa para evitar la humedad, la oxidaci\u00f3n, el da\u00f1o f\u00edsico y la contaminaci\u00f3n qu\u00edmica.<\/p>\n","protected":false},"excerpt":{"rendered":"<p>El objetivo de pulverizaci\u00f3n cat\u00f3dica de \u00f3xido de titanio-niobio es un material que consiste en \u00f3xido de titanio dopado con niobio para su uso en la t\u00e9cnica de deposici\u00f3n f\u00edsica de vapor (PVD). Durante la preparaci\u00f3n de pel\u00edculas delgadas por pulverizaci\u00f3n cat\u00f3dica, los \u00e1tomos de material se pueden depositar sobre un sustrato para formar pel\u00edculas delgadas que contienen los elementos titanio, ox\u00edgeno y niobio, que desempe\u00f1an un papel en muchos campos como la \u00f3ptica y la electr\u00f3nica. <\/p>\n","protected":false},"featured_media":1000841,"comment_status":"open","ping_status":"closed","template":"","meta":{"_acf_changed":false},"product_brand":[],"product_cat":[178],"product_tag":[],"class_list":{"0":"post-1012906","1":"product","2":"type-product","3":"status-publish","4":"has-post-thumbnail","6":"product_cat-catodos-para-sputtering-planar","8":"first","9":"instock","10":"shipping-taxable","11":"product-type-variable"},"acf":[],"_links":{"self":[{"href":"https:\/\/vimaterial.de\/es\/wp-json\/wp\/v2\/product\/1012906","targetHints":{"allow":["GET"]}}],"collection":[{"href":"https:\/\/vimaterial.de\/es\/wp-json\/wp\/v2\/product"}],"about":[{"href":"https:\/\/vimaterial.de\/es\/wp-json\/wp\/v2\/types\/product"}],"replies":[{"embeddable":true,"href":"https:\/\/vimaterial.de\/es\/wp-json\/wp\/v2\/comments?post=1012906"}],"wp:featuredmedia":[{"embeddable":true,"href":"https:\/\/vimaterial.de\/es\/wp-json\/wp\/v2\/media\/1000841"}],"wp:attachment":[{"href":"https:\/\/vimaterial.de\/es\/wp-json\/wp\/v2\/media?parent=1012906"}],"wp:term":[{"taxonomy":"product_brand","embeddable":true,"href":"https:\/\/vimaterial.de\/es\/wp-json\/wp\/v2\/product_brand?post=1012906"},{"taxonomy":"product_cat","embeddable":true,"href":"https:\/\/vimaterial.de\/es\/wp-json\/wp\/v2\/product_cat?post=1012906"},{"taxonomy":"product_tag","embeddable":true,"href":"https:\/\/vimaterial.de\/es\/wp-json\/wp\/v2\/product_tag?post=1012906"}],"curies":[{"name":"wp","href":"https:\/\/api.w.org\/{rel}","templated":true}]}}